{"id":5451,"date":"2025-11-19T15:24:19","date_gmt":"2025-11-19T15:24:19","guid":{"rendered":"https:\/\/saphirsmaragd.com\/?post_type=product&#038;p=5451"},"modified":"2025-11-19T15:24:20","modified_gmt":"2025-11-19T15:24:20","slug":"spitze-ozeanjasper-schutz","status":"publish","type":"product","link":"https:\/\/saphirsmaragd.com\/nl\/product\/spitze-ozeanjasper-schutz\/","title":{"rendered":"Spitze Ozeanjasper Schutz \u2013 Kraftvoller Heilstein aus Madagaskar \u2013 5420 g"},"content":{"rendered":"<div id=\"ez-toc-container\" class=\"ez-toc-v2_0_82_2 counter-hierarchy ez-toc-counter ez-toc-grey ez-toc-container-direction\">\n<div class=\"ez-toc-title-container\">\n<p class=\"ez-toc-title\" style=\"cursor:inherit\">Inhoudsopgave<\/p>\n<span class=\"ez-toc-title-toggle\"><a href=\"#\" class=\"ez-toc-pull-right ez-toc-btn ez-toc-btn-xs ez-toc-btn-default ez-toc-toggle\" aria-label=\"Toggle tabel met inhoud\"><span class=\"ez-toc-js-icon-con\"><span class=\"\"><span class=\"eztoc-hide\" style=\"display:none;\">Schakelaar<\/span><span class=\"ez-toc-icon-toggle-span\"><svg style=\"fill: #999;color:#999\" xmlns=\"http:\/\/www.w3.org\/2000\/svg\" class=\"list-377408\" width=\"20px\" height=\"20px\" viewbox=\"0 0 24 24\" fill=\"none\"><path d=\"M6 6H4v2h2V6zm14 0H8v2h12V6zM4 11h2v2H4v-2zm16 0H8v2h12v-2zM4 16h2v2H4v-2zm16 0H8v2h12v-2z\" fill=\"currentColor\"><\/path><\/svg><svg style=\"fill: #999;color:#999\" class=\"arrow-unsorted-368013\" xmlns=\"http:\/\/www.w3.org\/2000\/svg\" width=\"10px\" height=\"10px\" viewbox=\"0 0 24 24\" version=\"1.2\" baseprofile=\"tiny\"><path d=\"M18.2 9.3l-6.2-6.3-6.2 6.3c-.2.2-.3.4-.3.7s.1.5.3.7c.2.2.4.3.7.3h11c.3 0 .5-.1.7-.3.2-.2.3-.5.3-.7s-.1-.5-.3-.7zM5.8 14.7l6.2 6.3 6.2-6.3c.2-.2.3-.5.3-.7s-.1-.5-.3-.7c-.2-.2-.4-.3-.7-.3h-11c-.3 0-.5.1-.7.3-.2.2-.3.5-.3.7s.1.5.3.7z\"\/><\/svg><\/span><\/span><\/span><\/a><\/span><\/div>\n<nav><ul class='ez-toc-list ez-toc-list-level-1' ><li class='ez-toc-page-1 ez-toc-heading-level-4'><a class=\"ez-toc-link ez-toc-heading-1\" href=\"https:\/\/saphirsmaragd.com\/nl\/product\/spitze-ozeanjasper-schutz\/#Spitze_Ozeanjasper_Schutz_%E2%80%93_Kraftvoller_Heilstein_aus_Madagaskar_%E2%80%93_5420_g\" >Spitze Ozeanjasper Schutz \u2013 Kraftvoller Heilstein aus Madagaskar \u2013 5420 g<\/a><\/li><li class='ez-toc-page-1 ez-toc-heading-level-4'><a class=\"ez-toc-link ez-toc-heading-2\" href=\"https:\/\/saphirsmaragd.com\/nl\/product\/spitze-ozeanjasper-schutz\/#_Merkmale_Herkunft\" >\u00a0Kenmerken en herkomst<\/a><\/li><li class='ez-toc-page-1 ez-toc-heading-level-4'><a class=\"ez-toc-link ez-toc-heading-3\" href=\"https:\/\/saphirsmaragd.com\/nl\/product\/spitze-ozeanjasper-schutz\/#_Besonderheiten\" >\u00a0Bijzondere kenmerken<\/a><\/li><li class='ez-toc-page-1 ez-toc-heading-level-4'><a class=\"ez-toc-link ez-toc-heading-4\" href=\"https:\/\/saphirsmaragd.com\/nl\/product\/spitze-ozeanjasper-schutz\/#_Mehr_uber_Jaspis_Heilsteine\" >\u00a0Mehr \u00fcber Jaspis &amp; Heilsteine<\/a><\/li><li class='ez-toc-page-1 ez-toc-heading-level-4'><a class=\"ez-toc-link ez-toc-heading-5\" href=\"https:\/\/saphirsmaragd.com\/nl\/product\/spitze-ozeanjasper-schutz\/#_Weitere_Infos\" >\u00a0Verdere informatie<\/a><\/li><\/ul><\/nav><\/div>\n<h4 data-start=\"876\" data-end=\"955\"><span class=\"ez-toc-section\" id=\"Spitze_Ozeanjasper_Schutz_%E2%80%93_Kraftvoller_Heilstein_aus_Madagaskar_%E2%80%93_5420_g\"><\/span><strong data-start=\"878\" data-end=\"955\">Spitze Ozeanjasper Schutz \u2013 Kraftvoller Heilstein aus Madagaskar \u2013 5420 g<\/strong><span class=\"ez-toc-section-end\"><\/span><\/h4>\n<p data-start=\"957\" data-end=\"1270\">Die Spitze Ozeanjasper Schutz ist ein au\u00dfergew\u00f6hnlicher und massiver Heilstein aus Madagaskar, der f\u00fcr tiefe Erdung, starken energetischen Schutz und harmonisierende Energiearbeit bekannt ist. Diese Spitze weist nat\u00fcrliche Vertiefungen und Unebenheiten auf \u2013 ein typisches Qualit\u00e4tsmerkmal echten Ozeanjaspis.<\/p>\n<hr data-start=\"1272\" data-end=\"1275\" \/>\n<h4 data-start=\"1277\" data-end=\"1302\"><span class=\"ez-toc-section\" id=\"_Merkmale_Herkunft\"><\/span>\u00a0Kenmerken en herkomst<span class=\"ez-toc-section-end\"><\/span><\/h4>\n<p data-start=\"1303\" data-end=\"1579\">Farbe: Mehrfarbig (typisch f\u00fcr Ozeanjaspis)<br data-start=\"1346\" data-end=\"1349\" \/>Form: Spitze, geschliffen<br data-start=\"1374\" data-end=\"1377\" \/>Herkunft: Madagaskar<br data-start=\"1397\" data-end=\"1400\" \/>Gewicht: 5420 g<br data-start=\"1415\" data-end=\"1418\" \/>Ma\u00dfe: 36 \u00d7 11 \u00d7 10 cm<br data-start=\"1439\" data-end=\"1442\" \/>Reinheit: Nat\u00fcrlich, mit naturbelassenen Vertiefungen<br data-start=\"1495\" data-end=\"1498\" \/>Behandeling: Onbehandeld<br data-start=\"1555\" data-end=\"1558\" \/>Steinart: Ozeanjaspis<\/p>\n<hr data-start=\"1581\" data-end=\"1584\" \/>\n<h4 data-start=\"1586\" data-end=\"1606\"><span class=\"ez-toc-section\" id=\"_Besonderheiten\"><\/span>\u00a0Bijzondere kenmerken<span class=\"ez-toc-section-end\"><\/span><\/h4>\n<p data-start=\"1607\" data-end=\"2001\">Die Spitze Ozeanjasper Schutz vereint die klassischen Eigenschaften von Jaspis mit der besonders harmonisierenden Energie des Ozeanjaspis. Dieser Stein f\u00f6rdert die Erdung, unterst\u00fctzt Mut, Entschlossenheit und Durchhalteverm\u00f6gen und hilft Ihnen, Ziele mit Klarheit zu verfolgen. Er st\u00e4rkt die F\u00e4higkeit, Ideen in Handlungen umzusetzen, f\u00f6rdert mentale St\u00e4rke und verleiht innere Stabilit\u00e4t.<\/p>\n<p data-start=\"2003\" data-end=\"2419\">Ozeanjaspis ist zudem bekannt f\u00fcr seinen Einfluss auf den Energiefluss im K\u00f6rper. Er unterst\u00fctzt das Aufl\u00f6sen negativer Energien, hilft heilende Energie an die richtigen Stellen zu leiten und wirkt beruhigend und ausgleichend. Dieser Stein schenkt ein Gef\u00fchl von Freiheit, f\u00f6rdert eine positive Lebenseinstellung und hilft dabei, belastende Gedanken und Gef\u00fchle wie Angst, Sorgen oder depressive Stimmung zu l\u00f6sen.<\/p>\n<hr data-start=\"2608\" data-end=\"2611\" \/>\n<h4 data-start=\"2613\" data-end=\"2648\"><span class=\"ez-toc-section\" id=\"_Mehr_uber_Jaspis_Heilsteine\"><\/span>\u00a0Mehr \u00fcber Jaspis &amp; Heilsteine<span class=\"ez-toc-section-end\"><\/span><\/h4>\n<p data-start=\"2649\" data-end=\"2690\"><a href=\"https:\/\/saphirsmaragd.com\/nl\/product-category\/heilsteine-kristalle-kaufen\/\">Helende stenen en kristallen<\/a> | Saphir &amp; Smaragd<\/p>\n<hr data-start=\"2692\" data-end=\"2695\" \/>\n<h4 data-start=\"2697\" data-end=\"2718\"><span class=\"ez-toc-section\" id=\"_Weitere_Infos\"><\/span>\u00a0Verdere informatie<span class=\"ez-toc-section-end\"><\/span><\/h4>\n<p data-start=\"2719\" data-end=\"2766\">Wikipedia: <a class=\"decorated-link\" href=\"https:\/\/de.wikipedia.org\/wiki\/Jaspis\" target=\"_new\" rel=\"noopener\" data-start=\"2730\" data-end=\"2766\">Jaspis<\/a><\/p>","protected":false},"excerpt":{"rendered":"<p><em>Die Spitze Ozeanjasper Schutz ist ein kraftvoller Heilstein aus Madagaskar. Sie bietet Erdung, Schutz vor negativen Energien und f\u00f6rdert positive, flie\u00dfende Energie. Ideal f\u00fcr Meditation, Raumharmonie und energetische Arbeit.<\/em><\/p>","protected":false},"featured_media":5452,"comment_status":"open","ping_status":"closed","template":"","meta":{"_glsr_average":0,"_glsr_ranking":0,"_glsr_reviews":0},"product_brand":[],"product_cat":[84],"product_tag":[],"class_list":{"0":"post-5451","1":"product","2":"type-product","3":"status-publish","4":"has-post-thumbnail","6":"product_cat-rohsteine-kaufen","8":"first","9":"instock","10":"taxable","11":"shipping-taxable","12":"purchasable","13":"product-type-simple","14":"add-to-wishlist-before_image"},"jetpack_sharing_enabled":true,"_links":{"self":[{"href":"https:\/\/saphirsmaragd.com\/nl\/wp-json\/wp\/v2\/product\/5451","targetHints":{"allow":["GET"]}}],"collection":[{"href":"https:\/\/saphirsmaragd.com\/nl\/wp-json\/wp\/v2\/product"}],"about":[{"href":"https:\/\/saphirsmaragd.com\/nl\/wp-json\/wp\/v2\/types\/product"}],"replies":[{"embeddable":true,"href":"https:\/\/saphirsmaragd.com\/nl\/wp-json\/wp\/v2\/comments?post=5451"}],"version-history":[{"count":1,"href":"https:\/\/saphirsmaragd.com\/nl\/wp-json\/wp\/v2\/product\/5451\/revisions"}],"predecessor-version":[{"id":5454,"href":"https:\/\/saphirsmaragd.com\/nl\/wp-json\/wp\/v2\/product\/5451\/revisions\/5454"}],"wp:featuredmedia":[{"embeddable":true,"href":"https:\/\/saphirsmaragd.com\/nl\/wp-json\/wp\/v2\/media\/5452"}],"wp:attachment":[{"href":"https:\/\/saphirsmaragd.com\/nl\/wp-json\/wp\/v2\/media?parent=5451"}],"wp:term":[{"taxonomy":"product_brand","embeddable":true,"href":"https:\/\/saphirsmaragd.com\/nl\/wp-json\/wp\/v2\/product_brand?post=5451"},{"taxonomy":"product_cat","embeddable":true,"href":"https:\/\/saphirsmaragd.com\/nl\/wp-json\/wp\/v2\/product_cat?post=5451"},{"taxonomy":"product_tag","embeddable":true,"href":"https:\/\/saphirsmaragd.com\/nl\/wp-json\/wp\/v2\/product_tag?post=5451"}],"curies":[{"name":"wp","href":"https:\/\/api.w.org\/{rel}","templated":true}]}}