{"id":5471,"date":"2025-11-19T15:52:35","date_gmt":"2025-11-19T15:52:35","guid":{"rendered":"https:\/\/saphirsmaragd.com\/?post_type=product&#038;p=5471"},"modified":"2025-11-19T15:52:37","modified_gmt":"2025-11-19T15:52:37","slug":"obelisk-ozeanjasper-schutz-2","status":"publish","type":"product","link":"https:\/\/saphirsmaragd.com\/nl\/product\/obelisk-ozeanjasper-schutz-2\/","title":{"rendered":"Obelisk Ozeanjasper Schutz \u2013 Kraftvoller Heilstein aus Madagaskar \u2013 735 g"},"content":{"rendered":"<div id=\"ez-toc-container\" class=\"ez-toc-v2_0_82_2 counter-hierarchy ez-toc-counter ez-toc-grey ez-toc-container-direction\">\n<div class=\"ez-toc-title-container\">\n<p class=\"ez-toc-title\" style=\"cursor:inherit\">Inhoudsopgave<\/p>\n<span class=\"ez-toc-title-toggle\"><a href=\"#\" class=\"ez-toc-pull-right ez-toc-btn ez-toc-btn-xs ez-toc-btn-default ez-toc-toggle\" aria-label=\"Toggle tabel met inhoud\"><span class=\"ez-toc-js-icon-con\"><span class=\"\"><span class=\"eztoc-hide\" style=\"display:none;\">Schakelaar<\/span><span class=\"ez-toc-icon-toggle-span\"><svg style=\"fill: #999;color:#999\" xmlns=\"http:\/\/www.w3.org\/2000\/svg\" class=\"list-377408\" width=\"20px\" height=\"20px\" viewbox=\"0 0 24 24\" fill=\"none\"><path d=\"M6 6H4v2h2V6zm14 0H8v2h12V6zM4 11h2v2H4v-2zm16 0H8v2h12v-2zM4 16h2v2H4v-2zm16 0H8v2h12v-2z\" fill=\"currentColor\"><\/path><\/svg><svg style=\"fill: #999;color:#999\" class=\"arrow-unsorted-368013\" xmlns=\"http:\/\/www.w3.org\/2000\/svg\" width=\"10px\" height=\"10px\" viewbox=\"0 0 24 24\" version=\"1.2\" baseprofile=\"tiny\"><path d=\"M18.2 9.3l-6.2-6.3-6.2 6.3c-.2.2-.3.4-.3.7s.1.5.3.7c.2.2.4.3.7.3h11c.3 0 .5-.1.7-.3.2-.2.3-.5.3-.7s-.1-.5-.3-.7zM5.8 14.7l6.2 6.3 6.2-6.3c.2-.2.3-.5.3-.7s-.1-.5-.3-.7c-.2-.2-.4-.3-.7-.3h-11c-.3 0-.5.1-.7.3-.2.2-.3.5-.3.7s.1.5.3.7z\"\/><\/svg><\/span><\/span><\/span><\/a><\/span><\/div>\n<nav><ul class='ez-toc-list ez-toc-list-level-1' ><li class='ez-toc-page-1 ez-toc-heading-level-4'><a class=\"ez-toc-link ez-toc-heading-1\" href=\"https:\/\/saphirsmaragd.com\/nl\/product\/obelisk-ozeanjasper-schutz-2\/#Obelisk_Ozeanjasper_Schutz_%E2%80%93_Kraftvoller_Heilstein_aus_Madagaskar_%E2%80%93_735_g\" >Obelisk Ozeanjasper Schutz \u2013 Kraftvoller Heilstein aus Madagaskar \u2013 735 g<\/a><\/li><li class='ez-toc-page-1 ez-toc-heading-level-4'><a class=\"ez-toc-link ez-toc-heading-2\" href=\"https:\/\/saphirsmaragd.com\/nl\/product\/obelisk-ozeanjasper-schutz-2\/#_Merkmale_Herkunft\" >\u00a0Kenmerken en herkomst<\/a><\/li><li class='ez-toc-page-1 ez-toc-heading-level-4'><a class=\"ez-toc-link ez-toc-heading-3\" href=\"https:\/\/saphirsmaragd.com\/nl\/product\/obelisk-ozeanjasper-schutz-2\/#_Besonderheiten\" >\u00a0Bijzondere kenmerken<\/a><\/li><li class='ez-toc-page-1 ez-toc-heading-level-4'><a class=\"ez-toc-link ez-toc-heading-4\" href=\"https:\/\/saphirsmaragd.com\/nl\/product\/obelisk-ozeanjasper-schutz-2\/#_Mehr_uber_Jaspis_Heilsteine\" >\u00a0Mehr \u00fcber Jaspis &amp; Heilsteine<\/a><\/li><li class='ez-toc-page-1 ez-toc-heading-level-4'><a class=\"ez-toc-link ez-toc-heading-5\" href=\"https:\/\/saphirsmaragd.com\/nl\/product\/obelisk-ozeanjasper-schutz-2\/#_Weitere_Infos\" >\u00a0Verdere informatie<\/a><\/li><\/ul><\/nav><\/div>\n<h4 data-start=\"852\" data-end=\"931\"><span class=\"ez-toc-section\" id=\"Obelisk_Ozeanjasper_Schutz_%E2%80%93_Kraftvoller_Heilstein_aus_Madagaskar_%E2%80%93_735_g\"><\/span><strong data-start=\"854\" data-end=\"931\">Obelisk Ozeanjasper Schutz \u2013 Kraftvoller Heilstein aus Madagaskar \u2013 735 g<\/strong><span class=\"ez-toc-section-end\"><\/span><\/h4>\n<p data-start=\"933\" data-end=\"1204\">Der Obelisk Ozeanjasper Schutz ist ein hochwertiger Naturstein aus Madagaskar, der starke Erdung, energetischen Schutz und harmonische Energiefl\u00fcsse vereint. Dieser Obelisk zeigt nat\u00fcrliche Unebenheiten und Vertiefungen, die typisch f\u00fcr hochwertigen Ozeanjaspis sind.<\/p>\n<hr data-start=\"1206\" data-end=\"1209\" \/>\n<h4 data-start=\"1211\" data-end=\"1236\"><span class=\"ez-toc-section\" id=\"_Merkmale_Herkunft\"><\/span>\u00a0Kenmerken en herkomst<span class=\"ez-toc-section-end\"><\/span><\/h4>\n<p data-start=\"1237\" data-end=\"1513\">Farbe: Mehrfarbig\u00a0<br data-start=\"1280\" data-end=\"1283\" \/>Form: Obelisk, geschliffen<br data-start=\"1309\" data-end=\"1312\" \/>Herkunft: Madagaskar<br data-start=\"1332\" data-end=\"1335\" \/>Gewicht: 735 g<br data-start=\"1349\" data-end=\"1352\" \/>Ma\u00dfe: 24.5 \u00d7 4 \u00d7 3 cm<br data-start=\"1373\" data-end=\"1376\" \/>Reinheit: Nat\u00fcrlich, mit naturbelassenen Vertiefungen<br data-start=\"1429\" data-end=\"1432\" \/>Behandeling: Onbehandeld<br data-start=\"1489\" data-end=\"1492\" \/>Steinart: Ozeanjaspis<\/p>\n<hr data-start=\"1515\" data-end=\"1518\" \/>\n<h4 data-start=\"1520\" data-end=\"1540\"><span class=\"ez-toc-section\" id=\"_Besonderheiten\"><\/span>\u00a0Bijzondere kenmerken<span class=\"ez-toc-section-end\"><\/span><\/h4>\n<p data-start=\"1541\" data-end=\"1874\">Der Obelisk Ozeanjasper Schutz vereint die klassischen Eigenschaften des Jaspis mit der harmonisierenden Energie des Ozeanjaspis. Er bietet Erdung, Schutz vor negativen Einfl\u00fcssen und st\u00e4rkt Mut, Entschlossenheit sowie innere Stabilit\u00e4t. Der Stein unterst\u00fctzt die Umsetzung von Zielen, f\u00f6rdert Selbstvertrauen und mentale St\u00e4rke.<\/p>\n<p data-start=\"1876\" data-end=\"2169\">Ozeanjaspis f\u00f6rdert zudem den Energiefluss im K\u00f6rper, leitet heilende Energie gezielt, l\u00f6st Blockaden und vermittelt ein Gef\u00fchl von Freiheit und innerer Ruhe. Er hilft, belastende Gedanken und Emotionen wie Sorgen, \u00c4ngste oder depressive Stimmungen zu l\u00f6sen und unterst\u00fctzt Heilungsprozesse.<\/p>\n<p data-start=\"2171\" data-end=\"2314\">K\u00f6rperlich wirkt Ozeanjaspis entgiftend und positiv auf das Hormonsystem, die Dr\u00fcsen, Organe, Verdauung, Verstopfung und \u00fcberm\u00e4\u00dfiges Schwitzen.<\/p>\n<hr data-start=\"2316\" data-end=\"2319\" \/>\n<h4 data-start=\"2321\" data-end=\"2356\"><span class=\"ez-toc-section\" id=\"_Mehr_uber_Jaspis_Heilsteine\"><\/span>\u00a0Mehr \u00fcber Jaspis &amp; Heilsteine<span class=\"ez-toc-section-end\"><\/span><\/h4>\n<p data-start=\"2357\" data-end=\"2398\"><a href=\"https:\/\/saphirsmaragd.com\/nl\/product-category\/heilsteine-kristalle-kaufen\/\">Helende stenen en kristallen<\/a> | Saphir &amp; Smaragd<\/p>\n<hr data-start=\"2400\" data-end=\"2403\" \/>\n<h4 data-start=\"2405\" data-end=\"2426\"><span class=\"ez-toc-section\" id=\"_Weitere_Infos\"><\/span>\u00a0Verdere informatie<span class=\"ez-toc-section-end\"><\/span><\/h4>\n<p data-start=\"2427\" data-end=\"2474\">Wikipedia: <a class=\"decorated-link\" href=\"https:\/\/de.wikipedia.org\/wiki\/Jaspis\" target=\"_new\" rel=\"noopener\" data-start=\"2438\" data-end=\"2474\">Jaspis<\/a><\/p>","protected":false},"excerpt":{"rendered":"<p><em>Der Obelisk Ozeanjasper Schutz ist ein kraftvoller Heilstein aus Madagaskar, der Erdung, Schutz vor negativen Energien und harmonischen Energiefluss bietet. Ideal f\u00fcr Meditation, Raumenergie und spirituelle Arbeit.<\/em><\/p>","protected":false},"featured_media":5473,"comment_status":"open","ping_status":"closed","template":"","meta":{"_glsr_average":0,"_glsr_ranking":0,"_glsr_reviews":0},"product_brand":[],"product_cat":[84],"product_tag":[],"class_list":{"0":"post-5471","1":"product","2":"type-product","3":"status-publish","4":"has-post-thumbnail","6":"product_cat-rohsteine-kaufen","8":"first","9":"instock","10":"taxable","11":"shipping-taxable","12":"purchasable","13":"product-type-simple","14":"add-to-wishlist-before_image"},"jetpack_sharing_enabled":true,"_links":{"self":[{"href":"https:\/\/saphirsmaragd.com\/nl\/wp-json\/wp\/v2\/product\/5471","targetHints":{"allow":["GET"]}}],"collection":[{"href":"https:\/\/saphirsmaragd.com\/nl\/wp-json\/wp\/v2\/product"}],"about":[{"href":"https:\/\/saphirsmaragd.com\/nl\/wp-json\/wp\/v2\/types\/product"}],"replies":[{"embeddable":true,"href":"https:\/\/saphirsmaragd.com\/nl\/wp-json\/wp\/v2\/comments?post=5471"}],"version-history":[{"count":1,"href":"https:\/\/saphirsmaragd.com\/nl\/wp-json\/wp\/v2\/product\/5471\/revisions"}],"predecessor-version":[{"id":5476,"href":"https:\/\/saphirsmaragd.com\/nl\/wp-json\/wp\/v2\/product\/5471\/revisions\/5476"}],"wp:featuredmedia":[{"embeddable":true,"href":"https:\/\/saphirsmaragd.com\/nl\/wp-json\/wp\/v2\/media\/5473"}],"wp:attachment":[{"href":"https:\/\/saphirsmaragd.com\/nl\/wp-json\/wp\/v2\/media?parent=5471"}],"wp:term":[{"taxonomy":"product_brand","embeddable":true,"href":"https:\/\/saphirsmaragd.com\/nl\/wp-json\/wp\/v2\/product_brand?post=5471"},{"taxonomy":"product_cat","embeddable":true,"href":"https:\/\/saphirsmaragd.com\/nl\/wp-json\/wp\/v2\/product_cat?post=5471"},{"taxonomy":"product_tag","embeddable":true,"href":"https:\/\/saphirsmaragd.com\/nl\/wp-json\/wp\/v2\/product_tag?post=5471"}],"curies":[{"name":"wp","href":"https:\/\/api.w.org\/{rel}","templated":true}]}}