{"id":6196,"date":"2025-12-15T15:58:26","date_gmt":"2025-12-15T15:58:26","guid":{"rendered":"https:\/\/saphirsmaragd.com\/?post_type=product&#038;p=6196"},"modified":"2025-12-29T18:48:58","modified_gmt":"2025-12-29T18:48:58","slug":"spinell-1-80-karat-oval-violett","status":"publish","type":"product","link":"https:\/\/saphirsmaragd.com\/nl\/product\/spinell-1-80-karat-oval-violett\/","title":{"rendered":"Spinell 1.80 Karat Oval Violett \u2013 Nat\u00fcrlicher violetter Spinell aus Sri Lanka"},"content":{"rendered":"<div id=\"ez-toc-container\" class=\"ez-toc-v2_0_82_2 counter-hierarchy ez-toc-counter ez-toc-grey ez-toc-container-direction\">\n<div class=\"ez-toc-title-container\">\n<p class=\"ez-toc-title\" style=\"cursor:inherit\">Inhoudsopgave<\/p>\n<span class=\"ez-toc-title-toggle\"><a href=\"#\" class=\"ez-toc-pull-right ez-toc-btn ez-toc-btn-xs ez-toc-btn-default ez-toc-toggle\" aria-label=\"Toggle tabel met inhoud\"><span class=\"ez-toc-js-icon-con\"><span class=\"\"><span class=\"eztoc-hide\" style=\"display:none;\">Schakelaar<\/span><span class=\"ez-toc-icon-toggle-span\"><svg style=\"fill: #999;color:#999\" xmlns=\"http:\/\/www.w3.org\/2000\/svg\" class=\"list-377408\" width=\"20px\" height=\"20px\" viewbox=\"0 0 24 24\" fill=\"none\"><path d=\"M6 6H4v2h2V6zm14 0H8v2h12V6zM4 11h2v2H4v-2zm16 0H8v2h12v-2zM4 16h2v2H4v-2zm16 0H8v2h12v-2z\" fill=\"currentColor\"><\/path><\/svg><svg style=\"fill: #999;color:#999\" class=\"arrow-unsorted-368013\" xmlns=\"http:\/\/www.w3.org\/2000\/svg\" width=\"10px\" height=\"10px\" viewbox=\"0 0 24 24\" version=\"1.2\" baseprofile=\"tiny\"><path d=\"M18.2 9.3l-6.2-6.3-6.2 6.3c-.2.2-.3.4-.3.7s.1.5.3.7c.2.2.4.3.7.3h11c.3 0 .5-.1.7-.3.2-.2.3-.5.3-.7s-.1-.5-.3-.7zM5.8 14.7l6.2 6.3 6.2-6.3c.2-.2.3-.5.3-.7s-.1-.5-.3-.7c-.2-.2-.4-.3-.7-.3h-11c-.3 0-.5.1-.7.3-.2.2-.3.5-.3.7s.1.5.3.7z\"\/><\/svg><\/span><\/span><\/span><\/a><\/span><\/div>\n<nav><ul class='ez-toc-list ez-toc-list-level-1' ><li class='ez-toc-page-1 ez-toc-heading-level-4'><a class=\"ez-toc-link ez-toc-heading-1\" href=\"https:\/\/saphirsmaragd.com\/nl\/product\/spinell-1-80-karat-oval-violett\/#Spinell_180_Karat_Oval_Violett\" >Spinell 1.80 Karat Oval Violett<\/a><\/li><li class='ez-toc-page-1 ez-toc-heading-level-4'><a class=\"ez-toc-link ez-toc-heading-2\" href=\"https:\/\/saphirsmaragd.com\/nl\/product\/spinell-1-80-karat-oval-violett\/#Merkmale_Herkunft\" >Kenmerken en herkomst<\/a><\/li><li class='ez-toc-page-1 ez-toc-heading-level-4'><a class=\"ez-toc-link ez-toc-heading-3\" href=\"https:\/\/saphirsmaragd.com\/nl\/product\/spinell-1-80-karat-oval-violett\/#Besonderheiten\" >Bijzondere kenmerken<\/a><\/li><li class='ez-toc-page-1 ez-toc-heading-level-4'><a class=\"ez-toc-link ez-toc-heading-4\" href=\"https:\/\/saphirsmaragd.com\/nl\/product\/spinell-1-80-karat-oval-violett\/#Mehr_uber_unsere_Edelsteine\" >Meer over onze edelstenen<\/a><\/li><li class='ez-toc-page-1 ez-toc-heading-level-4'><a class=\"ez-toc-link ez-toc-heading-5\" href=\"https:\/\/saphirsmaragd.com\/nl\/product\/spinell-1-80-karat-oval-violett\/#Weitere_Infos\" >Verdere informatie<\/a><\/li><\/ul><\/nav><\/div>\n<h4 data-start=\"777\" data-end=\"812\"><span class=\"ez-toc-section\" id=\"Spinell_180_Karat_Oval_Violett\"><\/span>Spinell 1.80 Karat Oval Violett<span class=\"ez-toc-section-end\"><\/span><\/h4>\n<p data-start=\"813\" data-end=\"1104\">De <strong data-start=\"817\" data-end=\"852\">Spinell 1.80 Karat Oval Violett<\/strong> besticht durch seine intensive violette Farbgebung mit leicht purpurnen Nuancen und seine sehr hohe Transparenz. Der facettenreiche Ovalschliff sorgt f\u00fcr eine lebendige Lichtreflexion und verleiht dem Edelstein eine elegante, ausgewogene Ausstrahlung.<\/p>\n<hr data-start=\"1106\" data-end=\"1109\" \/>\n<h4 data-start=\"1111\" data-end=\"1135\"><span class=\"ez-toc-section\" id=\"Merkmale_Herkunft\"><\/span>Kenmerken en herkomst<span class=\"ez-toc-section-end\"><\/span><\/h4>\n<p data-start=\"1136\" data-end=\"1379\">Steinart: Spinell<br data-start=\"1153\" data-end=\"1156\" \/>Farbe: Violett<br data-start=\"1170\" data-end=\"1173\" \/>Vorm: Ovaal<br data-start=\"1183\" data-end=\"1186\" \/>Gewicht: 1.80 Karat<br data-start=\"1205\" data-end=\"1208\" \/>Gr\u00f6\u00dfe: 7.88 \u00d7 7.20 \u00d7 4.17 mm<br data-start=\"1236\" data-end=\"1239\" \/>Herkunft: Sri Lanka<br data-start=\"1258\" data-end=\"1261\" \/>Helderheid: Kleine insluitsels<br data-start=\"1289\" data-end=\"1292\" \/>Behandeling: Onbehandeld<br data-start=\"1315\" data-end=\"1318\" \/>H\u00e4rte (Mohs): 8<br data-start=\"1333\" data-end=\"1336\" \/>Zertifikat: Hauszertifikat<br data-start=\"1362\" data-end=\"1365\" \/>Staat: Nieuw<\/p>\n<hr data-start=\"1381\" data-end=\"1384\" \/>\n<h4 data-start=\"1386\" data-end=\"1405\"><span class=\"ez-toc-section\" id=\"Besonderheiten\"><\/span>Bijzondere kenmerken<span class=\"ez-toc-section-end\"><\/span><\/h4>\n<p data-start=\"1406\" data-end=\"1781\">Dieser <strong data-start=\"1413\" data-end=\"1448\">Spinell 1.80 Karat Oval Violett<\/strong> ist vollst\u00e4ndig naturbelassen und unbehandelt. Spinelle sind f\u00fcr ihre au\u00dfergew\u00f6hnliche Klarheit bekannt und bieten im Vergleich zu vielen Saphiren eine besonders hohe Transparenz. Die violette Farbvariante z\u00e4hlt zu den begehrteren Spinellfarben und eignet sich ideal f\u00fcr hochwertige, individuelle Schmuckst\u00fccke mit moderner Eleganz.<\/p>\n<hr data-start=\"1199\" data-end=\"1202\" \/>\n<h4 data-start=\"1931\" data-end=\"1971\"><span class=\"ez-toc-section\" id=\"Mehr_uber_unsere_Edelsteine\"><\/span>Meer over onze edelstenen<span class=\"ez-toc-section-end\"><\/span><\/h4>\n<p data-start=\"1972\" data-end=\"2069\"><a href=\"https:\/\/saphirsmaragd.com\/nl\/product-category\/edelsteine-kaufen\/\">Edelstenen<\/a><\/p>\n<hr data-start=\"2071\" data-end=\"2074\" \/>\n<h4 data-start=\"2076\" data-end=\"2096\"><span class=\"ez-toc-section\" id=\"Weitere_Infos\"><\/span>Verdere informatie<span class=\"ez-toc-section-end\"><\/span><\/h4>\n<p><a href=\"https:\/\/de.wikipedia.org\/wiki\/Spinell\" target=\"_blank\" rel=\"noopener\">Wikipedia: Spinell<\/a><\/p>","protected":false},"excerpt":{"rendered":"<p data-start=\"483\" data-end=\"628\"><em>Spinell 1.80 Karat Oval Violett aus Sri Lanka \u2013 nat\u00fcrlicher, unbehandelter violetter Spinell mit hoher Transparenz und elegantem Ovalschliff.<\/em><\/p>\n<h3 data-start=\"660\" data-end=\"684\"><\/h3>\n<p data-start=\"575\" data-end=\"606\">","protected":false},"featured_media":6199,"comment_status":"open","ping_status":"closed","template":"","meta":{"_glsr_average":0,"_glsr_ranking":0,"_glsr_reviews":0},"product_brand":[],"product_cat":[290],"product_tag":[],"class_list":{"0":"post-6196","1":"product","2":"type-product","3":"status-publish","4":"has-post-thumbnail","6":"product_cat-spinell","7":"pa_edelsteinart-spinell","8":"pa_farbe-violett","9":"pa_form-oval","10":"pa_gewicht-karat-1-0-3-0-karat","11":"pa_herkunft-sri-lanka","12":"pa_reinheit-kleine-einschluesse","13":"pa_veredelung-behandlung-unbehandelt","14":"pa_zertifikat-ja","15":"pa_zustand-neu","17":"first","18":"instock","19":"featured","20":"sold-individually","21":"shipping-taxable","22":"purchasable","23":"product-type-simple","24":"add-to-wishlist-before_image"},"jetpack_sharing_enabled":true,"_links":{"self":[{"href":"https:\/\/saphirsmaragd.com\/nl\/wp-json\/wp\/v2\/product\/6196","targetHints":{"allow":["GET"]}}],"collection":[{"href":"https:\/\/saphirsmaragd.com\/nl\/wp-json\/wp\/v2\/product"}],"about":[{"href":"https:\/\/saphirsmaragd.com\/nl\/wp-json\/wp\/v2\/types\/product"}],"replies":[{"embeddable":true,"href":"https:\/\/saphirsmaragd.com\/nl\/wp-json\/wp\/v2\/comments?post=6196"}],"version-history":[{"count":1,"href":"https:\/\/saphirsmaragd.com\/nl\/wp-json\/wp\/v2\/product\/6196\/revisions"}],"predecessor-version":[{"id":6200,"href":"https:\/\/saphirsmaragd.com\/nl\/wp-json\/wp\/v2\/product\/6196\/revisions\/6200"}],"wp:featuredmedia":[{"embeddable":true,"href":"https:\/\/saphirsmaragd.com\/nl\/wp-json\/wp\/v2\/media\/6199"}],"wp:attachment":[{"href":"https:\/\/saphirsmaragd.com\/nl\/wp-json\/wp\/v2\/media?parent=6196"}],"wp:term":[{"taxonomy":"product_brand","embeddable":true,"href":"https:\/\/saphirsmaragd.com\/nl\/wp-json\/wp\/v2\/product_brand?post=6196"},{"taxonomy":"product_cat","embeddable":true,"href":"https:\/\/saphirsmaragd.com\/nl\/wp-json\/wp\/v2\/product_cat?post=6196"},{"taxonomy":"product_tag","embeddable":true,"href":"https:\/\/saphirsmaragd.com\/nl\/wp-json\/wp\/v2\/product_tag?post=6196"}],"curies":[{"name":"wp","href":"https:\/\/api.w.org\/{rel}","templated":true}]}}