{"id":6822,"date":"2025-12-25T16:02:55","date_gmt":"2025-12-25T16:02:55","guid":{"rendered":"https:\/\/saphirsmaragd.com\/?post_type=product&#038;p=6822"},"modified":"2025-12-29T18:46:30","modified_gmt":"2025-12-29T18:46:30","slug":"tsavorit-granat-oval-cabochon-6-44-karat-gruen","status":"publish","type":"product","link":"https:\/\/saphirsmaragd.com\/nl\/product\/tsavorit-granat-oval-cabochon-6-44-karat-gruen\/","title":{"rendered":"Tsavorit Granat Oval Cabochon 6.44 Karat gr\u00fcn \u2013 nat\u00fcrlicher Edelstein aus Kenia"},"content":{"rendered":"<div id=\"ez-toc-container\" class=\"ez-toc-v2_0_82_2 counter-hierarchy ez-toc-counter ez-toc-grey ez-toc-container-direction\">\n<div class=\"ez-toc-title-container\">\n<p class=\"ez-toc-title\" style=\"cursor:inherit\">Inhoudsopgave<\/p>\n<span class=\"ez-toc-title-toggle\"><a href=\"#\" class=\"ez-toc-pull-right ez-toc-btn ez-toc-btn-xs ez-toc-btn-default ez-toc-toggle\" aria-label=\"Toggle tabel met inhoud\"><span class=\"ez-toc-js-icon-con\"><span class=\"\"><span class=\"eztoc-hide\" style=\"display:none;\">Schakelaar<\/span><span class=\"ez-toc-icon-toggle-span\"><svg style=\"fill: #999;color:#999\" xmlns=\"http:\/\/www.w3.org\/2000\/svg\" class=\"list-377408\" width=\"20px\" height=\"20px\" viewbox=\"0 0 24 24\" fill=\"none\"><path d=\"M6 6H4v2h2V6zm14 0H8v2h12V6zM4 11h2v2H4v-2zm16 0H8v2h12v-2zM4 16h2v2H4v-2zm16 0H8v2h12v-2z\" fill=\"currentColor\"><\/path><\/svg><svg style=\"fill: #999;color:#999\" class=\"arrow-unsorted-368013\" xmlns=\"http:\/\/www.w3.org\/2000\/svg\" width=\"10px\" height=\"10px\" viewbox=\"0 0 24 24\" version=\"1.2\" baseprofile=\"tiny\"><path d=\"M18.2 9.3l-6.2-6.3-6.2 6.3c-.2.2-.3.4-.3.7s.1.5.3.7c.2.2.4.3.7.3h11c.3 0 .5-.1.7-.3.2-.2.3-.5.3-.7s-.1-.5-.3-.7zM5.8 14.7l6.2 6.3 6.2-6.3c.2-.2.3-.5.3-.7s-.1-.5-.3-.7c-.2-.2-.4-.3-.7-.3h-11c-.3 0-.5.1-.7.3-.2.2-.3.5-.3.7s.1.5.3.7z\"\/><\/svg><\/span><\/span><\/span><\/a><\/span><\/div>\n<nav><ul class='ez-toc-list ez-toc-list-level-1' ><li class='ez-toc-page-1 ez-toc-heading-level-4'><a class=\"ez-toc-link ez-toc-heading-1\" href=\"https:\/\/saphirsmaragd.com\/nl\/product\/tsavorit-granat-oval-cabochon-6-44-karat-gruen\/#Tsavorit_Granat_Oval_Cabochon_644_Karat_grun\" >Tsavorit Granat Oval Cabochon 6.44 Karat gr\u00fcn<\/a><\/li><li class='ez-toc-page-1 ez-toc-heading-level-4'><a class=\"ez-toc-link ez-toc-heading-2\" href=\"https:\/\/saphirsmaragd.com\/nl\/product\/tsavorit-granat-oval-cabochon-6-44-karat-gruen\/#Merkmale_Herkunft\" >Kenmerken en herkomst<\/a><\/li><li class='ez-toc-page-1 ez-toc-heading-level-4'><a class=\"ez-toc-link ez-toc-heading-3\" href=\"https:\/\/saphirsmaragd.com\/nl\/product\/tsavorit-granat-oval-cabochon-6-44-karat-gruen\/#Besonderheiten\" >Bijzondere kenmerken<\/a><\/li><li class='ez-toc-page-1 ez-toc-heading-level-4'><a class=\"ez-toc-link ez-toc-heading-4\" href=\"https:\/\/saphirsmaragd.com\/nl\/product\/tsavorit-granat-oval-cabochon-6-44-karat-gruen\/#Mehr_uber_unsere_Edelsteine\" >Meer over onze edelstenen<\/a><\/li><li class='ez-toc-page-1 ez-toc-heading-level-4'><a class=\"ez-toc-link ez-toc-heading-5\" href=\"https:\/\/saphirsmaragd.com\/nl\/product\/tsavorit-granat-oval-cabochon-6-44-karat-gruen\/#Weitere_Infos\" >Verdere informatie<\/a><\/li><\/ul><\/nav><\/div>\n<h4 data-start=\"834\" data-end=\"887\"><span class=\"ez-toc-section\" id=\"Tsavorit_Granat_Oval_Cabochon_644_Karat_grun\"><\/span><strong data-start=\"838\" data-end=\"887\">Tsavorit Granat Oval Cabochon 6.44 Karat gr\u00fcn<\/strong><span class=\"ez-toc-section-end\"><\/span><\/h4>\n<p data-start=\"888\" data-end=\"1241\">De <strong data-start=\"892\" data-end=\"941\">Tsavorit Granat Oval Cabochon 6.44 Karat gr\u00fcn<\/strong> ist ein au\u00dfergew\u00f6hnlicher Edelstein aus der exklusiven Granatfamilie. Seine satte, lebendige Gr\u00fcnfarbe und der klassische Cabochon-Schliff verleihen ihm eine kraftvolle Ausstrahlung und machen ihn zu einem begehrten Sammlerst\u00fcck sowie zu einer hervorragenden Wahl f\u00fcr exklusive Schmuckanfertigungen.<\/p>\n<hr data-start=\"1243\" data-end=\"1246\" \/>\n<h4 data-start=\"1248\" data-end=\"1276\"><span class=\"ez-toc-section\" id=\"Merkmale_Herkunft\"><\/span><strong data-start=\"1253\" data-end=\"1276\">Kenmerken en herkomst<\/strong><span class=\"ez-toc-section-end\"><\/span><\/h4>\n<p data-start=\"1277\" data-end=\"1488\">Steinart: Tsavorit Granat<br data-start=\"1302\" data-end=\"1305\" \/>Vorm: Ovaal<br data-start=\"1315\" data-end=\"1318\" \/>Schliff: Cabochon<br data-start=\"1335\" data-end=\"1338\" \/>Farbe: Gr\u00fcn<br data-start=\"1349\" data-end=\"1352\" \/>Gewicht: 6.44 Karat<br data-start=\"1371\" data-end=\"1374\" \/>Abmessungen: 11.9 \u00d7 9.8 mm<br data-start=\"1400\" data-end=\"1403\" \/>Zuiverheid: Oogzuiver<br data-start=\"1422\" data-end=\"1425\" \/>Behandeling: Onbehandeld<br data-start=\"1448\" data-end=\"1451\" \/>Mohs-H\u00e4rte: 7\u20137.5<br data-start=\"1468\" data-end=\"1471\" \/>Herkunft: Kenia<\/p>\n<hr data-start=\"1490\" data-end=\"1493\" \/>\n<h4 data-start=\"1495\" data-end=\"1518\"><span class=\"ez-toc-section\" id=\"Besonderheiten\"><\/span><strong data-start=\"1500\" data-end=\"1518\">Bijzondere kenmerken<\/strong><span class=\"ez-toc-section-end\"><\/span><\/h4>\n<p data-start=\"1519\" data-end=\"1917\">Tsavorit z\u00e4hlt zu den seltensten und wertvollsten gr\u00fcnen Edelsteinen weltweit und ist deutlich seltener als Smaragd. Der hier pr\u00e4sentierte Cabochon bringt die intensive Farbe besonders harmonisch zur Geltung und betont die nat\u00fcrliche Tiefe des Steins. Durch seine unbehandelte Qualit\u00e4t und hohe Karatzahl eignet sich dieser Tsavorit ideal f\u00fcr hochwertige Einzelanfertigungen mit langfristigem Wert.<\/p>\n<hr data-start=\"1926\" data-end=\"1929\" \/>\n<h4 data-start=\"1931\" data-end=\"1971\"><span class=\"ez-toc-section\" id=\"Mehr_uber_unsere_Edelsteine\"><\/span>Meer over onze edelstenen<span class=\"ez-toc-section-end\"><\/span><\/h4>\n<p data-start=\"1972\" data-end=\"2069\"><a href=\"https:\/\/saphirsmaragd.com\/nl\/product-category\/edelsteine-kaufen\/\">Edelstenen<\/a><\/p>\n<hr data-start=\"2071\" data-end=\"2074\" \/>\n<h4 data-start=\"2076\" data-end=\"2096\"><span class=\"ez-toc-section\" id=\"Weitere_Infos\"><\/span>Verdere informatie<span class=\"ez-toc-section-end\"><\/span><\/h4>\n<p data-start=\"2097\" data-end=\"2160\"><a class=\"decorated-link cursor-pointer\" href=\"https:\/\/de.wikipedia.org\/wiki\/Granat\" target=\"_new\" rel=\"noopener\" data-start=\"2097\" data-end=\"2160\">Wikipedia: Granat<\/a><\/p>","protected":false},"excerpt":{"rendered":"<p data-start=\"476\" data-end=\"647\"><em>Tsavorit Granat Oval Cabochon 6.44 Karat gr\u00fcn aus Kenia. Nat\u00fcrlicher, unbehandelter Tsavorit mit intensiver gr\u00fcner Farbe, Cabochon-Schliff und beeindruckender Pr\u00e4senz.<\/em><\/p>\n<p data-start=\"649\" data-end=\"684\">","protected":false},"featured_media":6823,"comment_status":"open","ping_status":"closed","template":"","meta":{"_glsr_average":0,"_glsr_ranking":0,"_glsr_reviews":0},"product_brand":[],"product_cat":[111],"product_tag":[],"class_list":{"0":"post-6822","1":"product","2":"type-product","3":"status-publish","4":"has-post-thumbnail","6":"product_cat-granat-kaufen","7":"pa_edelsteinart-granat","8":"pa_farbe-gruen","9":"pa_form-cabochon","10":"pa_gewicht-karat-5-0-10-karat","11":"pa_herkunft-kenia","12":"pa_reinheit-augenrein","13":"pa_veredelung-behandlung-unbehandelt","14":"pa_zustand-neu","16":"first","17":"instock","18":"featured","19":"sold-individually","20":"shipping-taxable","21":"purchasable","22":"product-type-simple","23":"add-to-wishlist-before_image"},"jetpack_sharing_enabled":true,"_links":{"self":[{"href":"https:\/\/saphirsmaragd.com\/nl\/wp-json\/wp\/v2\/product\/6822","targetHints":{"allow":["GET"]}}],"collection":[{"href":"https:\/\/saphirsmaragd.com\/nl\/wp-json\/wp\/v2\/product"}],"about":[{"href":"https:\/\/saphirsmaragd.com\/nl\/wp-json\/wp\/v2\/types\/product"}],"replies":[{"embeddable":true,"href":"https:\/\/saphirsmaragd.com\/nl\/wp-json\/wp\/v2\/comments?post=6822"}],"version-history":[{"count":1,"href":"https:\/\/saphirsmaragd.com\/nl\/wp-json\/wp\/v2\/product\/6822\/revisions"}],"predecessor-version":[{"id":6824,"href":"https:\/\/saphirsmaragd.com\/nl\/wp-json\/wp\/v2\/product\/6822\/revisions\/6824"}],"wp:featuredmedia":[{"embeddable":true,"href":"https:\/\/saphirsmaragd.com\/nl\/wp-json\/wp\/v2\/media\/6823"}],"wp:attachment":[{"href":"https:\/\/saphirsmaragd.com\/nl\/wp-json\/wp\/v2\/media?parent=6822"}],"wp:term":[{"taxonomy":"product_brand","embeddable":true,"href":"https:\/\/saphirsmaragd.com\/nl\/wp-json\/wp\/v2\/product_brand?post=6822"},{"taxonomy":"product_cat","embeddable":true,"href":"https:\/\/saphirsmaragd.com\/nl\/wp-json\/wp\/v2\/product_cat?post=6822"},{"taxonomy":"product_tag","embeddable":true,"href":"https:\/\/saphirsmaragd.com\/nl\/wp-json\/wp\/v2\/product_tag?post=6822"}],"curies":[{"name":"wp","href":"https:\/\/api.w.org\/{rel}","templated":true}]}}