{"id":7483,"date":"2026-01-07T17:47:50","date_gmt":"2026-01-07T17:47:50","guid":{"rendered":"https:\/\/saphirsmaragd.com\/?post_type=product&#038;p=7483"},"modified":"2026-01-07T17:50:36","modified_gmt":"2026-01-07T17:50:36","slug":"schwarzer-opal-oval-1-85-karat","status":"publish","type":"product","link":"https:\/\/saphirsmaragd.com\/nl\/product\/schwarzer-opal-oval-1-85-karat\/","title":{"rendered":"Schwarzer Opal Oval 1.85 Karat Australien \u2013 nat\u00fcrlicher australischer Edelopal"},"content":{"rendered":"<div id=\"ez-toc-container\" class=\"ez-toc-v2_0_82_2 counter-hierarchy ez-toc-counter ez-toc-grey ez-toc-container-direction\">\n<div class=\"ez-toc-title-container\">\n<p class=\"ez-toc-title\" style=\"cursor:inherit\">Inhoudsopgave<\/p>\n<span class=\"ez-toc-title-toggle\"><a href=\"#\" class=\"ez-toc-pull-right ez-toc-btn ez-toc-btn-xs ez-toc-btn-default ez-toc-toggle\" aria-label=\"Toggle tabel met inhoud\"><span class=\"ez-toc-js-icon-con\"><span class=\"\"><span class=\"eztoc-hide\" style=\"display:none;\">Schakelaar<\/span><span class=\"ez-toc-icon-toggle-span\"><svg style=\"fill: #999;color:#999\" xmlns=\"http:\/\/www.w3.org\/2000\/svg\" class=\"list-377408\" width=\"20px\" height=\"20px\" viewbox=\"0 0 24 24\" fill=\"none\"><path d=\"M6 6H4v2h2V6zm14 0H8v2h12V6zM4 11h2v2H4v-2zm16 0H8v2h12v-2zM4 16h2v2H4v-2zm16 0H8v2h12v-2z\" fill=\"currentColor\"><\/path><\/svg><svg style=\"fill: #999;color:#999\" class=\"arrow-unsorted-368013\" xmlns=\"http:\/\/www.w3.org\/2000\/svg\" width=\"10px\" height=\"10px\" viewbox=\"0 0 24 24\" version=\"1.2\" baseprofile=\"tiny\"><path d=\"M18.2 9.3l-6.2-6.3-6.2 6.3c-.2.2-.3.4-.3.7s.1.5.3.7c.2.2.4.3.7.3h11c.3 0 .5-.1.7-.3.2-.2.3-.5.3-.7s-.1-.5-.3-.7zM5.8 14.7l6.2 6.3 6.2-6.3c.2-.2.3-.5.3-.7s-.1-.5-.3-.7c-.2-.2-.4-.3-.7-.3h-11c-.3 0-.5.1-.7.3-.2.2-.3.5-.3.7s.1.5.3.7z\"\/><\/svg><\/span><\/span><\/span><\/a><\/span><\/div>\n<nav><ul class='ez-toc-list ez-toc-list-level-1' ><li class='ez-toc-page-1 ez-toc-heading-level-3'><a class=\"ez-toc-link ez-toc-heading-1\" href=\"https:\/\/saphirsmaragd.com\/nl\/product\/schwarzer-opal-oval-1-85-karat\/#Schwarzer_Opal_Oval_185_Karat_Australien\" >Schwarzer Opal Oval 1.85 Karat Australien<\/a><ul class='ez-toc-list-level-4' ><li class='ez-toc-heading-level-4'><a class=\"ez-toc-link ez-toc-heading-2\" href=\"https:\/\/saphirsmaragd.com\/nl\/product\/schwarzer-opal-oval-1-85-karat\/#Merkmale_Herkunft\" >Kenmerken en herkomst<\/a><\/li><li class='ez-toc-page-1 ez-toc-heading-level-4'><a class=\"ez-toc-link ez-toc-heading-3\" href=\"https:\/\/saphirsmaragd.com\/nl\/product\/schwarzer-opal-oval-1-85-karat\/#Besonderheiten\" >Bijzondere kenmerken<\/a><\/li><li class='ez-toc-page-1 ez-toc-heading-level-4'><a class=\"ez-toc-link ez-toc-heading-4\" href=\"https:\/\/saphirsmaragd.com\/nl\/product\/schwarzer-opal-oval-1-85-karat\/#Mehr_uber_unsere_Edelsteine\" >Meer over onze edelstenen<\/a><\/li><li class='ez-toc-page-1 ez-toc-heading-level-4'><a class=\"ez-toc-link ez-toc-heading-5\" href=\"https:\/\/saphirsmaragd.com\/nl\/product\/schwarzer-opal-oval-1-85-karat\/#Weitere_Infos\" >Verdere informatie<\/a><\/li><\/ul><\/li><\/ul><\/nav><\/div>\n<h3 data-start=\"842\" data-end=\"891\"><span class=\"ez-toc-section\" id=\"Schwarzer_Opal_Oval_185_Karat_Australien\"><\/span><strong data-start=\"846\" data-end=\"891\">Schwarzer Opal Oval 1.85 Karat Australien<\/strong><span class=\"ez-toc-section-end\"><\/span><\/h3>\n<p data-start=\"892\" data-end=\"1251\">De <strong data-start=\"896\" data-end=\"941\">Schwarzer Opal Oval 1.85 Karat Australien<\/strong> z\u00e4hlt zu den seltensten und begehrtesten Opalen weltweit. Seine dunkle Grundfarbe verst\u00e4rkt das lebendige Farbspiel aus Blau- und Gr\u00fcnt\u00f6nen und verleiht dem Stein eine au\u00dfergew\u00f6hnliche Tiefe. Dieser nat\u00fcrliche australische Opal ist ein echtes Sammlerst\u00fcck und ein Highlight f\u00fcr exklusive Schmuckanfertigungen.<\/p>\n<hr data-start=\"1253\" data-end=\"1256\" \/>\n<h4 data-start=\"1258\" data-end=\"1286\"><span class=\"ez-toc-section\" id=\"Merkmale_Herkunft\"><\/span><strong data-start=\"1263\" data-end=\"1286\">Kenmerken en herkomst<\/strong><span class=\"ez-toc-section-end\"><\/span><\/h4>\n<p data-start=\"1287\" data-end=\"1543\">Steinart: Schwarzer Opal<br data-start=\"1311\" data-end=\"1314\" \/>Vorm: Ovaal<br data-start=\"1324\" data-end=\"1327\" \/>Schliff: Cabochon<br data-start=\"1344\" data-end=\"1347\" \/>Farbe: Schwarz mit blau-gr\u00fcnem Farbspiel<br data-start=\"1387\" data-end=\"1390\" \/>Gewicht: 1.85 Karat<br data-start=\"1409\" data-end=\"1412\" \/>Abmessungen: 10.0 \u00d7 6.7 mm<br data-start=\"1438\" data-end=\"1441\" \/>Reinheit: Nat\u00fcrlich gewachsen<br data-start=\"1470\" data-end=\"1473\" \/>Behandeling: Onbehandeld<br data-start=\"1496\" data-end=\"1499\" \/>Mohs-H\u00e4rte: 5.5\u20136.5<br data-start=\"1518\" data-end=\"1521\" \/>Herkunft: Australien<\/p>\n<hr data-start=\"1545\" data-end=\"1548\" \/>\n<h4 data-start=\"1550\" data-end=\"1573\"><span class=\"ez-toc-section\" id=\"Besonderheiten\"><\/span><strong data-start=\"1555\" data-end=\"1573\">Bijzondere kenmerken<\/strong><span class=\"ez-toc-section-end\"><\/span><\/h4>\n<p data-start=\"1574\" data-end=\"1962\">Schwarze Opale aus Australien gelten als die wertvollsten Vertreter ihrer Art. Die dunkle K\u00f6rperfarbe sorgt f\u00fcr ein besonders intensives Farbspiel, das je nach Lichteinfall lebendig changiert. Aufgrund ihrer Seltenheit und nat\u00fcrlichen Sch\u00f6nheit sind australische schwarze Opale stark nachgefragt und eignen sich sowohl als Wertanlage als auch f\u00fcr einzigartige Schmuckst\u00fccke mit Charakter.<\/p>\n<hr data-start=\"1545\" data-end=\"1548\" \/>\n<h4 data-start=\"1931\" data-end=\"1971\"><span class=\"ez-toc-section\" id=\"Mehr_uber_unsere_Edelsteine\"><\/span>Meer over onze edelstenen<span class=\"ez-toc-section-end\"><\/span><\/h4>\n<p data-start=\"1972\" data-end=\"2069\"><a href=\"https:\/\/saphirsmaragd.com\/nl\/product-category\/edelsteine-kaufen\/\">Edelstenen<\/a><\/p>\n<hr data-start=\"2071\" data-end=\"2074\" \/>\n<h4 data-start=\"2076\" data-end=\"2096\"><span class=\"ez-toc-section\" id=\"Weitere_Infos\"><\/span>Verdere informatie<span class=\"ez-toc-section-end\"><\/span><\/h4>\n<p><a href=\"https:\/\/de.wikipedia.org\/wiki\/Opal\" target=\"_blank\" rel=\"noopener\">Wikipedia: Opaal<\/a><\/p>","protected":false},"excerpt":{"rendered":"<p data-start=\"524\" data-end=\"697\"><em>Schwarzer Opal Oval 1.85 Karat Australien. Nat\u00fcrlicher australischer Schwarzer Opal mit intensiven blau-gr\u00fcnen Farbspielen, ovaler Form und au\u00dfergew\u00f6hnlicher Seltenheit.<\/em><\/p>","protected":false},"featured_media":7484,"comment_status":"open","ping_status":"closed","template":"","meta":{"_glsr_average":0,"_glsr_ranking":0,"_glsr_reviews":0},"product_brand":[],"product_cat":[75],"product_tag":[],"class_list":{"0":"post-7483","1":"product","2":"type-product","3":"status-publish","4":"has-post-thumbnail","6":"product_cat-opale-kaufen","7":"pa_edelsteinart-opal","8":"pa_farbe-mehrfarbig","9":"pa_form-oval","10":"pa_gewicht-karat-1-0-3-0-karat","11":"pa_herkunft-australien","12":"pa_reinheit-undurchsichtig","13":"pa_veredelung-behandlung-unbehandelt","14":"pa_zustand-neu","16":"first","17":"instock","18":"featured","19":"sold-individually","20":"shipping-taxable","21":"purchasable","22":"product-type-simple","23":"add-to-wishlist-before_image"},"jetpack_sharing_enabled":true,"_links":{"self":[{"href":"https:\/\/saphirsmaragd.com\/nl\/wp-json\/wp\/v2\/product\/7483","targetHints":{"allow":["GET"]}}],"collection":[{"href":"https:\/\/saphirsmaragd.com\/nl\/wp-json\/wp\/v2\/product"}],"about":[{"href":"https:\/\/saphirsmaragd.com\/nl\/wp-json\/wp\/v2\/types\/product"}],"replies":[{"embeddable":true,"href":"https:\/\/saphirsmaragd.com\/nl\/wp-json\/wp\/v2\/comments?post=7483"}],"version-history":[{"count":1,"href":"https:\/\/saphirsmaragd.com\/nl\/wp-json\/wp\/v2\/product\/7483\/revisions"}],"predecessor-version":[{"id":7485,"href":"https:\/\/saphirsmaragd.com\/nl\/wp-json\/wp\/v2\/product\/7483\/revisions\/7485"}],"wp:featuredmedia":[{"embeddable":true,"href":"https:\/\/saphirsmaragd.com\/nl\/wp-json\/wp\/v2\/media\/7484"}],"wp:attachment":[{"href":"https:\/\/saphirsmaragd.com\/nl\/wp-json\/wp\/v2\/media?parent=7483"}],"wp:term":[{"taxonomy":"product_brand","embeddable":true,"href":"https:\/\/saphirsmaragd.com\/nl\/wp-json\/wp\/v2\/product_brand?post=7483"},{"taxonomy":"product_cat","embeddable":true,"href":"https:\/\/saphirsmaragd.com\/nl\/wp-json\/wp\/v2\/product_cat?post=7483"},{"taxonomy":"product_tag","embeddable":true,"href":"https:\/\/saphirsmaragd.com\/nl\/wp-json\/wp\/v2\/product_tag?post=7483"}],"curies":[{"name":"wp","href":"https:\/\/api.w.org\/{rel}","templated":true}]}}