{"id":7486,"date":"2026-01-07T17:51:37","date_gmt":"2026-01-07T17:51:37","guid":{"rendered":"https:\/\/saphirsmaragd.com\/?post_type=product&#038;p=7486"},"modified":"2026-01-07T17:55:29","modified_gmt":"2026-01-07T17:55:29","slug":"amethyst-birne-46-89-karat-violett","status":"publish","type":"product","link":"https:\/\/saphirsmaragd.com\/nl\/product\/amethyst-birne-46-89-karat-violett\/","title":{"rendered":"Amethist peer 46,89 karaat violet - natuurlijke grote steen uit Brazili\u00eb"},"content":{"rendered":"<div id=\"ez-toc-container\" class=\"ez-toc-v2_0_82_2 counter-hierarchy ez-toc-counter ez-toc-grey ez-toc-container-direction\">\n<div class=\"ez-toc-title-container\">\n<p class=\"ez-toc-title\" style=\"cursor:inherit\">Inhoudsopgave<\/p>\n<span class=\"ez-toc-title-toggle\"><a href=\"#\" class=\"ez-toc-pull-right ez-toc-btn ez-toc-btn-xs ez-toc-btn-default ez-toc-toggle\" aria-label=\"Toggle tabel met inhoud\"><span class=\"ez-toc-js-icon-con\"><span class=\"\"><span class=\"eztoc-hide\" style=\"display:none;\">Schakelaar<\/span><span class=\"ez-toc-icon-toggle-span\"><svg style=\"fill: #999;color:#999\" xmlns=\"http:\/\/www.w3.org\/2000\/svg\" class=\"list-377408\" width=\"20px\" height=\"20px\" viewbox=\"0 0 24 24\" fill=\"none\"><path d=\"M6 6H4v2h2V6zm14 0H8v2h12V6zM4 11h2v2H4v-2zm16 0H8v2h12v-2zM4 16h2v2H4v-2zm16 0H8v2h12v-2z\" fill=\"currentColor\"><\/path><\/svg><svg style=\"fill: #999;color:#999\" class=\"arrow-unsorted-368013\" xmlns=\"http:\/\/www.w3.org\/2000\/svg\" width=\"10px\" height=\"10px\" viewbox=\"0 0 24 24\" version=\"1.2\" baseprofile=\"tiny\"><path d=\"M18.2 9.3l-6.2-6.3-6.2 6.3c-.2.2-.3.4-.3.7s.1.5.3.7c.2.2.4.3.7.3h11c.3 0 .5-.1.7-.3.2-.2.3-.5.3-.7s-.1-.5-.3-.7zM5.8 14.7l6.2 6.3 6.2-6.3c.2-.2.3-.5.3-.7s-.1-.5-.3-.7c-.2-.2-.4-.3-.7-.3h-11c-.3 0-.5.1-.7.3-.2.2-.3.5-.3.7s.1.5.3.7z\"\/><\/svg><\/span><\/span><\/span><\/a><\/span><\/div>\n<nav><ul class='ez-toc-list ez-toc-list-level-1' ><li class='ez-toc-page-1 ez-toc-heading-level-4'><a class=\"ez-toc-link ez-toc-heading-1\" href=\"https:\/\/saphirsmaragd.com\/nl\/product\/amethyst-birne-46-89-karat-violett\/#Amethyst_Birne_4689_Karat_violett\" >Amethyst Birne 46.89 Karat violett<\/a><\/li><li class='ez-toc-page-1 ez-toc-heading-level-4'><a class=\"ez-toc-link ez-toc-heading-2\" href=\"https:\/\/saphirsmaragd.com\/nl\/product\/amethyst-birne-46-89-karat-violett\/#Merkmale_Herkunft\" >Kenmerken en herkomst<\/a><\/li><li class='ez-toc-page-1 ez-toc-heading-level-4'><a class=\"ez-toc-link ez-toc-heading-3\" href=\"https:\/\/saphirsmaragd.com\/nl\/product\/amethyst-birne-46-89-karat-violett\/#Besonderheiten\" >Bijzondere kenmerken<\/a><\/li><li class='ez-toc-page-1 ez-toc-heading-level-4'><a class=\"ez-toc-link ez-toc-heading-4\" href=\"https:\/\/saphirsmaragd.com\/nl\/product\/amethyst-birne-46-89-karat-violett\/#Mehr_uber_unsere_Edelsteine\" >Meer over onze edelstenen<\/a><\/li><li class='ez-toc-page-1 ez-toc-heading-level-4'><a class=\"ez-toc-link ez-toc-heading-5\" href=\"https:\/\/saphirsmaragd.com\/nl\/product\/amethyst-birne-46-89-karat-violett\/#Weitere_Infos\" >Verdere informatie<\/a><\/li><\/ul><\/nav><\/div>\n<h4 data-start=\"855\" data-end=\"897\"><span class=\"ez-toc-section\" id=\"Amethyst_Birne_4689_Karat_violett\"><\/span><strong data-start=\"859\" data-end=\"897\">Amethyst Birne 46.89 Karat violett<\/strong><span class=\"ez-toc-section-end\"><\/span><\/h4>\n<p data-start=\"898\" data-end=\"1258\">De <strong data-start=\"902\" data-end=\"940\">Amethyst Birne 46.89 Karat violett<\/strong> ist ein au\u00dfergew\u00f6hnlicher Gro\u00dfstein mit eindrucksvoller Farbintensit\u00e4t und markanter Birnenform. Dieser nat\u00fcrliche Amethyst aus Brasilien besticht durch seine satte violette Farbe, seine klare Transparenz und seine au\u00dfergew\u00f6hnliche Gr\u00f6\u00dfe \u2013 ein echter Blickfang f\u00fcr exklusive Schmuckst\u00fccke oder anspruchsvolle Sammler.<\/p>\n<hr data-start=\"1260\" data-end=\"1263\" \/>\n<h4 data-start=\"1265\" data-end=\"1293\"><span class=\"ez-toc-section\" id=\"Merkmale_Herkunft\"><\/span><strong data-start=\"1270\" data-end=\"1293\">Kenmerken en herkomst<\/strong><span class=\"ez-toc-section-end\"><\/span><\/h4>\n<p data-start=\"1294\" data-end=\"1502\">Steinart: Amethyst<br data-start=\"1312\" data-end=\"1315\" \/>Form: Birne<br data-start=\"1326\" data-end=\"1329\" \/>Schliff: Facettiert<br data-start=\"1348\" data-end=\"1351\" \/>Farbe: Violett<br data-start=\"1365\" data-end=\"1368\" \/>Gewicht: 46.89 Karat<br data-start=\"1388\" data-end=\"1391\" \/>Abmessungen: 34 \u00d7 21 mm<br data-start=\"1414\" data-end=\"1417\" \/>Zuiverheid: Oogzuiver<br data-start=\"1436\" data-end=\"1439\" \/>Behandeling: Onbehandeld<br data-start=\"1462\" data-end=\"1465\" \/>Mohs-H\u00e4rte: 7<br data-start=\"1478\" data-end=\"1481\" \/>Herkomst: Brazili\u00eb<\/p>\n<hr data-start=\"1504\" data-end=\"1507\" \/>\n<h4 data-start=\"1509\" data-end=\"1532\"><span class=\"ez-toc-section\" id=\"Besonderheiten\"><\/span><strong data-start=\"1514\" data-end=\"1532\">Bijzondere kenmerken<\/strong><span class=\"ez-toc-section-end\"><\/span><\/h4>\n<p data-start=\"1533\" data-end=\"1942\">Amethyste dieser Gr\u00f6\u00dfe und Qualit\u00e4t sind selten und werden vor allem f\u00fcr au\u00dfergew\u00f6hnliche Einzelanfertigungen gesch\u00e4tzt. Die Birnenform verleiht dem Stein eine elegante Dynamik, w\u00e4hrend die intensive violette Farbe f\u00fcr eine starke visuelle Wirkung sorgt. Als nat\u00fcrlicher Gro\u00df-Amethyst eignet sich dieser Edelstein ideal f\u00fcr ausdrucksstarke Anh\u00e4nger, Showpieces oder als Sammlerst\u00fcck mit dekorativem Charakter.<\/p>\n<hr data-start=\"1926\" data-end=\"1929\" \/>\n<h4 data-start=\"1931\" data-end=\"1971\"><span class=\"ez-toc-section\" id=\"Mehr_uber_unsere_Edelsteine\"><\/span>Meer over onze edelstenen<span class=\"ez-toc-section-end\"><\/span><\/h4>\n<p data-start=\"1972\" data-end=\"2069\"><a href=\"https:\/\/saphirsmaragd.com\/nl\/product-category\/edelsteine-kaufen\/\">Edelstenen<\/a><\/p>\n<hr data-start=\"2071\" data-end=\"2074\" \/>\n<h4 data-start=\"2076\" data-end=\"2096\"><span class=\"ez-toc-section\" id=\"Weitere_Infos\"><\/span>Verdere informatie<span class=\"ez-toc-section-end\"><\/span><\/h4>\n<p data-start=\"2097\" data-end=\"2160\"><a class=\"decorated-link cursor-pointer\" href=\"https:\/\/de.wikipedia.org\/wiki\/Amethyst\" target=\"_new\" rel=\"noopener\" data-start=\"2097\" data-end=\"2160\">Wikipedia: Amethst<\/a><\/p>","protected":false},"excerpt":{"rendered":"<p data-start=\"502\" data-end=\"713\"><em>Amethyst Birne 46.89 Karat violett aus Brasilien. Nat\u00fcrlicher, facettierter Gro\u00df-Amethyst in Birnenform mit intensiver violetter Farbe und beeindruckender Pr\u00e4senz \u2013 ein au\u00dfergew\u00f6hnlicher Statement-Edelstein.<\/em><\/p>","protected":false},"featured_media":7487,"comment_status":"open","ping_status":"closed","template":"","meta":{"_glsr_average":0,"_glsr_ranking":0,"_glsr_reviews":0},"product_brand":[],"product_cat":[107],"product_tag":[],"class_list":{"0":"post-7486","1":"product","2":"type-product","3":"status-publish","4":"has-post-thumbnail","6":"product_cat-amethyst-kaufen","7":"pa_edelsteinart-amethyst","8":"pa_farbe-violett","9":"pa_form-birne","10":"pa_gewicht-karat-20-50-karat","11":"pa_herkunft-brasilien","12":"pa_reinheit-augenrein","13":"pa_zustand-neu","15":"first","16":"instock","17":"featured","18":"sold-individually","19":"shipping-taxable","20":"purchasable","21":"product-type-simple","22":"add-to-wishlist-before_image"},"jetpack_sharing_enabled":true,"_links":{"self":[{"href":"https:\/\/saphirsmaragd.com\/nl\/wp-json\/wp\/v2\/product\/7486","targetHints":{"allow":["GET"]}}],"collection":[{"href":"https:\/\/saphirsmaragd.com\/nl\/wp-json\/wp\/v2\/product"}],"about":[{"href":"https:\/\/saphirsmaragd.com\/nl\/wp-json\/wp\/v2\/types\/product"}],"replies":[{"embeddable":true,"href":"https:\/\/saphirsmaragd.com\/nl\/wp-json\/wp\/v2\/comments?post=7486"}],"version-history":[{"count":1,"href":"https:\/\/saphirsmaragd.com\/nl\/wp-json\/wp\/v2\/product\/7486\/revisions"}],"predecessor-version":[{"id":7488,"href":"https:\/\/saphirsmaragd.com\/nl\/wp-json\/wp\/v2\/product\/7486\/revisions\/7488"}],"wp:featuredmedia":[{"embeddable":true,"href":"https:\/\/saphirsmaragd.com\/nl\/wp-json\/wp\/v2\/media\/7487"}],"wp:attachment":[{"href":"https:\/\/saphirsmaragd.com\/nl\/wp-json\/wp\/v2\/media?parent=7486"}],"wp:term":[{"taxonomy":"product_brand","embeddable":true,"href":"https:\/\/saphirsmaragd.com\/nl\/wp-json\/wp\/v2\/product_brand?post=7486"},{"taxonomy":"product_cat","embeddable":true,"href":"https:\/\/saphirsmaragd.com\/nl\/wp-json\/wp\/v2\/product_cat?post=7486"},{"taxonomy":"product_tag","embeddable":true,"href":"https:\/\/saphirsmaragd.com\/nl\/wp-json\/wp\/v2\/product_tag?post=7486"}],"curies":[{"name":"wp","href":"https:\/\/api.w.org\/{rel}","templated":true}]}}