{"id":8297,"date":"2026-03-24T15:41:54","date_gmt":"2026-03-24T15:41:54","guid":{"rendered":"https:\/\/saphirsmaragd.com\/?post_type=product&#038;p=8297"},"modified":"2026-03-24T15:44:14","modified_gmt":"2026-03-24T15:44:14","slug":"feueropal-oval-farbe-orange-3-10-karat","status":"publish","type":"product","link":"https:\/\/saphirsmaragd.com\/nl\/product\/feueropal-oval-farbe-orange-3-10-karat\/","title":{"rendered":"Feueropal Oval Farbe orange 3.10 Karat \u2013 Leuchtender Edelstein aus Mexiko"},"content":{"rendered":"<p data-start=\"779\" data-end=\"1044\">Der Feueropal Oval Farbe orange 3.10 Karat begeistert durch seine intensive, leuchtende Farbgebung und seine au\u00dfergew\u00f6hnliche Brillanz. Dieser Edelstein aus Mexiko z\u00e4hlt zu den faszinierendsten Opalen und ist besonders f\u00fcr seine warme, feurige Ausstrahlung bekannt.<\/p>\n<hr data-start=\"1046\" data-end=\"1049\" \/>\n<div id=\"ez-toc-container\" class=\"ez-toc-v2_0_82_2 counter-hierarchy ez-toc-counter ez-toc-grey ez-toc-container-direction\">\n<div class=\"ez-toc-title-container\">\n<p class=\"ez-toc-title\" style=\"cursor:inherit\">Inhoudsopgave<\/p>\n<span class=\"ez-toc-title-toggle\"><a href=\"#\" class=\"ez-toc-pull-right ez-toc-btn ez-toc-btn-xs ez-toc-btn-default ez-toc-toggle\" aria-label=\"Toggle tabel met inhoud\"><span class=\"ez-toc-js-icon-con\"><span class=\"\"><span class=\"eztoc-hide\" style=\"display:none;\">Schakelaar<\/span><span class=\"ez-toc-icon-toggle-span\"><svg style=\"fill: #999;color:#999\" xmlns=\"http:\/\/www.w3.org\/2000\/svg\" class=\"list-377408\" width=\"20px\" height=\"20px\" viewbox=\"0 0 24 24\" fill=\"none\"><path d=\"M6 6H4v2h2V6zm14 0H8v2h12V6zM4 11h2v2H4v-2zm16 0H8v2h12v-2zM4 16h2v2H4v-2zm16 0H8v2h12v-2z\" fill=\"currentColor\"><\/path><\/svg><svg style=\"fill: #999;color:#999\" class=\"arrow-unsorted-368013\" xmlns=\"http:\/\/www.w3.org\/2000\/svg\" width=\"10px\" height=\"10px\" viewbox=\"0 0 24 24\" version=\"1.2\" baseprofile=\"tiny\"><path d=\"M18.2 9.3l-6.2-6.3-6.2 6.3c-.2.2-.3.4-.3.7s.1.5.3.7c.2.2.4.3.7.3h11c.3 0 .5-.1.7-.3.2-.2.3-.5.3-.7s-.1-.5-.3-.7zM5.8 14.7l6.2 6.3 6.2-6.3c.2-.2.3-.5.3-.7s-.1-.5-.3-.7c-.2-.2-.4-.3-.7-.3h-11c-.3 0-.5.1-.7.3-.2.2-.3.5-.3.7s.1.5.3.7z\"\/><\/svg><\/span><\/span><\/span><\/a><\/span><\/div>\n<nav><ul class='ez-toc-list ez-toc-list-level-1' ><li class='ez-toc-page-1 ez-toc-heading-level-4'><a class=\"ez-toc-link ez-toc-heading-1\" href=\"https:\/\/saphirsmaragd.com\/nl\/product\/feueropal-oval-farbe-orange-3-10-karat\/#Merkmale_Herkunft\" >Merkmale &amp; Herkunft:<\/a><\/li><li class='ez-toc-page-1 ez-toc-heading-level-4'><a class=\"ez-toc-link ez-toc-heading-2\" href=\"https:\/\/saphirsmaragd.com\/nl\/product\/feueropal-oval-farbe-orange-3-10-karat\/#Besonderheiten\" >Besonderheiten:<\/a><\/li><li class='ez-toc-page-1 ez-toc-heading-level-4'><a class=\"ez-toc-link ez-toc-heading-3\" href=\"https:\/\/saphirsmaragd.com\/nl\/product\/feueropal-oval-farbe-orange-3-10-karat\/#Weitere_Inspiration_entdecken\" >Weitere Inspiration entdecken<\/a><\/li><\/ul><\/nav><\/div>\n<h4 data-start=\"1051\" data-end=\"1076\"><span class=\"ez-toc-section\" id=\"Merkmale_Herkunft\"><\/span>Merkmale &amp; Herkunft:<span class=\"ez-toc-section-end\"><\/span><\/h4>\n<p data-start=\"1078\" data-end=\"1289\">Farbe: Intensiv orange<br data-start=\"1100\" data-end=\"1103\" \/>Vorm: Ovaal<br data-start=\"1113\" data-end=\"1116\" \/>Oorsprong: Mexico<br data-start=\"1132\" data-end=\"1135\" \/>Gewicht: 3.10 Karat<br data-start=\"1154\" data-end=\"1157\" \/>Ma\u00dfe: 11.9 x 9.1 mm<br data-start=\"1176\" data-end=\"1179\" \/>Zuiverheid: Oogzuiver<br data-start=\"1198\" data-end=\"1201\" \/>Behandeling: Onbehandeld<br data-start=\"1224\" data-end=\"1227\" \/>Staat: Nieuw<br data-start=\"1239\" data-end=\"1242\" \/>Steinart: Feueropal<br data-start=\"1261\" data-end=\"1264\" \/>Mohs-H\u00e4rte: 5.5 bis 6.5<\/p>\n<hr data-start=\"1291\" data-end=\"1294\" \/>\n<h4 data-start=\"1296\" data-end=\"1316\"><span class=\"ez-toc-section\" id=\"Besonderheiten\"><\/span>Besonderheiten:<span class=\"ez-toc-section-end\"><\/span><\/h4>\n<p data-start=\"1318\" data-end=\"1616\">Der Feueropal Oval Farbe orange 3.10 Karat unterscheidet sich von klassischen Opalen durch seine transparente bis transluzente Struktur und seine intensive Eigenfarbe. W\u00e4hrend viele Opale f\u00fcr ihr Farbspiel bekannt sind, besticht der Feueropal vor allem durch seine reine, leuchtende Farbintensit\u00e4t.<\/p>\n<p data-start=\"1618\" data-end=\"1855\">Mexikanische Feueropale geh\u00f6ren zu den bekanntesten und hochwertigsten Exemplaren dieser Edelsteinart. Ihre warme Farbpalette reicht von Gelb \u00fcber Orange bis hin zu tiefem Rot und macht sie besonders begehrt f\u00fcr auff\u00e4llige Schmuckst\u00fccke.<\/p>\n<p data-start=\"1857\" data-end=\"2087\">Der ovale Schliff sorgt f\u00fcr eine harmonische Lichtreflexion und bringt die nat\u00fcrliche Leuchtkraft dieses Edelsteins optimal zur Geltung. Dadurch eignet sich dieser Stein ideal f\u00fcr Ringe oder Anh\u00e4nger mit starker visueller Pr\u00e4senz.<\/p>\n<hr data-start=\"1926\" data-end=\"1929\" \/>\n<h4 data-start=\"413\" data-end=\"449\"><span class=\"ez-toc-section\" id=\"Weitere_Inspiration_entdecken\"><\/span>Weitere Inspiration entdecken<span class=\"ez-toc-section-end\"><\/span><\/h4>\n<p data-start=\"450\" data-end=\"582\">Suchen Sie weitere besondere Produkte? Entdecken Sie zus\u00e4tzliche Highlights in unserem Sortiment oder besuchen Sie unsere Partnerprojekte:<\/p>\n<ul data-start=\"584\" data-end=\"920\">\n<li data-start=\"584\" data-end=\"656\"><a href=\"https:\/\/saphirsmaragd.com\/nl\/shop\/\">Weitere Edelsteine &amp; Schmuckst\u00fccke bei Saphir &amp; Smaragd entdecken<\/a><\/li>\n<li data-start=\"657\" data-end=\"783\">\n<p data-start=\"659\" data-end=\"783\"><a href=\"https:\/\/honigbee.com\/shop\/\" target=\"_blank\" rel=\"noopener\">Nat\u00fcrliche Produkte bei Honigbee ansehen<br \/>\n<\/a><\/p>\n<\/li>\n<li data-start=\"784\" data-end=\"920\">\n<p data-start=\"786\" data-end=\"920\"><a href=\"https:\/\/matvana.com\/shop\/\" target=\"_blank\" rel=\"noopener\">Stilvolle Wohnideen bei Matvana erkunden<\/a><\/p>\n<\/li>\n<\/ul>","protected":false},"excerpt":{"rendered":"<p data-start=\"412\" data-end=\"542\"><em>Feueropal Oval Farbe orange 3.10 Karat aus Mexiko \u2013 intensiver Edelstein mit leuchtender Farbe und au\u00dfergew\u00f6hnlicher Brillanz.<\/em><\/p>\n<p data-start=\"575\" data-end=\"606\">","protected":false},"featured_media":8298,"comment_status":"open","ping_status":"closed","template":"","meta":{"_glsr_average":0,"_glsr_ranking":0,"_glsr_reviews":0},"product_brand":[],"product_cat":[75],"product_tag":[],"class_list":{"0":"post-8297","1":"product","2":"type-product","3":"status-publish","4":"has-post-thumbnail","6":"product_cat-opale-kaufen","7":"pa_edelsteinart-opal","8":"pa_farbe-orange","9":"pa_form-oval","10":"pa_gewicht-karat-3-0-5-0-karat","11":"pa_herkunft-mexiko","12":"pa_reinheit-augenrein","13":"pa_veredelung-behandlung-unbehandelt","14":"pa_zustand-neu","16":"first","17":"instock","18":"featured","19":"sold-individually","20":"shipping-taxable","21":"purchasable","22":"product-type-simple","23":"add-to-wishlist-before_image"},"jetpack_sharing_enabled":true,"_links":{"self":[{"href":"https:\/\/saphirsmaragd.com\/nl\/wp-json\/wp\/v2\/product\/8297","targetHints":{"allow":["GET"]}}],"collection":[{"href":"https:\/\/saphirsmaragd.com\/nl\/wp-json\/wp\/v2\/product"}],"about":[{"href":"https:\/\/saphirsmaragd.com\/nl\/wp-json\/wp\/v2\/types\/product"}],"replies":[{"embeddable":true,"href":"https:\/\/saphirsmaragd.com\/nl\/wp-json\/wp\/v2\/comments?post=8297"}],"version-history":[{"count":1,"href":"https:\/\/saphirsmaragd.com\/nl\/wp-json\/wp\/v2\/product\/8297\/revisions"}],"predecessor-version":[{"id":8299,"href":"https:\/\/saphirsmaragd.com\/nl\/wp-json\/wp\/v2\/product\/8297\/revisions\/8299"}],"wp:featuredmedia":[{"embeddable":true,"href":"https:\/\/saphirsmaragd.com\/nl\/wp-json\/wp\/v2\/media\/8298"}],"wp:attachment":[{"href":"https:\/\/saphirsmaragd.com\/nl\/wp-json\/wp\/v2\/media?parent=8297"}],"wp:term":[{"taxonomy":"product_brand","embeddable":true,"href":"https:\/\/saphirsmaragd.com\/nl\/wp-json\/wp\/v2\/product_brand?post=8297"},{"taxonomy":"product_cat","embeddable":true,"href":"https:\/\/saphirsmaragd.com\/nl\/wp-json\/wp\/v2\/product_cat?post=8297"},{"taxonomy":"product_tag","embeddable":true,"href":"https:\/\/saphirsmaragd.com\/nl\/wp-json\/wp\/v2\/product_tag?post=8297"}],"curies":[{"name":"wp","href":"https:\/\/api.w.org\/{rel}","templated":true}]}}