{"id":8520,"date":"2026-04-11T14:06:41","date_gmt":"2026-04-11T14:06:41","guid":{"rendered":"https:\/\/saphirsmaragd.com\/?post_type=product&#038;p=8520"},"modified":"2026-04-11T14:08:52","modified_gmt":"2026-04-11T14:08:52","slug":"smaragd-oval-gruen-1-64-karat","status":"publish","type":"product","link":"https:\/\/saphirsmaragd.com\/nl\/product\/smaragd-oval-gruen-1-64-karat\/","title":{"rendered":"Smaragd Oval Gr\u00fcn 1.64 Karat aus Brasilien \u2013 Edler Farbstein"},"content":{"rendered":"<p data-start=\"723\" data-end=\"983\">Dieser hochwertige Smaragd Oval Gr\u00fcn 1.64 Karat aus Brasilien besticht durch seine harmonische Form und seine lebendige, nat\u00fcrliche Farbintensit\u00e4t. Der ovale Schliff sorgt f\u00fcr ein ausgewogenes Lichtspiel und hebt die Tiefe des gr\u00fcnen Farbtons besonders hervor.<\/p>\n<hr data-start=\"985\" data-end=\"988\" \/>\n<div id=\"ez-toc-container\" class=\"ez-toc-v2_0_82_2 counter-hierarchy ez-toc-counter ez-toc-grey ez-toc-container-direction\">\n<div class=\"ez-toc-title-container\">\n<p class=\"ez-toc-title\" style=\"cursor:inherit\">Inhoudsopgave<\/p>\n<span class=\"ez-toc-title-toggle\"><a href=\"#\" class=\"ez-toc-pull-right ez-toc-btn ez-toc-btn-xs ez-toc-btn-default ez-toc-toggle\" aria-label=\"Toggle tabel met inhoud\"><span class=\"ez-toc-js-icon-con\"><span class=\"\"><span class=\"eztoc-hide\" style=\"display:none;\">Schakelaar<\/span><span class=\"ez-toc-icon-toggle-span\"><svg style=\"fill: #999;color:#999\" xmlns=\"http:\/\/www.w3.org\/2000\/svg\" class=\"list-377408\" width=\"20px\" height=\"20px\" viewbox=\"0 0 24 24\" fill=\"none\"><path d=\"M6 6H4v2h2V6zm14 0H8v2h12V6zM4 11h2v2H4v-2zm16 0H8v2h12v-2zM4 16h2v2H4v-2zm16 0H8v2h12v-2z\" fill=\"currentColor\"><\/path><\/svg><svg style=\"fill: #999;color:#999\" class=\"arrow-unsorted-368013\" xmlns=\"http:\/\/www.w3.org\/2000\/svg\" width=\"10px\" height=\"10px\" viewbox=\"0 0 24 24\" version=\"1.2\" baseprofile=\"tiny\"><path d=\"M18.2 9.3l-6.2-6.3-6.2 6.3c-.2.2-.3.4-.3.7s.1.5.3.7c.2.2.4.3.7.3h11c.3 0 .5-.1.7-.3.2-.2.3-.5.3-.7s-.1-.5-.3-.7zM5.8 14.7l6.2 6.3 6.2-6.3c.2-.2.3-.5.3-.7s-.1-.5-.3-.7c-.2-.2-.4-.3-.7-.3h-11c-.3 0-.5.1-.7.3-.2.2-.3.5-.3.7s.1.5.3.7z\"\/><\/svg><\/span><\/span><\/span><\/a><\/span><\/div>\n<nav><ul class='ez-toc-list ez-toc-list-level-1' ><li class='ez-toc-page-1 ez-toc-heading-level-4'><a class=\"ez-toc-link ez-toc-heading-1\" href=\"https:\/\/saphirsmaragd.com\/nl\/product\/smaragd-oval-gruen-1-64-karat\/#Merkmale_Herkunft\" >Kenmerken en herkomst<\/a><\/li><li class='ez-toc-page-1 ez-toc-heading-level-4'><a class=\"ez-toc-link ez-toc-heading-2\" href=\"https:\/\/saphirsmaragd.com\/nl\/product\/smaragd-oval-gruen-1-64-karat\/#Besonderheiten\" >Bijzondere kenmerken<\/a><\/li><li class='ez-toc-page-1 ez-toc-heading-level-4'><a class=\"ez-toc-link ez-toc-heading-3\" href=\"https:\/\/saphirsmaragd.com\/nl\/product\/smaragd-oval-gruen-1-64-karat\/#Mehr_uber_Smaragde\" >Mehr \u00fcber Smaragde<\/a><\/li><li class='ez-toc-page-1 ez-toc-heading-level-4'><a class=\"ez-toc-link ez-toc-heading-4\" href=\"https:\/\/saphirsmaragd.com\/nl\/product\/smaragd-oval-gruen-1-64-karat\/#Weitere_Infos\" >Verdere informatie<\/a><\/li><\/ul><\/nav><\/div>\n<h4 data-start=\"990\" data-end=\"1016\"><span class=\"ez-toc-section\" id=\"Merkmale_Herkunft\"><\/span>Kenmerken en herkomst<span class=\"ez-toc-section-end\"><\/span><\/h4>\n<p data-start=\"1018\" data-end=\"1247\">Steinart: Smaragd<br data-start=\"1035\" data-end=\"1038\" \/>Farbe: Gr\u00fcn<br data-start=\"1049\" data-end=\"1052\" \/>Vorm: Ovaal<br data-start=\"1062\" data-end=\"1065\" \/>Gewicht: 1.64 Karat<br data-start=\"1084\" data-end=\"1087\" \/>Abmessungen: 8.5 x 6.9 mm<br data-start=\"1112\" data-end=\"1115\" \/>Herkomst: Brazili\u00eb<br data-start=\"1134\" data-end=\"1137\" \/>Helderheid: Kleine insluitsels<br data-start=\"1165\" data-end=\"1168\" \/>Behandlung: Ge\u00f6lt<br data-start=\"1185\" data-end=\"1188\" \/>Beobachtung: Nat\u00fcrlich<br data-start=\"1210\" data-end=\"1213\" \/>Mohs-H\u00e4rte: 7.5\u20138<br data-start=\"1230\" data-end=\"1233\" \/>Staat: Nieuw<\/p>\n<hr data-start=\"1249\" data-end=\"1252\" \/>\n<h4 data-start=\"1254\" data-end=\"1275\"><span class=\"ez-toc-section\" id=\"Besonderheiten\"><\/span>Bijzondere kenmerken<span class=\"ez-toc-section-end\"><\/span><\/h4>\n<p data-start=\"1277\" data-end=\"1522\">Der Smaragd Oval Gr\u00fcn 1.64 Karat geh\u00f6rt zu den besonders beliebten Edelsteinen f\u00fcr Schmuckst\u00fccke mit eleganter und zeitloser Wirkung. Der ovale Schliff verleiht dem Stein eine weiche, flie\u00dfende Optik und sorgt f\u00fcr eine optimale Lichtreflexion.<\/p>\n<p data-start=\"1524\" data-end=\"1765\">Smaragde aus Brasilien sind bekannt f\u00fcr ihre frische, lebendige Farbwirkung und ihre hohe Qualit\u00e4t. Dadurch hebt sich dieser Edelstein deutlich von klassischen Herk\u00fcnften ab und bietet eine attraktive Alternative f\u00fcr anspruchsvolle K\u00e4ufer.<\/p>\n<p data-start=\"1767\" data-end=\"2006\">Die nat\u00fcrlichen Einschl\u00fcsse sind ein charakteristisches Merkmal echter Smaragde und verleihen jedem Stein seine individuelle Struktur. Die \u00d6lbehandlung verbessert die Transparenz und unterstreicht die nat\u00fcrliche Sch\u00f6nheit des Edelsteins.<\/p>\n<hr data-start=\"1670\" data-end=\"1673\" \/>\n<h4 data-start=\"1448\" data-end=\"1473\"><span class=\"ez-toc-section\" id=\"Mehr_uber_Smaragde\"><\/span>Mehr \u00fcber Smaragde<span class=\"ez-toc-section-end\"><\/span><\/h4>\n<p data-start=\"1475\" data-end=\"1668\"><a class=\"\" href=\"https:\/\/saphirsmaragd.com\/nl\/product-category\/heilsteine-kristalle-kaufen\/\" target=\"_new\" rel=\"noopener\" data-start=\"1571\" data-end=\"1668\">Helende stenen en kristallen<\/a><\/p>\n<hr data-start=\"1670\" data-end=\"1673\" \/>\n<h4 data-start=\"1675\" data-end=\"1695\"><span class=\"ez-toc-section\" id=\"Weitere_Infos\"><\/span>Verdere informatie<span class=\"ez-toc-section-end\"><\/span><\/h4>\n<p data-start=\"1697\" data-end=\"1801\"><a class=\"\" href=\"https:\/\/de.wikipedia.org\/wiki\/Smaragd\" target=\"_new\" rel=\"noopener\" data-start=\"1741\" data-end=\"1801\">Wikipedia \u2013 Smaragd<\/a><\/p>","protected":false},"excerpt":{"rendered":"<p data-start=\"431\" data-end=\"566\"><em>Smaragd Oval Gr\u00fcn 1.64 Karat aus Brasilien, ge\u00f6lt. Eleganter ovaler Edelstein mit lebendiger gr\u00fcner Farbe und hochwertigem Schliff.<\/em><\/p>","protected":false},"featured_media":8521,"comment_status":"open","ping_status":"closed","template":"","meta":{"_glsr_average":0,"_glsr_ranking":0,"_glsr_reviews":0},"product_brand":[],"product_cat":[262],"product_tag":[],"class_list":{"0":"post-8520","1":"product","2":"type-product","3":"status-publish","4":"has-post-thumbnail","6":"product_cat-smaragd","7":"pa_edelsteinart-smaragd","8":"pa_farbe-gruen","9":"pa_form-oval","10":"pa_gewicht-karat-1-0-3-0-karat","11":"pa_herkunft-sambia","12":"pa_reinheit-kleine-einschluesse","13":"pa_veredelung-behandlung-geoelt","14":"pa_zustand-neu","16":"first","17":"instock","18":"sold-individually","19":"shipping-taxable","20":"purchasable","21":"product-type-simple","22":"add-to-wishlist-before_image"},"jetpack_sharing_enabled":true,"_links":{"self":[{"href":"https:\/\/saphirsmaragd.com\/nl\/wp-json\/wp\/v2\/product\/8520","targetHints":{"allow":["GET"]}}],"collection":[{"href":"https:\/\/saphirsmaragd.com\/nl\/wp-json\/wp\/v2\/product"}],"about":[{"href":"https:\/\/saphirsmaragd.com\/nl\/wp-json\/wp\/v2\/types\/product"}],"replies":[{"embeddable":true,"href":"https:\/\/saphirsmaragd.com\/nl\/wp-json\/wp\/v2\/comments?post=8520"}],"version-history":[{"count":1,"href":"https:\/\/saphirsmaragd.com\/nl\/wp-json\/wp\/v2\/product\/8520\/revisions"}],"predecessor-version":[{"id":8522,"href":"https:\/\/saphirsmaragd.com\/nl\/wp-json\/wp\/v2\/product\/8520\/revisions\/8522"}],"wp:featuredmedia":[{"embeddable":true,"href":"https:\/\/saphirsmaragd.com\/nl\/wp-json\/wp\/v2\/media\/8521"}],"wp:attachment":[{"href":"https:\/\/saphirsmaragd.com\/nl\/wp-json\/wp\/v2\/media?parent=8520"}],"wp:term":[{"taxonomy":"product_brand","embeddable":true,"href":"https:\/\/saphirsmaragd.com\/nl\/wp-json\/wp\/v2\/product_brand?post=8520"},{"taxonomy":"product_cat","embeddable":true,"href":"https:\/\/saphirsmaragd.com\/nl\/wp-json\/wp\/v2\/product_cat?post=8520"},{"taxonomy":"product_tag","embeddable":true,"href":"https:\/\/saphirsmaragd.com\/nl\/wp-json\/wp\/v2\/product_tag?post=8520"}],"curies":[{"name":"wp","href":"https:\/\/api.w.org\/{rel}","templated":true}]}}