{"id":8559,"date":"2026-04-14T17:13:20","date_gmt":"2026-04-14T17:13:20","guid":{"rendered":"https:\/\/saphirsmaragd.com\/?post_type=product&#038;p=8559"},"modified":"2026-04-14T17:16:27","modified_gmt":"2026-04-14T17:16:27","slug":"smaragd-oval-gruen-1-46-karat","status":"publish","type":"product","link":"https:\/\/saphirsmaragd.com\/nl\/product\/smaragd-oval-gruen-1-46-karat\/","title":{"rendered":"Smaragd Oval Gr\u00fcn 1.46 Karat aus Brasilien \u2013 Eleganter Edelstein mit harmonischer Form"},"content":{"rendered":"<p data-start=\"779\" data-end=\"1053\">Dieser Smaragd Oval Gr\u00fcn 1.46 Karat aus Brasilien beeindruckt durch seine harmonische Form und seine lebendige gr\u00fcne Farbintensit\u00e4t. Der klassische Ovalschliff sorgt f\u00fcr eine gleichm\u00e4\u00dfige Lichtreflexion und bringt die nat\u00fcrliche Sch\u00f6nheit des Edelsteins optimal zur Geltung.<\/p>\n<hr data-start=\"1055\" data-end=\"1058\" \/>\n<div id=\"ez-toc-container\" class=\"ez-toc-v2_0_82_2 counter-hierarchy ez-toc-counter ez-toc-grey ez-toc-container-direction\">\n<div class=\"ez-toc-title-container\">\n<p class=\"ez-toc-title\" style=\"cursor:inherit\">Inhoudsopgave<\/p>\n<span class=\"ez-toc-title-toggle\"><a href=\"#\" class=\"ez-toc-pull-right ez-toc-btn ez-toc-btn-xs ez-toc-btn-default ez-toc-toggle\" aria-label=\"Toggle tabel met inhoud\"><span class=\"ez-toc-js-icon-con\"><span class=\"\"><span class=\"eztoc-hide\" style=\"display:none;\">Schakelaar<\/span><span class=\"ez-toc-icon-toggle-span\"><svg style=\"fill: #999;color:#999\" xmlns=\"http:\/\/www.w3.org\/2000\/svg\" class=\"list-377408\" width=\"20px\" height=\"20px\" viewbox=\"0 0 24 24\" fill=\"none\"><path d=\"M6 6H4v2h2V6zm14 0H8v2h12V6zM4 11h2v2H4v-2zm16 0H8v2h12v-2zM4 16h2v2H4v-2zm16 0H8v2h12v-2z\" fill=\"currentColor\"><\/path><\/svg><svg style=\"fill: #999;color:#999\" class=\"arrow-unsorted-368013\" xmlns=\"http:\/\/www.w3.org\/2000\/svg\" width=\"10px\" height=\"10px\" viewbox=\"0 0 24 24\" version=\"1.2\" baseprofile=\"tiny\"><path d=\"M18.2 9.3l-6.2-6.3-6.2 6.3c-.2.2-.3.4-.3.7s.1.5.3.7c.2.2.4.3.7.3h11c.3 0 .5-.1.7-.3.2-.2.3-.5.3-.7s-.1-.5-.3-.7zM5.8 14.7l6.2 6.3 6.2-6.3c.2-.2.3-.5.3-.7s-.1-.5-.3-.7c-.2-.2-.4-.3-.7-.3h-11c-.3 0-.5.1-.7.3-.2.2-.3.5-.3.7s.1.5.3.7z\"\/><\/svg><\/span><\/span><\/span><\/a><\/span><\/div>\n<nav><ul class='ez-toc-list ez-toc-list-level-1' ><li class='ez-toc-page-1 ez-toc-heading-level-4'><a class=\"ez-toc-link ez-toc-heading-1\" href=\"https:\/\/saphirsmaragd.com\/nl\/product\/smaragd-oval-gruen-1-46-karat\/#Merkmale_Herkunft\" >Kenmerken en herkomst<\/a><\/li><li class='ez-toc-page-1 ez-toc-heading-level-4'><a class=\"ez-toc-link ez-toc-heading-2\" href=\"https:\/\/saphirsmaragd.com\/nl\/product\/smaragd-oval-gruen-1-46-karat\/#Besonderheiten\" >Bijzondere kenmerken<\/a><\/li><li class='ez-toc-page-1 ez-toc-heading-level-4'><a class=\"ez-toc-link ez-toc-heading-3\" href=\"https:\/\/saphirsmaragd.com\/nl\/product\/smaragd-oval-gruen-1-46-karat\/#Mehr_uber_Heilsteine_Kristalle\" >Meer over helende stenen &amp; kristallen<\/a><\/li><li class='ez-toc-page-1 ez-toc-heading-level-4'><a class=\"ez-toc-link ez-toc-heading-4\" href=\"https:\/\/saphirsmaragd.com\/nl\/product\/smaragd-oval-gruen-1-46-karat\/#Weitere_Infos\" >Verdere informatie<\/a><\/li><\/ul><\/nav><\/div>\n<h4 data-start=\"1060\" data-end=\"1086\"><span class=\"ez-toc-section\" id=\"Merkmale_Herkunft\"><\/span>Kenmerken en herkomst<span class=\"ez-toc-section-end\"><\/span><\/h4>\n<p data-start=\"1088\" data-end=\"1317\">Steinart: Smaragd<br data-start=\"1105\" data-end=\"1108\" \/>Farbe: Gr\u00fcn<br data-start=\"1119\" data-end=\"1122\" \/>Vorm: Ovaal<br data-start=\"1132\" data-end=\"1135\" \/>Gewicht: 1.46 Karat<br data-start=\"1154\" data-end=\"1157\" \/>Abmessungen: 8.3 x 6.5 mm<br data-start=\"1182\" data-end=\"1185\" \/>Herkomst: Brazili\u00eb<br data-start=\"1204\" data-end=\"1207\" \/>Reinheit: Deutliche Einschl\u00fcsse<br data-start=\"1235\" data-end=\"1238\" \/>Behandlung: Ge\u00f6lt<br data-start=\"1255\" data-end=\"1258\" \/>Beobachtung: Nat\u00fcrlich<br data-start=\"1280\" data-end=\"1283\" \/>Mohs-H\u00e4rte: 7.5\u20138<br data-start=\"1300\" data-end=\"1303\" \/>Staat: Nieuw<\/p>\n<hr data-start=\"1319\" data-end=\"1322\" \/>\n<h4 data-start=\"1324\" data-end=\"1345\"><span class=\"ez-toc-section\" id=\"Besonderheiten\"><\/span>Bijzondere kenmerken<span class=\"ez-toc-section-end\"><\/span><\/h4>\n<p data-start=\"1347\" data-end=\"1573\">Der Smaragd Oval Gr\u00fcn 1.46 Karat geh\u00f6rt zu den gefragtesten Edelsteinen f\u00fcr hochwertigen Schmuck. Seine Gr\u00f6\u00dfe bietet eine starke Pr\u00e4senz, ohne dabei an Eleganz zu verlieren \u2013 ideal f\u00fcr Ringe, Anh\u00e4nger oder exklusive Designs.<\/p>\n<p data-start=\"1575\" data-end=\"1776\">Brasilianische Smaragde zeichnen sich durch ihre frische, oft etwas hellere Gr\u00fcnf\u00e4rbung aus. Diese sorgt f\u00fcr eine lebendige Ausstrahlung und macht den Edelstein besonders vielseitig im Schmuckdesign.<\/p>\n<p data-start=\"1778\" data-end=\"1989\">Die nat\u00fcrlichen Einschl\u00fcsse best\u00e4tigen die Echtheit des Steins und verleihen ihm seinen individuellen Charakter. Durch die \u00d6lbehandlung wird die Transparenz verbessert und die Farbwirkung zus\u00e4tzlich verst\u00e4rkt.<\/p>\n<hr data-start=\"1670\" data-end=\"1673\" \/>\n<h4 data-start=\"1448\" data-end=\"1473\"><span class=\"ez-toc-section\" id=\"Mehr_uber_Heilsteine_Kristalle\"><\/span>Meer over helende stenen &amp; kristallen<span class=\"ez-toc-section-end\"><\/span><\/h4>\n<p data-start=\"1475\" data-end=\"1668\"><a class=\"\" href=\"https:\/\/saphirsmaragd.com\/nl\/product-category\/heilsteine-kristalle-kaufen\/\" target=\"_new\" rel=\"noopener\" data-start=\"1571\" data-end=\"1668\">Helende stenen en kristallen<\/a><\/p>\n<hr data-start=\"1670\" data-end=\"1673\" \/>\n<h4 data-start=\"1675\" data-end=\"1695\"><span class=\"ez-toc-section\" id=\"Weitere_Infos\"><\/span>Verdere informatie<span class=\"ez-toc-section-end\"><\/span><\/h4>\n<p data-start=\"1697\" data-end=\"1801\"><a class=\"\" href=\"https:\/\/de.wikipedia.org\/wiki\/Smaragd\" target=\"_new\" rel=\"noopener\" data-start=\"1741\" data-end=\"1801\">Wikipedia \u2013 Smaragd<\/a><\/p>","protected":false},"excerpt":{"rendered":"<p data-start=\"463\" data-end=\"596\"><em>Smaragd Oval Gr\u00fcn 1.46 Karat aus Brasilien, ge\u00f6lt. Eleganter Edelstein mit lebendiger Farbintensit\u00e4t und klassischem Ovalschliff.<\/em><\/p>","protected":false},"featured_media":8560,"comment_status":"open","ping_status":"closed","template":"","meta":{"_glsr_average":0,"_glsr_ranking":0,"_glsr_reviews":0},"product_brand":[],"product_cat":[262],"product_tag":[],"class_list":{"0":"post-8559","1":"product","2":"type-product","3":"status-publish","4":"has-post-thumbnail","6":"product_cat-smaragd","7":"pa_edelsteinart-smaragd","8":"pa_farbe-gruen","9":"pa_form-oval","10":"pa_gewicht-karat-1-0-3-0-karat","11":"pa_herkunft-brasilien","12":"pa_reinheit-deutliche-einschluesse","13":"pa_veredelung-behandlung-geoelt","14":"pa_zustand-neu","16":"first","17":"instock","18":"sold-individually","19":"shipping-taxable","20":"purchasable","21":"product-type-simple","22":"add-to-wishlist-before_image"},"jetpack_sharing_enabled":true,"_links":{"self":[{"href":"https:\/\/saphirsmaragd.com\/nl\/wp-json\/wp\/v2\/product\/8559","targetHints":{"allow":["GET"]}}],"collection":[{"href":"https:\/\/saphirsmaragd.com\/nl\/wp-json\/wp\/v2\/product"}],"about":[{"href":"https:\/\/saphirsmaragd.com\/nl\/wp-json\/wp\/v2\/types\/product"}],"replies":[{"embeddable":true,"href":"https:\/\/saphirsmaragd.com\/nl\/wp-json\/wp\/v2\/comments?post=8559"}],"version-history":[{"count":1,"href":"https:\/\/saphirsmaragd.com\/nl\/wp-json\/wp\/v2\/product\/8559\/revisions"}],"predecessor-version":[{"id":8561,"href":"https:\/\/saphirsmaragd.com\/nl\/wp-json\/wp\/v2\/product\/8559\/revisions\/8561"}],"wp:featuredmedia":[{"embeddable":true,"href":"https:\/\/saphirsmaragd.com\/nl\/wp-json\/wp\/v2\/media\/8560"}],"wp:attachment":[{"href":"https:\/\/saphirsmaragd.com\/nl\/wp-json\/wp\/v2\/media?parent=8559"}],"wp:term":[{"taxonomy":"product_brand","embeddable":true,"href":"https:\/\/saphirsmaragd.com\/nl\/wp-json\/wp\/v2\/product_brand?post=8559"},{"taxonomy":"product_cat","embeddable":true,"href":"https:\/\/saphirsmaragd.com\/nl\/wp-json\/wp\/v2\/product_cat?post=8559"},{"taxonomy":"product_tag","embeddable":true,"href":"https:\/\/saphirsmaragd.com\/nl\/wp-json\/wp\/v2\/product_tag?post=8559"}],"curies":[{"name":"wp","href":"https:\/\/api.w.org\/{rel}","templated":true}]}}