{"id":8613,"date":"2026-04-19T18:04:57","date_gmt":"2026-04-19T18:04:57","guid":{"rendered":"https:\/\/saphirsmaragd.com\/?post_type=product&#038;p=8613"},"modified":"2026-04-19T18:08:30","modified_gmt":"2026-04-19T18:08:30","slug":"smaragd-paar-rechteck-gruen-1-27-karat","status":"publish","type":"product","link":"https:\/\/saphirsmaragd.com\/nl\/product\/smaragd-paar-rechteck-gruen-1-27-karat\/","title":{"rendered":"Smaragd Paar Rechteck Gr\u00fcn 1.27 Karat aus Sambia \u2013 Perfekt abgestimmte Edelsteine f\u00fcr Schmuckdesign"},"content":{"rendered":"<p data-start=\"807\" data-end=\"1093\">Das Smaragd Paar Rechteck Gr\u00fcn 1.27 Karat aus Sambia \u00fcberzeugt durch seine harmonische Abstimmung und seine intensive gr\u00fcne Farbgebung. Die beiden Edelsteine wurden sorgf\u00e4ltig ausgew\u00e4hlt, um in Gr\u00f6\u00dfe, Form und Farbe perfekt zusammenzupassen \u2013 ideal f\u00fcr hochwertige Schmuckanfertigungen.<\/p>\n<hr data-start=\"1095\" data-end=\"1098\" \/>\n<div id=\"ez-toc-container\" class=\"ez-toc-v2_0_82_2 counter-hierarchy ez-toc-counter ez-toc-grey ez-toc-container-direction\">\n<div class=\"ez-toc-title-container\">\n<p class=\"ez-toc-title\" style=\"cursor:inherit\">Inhoudsopgave<\/p>\n<span class=\"ez-toc-title-toggle\"><a href=\"#\" class=\"ez-toc-pull-right ez-toc-btn ez-toc-btn-xs ez-toc-btn-default ez-toc-toggle\" aria-label=\"Toggle tabel met inhoud\"><span class=\"ez-toc-js-icon-con\"><span class=\"\"><span class=\"eztoc-hide\" style=\"display:none;\">Schakelaar<\/span><span class=\"ez-toc-icon-toggle-span\"><svg style=\"fill: #999;color:#999\" xmlns=\"http:\/\/www.w3.org\/2000\/svg\" class=\"list-377408\" width=\"20px\" height=\"20px\" viewbox=\"0 0 24 24\" fill=\"none\"><path d=\"M6 6H4v2h2V6zm14 0H8v2h12V6zM4 11h2v2H4v-2zm16 0H8v2h12v-2zM4 16h2v2H4v-2zm16 0H8v2h12v-2z\" fill=\"currentColor\"><\/path><\/svg><svg style=\"fill: #999;color:#999\" class=\"arrow-unsorted-368013\" xmlns=\"http:\/\/www.w3.org\/2000\/svg\" width=\"10px\" height=\"10px\" viewbox=\"0 0 24 24\" version=\"1.2\" baseprofile=\"tiny\"><path d=\"M18.2 9.3l-6.2-6.3-6.2 6.3c-.2.2-.3.4-.3.7s.1.5.3.7c.2.2.4.3.7.3h11c.3 0 .5-.1.7-.3.2-.2.3-.5.3-.7s-.1-.5-.3-.7zM5.8 14.7l6.2 6.3 6.2-6.3c.2-.2.3-.5.3-.7s-.1-.5-.3-.7c-.2-.2-.4-.3-.7-.3h-11c-.3 0-.5.1-.7.3-.2.2-.3.5-.3.7s.1.5.3.7z\"\/><\/svg><\/span><\/span><\/span><\/a><\/span><\/div>\n<nav><ul class='ez-toc-list ez-toc-list-level-1' ><li class='ez-toc-page-1 ez-toc-heading-level-4'><a class=\"ez-toc-link ez-toc-heading-1\" href=\"https:\/\/saphirsmaragd.com\/nl\/product\/smaragd-paar-rechteck-gruen-1-27-karat\/#Merkmale_Herkunft\" >Kenmerken en herkomst<\/a><\/li><li class='ez-toc-page-1 ez-toc-heading-level-4'><a class=\"ez-toc-link ez-toc-heading-2\" href=\"https:\/\/saphirsmaragd.com\/nl\/product\/smaragd-paar-rechteck-gruen-1-27-karat\/#Besonderheiten\" >Bijzondere kenmerken<\/a><\/li><li class='ez-toc-page-1 ez-toc-heading-level-4'><a class=\"ez-toc-link ez-toc-heading-3\" href=\"https:\/\/saphirsmaragd.com\/nl\/product\/smaragd-paar-rechteck-gruen-1-27-karat\/#Mehr_uber_Heilsteine_Kristalle\" >Meer over helende stenen &amp; kristallen<\/a><\/li><li class='ez-toc-page-1 ez-toc-heading-level-4'><a class=\"ez-toc-link ez-toc-heading-4\" href=\"https:\/\/saphirsmaragd.com\/nl\/product\/smaragd-paar-rechteck-gruen-1-27-karat\/#Weitere_Infos\" >Verdere informatie<\/a><\/li><\/ul><\/nav><\/div>\n<h4 data-start=\"1100\" data-end=\"1126\"><span class=\"ez-toc-section\" id=\"Merkmale_Herkunft\"><\/span>Kenmerken en herkomst<span class=\"ez-toc-section-end\"><\/span><\/h4>\n<p data-start=\"1128\" data-end=\"1378\">Steinart: Smaragd<br data-start=\"1145\" data-end=\"1148\" \/>Farbe: Gr\u00fcn<br data-start=\"1159\" data-end=\"1162\" \/>Form: Rechteck<br data-start=\"1176\" data-end=\"1179\" \/>Gewicht: 1.27 Karat (gesamt)<br data-start=\"1207\" data-end=\"1210\" \/>Abmessungen: ca. 5.9 x 4 mm je Stein<br data-start=\"1246\" data-end=\"1249\" \/>Herkunft: Sambia<br data-start=\"1265\" data-end=\"1268\" \/>Reinheit: Deutliche Einschl\u00fcsse<br data-start=\"1296\" data-end=\"1299\" \/>Behandlung: Ge\u00f6lt<br data-start=\"1316\" data-end=\"1319\" \/>Beobachtung: Nat\u00fcrlich<br data-start=\"1341\" data-end=\"1344\" \/>Mohs-H\u00e4rte: 7.5\u20138<br data-start=\"1361\" data-end=\"1364\" \/>Staat: Nieuw<\/p>\n<hr data-start=\"1380\" data-end=\"1383\" \/>\n<h4 data-start=\"1385\" data-end=\"1406\"><span class=\"ez-toc-section\" id=\"Besonderheiten\"><\/span>Bijzondere kenmerken<span class=\"ez-toc-section-end\"><\/span><\/h4>\n<p data-start=\"1408\" data-end=\"1677\">Das Smaragd Paar Rechteck Gr\u00fcn 1.27 Karat eignet sich hervorragend f\u00fcr die Anfertigung von Ohrringen oder symmetrischen Schmuckst\u00fccken. Die rechteckige Form sorgt f\u00fcr eine moderne, klare Optik und bringt die nat\u00fcrliche Farbintensit\u00e4t der Smaragde optimal zur Geltung.<\/p>\n<p data-start=\"1679\" data-end=\"1890\">Smaragd-Paare sind deutlich seltener als Einzelsteine, da Farbe, Gr\u00f6\u00dfe und Schliff exakt aufeinander abgestimmt sein m\u00fcssen. Dies macht solche Sets besonders wertvoll und begehrt im hochwertigen Schmuckdesign.<\/p>\n<p data-start=\"1892\" data-end=\"2120\">Die Herkunft aus Sambia steht f\u00fcr eine intensive, leicht tiefgr\u00fcne Farbnuance, die weltweit gesch\u00e4tzt wird. Die nat\u00fcrlichen Einschl\u00fcsse verleihen jedem Stein seine individuelle Charakteristik und unterstreichen seine Echtheit.<\/p>\n<hr data-start=\"1670\" data-end=\"1673\" \/>\n<h4 data-start=\"1448\" data-end=\"1473\"><span class=\"ez-toc-section\" id=\"Mehr_uber_Heilsteine_Kristalle\"><\/span>Meer over helende stenen &amp; kristallen<span class=\"ez-toc-section-end\"><\/span><\/h4>\n<p data-start=\"1475\" data-end=\"1668\"><a class=\"\" href=\"https:\/\/saphirsmaragd.com\/nl\/product-category\/heilsteine-kristalle-kaufen\/\" target=\"_new\" rel=\"noopener\" data-start=\"1571\" data-end=\"1668\">Helende stenen en kristallen<\/a><\/p>\n<hr data-start=\"1670\" data-end=\"1673\" \/>\n<h4 data-start=\"1675\" data-end=\"1695\"><span class=\"ez-toc-section\" id=\"Weitere_Infos\"><\/span>Verdere informatie<span class=\"ez-toc-section-end\"><\/span><\/h4>\n<p data-start=\"1697\" data-end=\"1801\"><a class=\"\" href=\"https:\/\/de.wikipedia.org\/wiki\/Smaragd\" target=\"_new\" rel=\"noopener\" data-start=\"1741\" data-end=\"1801\">Wikipedia \u2013 Smaragd<\/a><\/p>","protected":false},"excerpt":{"rendered":"<p data-start=\"466\" data-end=\"602\"><em>Smaragd Paar Rechteck Gr\u00fcn 1.27 Karat aus Sambia, ge\u00f6lt. Zwei perfekt abgestimmte Edelsteine f\u00fcr Ohrringe oder Schmuckanfertigungen.<\/em><\/p>","protected":false},"featured_media":8614,"comment_status":"open","ping_status":"closed","template":"","meta":{"_glsr_average":0,"_glsr_ranking":0,"_glsr_reviews":0},"product_brand":[],"product_cat":[262],"product_tag":[],"class_list":{"0":"post-8613","1":"product","2":"type-product","3":"status-publish","4":"has-post-thumbnail","6":"product_cat-smaragd","7":"pa_edelsteinart-smaragd","8":"pa_farbe-gruen","9":"pa_form-rechteck","10":"pa_gewicht-karat-1-0-3-0-karat","11":"pa_herkunft-sambia","12":"pa_reinheit-deutliche-einschluesse","13":"pa_veredelung-behandlung-geoelt","14":"pa_zustand-neu","16":"first","17":"instock","18":"sold-individually","19":"taxable","20":"shipping-taxable","21":"purchasable","22":"product-type-simple","23":"add-to-wishlist-before_image"},"jetpack_sharing_enabled":true,"_links":{"self":[{"href":"https:\/\/saphirsmaragd.com\/nl\/wp-json\/wp\/v2\/product\/8613","targetHints":{"allow":["GET"]}}],"collection":[{"href":"https:\/\/saphirsmaragd.com\/nl\/wp-json\/wp\/v2\/product"}],"about":[{"href":"https:\/\/saphirsmaragd.com\/nl\/wp-json\/wp\/v2\/types\/product"}],"replies":[{"embeddable":true,"href":"https:\/\/saphirsmaragd.com\/nl\/wp-json\/wp\/v2\/comments?post=8613"}],"version-history":[{"count":1,"href":"https:\/\/saphirsmaragd.com\/nl\/wp-json\/wp\/v2\/product\/8613\/revisions"}],"predecessor-version":[{"id":8615,"href":"https:\/\/saphirsmaragd.com\/nl\/wp-json\/wp\/v2\/product\/8613\/revisions\/8615"}],"wp:featuredmedia":[{"embeddable":true,"href":"https:\/\/saphirsmaragd.com\/nl\/wp-json\/wp\/v2\/media\/8614"}],"wp:attachment":[{"href":"https:\/\/saphirsmaragd.com\/nl\/wp-json\/wp\/v2\/media?parent=8613"}],"wp:term":[{"taxonomy":"product_brand","embeddable":true,"href":"https:\/\/saphirsmaragd.com\/nl\/wp-json\/wp\/v2\/product_brand?post=8613"},{"taxonomy":"product_cat","embeddable":true,"href":"https:\/\/saphirsmaragd.com\/nl\/wp-json\/wp\/v2\/product_cat?post=8613"},{"taxonomy":"product_tag","embeddable":true,"href":"https:\/\/saphirsmaragd.com\/nl\/wp-json\/wp\/v2\/product_tag?post=8613"}],"curies":[{"name":"wp","href":"https:\/\/api.w.org\/{rel}","templated":true}]}}