{"id":8743,"date":"2026-05-04T12:23:03","date_gmt":"2026-05-04T12:23:03","guid":{"rendered":"https:\/\/saphirsmaragd.com\/?post_type=product&#038;p=8743"},"modified":"2026-05-04T12:27:46","modified_gmt":"2026-05-04T12:27:46","slug":"smaragd-oval-gruen-0-75-karat-aus-sambia","status":"publish","type":"product","link":"https:\/\/saphirsmaragd.com\/nl\/product\/smaragd-oval-gruen-0-75-karat-aus-sambia\/","title":{"rendered":"Smaragd Oval Gr\u00fcn 0.75 Karat aus Sambia \u2013 Harmonischer Ovalschliff Edelstein"},"content":{"rendered":"<p data-start=\"847\" data-end=\"1100\">Der Smaragd Oval Gr\u00fcn 0.75 Karat aus Sambia beeindruckt durch seine ausgewogenen Proportionen und seine intensive gr\u00fcne Farbwirkung. Der klassische Ovalschliff sorgt f\u00fcr eine elegante Lichtreflexion und l\u00e4sst den Edelstein besonders lebendig erscheinen.<\/p>\n<hr data-start=\"1102\" data-end=\"1105\" \/>\n<div id=\"ez-toc-container\" class=\"ez-toc-v2_0_82_2 counter-hierarchy ez-toc-counter ez-toc-grey ez-toc-container-direction\">\n<div class=\"ez-toc-title-container\">\n<p class=\"ez-toc-title\" style=\"cursor:inherit\">Inhoudsopgave<\/p>\n<span class=\"ez-toc-title-toggle\"><a href=\"#\" class=\"ez-toc-pull-right ez-toc-btn ez-toc-btn-xs ez-toc-btn-default ez-toc-toggle\" aria-label=\"Toggle tabel met inhoud\"><span class=\"ez-toc-js-icon-con\"><span class=\"\"><span class=\"eztoc-hide\" style=\"display:none;\">Schakelaar<\/span><span class=\"ez-toc-icon-toggle-span\"><svg style=\"fill: #999;color:#999\" xmlns=\"http:\/\/www.w3.org\/2000\/svg\" class=\"list-377408\" width=\"20px\" height=\"20px\" viewbox=\"0 0 24 24\" fill=\"none\"><path d=\"M6 6H4v2h2V6zm14 0H8v2h12V6zM4 11h2v2H4v-2zm16 0H8v2h12v-2zM4 16h2v2H4v-2zm16 0H8v2h12v-2z\" fill=\"currentColor\"><\/path><\/svg><svg style=\"fill: #999;color:#999\" class=\"arrow-unsorted-368013\" xmlns=\"http:\/\/www.w3.org\/2000\/svg\" width=\"10px\" height=\"10px\" viewbox=\"0 0 24 24\" version=\"1.2\" baseprofile=\"tiny\"><path d=\"M18.2 9.3l-6.2-6.3-6.2 6.3c-.2.2-.3.4-.3.7s.1.5.3.7c.2.2.4.3.7.3h11c.3 0 .5-.1.7-.3.2-.2.3-.5.3-.7s-.1-.5-.3-.7zM5.8 14.7l6.2 6.3 6.2-6.3c.2-.2.3-.5.3-.7s-.1-.5-.3-.7c-.2-.2-.4-.3-.7-.3h-11c-.3 0-.5.1-.7.3-.2.2-.3.5-.3.7s.1.5.3.7z\"\/><\/svg><\/span><\/span><\/span><\/a><\/span><\/div>\n<nav><ul class='ez-toc-list ez-toc-list-level-1' ><li class='ez-toc-page-1 ez-toc-heading-level-4'><a class=\"ez-toc-link ez-toc-heading-1\" href=\"https:\/\/saphirsmaragd.com\/nl\/product\/smaragd-oval-gruen-0-75-karat-aus-sambia\/#Merkmale_Herkunft\" >Kenmerken en herkomst<\/a><\/li><li class='ez-toc-page-1 ez-toc-heading-level-4'><a class=\"ez-toc-link ez-toc-heading-2\" href=\"https:\/\/saphirsmaragd.com\/nl\/product\/smaragd-oval-gruen-0-75-karat-aus-sambia\/#Besonderheiten\" >Bijzondere kenmerken<\/a><\/li><li class='ez-toc-page-1 ez-toc-heading-level-4'><a class=\"ez-toc-link ez-toc-heading-3\" href=\"https:\/\/saphirsmaragd.com\/nl\/product\/smaragd-oval-gruen-0-75-karat-aus-sambia\/#Mehr_uber_Heilsteine_Kristalle\" >Meer over helende stenen &amp; kristallen<\/a><\/li><li class='ez-toc-page-1 ez-toc-heading-level-4'><a class=\"ez-toc-link ez-toc-heading-4\" href=\"https:\/\/saphirsmaragd.com\/nl\/product\/smaragd-oval-gruen-0-75-karat-aus-sambia\/#Weitere_Infos\" >Verdere informatie<\/a><\/li><\/ul><\/nav><\/div>\n<h4 data-start=\"1107\" data-end=\"1133\"><span class=\"ez-toc-section\" id=\"Merkmale_Herkunft\"><\/span>Kenmerken en herkomst<span class=\"ez-toc-section-end\"><\/span><\/h4>\n<p data-start=\"1135\" data-end=\"1365\">Steinart: Smaragd<br data-start=\"1152\" data-end=\"1155\" \/>Farbe: Gr\u00fcn<br data-start=\"1166\" data-end=\"1169\" \/>Vorm: Ovaal<br data-start=\"1179\" data-end=\"1182\" \/>Gewicht: 0.75 Karat<br data-start=\"1201\" data-end=\"1204\" \/>Abmessungen: ca. 7.1 x 5.2 mm<br data-start=\"1233\" data-end=\"1236\" \/>Herkunft: Sambia<br data-start=\"1252\" data-end=\"1255\" \/>Reinheit: Deutliche Einschl\u00fcsse<br data-start=\"1283\" data-end=\"1286\" \/>Behandlung: Ge\u00f6lt<br data-start=\"1303\" data-end=\"1306\" \/>Beobachtung: Nat\u00fcrlich<br data-start=\"1328\" data-end=\"1331\" \/>Mohs-H\u00e4rte: 7.5\u20138<br data-start=\"1348\" data-end=\"1351\" \/>Staat: Nieuw<\/p>\n<hr data-start=\"1367\" data-end=\"1370\" \/>\n<h4 data-start=\"1372\" data-end=\"1393\"><span class=\"ez-toc-section\" id=\"Besonderheiten\"><\/span>Bijzondere kenmerken<span class=\"ez-toc-section-end\"><\/span><\/h4>\n<p data-start=\"1395\" data-end=\"1610\">Der Smaragd Oval Gr\u00fcn 0.75 Karat z\u00e4hlt zu den beliebtesten Edelsteinen f\u00fcr hochwertige Schmuckst\u00fccke. Durch seine leicht breitere Form wirkt der Stein optisch gr\u00f6\u00dfer und pr\u00e4sentiert seine Farbe besonders intensiv.<\/p>\n<p data-start=\"1612\" data-end=\"1792\">Mit 0.75 Karat bietet dieser Smaragd eine ideale Balance zwischen Gr\u00f6\u00dfe und Alltagstauglichkeit. Er eignet sich hervorragend f\u00fcr Ringe, Anh\u00e4nger oder individuelle Schmuckdesigns.<\/p>\n<p data-start=\"1794\" data-end=\"1968\">Smaragde aus Sambia sind f\u00fcr ihre tiefe gr\u00fcne Farbe und ihre gute Struktur bekannt. Die nat\u00fcrlichen Einschl\u00fcsse sind typisch und unterstreichen die Echtheit des Edelsteins.<\/p>\n<hr data-start=\"1670\" data-end=\"1673\" \/>\n<h4 data-start=\"1448\" data-end=\"1473\"><span class=\"ez-toc-section\" id=\"Mehr_uber_Heilsteine_Kristalle\"><\/span>Meer over helende stenen &amp; kristallen<span class=\"ez-toc-section-end\"><\/span><\/h4>\n<p data-start=\"1475\" data-end=\"1668\"><a class=\"\" href=\"https:\/\/saphirsmaragd.com\/nl\/product-category\/heilsteine-kristalle-kaufen\/\" target=\"_new\" rel=\"noopener\" data-start=\"1571\" data-end=\"1668\">Helende stenen en kristallen<\/a><\/p>\n<hr data-start=\"1670\" data-end=\"1673\" \/>\n<h4 data-start=\"1675\" data-end=\"1695\"><span class=\"ez-toc-section\" id=\"Weitere_Infos\"><\/span>Verdere informatie<span class=\"ez-toc-section-end\"><\/span><\/h4>\n<p data-start=\"1697\" data-end=\"1801\"><a class=\"\" href=\"https:\/\/de.wikipedia.org\/wiki\/Smaragd\" target=\"_new\" rel=\"noopener\" data-start=\"1741\" data-end=\"1801\">Wikipedia \u2013 Smaragd<\/a><\/p>","protected":false},"excerpt":{"rendered":"<p data-start=\"544\" data-end=\"676\"><em>Smaragd Oval Gr\u00fcn 0.75 Karat aus Sambia, ge\u00f6lt. Harmonischer Ovalschliff mit intensiver gr\u00fcner Farbe f\u00fcr elegante Schmuckst\u00fccke.<\/em><\/p>","protected":false},"featured_media":8744,"comment_status":"open","ping_status":"closed","template":"","meta":{"_glsr_average":0,"_glsr_ranking":0,"_glsr_reviews":0},"product_brand":[],"product_cat":[262],"product_tag":[],"class_list":{"0":"post-8743","1":"product","2":"type-product","3":"status-publish","4":"has-post-thumbnail","6":"product_cat-smaragd","7":"pa_edelsteinart-smaragd","8":"pa_farbe-gruen","9":"pa_form-oval","10":"pa_gewicht-karat-0-5-1-0-karat","11":"pa_herkunft-sambia","12":"pa_reinheit-deutliche-einschluesse","13":"pa_veredelung-behandlung-geoelt","14":"pa_zustand-neu","16":"first","17":"instock","18":"sold-individually","19":"taxable","20":"shipping-taxable","21":"purchasable","22":"product-type-simple","23":"add-to-wishlist-before_image"},"jetpack_sharing_enabled":true,"_links":{"self":[{"href":"https:\/\/saphirsmaragd.com\/nl\/wp-json\/wp\/v2\/product\/8743","targetHints":{"allow":["GET"]}}],"collection":[{"href":"https:\/\/saphirsmaragd.com\/nl\/wp-json\/wp\/v2\/product"}],"about":[{"href":"https:\/\/saphirsmaragd.com\/nl\/wp-json\/wp\/v2\/types\/product"}],"replies":[{"embeddable":true,"href":"https:\/\/saphirsmaragd.com\/nl\/wp-json\/wp\/v2\/comments?post=8743"}],"version-history":[{"count":2,"href":"https:\/\/saphirsmaragd.com\/nl\/wp-json\/wp\/v2\/product\/8743\/revisions"}],"predecessor-version":[{"id":8746,"href":"https:\/\/saphirsmaragd.com\/nl\/wp-json\/wp\/v2\/product\/8743\/revisions\/8746"}],"wp:featuredmedia":[{"embeddable":true,"href":"https:\/\/saphirsmaragd.com\/nl\/wp-json\/wp\/v2\/media\/8744"}],"wp:attachment":[{"href":"https:\/\/saphirsmaragd.com\/nl\/wp-json\/wp\/v2\/media?parent=8743"}],"wp:term":[{"taxonomy":"product_brand","embeddable":true,"href":"https:\/\/saphirsmaragd.com\/nl\/wp-json\/wp\/v2\/product_brand?post=8743"},{"taxonomy":"product_cat","embeddable":true,"href":"https:\/\/saphirsmaragd.com\/nl\/wp-json\/wp\/v2\/product_cat?post=8743"},{"taxonomy":"product_tag","embeddable":true,"href":"https:\/\/saphirsmaragd.com\/nl\/wp-json\/wp\/v2\/product_tag?post=8743"}],"curies":[{"name":"wp","href":"https:\/\/api.w.org\/{rel}","templated":true}]}}