{"id":8799,"date":"2026-05-14T18:55:07","date_gmt":"2026-05-14T18:55:07","guid":{"rendered":"https:\/\/saphirsmaragd.com\/?post_type=product&#038;p=8799"},"modified":"2026-05-14T18:57:48","modified_gmt":"2026-05-14T18:57:48","slug":"smaragd-oval-gruen-0-73-karat","status":"publish","type":"product","link":"https:\/\/saphirsmaragd.com\/nl\/product\/smaragd-oval-gruen-0-73-karat\/","title":{"rendered":"Smaragd Oval Gr\u00fcn 0.73 Karat aus Sambia \u2013 Eleganter Ovalschliff Edelstein"},"content":{"rendered":"<div id=\"ez-toc-container\" class=\"ez-toc-v2_0_83 counter-hierarchy ez-toc-counter ez-toc-grey ez-toc-container-direction\">\n<div class=\"ez-toc-title-container\">\n<p class=\"ez-toc-title\" style=\"cursor:inherit\">Inhoudsopgave<\/p>\n<span class=\"ez-toc-title-toggle\"><a href=\"#\" class=\"ez-toc-pull-right ez-toc-btn ez-toc-btn-xs ez-toc-btn-default ez-toc-toggle\" aria-label=\"Toggle tabel met inhoud\"><span class=\"ez-toc-js-icon-con\"><span class=\"\"><span class=\"eztoc-hide\" style=\"display:none;\">Schakelaar<\/span><span class=\"ez-toc-icon-toggle-span\"><svg style=\"fill: #999;color:#999\" xmlns=\"http:\/\/www.w3.org\/2000\/svg\" class=\"list-377408\" width=\"20px\" height=\"20px\" viewbox=\"0 0 24 24\" fill=\"none\"><path d=\"M6 6H4v2h2V6zm14 0H8v2h12V6zM4 11h2v2H4v-2zm16 0H8v2h12v-2zM4 16h2v2H4v-2zm16 0H8v2h12v-2z\" fill=\"currentColor\"><\/path><\/svg><svg style=\"fill: #999;color:#999\" class=\"arrow-unsorted-368013\" xmlns=\"http:\/\/www.w3.org\/2000\/svg\" width=\"10px\" height=\"10px\" viewbox=\"0 0 24 24\" version=\"1.2\" baseprofile=\"tiny\"><path d=\"M18.2 9.3l-6.2-6.3-6.2 6.3c-.2.2-.3.4-.3.7s.1.5.3.7c.2.2.4.3.7.3h11c.3 0 .5-.1.7-.3.2-.2.3-.5.3-.7s-.1-.5-.3-.7zM5.8 14.7l6.2 6.3 6.2-6.3c.2-.2.3-.5.3-.7s-.1-.5-.3-.7c-.2-.2-.4-.3-.7-.3h-11c-.3 0-.5.1-.7.3-.2.2-.3.5-.3.7s.1.5.3.7z\"\/><\/svg><\/span><\/span><\/span><\/a><\/span><\/div>\n<nav><ul class='ez-toc-list ez-toc-list-level-1' ><li class='ez-toc-page-1 ez-toc-heading-level-4'><a class=\"ez-toc-link ez-toc-heading-1\" href=\"https:\/\/saphirsmaragd.com\/nl\/product\/smaragd-oval-gruen-0-73-karat\/#Merkmale_Herkunft\" >Kenmerken en herkomst<\/a><\/li><li class='ez-toc-page-1 ez-toc-heading-level-4'><a class=\"ez-toc-link ez-toc-heading-2\" href=\"https:\/\/saphirsmaragd.com\/nl\/product\/smaragd-oval-gruen-0-73-karat\/#Besonderheiten\" >Bijzondere kenmerken<\/a><\/li><li class='ez-toc-page-1 ez-toc-heading-level-4'><a class=\"ez-toc-link ez-toc-heading-3\" href=\"https:\/\/saphirsmaragd.com\/nl\/product\/smaragd-oval-gruen-0-73-karat\/#Mehr_uber_Heilsteine_Kristalle\" >Meer over helende stenen &amp; kristallen<\/a><\/li><li class='ez-toc-page-1 ez-toc-heading-level-4'><a class=\"ez-toc-link ez-toc-heading-4\" href=\"https:\/\/saphirsmaragd.com\/nl\/product\/smaragd-oval-gruen-0-73-karat\/#Weitere_Infos\" >Verdere informatie<\/a><\/li><\/ul><\/nav><\/div>\n<p data-start=\"587\" data-end=\"860\">Der Smaragd Oval Gr\u00fcn 0.73 Karat aus Sambia begeistert mit seiner nat\u00fcrlichen gr\u00fcnen Farbintensit\u00e4t und seinem klassischen Ovalschliff. Seine harmonischen Proportionen und die elegante Form machen ihn zur perfekten Wahl f\u00fcr exklusive Schmuckst\u00fccke und individuelle Designs.<\/p>\n<hr data-start=\"862\" data-end=\"865\" \/>\n<h4 data-start=\"867\" data-end=\"893\"><span class=\"ez-toc-section\" id=\"Merkmale_Herkunft\"><\/span>Kenmerken en herkomst<span class=\"ez-toc-section-end\"><\/span><\/h4>\n<p data-start=\"895\" data-end=\"1125\">Steinart: Smaragd<br data-start=\"912\" data-end=\"915\" \/>Farbe: Gr\u00fcn<br data-start=\"926\" data-end=\"929\" \/>Vorm: Ovaal<br data-start=\"939\" data-end=\"942\" \/>Gewicht: 0.73 Karat<br data-start=\"961\" data-end=\"964\" \/>Abmessungen: ca. 6.9 x 4.9 mm<br data-start=\"993\" data-end=\"996\" \/>Herkunft: Sambia<br data-start=\"1012\" data-end=\"1015\" \/>Helderheid: Kleine insluitsels<br data-start=\"1043\" data-end=\"1046\" \/>Behandlung: Ge\u00f6lt<br data-start=\"1063\" data-end=\"1066\" \/>Beobachtung: Nat\u00fcrlich<br data-start=\"1088\" data-end=\"1091\" \/>Mohs-H\u00e4rte: 7.5\u20138<br data-start=\"1108\" data-end=\"1111\" \/>Staat: Nieuw<\/p>\n<hr data-start=\"1127\" data-end=\"1130\" \/>\n<h4 data-start=\"1132\" data-end=\"1153\"><span class=\"ez-toc-section\" id=\"Besonderheiten\"><\/span>Bijzondere kenmerken<span class=\"ez-toc-section-end\"><\/span><\/h4>\n<p data-start=\"1155\" data-end=\"1377\">Der Smaragd Oval Gr\u00fcn 0.73 Karat z\u00e4hlt zu den zeitlosen Klassikern unter den Edelsteinschliffen. Die ovale Form sorgt f\u00fcr eine ausgewogene Lichtwirkung und verleiht dem Edelstein eine elegante und luxuri\u00f6se Ausstrahlung.<\/p>\n<p data-start=\"1379\" data-end=\"1596\">Smaragde aus Sambia sind weltweit f\u00fcr ihre satten Gr\u00fcnt\u00f6ne und ihre nat\u00fcrliche Struktur bekannt. Die feinen nat\u00fcrlichen Einschl\u00fcsse verleihen jedem Stein seine individuelle Pers\u00f6nlichkeit und machen ihn einzigartig.<\/p>\n<p data-start=\"1598\" data-end=\"1726\">Durch seine Gr\u00f6\u00dfe und Form eignet sich dieser Edelstein hervorragend f\u00fcr Ringe, Anh\u00e4nger oder hochwertige Sonderanfertigungen.<\/p>\n<hr data-start=\"1670\" data-end=\"1673\" \/>\n<h4 data-start=\"1448\" data-end=\"1473\"><span class=\"ez-toc-section\" id=\"Mehr_uber_Heilsteine_Kristalle\"><\/span>Meer over helende stenen &amp; kristallen<span class=\"ez-toc-section-end\"><\/span><\/h4>\n<p data-start=\"1475\" data-end=\"1668\"><a class=\"\" href=\"https:\/\/saphirsmaragd.com\/nl\/product-category\/heilsteine-kristalle-kaufen\/\" target=\"_new\" rel=\"noopener\" data-start=\"1571\" data-end=\"1668\">Helende stenen en kristallen<\/a><\/p>\n<hr data-start=\"1670\" data-end=\"1673\" \/>\n<h4 data-start=\"1675\" data-end=\"1695\"><span class=\"ez-toc-section\" id=\"Weitere_Infos\"><\/span>Verdere informatie<span class=\"ez-toc-section-end\"><\/span><\/h4>\n<p data-start=\"1697\" data-end=\"1801\"><a class=\"\" href=\"https:\/\/de.wikipedia.org\/wiki\/Smaragd\" target=\"_new\" rel=\"noopener\" data-start=\"1741\" data-end=\"1801\">Wikipedia \u2013 Smaragd<\/a><\/p>","protected":false},"excerpt":{"rendered":"<p data-start=\"265\" data-end=\"419\"><em>Smaragd Oval Gr\u00fcn 0.73 Karat aus Sambia mit ge\u00f6lter Veredelung. Nat\u00fcrlicher ovaler Edelstein mit kr\u00e4ftiger gr\u00fcner Farbwirkung und klassischer Eleganz.<\/em><\/p>","protected":false},"featured_media":8800,"comment_status":"open","ping_status":"closed","template":"","meta":{"_glsr_average":0,"_glsr_ranking":0,"_glsr_reviews":0},"product_brand":[],"product_cat":[262],"product_tag":[],"class_list":{"0":"post-8799","1":"product","2":"type-product","3":"status-publish","4":"has-post-thumbnail","6":"product_cat-smaragd","7":"pa_edelsteinart-smaragd","8":"pa_farbe-gruen","9":"pa_form-oval","10":"pa_gewicht-karat-0-5-1-0-karat","11":"pa_herkunft-sambia","12":"pa_reinheit-kleine-einschluesse","13":"pa_veredelung-behandlung-geoelt","14":"pa_zustand-neu","16":"first","17":"instock","18":"sold-individually","19":"shipping-taxable","20":"purchasable","21":"product-type-simple","22":"add-to-wishlist-before_image"},"jetpack_sharing_enabled":true,"_links":{"self":[{"href":"https:\/\/saphirsmaragd.com\/nl\/wp-json\/wp\/v2\/product\/8799","targetHints":{"allow":["GET"]}}],"collection":[{"href":"https:\/\/saphirsmaragd.com\/nl\/wp-json\/wp\/v2\/product"}],"about":[{"href":"https:\/\/saphirsmaragd.com\/nl\/wp-json\/wp\/v2\/types\/product"}],"replies":[{"embeddable":true,"href":"https:\/\/saphirsmaragd.com\/nl\/wp-json\/wp\/v2\/comments?post=8799"}],"version-history":[{"count":1,"href":"https:\/\/saphirsmaragd.com\/nl\/wp-json\/wp\/v2\/product\/8799\/revisions"}],"predecessor-version":[{"id":8801,"href":"https:\/\/saphirsmaragd.com\/nl\/wp-json\/wp\/v2\/product\/8799\/revisions\/8801"}],"wp:featuredmedia":[{"embeddable":true,"href":"https:\/\/saphirsmaragd.com\/nl\/wp-json\/wp\/v2\/media\/8800"}],"wp:attachment":[{"href":"https:\/\/saphirsmaragd.com\/nl\/wp-json\/wp\/v2\/media?parent=8799"}],"wp:term":[{"taxonomy":"product_brand","embeddable":true,"href":"https:\/\/saphirsmaragd.com\/nl\/wp-json\/wp\/v2\/product_brand?post=8799"},{"taxonomy":"product_cat","embeddable":true,"href":"https:\/\/saphirsmaragd.com\/nl\/wp-json\/wp\/v2\/product_cat?post=8799"},{"taxonomy":"product_tag","embeddable":true,"href":"https:\/\/saphirsmaragd.com\/nl\/wp-json\/wp\/v2\/product_tag?post=8799"}],"curies":[{"name":"wp","href":"https:\/\/api.w.org\/{rel}","templated":true}]}}