{"id":2223,"date":"2025-10-08T16:45:46","date_gmt":"2025-10-08T16:45:46","guid":{"rendered":"https:\/\/saphirsmaragd.com\/?post_type=product&#038;p=2223"},"modified":"2025-12-29T19:02:58","modified_gmt":"2025-12-29T19:02:58","slug":"aquamarin-blau-dreieck-0-38-karat","status":"publish","type":"product","link":"https:\/\/saphirsmaragd.com\/pl\/produkt\/aquamarin-blau-dreieck-0-38-karat\/","title":{"rendered":"Akwamaryn Niebieski Tr\u00f3jk\u0105t 0.38 karata - Fasetowany z certyfikatem"},"content":{"rendered":"<div id=\"ez-toc-container\" class=\"ez-toc-v2_0_82_2 counter-hierarchy ez-toc-counter ez-toc-grey ez-toc-container-direction\">\n<div class=\"ez-toc-title-container\">\n<p class=\"ez-toc-title\" style=\"cursor:inherit\">Spis tre\u015bci<\/p>\n<span class=\"ez-toc-title-toggle\"><a href=\"#\" class=\"ez-toc-pull-right ez-toc-btn ez-toc-btn-xs ez-toc-btn-default ez-toc-toggle\" aria-label=\"Prze\u0142\u0105cznik Spisu Tre\u015bci\"><span class=\"ez-toc-js-icon-con\"><span class=\"\"><span class=\"eztoc-hide\" style=\"display:none;\">Toggle<\/span><span class=\"ez-toc-icon-toggle-span\"><svg style=\"fill: #999;color:#999\" xmlns=\"http:\/\/www.w3.org\/2000\/svg\" class=\"list-377408\" width=\"20px\" height=\"20px\" viewbox=\"0 0 24 24\" fill=\"none\"><path d=\"M6 6H4v2h2V6zm14 0H8v2h12V6zM4 11h2v2H4v-2zm16 0H8v2h12v-2zM4 16h2v2H4v-2zm16 0H8v2h12v-2z\" fill=\"currentColor\"><\/path><\/svg><svg style=\"fill: #999;color:#999\" class=\"arrow-unsorted-368013\" xmlns=\"http:\/\/www.w3.org\/2000\/svg\" width=\"10px\" height=\"10px\" viewbox=\"0 0 24 24\" version=\"1.2\" baseprofile=\"tiny\"><path d=\"M18.2 9.3l-6.2-6.3-6.2 6.3c-.2.2-.3.4-.3.7s.1.5.3.7c.2.2.4.3.7.3h11c.3 0 .5-.1.7-.3.2-.2.3-.5.3-.7s-.1-.5-.3-.7zM5.8 14.7l6.2 6.3 6.2-6.3c.2-.2.3-.5.3-.7s-.1-.5-.3-.7c-.2-.2-.4-.3-.7-.3h-11c-.3 0-.5.1-.7.3-.2.2-.3.5-.3.7s.1.5.3.7z\"\/><\/svg><\/span><\/span><\/span><\/a><\/span><\/div>\n<nav><ul class='ez-toc-list ez-toc-list-level-1' ><li class='ez-toc-page-1 ez-toc-heading-level-3'><a class=\"ez-toc-link ez-toc-heading-1\" href=\"https:\/\/saphirsmaragd.com\/pl\/produkt\/aquamarin-blau-dreieck-0-38-karat\/#Aquamarin_Blau_Dreieck_038_Karat_%E2%80%93_Facettiert_mit_Zertifikat\" >Akwamaryn Niebieski Tr\u00f3jk\u0105t 0.38 karata - Fasetowany z certyfikatem<\/a><ul class='ez-toc-list-level-4' ><li class='ez-toc-heading-level-4'><a class=\"ez-toc-link ez-toc-heading-2\" href=\"https:\/\/saphirsmaragd.com\/pl\/produkt\/aquamarin-blau-dreieck-0-38-karat\/#Merkmale_Herkunft\" >Charakterystyka i pochodzenie<\/a><\/li><li class='ez-toc-page-1 ez-toc-heading-level-4'><a class=\"ez-toc-link ez-toc-heading-3\" href=\"https:\/\/saphirsmaragd.com\/pl\/produkt\/aquamarin-blau-dreieck-0-38-karat\/#Besonderheiten\" >Funkcje specjalne<\/a><\/li><li class='ez-toc-page-1 ez-toc-heading-level-4'><a class=\"ez-toc-link ez-toc-heading-4\" href=\"https:\/\/saphirsmaragd.com\/pl\/produkt\/aquamarin-blau-dreieck-0-38-karat\/#Mehr_uber_unsere_Edelsteine\" >Wi\u0119cej o naszych kamieniach szlachetnych<\/a><\/li><li class='ez-toc-page-1 ez-toc-heading-level-4'><a class=\"ez-toc-link ez-toc-heading-5\" href=\"https:\/\/saphirsmaragd.com\/pl\/produkt\/aquamarin-blau-dreieck-0-38-karat\/#Weitere_Infos\" >Wi\u0119cej informacji<\/a><\/li><\/ul><\/li><\/ul><\/nav><\/div>\n<h3 data-start=\"821\" data-end=\"883\"><span class=\"ez-toc-section\" id=\"Aquamarin_Blau_Dreieck_038_Karat_%E2%80%93_Facettiert_mit_Zertifikat\"><\/span>Akwamaryn Niebieski Tr\u00f3jk\u0105t 0.38 karata - Fasetowany z certyfikatem<span class=\"ez-toc-section-end\"><\/span><\/h3>\n<p data-start=\"885\" data-end=\"1217\">Dieser Aquamarin Dreieck 0.38 Karat kombiniert intensiven Glanz mit au\u00dfergew\u00f6hnlicher Lichtbrechung im Trillion-Schliff. Mit einem Durchmesser von 5 mm eignet sich der Edelstein ideal f\u00fcr individuelle Schmuckanfertigungen wie Anh\u00e4nger, Ohrstecker oder Ringe. Die Echtheit ist durch ein Zertifikat von Val\u00e9rie Duraffourg best\u00e4tigt.<\/p>\n<hr data-start=\"1219\" data-end=\"1222\" \/>\n<h4 data-start=\"1224\" data-end=\"1250\"><span class=\"ez-toc-section\" id=\"Merkmale_Herkunft\"><\/span>Charakterystyka i pochodzenie<span class=\"ez-toc-section-end\"><\/span><\/h4>\n<p data-start=\"1251\" data-end=\"1530\">Stein: Aquamarin Dreieck<br data-start=\"1288\" data-end=\"1291\" \/>Familie: Beryll<br data-start=\"1306\" data-end=\"1309\" \/>H\u00e4rte: 7.5 auf der Mohs-Skala<br data-start=\"1338\" data-end=\"1341\" \/>Gewicht: 0.38 Karat<br data-start=\"1357\" data-end=\"1360\" \/>Farbe: Blau<br data-start=\"1371\" data-end=\"1374\" \/>Form: Dreieck facettiert (Trillion)<br data-start=\"1409\" data-end=\"1412\" \/>Schliff: 5 mm<br data-start=\"1425\" data-end=\"1428\" \/>Reinheit: Rein f\u00fcr das Auge<br data-start=\"1483\" data-end=\"1486\" \/>Zertifikat: Val\u00e9rie Duraffourg, Gem-A London<\/p>\n<hr data-start=\"1532\" data-end=\"1535\" \/>\n<h4 data-start=\"1537\" data-end=\"1558\"><span class=\"ez-toc-section\" id=\"Besonderheiten\"><\/span>Funkcje specjalne<span class=\"ez-toc-section-end\"><\/span><\/h4>\n<p data-start=\"1559\" data-end=\"1827\">Der Aquamarin Blau Dreieck 0.38 Karat zeichnet sich durch hohe Transparenz und klare Brillanz aus. Die Dreiecksform bietet ein modernes Erscheinungsbild und eignet sich hervorragend f\u00fcr Designer-Schmuck. Die Mohsh\u00e4rte von 7.5 sorgt f\u00fcr Stabilit\u00e4t und Alltagstauglichkeit.<\/p>\n<hr data-start=\"1926\" data-end=\"1929\" \/>\n<h4 data-start=\"1931\" data-end=\"1971\"><span class=\"ez-toc-section\" id=\"Mehr_uber_unsere_Edelsteine\"><\/span>Wi\u0119cej o naszych kamieniach szlachetnych<span class=\"ez-toc-section-end\"><\/span><\/h4>\n<p data-start=\"1972\" data-end=\"2069\"><a href=\"https:\/\/saphirsmaragd.com\/pl\/product-category\/edelsteine-kaufen\/\">Kamienie szlachetne<\/a><\/p>\n<hr data-start=\"2071\" data-end=\"2074\" \/>\n<h4 data-start=\"2076\" data-end=\"2096\"><span class=\"ez-toc-section\" id=\"Weitere_Infos\"><\/span>Wi\u0119cej informacji<span class=\"ez-toc-section-end\"><\/span><\/h4>\n<p data-start=\"2097\" data-end=\"2160\"><a class=\"decorated-link cursor-pointer\" href=\"https:\/\/de.wikipedia.org\/wiki\/Aquamarin\" target=\"_new\" rel=\"noopener\" data-start=\"2097\" data-end=\"2160\">Wikipedia: Aquamarin<\/a><\/p>","protected":false},"excerpt":{"rendered":"<p data-start=\"509\" data-end=\"679\"><em>Aquamarin Blau Dreieck 0.38 Karat \u2013 5 mm facettiert, nat\u00fcrliche Reinheit, H\u00e4rte 7.5, gepr\u00fcftes Zertifikat von Val\u00e9rie Duraffourg. Ideal f\u00fcr Ma\u00dfanfertigungen und Sammler.<\/em><\/p>\n<p data-start=\"378\" data-end=\"474\">","protected":false},"featured_media":2226,"comment_status":"open","ping_status":"closed","template":"","meta":{"_glsr_average":0,"_glsr_ranking":0,"_glsr_reviews":0},"product_brand":[],"product_cat":[77],"product_tag":[],"class_list":{"0":"post-2223","1":"product","2":"type-product","3":"status-publish","4":"has-post-thumbnail","6":"product_cat-aquamarin-kaufen","7":"pa_edelsteinart-aquamarin","8":"pa_farbe-blau","9":"pa_form-dreieck","10":"pa_gewicht-karat-0-1-0-5-karat","11":"pa_reinheit-lupenrein","12":"pa_zertifikat-ja","13":"pa_zustand-neu","15":"first","16":"instock","17":"featured","18":"sold-individually","19":"shipping-taxable","20":"purchasable","21":"product-type-simple","22":"add-to-wishlist-before_image"},"jetpack_sharing_enabled":true,"_links":{"self":[{"href":"https:\/\/saphirsmaragd.com\/pl\/wp-json\/wp\/v2\/product\/2223","targetHints":{"allow":["GET"]}}],"collection":[{"href":"https:\/\/saphirsmaragd.com\/pl\/wp-json\/wp\/v2\/product"}],"about":[{"href":"https:\/\/saphirsmaragd.com\/pl\/wp-json\/wp\/v2\/types\/product"}],"replies":[{"embeddable":true,"href":"https:\/\/saphirsmaragd.com\/pl\/wp-json\/wp\/v2\/comments?post=2223"}],"version-history":[{"count":3,"href":"https:\/\/saphirsmaragd.com\/pl\/wp-json\/wp\/v2\/product\/2223\/revisions"}],"predecessor-version":[{"id":4543,"href":"https:\/\/saphirsmaragd.com\/pl\/wp-json\/wp\/v2\/product\/2223\/revisions\/4543"}],"wp:featuredmedia":[{"embeddable":true,"href":"https:\/\/saphirsmaragd.com\/pl\/wp-json\/wp\/v2\/media\/2226"}],"wp:attachment":[{"href":"https:\/\/saphirsmaragd.com\/pl\/wp-json\/wp\/v2\/media?parent=2223"}],"wp:term":[{"taxonomy":"product_brand","embeddable":true,"href":"https:\/\/saphirsmaragd.com\/pl\/wp-json\/wp\/v2\/product_brand?post=2223"},{"taxonomy":"product_cat","embeddable":true,"href":"https:\/\/saphirsmaragd.com\/pl\/wp-json\/wp\/v2\/product_cat?post=2223"},{"taxonomy":"product_tag","embeddable":true,"href":"https:\/\/saphirsmaragd.com\/pl\/wp-json\/wp\/v2\/product_tag?post=2223"}],"curies":[{"name":"wp","href":"https:\/\/api.w.org\/{rel}","templated":true}]}}