{"id":2266,"date":"2025-10-08T17:53:23","date_gmt":"2025-10-08T17:53:23","guid":{"rendered":"https:\/\/saphirsmaragd.com\/?post_type=product&#038;p=2266"},"modified":"2025-12-29T19:02:51","modified_gmt":"2025-12-29T19:02:51","slug":"aquamarin-tropfen-2-40-karat","status":"publish","type":"product","link":"https:\/\/saphirsmaragd.com\/pl\/produkt\/aquamarin-tropfen-2-40-karat\/","title":{"rendered":"Aquamarin Tropfen 2.40 Karat \u2013 Facettierter Edelstein mit Augenreinheit"},"content":{"rendered":"<div id=\"ez-toc-container\" class=\"ez-toc-v2_0_82_2 counter-hierarchy ez-toc-counter ez-toc-grey ez-toc-container-direction\">\n<div class=\"ez-toc-title-container\">\n<p class=\"ez-toc-title\" style=\"cursor:inherit\">Spis tre\u015bci<\/p>\n<span class=\"ez-toc-title-toggle\"><a href=\"#\" class=\"ez-toc-pull-right ez-toc-btn ez-toc-btn-xs ez-toc-btn-default ez-toc-toggle\" aria-label=\"Prze\u0142\u0105cznik Spisu Tre\u015bci\"><span class=\"ez-toc-js-icon-con\"><span class=\"\"><span class=\"eztoc-hide\" style=\"display:none;\">Toggle<\/span><span class=\"ez-toc-icon-toggle-span\"><svg style=\"fill: #999;color:#999\" xmlns=\"http:\/\/www.w3.org\/2000\/svg\" class=\"list-377408\" width=\"20px\" height=\"20px\" viewbox=\"0 0 24 24\" fill=\"none\"><path d=\"M6 6H4v2h2V6zm14 0H8v2h12V6zM4 11h2v2H4v-2zm16 0H8v2h12v-2zM4 16h2v2H4v-2zm16 0H8v2h12v-2z\" fill=\"currentColor\"><\/path><\/svg><svg style=\"fill: #999;color:#999\" class=\"arrow-unsorted-368013\" xmlns=\"http:\/\/www.w3.org\/2000\/svg\" width=\"10px\" height=\"10px\" viewbox=\"0 0 24 24\" version=\"1.2\" baseprofile=\"tiny\"><path d=\"M18.2 9.3l-6.2-6.3-6.2 6.3c-.2.2-.3.4-.3.7s.1.5.3.7c.2.2.4.3.7.3h11c.3 0 .5-.1.7-.3.2-.2.3-.5.3-.7s-.1-.5-.3-.7zM5.8 14.7l6.2 6.3 6.2-6.3c.2-.2.3-.5.3-.7s-.1-.5-.3-.7c-.2-.2-.4-.3-.7-.3h-11c-.3 0-.5.1-.7.3-.2.2-.3.5-.3.7s.1.5.3.7z\"\/><\/svg><\/span><\/span><\/span><\/a><\/span><\/div>\n<nav><ul class='ez-toc-list ez-toc-list-level-1' ><li class='ez-toc-page-1 ez-toc-heading-level-4'><a class=\"ez-toc-link ez-toc-heading-1\" href=\"https:\/\/saphirsmaragd.com\/pl\/produkt\/aquamarin-tropfen-2-40-karat\/#Aquamarin_Tropfen_240_Karat_%E2%80%93_Facettierter_Edelstein\" >Aquamarin Tropfen 2.40 Karat \u2013 Facettierter Edelstein<\/a><\/li><li class='ez-toc-page-1 ez-toc-heading-level-4'><a class=\"ez-toc-link ez-toc-heading-2\" href=\"https:\/\/saphirsmaragd.com\/pl\/produkt\/aquamarin-tropfen-2-40-karat\/#Merkmale_Herkunft\" >Charakterystyka i pochodzenie<\/a><\/li><li class='ez-toc-page-1 ez-toc-heading-level-4'><a class=\"ez-toc-link ez-toc-heading-3\" href=\"https:\/\/saphirsmaragd.com\/pl\/produkt\/aquamarin-tropfen-2-40-karat\/#Besonderheiten\" >Funkcje specjalne<\/a><\/li><li class='ez-toc-page-1 ez-toc-heading-level-4'><a class=\"ez-toc-link ez-toc-heading-4\" href=\"https:\/\/saphirsmaragd.com\/pl\/produkt\/aquamarin-tropfen-2-40-karat\/#Mehr_uber_unsere_Edelsteine\" >Wi\u0119cej o naszych kamieniach szlachetnych<\/a><\/li><li class='ez-toc-page-1 ez-toc-heading-level-4'><a class=\"ez-toc-link ez-toc-heading-5\" href=\"https:\/\/saphirsmaragd.com\/pl\/produkt\/aquamarin-tropfen-2-40-karat\/#Weitere_Infos\" >Wi\u0119cej informacji<\/a><\/li><\/ul><\/nav><\/div>\n<h4 data-start=\"911\" data-end=\"967\"><span class=\"ez-toc-section\" id=\"Aquamarin_Tropfen_240_Karat_%E2%80%93_Facettierter_Edelstein\"><\/span>Aquamarin Tropfen 2.40 Karat \u2013 Facettierter Edelstein<span class=\"ez-toc-section-end\"><\/span><\/h4>\n<p data-start=\"968\" data-end=\"1183\">Der Aquamarin 2.40 ct beeindruckt durch seine klare Optik, den pr\u00e4zisen Schliff und den hellblauen Farbton. Mit einer Gr\u00f6\u00dfe von 11.3 \u00d7 8.8 mm eignet sich dieser Stein ideal f\u00fcr Schmuckfassungen oder Sammler.<\/p>\n<hr data-start=\"1185\" data-end=\"1188\" \/>\n<h4 data-start=\"1190\" data-end=\"1216\"><span class=\"ez-toc-section\" id=\"Merkmale_Herkunft\"><\/span>Charakterystyka i pochodzenie<span class=\"ez-toc-section-end\"><\/span><\/h4>\n<p data-start=\"1217\" data-end=\"1438\">Stein: Aquamarin<br data-start=\"1233\" data-end=\"1236\" \/>Farbe: Hellblau<br data-start=\"1251\" data-end=\"1254\" \/>Form: Tropfen facettiert<br data-start=\"1278\" data-end=\"1281\" \/>H\u00e4rte: 7 auf der Mohs-Skala<br data-start=\"1308\" data-end=\"1311\" \/>Gewicht: 2.40 Karat<br data-start=\"1327\" data-end=\"1330\" \/>Gr\u00f6\u00dfe: 11.3 \u00d7 8.8 mm<br data-start=\"1350\" data-end=\"1353\" \/>Reinheit: Augenrein<br data-start=\"1372\" data-end=\"1375\" \/>Zertifikat: Val\u00e9rie Duraffourg (Gem-A Diplom)<br data-start=\"1420\" data-end=\"1423\" \/>Familie: Beryll<\/p>\n<hr data-start=\"1440\" data-end=\"1443\" \/>\n<h4 data-start=\"1445\" data-end=\"1466\"><span class=\"ez-toc-section\" id=\"Besonderheiten\"><\/span>Funkcje specjalne<span class=\"ez-toc-section-end\"><\/span><\/h4>\n<p data-start=\"1467\" data-end=\"1703\">Der Aquamarin Tropfen 2.40 Karat zeigt eine lebendige Farbe und hohe Transparenz. Durch den facettierten Schliff eignet er sich besonders f\u00fcr feine Schmuckst\u00fccke, w\u00e4hrend die Reinheit und die Zertifizierung seine Wertigkeit unterstreichen.<\/p>\n<hr data-start=\"1926\" data-end=\"1929\" \/>\n<h4 data-start=\"1931\" data-end=\"1971\"><span class=\"ez-toc-section\" id=\"Mehr_uber_unsere_Edelsteine\"><\/span>Wi\u0119cej o naszych kamieniach szlachetnych<span class=\"ez-toc-section-end\"><\/span><\/h4>\n<p data-start=\"1972\" data-end=\"2069\"><a href=\"https:\/\/saphirsmaragd.com\/pl\/product-category\/edelsteine-kaufen\/\">Kamienie szlachetne<\/a><\/p>\n<hr data-start=\"2071\" data-end=\"2074\" \/>\n<h4 data-start=\"2076\" data-end=\"2096\"><span class=\"ez-toc-section\" id=\"Weitere_Infos\"><\/span>Wi\u0119cej informacji<span class=\"ez-toc-section-end\"><\/span><\/h4>\n<p data-start=\"2097\" data-end=\"2160\"><a class=\"decorated-link cursor-pointer\" href=\"https:\/\/de.wikipedia.org\/wiki\/Aquamarin\" target=\"_new\" rel=\"noopener\" data-start=\"2097\" data-end=\"2160\">Wikipedia: Aquamarin<\/a><\/p>","protected":false},"excerpt":{"rendered":"<p data-start=\"479\" data-end=\"594\"><em>Aquamarin Tropfen 2.40 Karat mit Augenreinheit, Zertifikat und facettiertem Schliff. Perfekt f\u00fcr Schmuck oder Sammler.<\/em><\/p>\n<p data-start=\"378\" data-end=\"474\">","protected":false},"featured_media":2269,"comment_status":"open","ping_status":"closed","template":"","meta":{"_glsr_average":0,"_glsr_ranking":0,"_glsr_reviews":0},"product_brand":[],"product_cat":[77],"product_tag":[],"class_list":{"0":"post-2266","1":"product","2":"type-product","3":"status-publish","4":"has-post-thumbnail","6":"product_cat-aquamarin-kaufen","7":"pa_edelsteinart-aquamarin","8":"pa_farbe-blau","9":"pa_form-rechteck","10":"pa_gewicht-karat-1-0-3-0-karat","11":"pa_reinheit-augenrein","12":"pa_zertifikat-ja","13":"pa_zustand-neu","15":"first","16":"instock","17":"featured","18":"sold-individually","19":"shipping-taxable","20":"purchasable","21":"product-type-simple","22":"add-to-wishlist-before_image"},"jetpack_sharing_enabled":true,"_links":{"self":[{"href":"https:\/\/saphirsmaragd.com\/pl\/wp-json\/wp\/v2\/product\/2266","targetHints":{"allow":["GET"]}}],"collection":[{"href":"https:\/\/saphirsmaragd.com\/pl\/wp-json\/wp\/v2\/product"}],"about":[{"href":"https:\/\/saphirsmaragd.com\/pl\/wp-json\/wp\/v2\/types\/product"}],"replies":[{"embeddable":true,"href":"https:\/\/saphirsmaragd.com\/pl\/wp-json\/wp\/v2\/comments?post=2266"}],"version-history":[{"count":4,"href":"https:\/\/saphirsmaragd.com\/pl\/wp-json\/wp\/v2\/product\/2266\/revisions"}],"predecessor-version":[{"id":4529,"href":"https:\/\/saphirsmaragd.com\/pl\/wp-json\/wp\/v2\/product\/2266\/revisions\/4529"}],"wp:featuredmedia":[{"embeddable":true,"href":"https:\/\/saphirsmaragd.com\/pl\/wp-json\/wp\/v2\/media\/2269"}],"wp:attachment":[{"href":"https:\/\/saphirsmaragd.com\/pl\/wp-json\/wp\/v2\/media?parent=2266"}],"wp:term":[{"taxonomy":"product_brand","embeddable":true,"href":"https:\/\/saphirsmaragd.com\/pl\/wp-json\/wp\/v2\/product_brand?post=2266"},{"taxonomy":"product_cat","embeddable":true,"href":"https:\/\/saphirsmaragd.com\/pl\/wp-json\/wp\/v2\/product_cat?post=2266"},{"taxonomy":"product_tag","embeddable":true,"href":"https:\/\/saphirsmaragd.com\/pl\/wp-json\/wp\/v2\/product_tag?post=2266"}],"curies":[{"name":"wp","href":"https:\/\/api.w.org\/{rel}","templated":true}]}}