{"id":2289,"date":"2025-10-09T11:29:33","date_gmt":"2025-10-09T11:29:33","guid":{"rendered":"https:\/\/saphirsmaragd.com\/?post_type=product&#038;p=2289"},"modified":"2025-12-29T19:02:48","modified_gmt":"2025-12-29T19:02:48","slug":"aquamarin-0-67-karat-rechteck-blau","status":"publish","type":"product","link":"https:\/\/saphirsmaragd.com\/pl\/produkt\/aquamarin-0-67-karat-rechteck-blau\/","title":{"rendered":"Akwamaryn 0.67 karatowy prostok\u0105t niebieski - naturalny kamie\u0144 szlifowany fasetowo"},"content":{"rendered":"<div id=\"ez-toc-container\" class=\"ez-toc-v2_0_82_2 counter-hierarchy ez-toc-counter ez-toc-grey ez-toc-container-direction\">\n<div class=\"ez-toc-title-container\">\n<p class=\"ez-toc-title\" style=\"cursor:inherit\">Spis tre\u015bci<\/p>\n<span class=\"ez-toc-title-toggle\"><a href=\"#\" class=\"ez-toc-pull-right ez-toc-btn ez-toc-btn-xs ez-toc-btn-default ez-toc-toggle\" aria-label=\"Prze\u0142\u0105cznik Spisu Tre\u015bci\"><span class=\"ez-toc-js-icon-con\"><span class=\"\"><span class=\"eztoc-hide\" style=\"display:none;\">Toggle<\/span><span class=\"ez-toc-icon-toggle-span\"><svg style=\"fill: #999;color:#999\" xmlns=\"http:\/\/www.w3.org\/2000\/svg\" class=\"list-377408\" width=\"20px\" height=\"20px\" viewbox=\"0 0 24 24\" fill=\"none\"><path d=\"M6 6H4v2h2V6zm14 0H8v2h12V6zM4 11h2v2H4v-2zm16 0H8v2h12v-2zM4 16h2v2H4v-2zm16 0H8v2h12v-2z\" fill=\"currentColor\"><\/path><\/svg><svg style=\"fill: #999;color:#999\" class=\"arrow-unsorted-368013\" xmlns=\"http:\/\/www.w3.org\/2000\/svg\" width=\"10px\" height=\"10px\" viewbox=\"0 0 24 24\" version=\"1.2\" baseprofile=\"tiny\"><path d=\"M18.2 9.3l-6.2-6.3-6.2 6.3c-.2.2-.3.4-.3.7s.1.5.3.7c.2.2.4.3.7.3h11c.3 0 .5-.1.7-.3.2-.2.3-.5.3-.7s-.1-.5-.3-.7zM5.8 14.7l6.2 6.3 6.2-6.3c.2-.2.3-.5.3-.7s-.1-.5-.3-.7c-.2-.2-.4-.3-.7-.3h-11c-.3 0-.5.1-.7.3-.2.2-.3.5-.3.7s.1.5.3.7z\"\/><\/svg><\/span><\/span><\/span><\/a><\/span><\/div>\n<nav><ul class='ez-toc-list ez-toc-list-level-1' ><li class='ez-toc-page-1 ez-toc-heading-level-4'><a class=\"ez-toc-link ez-toc-heading-1\" href=\"https:\/\/saphirsmaragd.com\/pl\/produkt\/aquamarin-0-67-karat-rechteck-blau\/#Aquamarin_067_Karat_Rechteck_Blau_%E2%80%93_naturlicher_facettierter_Edelstein\" >Aquamarin 0.67 Karat Rechteck Blau \u2013 nat\u00fcrlicher facettierter Edelstein<\/a><\/li><li class='ez-toc-page-1 ez-toc-heading-level-4'><a class=\"ez-toc-link ez-toc-heading-2\" href=\"https:\/\/saphirsmaragd.com\/pl\/produkt\/aquamarin-0-67-karat-rechteck-blau\/#Merkmale_Herkunft\" >Charakterystyka i pochodzenie<\/a><\/li><li class='ez-toc-page-1 ez-toc-heading-level-4'><a class=\"ez-toc-link ez-toc-heading-3\" href=\"https:\/\/saphirsmaragd.com\/pl\/produkt\/aquamarin-0-67-karat-rechteck-blau\/#Besonderheiten\" >Funkcje specjalne<\/a><\/li><li class='ez-toc-page-1 ez-toc-heading-level-4'><a class=\"ez-toc-link ez-toc-heading-4\" href=\"https:\/\/saphirsmaragd.com\/pl\/produkt\/aquamarin-0-67-karat-rechteck-blau\/#Mehr_uber_unsere_Edelsteine\" >Wi\u0119cej o naszych kamieniach szlachetnych<\/a><\/li><li class='ez-toc-page-1 ez-toc-heading-level-4'><a class=\"ez-toc-link ez-toc-heading-5\" href=\"https:\/\/saphirsmaragd.com\/pl\/produkt\/aquamarin-0-67-karat-rechteck-blau\/#Weitere_Infos\" >Wi\u0119cej informacji<\/a><\/li><\/ul><\/nav><\/div>\n<h4 data-start=\"287\" data-end=\"361\"><span class=\"ez-toc-section\" id=\"Aquamarin_067_Karat_Rechteck_Blau_%E2%80%93_naturlicher_facettierter_Edelstein\"><\/span>Aquamarin 0.67 Karat Rechteck Blau \u2013 nat\u00fcrlicher facettierter Edelstein<span class=\"ez-toc-section-end\"><\/span><\/h4>\n<p data-start=\"362\" data-end=\"621\">Dieser nat\u00fcrliche Aquamarin \u00fcberzeugt durch seinen rechteckigen Facettenschliff und einen zarten, himmelblauen Farbton.<\/p>\n<hr data-start=\"623\" data-end=\"626\" \/>\n<h4 data-start=\"628\" data-end=\"654\"><span class=\"ez-toc-section\" id=\"Merkmale_Herkunft\"><\/span>Charakterystyka i pochodzenie<span class=\"ez-toc-section-end\"><\/span><\/h4>\n<p data-start=\"655\" data-end=\"871\">Stein: Aquamarin<br data-start=\"671\" data-end=\"674\" \/>Farbe: Blau<br data-start=\"685\" data-end=\"688\" \/>Form: Rechteck facettiert<br data-start=\"713\" data-end=\"716\" \/>Gewicht: 0.67 Karat<br data-start=\"732\" data-end=\"735\" \/>H\u00e4rte: 7 Mohs<br data-start=\"748\" data-end=\"751\" \/>Gr\u00f6\u00dfe: 7.4 \u00d7 4.7 mm<br data-start=\"770\" data-end=\"773\" \/>Czysto\u015b\u0107: Wyra\u017ane wtr\u0105cenia<br data-start=\"804\" data-end=\"807\" \/>Familie: Beryll<br data-start=\"822\" data-end=\"825\" \/>Certyfikat: Val\u00e9rie Duraffourg (Gem-A, Londyn)<\/p>\n<hr data-start=\"873\" data-end=\"876\" \/>\n<h4 data-start=\"878\" data-end=\"899\"><span class=\"ez-toc-section\" id=\"Besonderheiten\"><\/span>Funkcje specjalne<span class=\"ez-toc-section-end\"><\/span><\/h4>\n<p data-start=\"900\" data-end=\"1174\">Der Aquamarin 0.67 Karat Rechteck zeigt transparente Einschl\u00fcsse, die Licht weiterhin durchlassen und den nat\u00fcrlichen Charakter des Steins unterstreichen. Durch seinen rechteckigen Facettenschliff eignet er sich f\u00fcr individuelle Schmuckanfertigungen oder als Sammlerst\u00fcck.<\/p>\n<hr data-start=\"1926\" data-end=\"1929\" \/>\n<h4 data-start=\"1931\" data-end=\"1971\"><span class=\"ez-toc-section\" id=\"Mehr_uber_unsere_Edelsteine\"><\/span>Wi\u0119cej o naszych kamieniach szlachetnych<span class=\"ez-toc-section-end\"><\/span><\/h4>\n<p data-start=\"1972\" data-end=\"2069\"><a href=\"https:\/\/saphirsmaragd.com\/pl\/product-category\/edelsteine-kaufen\/\">Kamienie szlachetne<\/a><\/p>\n<hr data-start=\"2071\" data-end=\"2074\" \/>\n<h4 data-start=\"2076\" data-end=\"2096\"><span class=\"ez-toc-section\" id=\"Weitere_Infos\"><\/span>Wi\u0119cej informacji<span class=\"ez-toc-section-end\"><\/span><\/h4>\n<p data-start=\"2097\" data-end=\"2160\"><a class=\"decorated-link cursor-pointer\" href=\"https:\/\/de.wikipedia.org\/wiki\/Aquamarin\" target=\"_new\" rel=\"noopener\" data-start=\"2097\" data-end=\"2160\">Wikipedia: Aquamarin<\/a><\/p>","protected":false},"excerpt":{"rendered":"<p data-start=\"645\" data-end=\"780\"><em>Aquamarin 0.67 Karat Rechteck Blau \u2013 nat\u00fcrlicher Edelstein mit deutlichen Einschl\u00fcssen, 7 Mohs H\u00e4rte und facettiertem Rechteckschliff.<\/em><\/p>\n<p data-start=\"378\" data-end=\"474\">","protected":false},"featured_media":2292,"comment_status":"open","ping_status":"closed","template":"","meta":{"_glsr_average":0,"_glsr_ranking":0,"_glsr_reviews":0},"product_brand":[],"product_cat":[77],"product_tag":[],"class_list":{"0":"post-2289","1":"product","2":"type-product","3":"status-publish","4":"has-post-thumbnail","6":"product_cat-aquamarin-kaufen","7":"pa_edelsteinart-aquamarin","8":"pa_farbe-blau","9":"pa_form-rechteck","10":"pa_gewicht-karat-0-5-1-0-karat","11":"pa_reinheit-deutliche-einschluesse","12":"pa_veredelung-behandlung-unbehandelt","13":"pa_zertifikat-ja","14":"pa_zustand-neu","16":"first","17":"instock","18":"featured","19":"sold-individually","20":"shipping-taxable","21":"purchasable","22":"product-type-simple","23":"add-to-wishlist-before_image"},"jetpack_sharing_enabled":true,"_links":{"self":[{"href":"https:\/\/saphirsmaragd.com\/pl\/wp-json\/wp\/v2\/product\/2289","targetHints":{"allow":["GET"]}}],"collection":[{"href":"https:\/\/saphirsmaragd.com\/pl\/wp-json\/wp\/v2\/product"}],"about":[{"href":"https:\/\/saphirsmaragd.com\/pl\/wp-json\/wp\/v2\/types\/product"}],"replies":[{"embeddable":true,"href":"https:\/\/saphirsmaragd.com\/pl\/wp-json\/wp\/v2\/comments?post=2289"}],"version-history":[{"count":4,"href":"https:\/\/saphirsmaragd.com\/pl\/wp-json\/wp\/v2\/product\/2289\/revisions"}],"predecessor-version":[{"id":4525,"href":"https:\/\/saphirsmaragd.com\/pl\/wp-json\/wp\/v2\/product\/2289\/revisions\/4525"}],"wp:featuredmedia":[{"embeddable":true,"href":"https:\/\/saphirsmaragd.com\/pl\/wp-json\/wp\/v2\/media\/2292"}],"wp:attachment":[{"href":"https:\/\/saphirsmaragd.com\/pl\/wp-json\/wp\/v2\/media?parent=2289"}],"wp:term":[{"taxonomy":"product_brand","embeddable":true,"href":"https:\/\/saphirsmaragd.com\/pl\/wp-json\/wp\/v2\/product_brand?post=2289"},{"taxonomy":"product_cat","embeddable":true,"href":"https:\/\/saphirsmaragd.com\/pl\/wp-json\/wp\/v2\/product_cat?post=2289"},{"taxonomy":"product_tag","embeddable":true,"href":"https:\/\/saphirsmaragd.com\/pl\/wp-json\/wp\/v2\/product_tag?post=2289"}],"curies":[{"name":"wp","href":"https:\/\/api.w.org\/{rel}","templated":true}]}}