{"id":2312,"date":"2025-10-09T11:55:06","date_gmt":"2025-10-09T11:55:06","guid":{"rendered":"https:\/\/saphirsmaragd.com\/?post_type=product&#038;p=2312"},"modified":"2025-12-29T19:02:46","modified_gmt":"2025-12-29T19:02:46","slug":"aquamarin-22-71-karat-santa-maria-blau","status":"publish","type":"product","link":"https:\/\/saphirsmaragd.com\/pl\/produkt\/aquamarin-22-71-karat-santa-maria-blau\/","title":{"rendered":"Akwamaryn 22,71 karata Santa Maria Blue - czysty kamie\u0144 szlachetny w szlifie poduszkowym"},"content":{"rendered":"<div id=\"ez-toc-container\" class=\"ez-toc-v2_0_82_2 counter-hierarchy ez-toc-counter ez-toc-grey ez-toc-container-direction\">\n<div class=\"ez-toc-title-container\">\n<p class=\"ez-toc-title\" style=\"cursor:inherit\">Spis tre\u015bci<\/p>\n<span class=\"ez-toc-title-toggle\"><a href=\"#\" class=\"ez-toc-pull-right ez-toc-btn ez-toc-btn-xs ez-toc-btn-default ez-toc-toggle\" aria-label=\"Prze\u0142\u0105cznik Spisu Tre\u015bci\"><span class=\"ez-toc-js-icon-con\"><span class=\"\"><span class=\"eztoc-hide\" style=\"display:none;\">Toggle<\/span><span class=\"ez-toc-icon-toggle-span\"><svg style=\"fill: #999;color:#999\" xmlns=\"http:\/\/www.w3.org\/2000\/svg\" class=\"list-377408\" width=\"20px\" height=\"20px\" viewbox=\"0 0 24 24\" fill=\"none\"><path d=\"M6 6H4v2h2V6zm14 0H8v2h12V6zM4 11h2v2H4v-2zm16 0H8v2h12v-2zM4 16h2v2H4v-2zm16 0H8v2h12v-2z\" fill=\"currentColor\"><\/path><\/svg><svg style=\"fill: #999;color:#999\" class=\"arrow-unsorted-368013\" xmlns=\"http:\/\/www.w3.org\/2000\/svg\" width=\"10px\" height=\"10px\" viewbox=\"0 0 24 24\" version=\"1.2\" baseprofile=\"tiny\"><path d=\"M18.2 9.3l-6.2-6.3-6.2 6.3c-.2.2-.3.4-.3.7s.1.5.3.7c.2.2.4.3.7.3h11c.3 0 .5-.1.7-.3.2-.2.3-.5.3-.7s-.1-.5-.3-.7zM5.8 14.7l6.2 6.3 6.2-6.3c.2-.2.3-.5.3-.7s-.1-.5-.3-.7c-.2-.2-.4-.3-.7-.3h-11c-.3 0-.5.1-.7.3-.2.2-.3.5-.3.7s.1.5.3.7z\"\/><\/svg><\/span><\/span><\/span><\/a><\/span><\/div>\n<nav><ul class='ez-toc-list ez-toc-list-level-1' ><li class='ez-toc-page-1 ez-toc-heading-level-4'><a class=\"ez-toc-link ez-toc-heading-1\" href=\"https:\/\/saphirsmaragd.com\/pl\/produkt\/aquamarin-22-71-karat-santa-maria-blau\/#Aquamarin_2271_Karat_Santa_Maria_Blau_%E2%80%93_exklusiver_Edelstein_im_Kissenschliff\" >Aquamarin 22.71 Karat Santa Maria Blau \u2013 exklusiver Edelstein im Kissenschliff<\/a><\/li><li class='ez-toc-page-1 ez-toc-heading-level-4'><a class=\"ez-toc-link ez-toc-heading-2\" href=\"https:\/\/saphirsmaragd.com\/pl\/produkt\/aquamarin-22-71-karat-santa-maria-blau\/#Merkmale_Herkunft\" >Charakterystyka i pochodzenie<\/a><\/li><li class='ez-toc-page-1 ez-toc-heading-level-4'><a class=\"ez-toc-link ez-toc-heading-3\" href=\"https:\/\/saphirsmaragd.com\/pl\/produkt\/aquamarin-22-71-karat-santa-maria-blau\/#Besonderheiten\" >Funkcje specjalne<\/a><\/li><li class='ez-toc-page-1 ez-toc-heading-level-4'><a class=\"ez-toc-link ez-toc-heading-4\" href=\"https:\/\/saphirsmaragd.com\/pl\/produkt\/aquamarin-22-71-karat-santa-maria-blau\/#Mehr_uber_unsere_Edelsteine\" >Wi\u0119cej o naszych kamieniach szlachetnych<\/a><\/li><li class='ez-toc-page-1 ez-toc-heading-level-4'><a class=\"ez-toc-link ez-toc-heading-5\" href=\"https:\/\/saphirsmaragd.com\/pl\/produkt\/aquamarin-22-71-karat-santa-maria-blau\/#Weitere_Infos\" >Wi\u0119cej informacji<\/a><\/li><\/ul><\/nav><\/div>\n<h4 data-start=\"839\" data-end=\"920\"><span class=\"ez-toc-section\" id=\"Aquamarin_2271_Karat_Santa_Maria_Blau_%E2%80%93_exklusiver_Edelstein_im_Kissenschliff\"><\/span>Aquamarin 22.71 Karat Santa Maria Blau \u2013 exklusiver Edelstein im Kissenschliff<span class=\"ez-toc-section-end\"><\/span><\/h4>\n<p data-start=\"921\" data-end=\"1225\">Dieser au\u00dfergew\u00f6hnliche Aquamarin stammt aus der seltenen Santa-Maria-Variet\u00e4t und \u00fcberzeugt durch seine intensive blaue Farbe, hohe Reinheit und ein beeindruckendes Gewicht von 22.71 Karat.<\/p>\n<hr data-start=\"1227\" data-end=\"1230\" \/>\n<h4 data-start=\"1232\" data-end=\"1258\"><span class=\"ez-toc-section\" id=\"Merkmale_Herkunft\"><\/span>Charakterystyka i pochodzenie<span class=\"ez-toc-section-end\"><\/span><\/h4>\n<p data-start=\"1259\" data-end=\"1538\">Stein: Aquamarin (Santa Maria)<br data-start=\"1289\" data-end=\"1292\" \/>Farbe: Blau<br data-start=\"1303\" data-end=\"1306\" \/>Form: Kissenschliff (cushion facettiert)<br data-start=\"1346\" data-end=\"1349\" \/>Gewicht: 22.71 Karat<br data-start=\"1366\" data-end=\"1369\" \/>H\u00e4rte: 7 Mohs<br data-start=\"1382\" data-end=\"1385\" \/>Gr\u00f6\u00dfe: 20.15 \u00d7 14.65 mm<br data-start=\"1408\" data-end=\"1411\" \/>Dicke: 11.30 mm<br data-start=\"1426\" data-end=\"1429\" \/>Reinheit: Augenrein<br data-start=\"1448\" data-end=\"1451\" \/>Familie: Beryll<br data-start=\"1466\" data-end=\"1469\" \/>Herkunft: Madagaskar<br data-start=\"1489\" data-end=\"1492\" \/>Certyfikat: Val\u00e9rie Duraffourg (Gem-A, Londyn)<\/p>\n<hr data-start=\"1540\" data-end=\"1543\" \/>\n<h4 data-start=\"1545\" data-end=\"1566\"><span class=\"ez-toc-section\" id=\"Besonderheiten\"><\/span>Funkcje specjalne<span class=\"ez-toc-section-end\"><\/span><\/h4>\n<p data-start=\"1567\" data-end=\"1837\">Der Aquamarin 22.71 Karat Santa Maria z\u00e4hlt zu den seltensten Qualit\u00e4ten seiner Art. Die Augenreinheit, das gleichm\u00e4\u00dfige Blau und die beachtliche Gr\u00f6\u00dfe machen ihn zu einem Investmentstein erster Klasse. Der Kissenschliff sorgt f\u00fcr maximale Brillanz und Lichtreflexion.<\/p>\n<hr data-start=\"1926\" data-end=\"1929\" \/>\n<h4 data-start=\"1931\" data-end=\"1971\"><span class=\"ez-toc-section\" id=\"Mehr_uber_unsere_Edelsteine\"><\/span>Wi\u0119cej o naszych kamieniach szlachetnych<span class=\"ez-toc-section-end\"><\/span><\/h4>\n<p data-start=\"1972\" data-end=\"2069\"><a href=\"https:\/\/saphirsmaragd.com\/pl\/product-category\/edelsteine-kaufen\/\">Kamienie szlachetne<\/a><\/p>\n<hr data-start=\"2071\" data-end=\"2074\" \/>\n<h4 data-start=\"2076\" data-end=\"2096\"><span class=\"ez-toc-section\" id=\"Weitere_Infos\"><\/span>Wi\u0119cej informacji<span class=\"ez-toc-section-end\"><\/span><\/h4>\n<p data-start=\"2097\" data-end=\"2160\"><a class=\"decorated-link cursor-pointer\" href=\"https:\/\/de.wikipedia.org\/wiki\/Aquamarin\" target=\"_new\" rel=\"noopener\" data-start=\"2097\" data-end=\"2160\">Wikipedia: Aquamarin<\/a><\/p>","protected":false},"excerpt":{"rendered":"<p data-start=\"552\" data-end=\"694\"><em>Aquamarin 22.71 Karat Santa Maria Blau \u2013 augenreiner Edelstein im Kissenschliff, zertifiziert, 7 Mohs H\u00e4rte und seltene Santa-Maria-Qualit\u00e4t.<\/em><\/p>","protected":false},"featured_media":2315,"comment_status":"open","ping_status":"closed","template":"","meta":{"_glsr_average":0,"_glsr_ranking":0,"_glsr_reviews":0},"product_brand":[],"product_cat":[77],"product_tag":[],"class_list":{"0":"post-2312","1":"product","2":"type-product","3":"status-publish","4":"has-post-thumbnail","6":"product_cat-aquamarin-kaufen","7":"pa_edelsteinart-aquamarin","8":"pa_farbe-blau","9":"pa_form-cushion","10":"pa_gewicht-karat-20-50-karat","11":"pa_reinheit-augenrein","12":"pa_veredelung-behandlung-unbehandelt","13":"pa_zertifikat-ja","14":"pa_zustand-neu","16":"first","17":"instock","18":"featured","19":"sold-individually","20":"shipping-taxable","21":"purchasable","22":"product-type-simple","23":"add-to-wishlist-before_image"},"jetpack_sharing_enabled":true,"_links":{"self":[{"href":"https:\/\/saphirsmaragd.com\/pl\/wp-json\/wp\/v2\/product\/2312","targetHints":{"allow":["GET"]}}],"collection":[{"href":"https:\/\/saphirsmaragd.com\/pl\/wp-json\/wp\/v2\/product"}],"about":[{"href":"https:\/\/saphirsmaragd.com\/pl\/wp-json\/wp\/v2\/types\/product"}],"replies":[{"embeddable":true,"href":"https:\/\/saphirsmaragd.com\/pl\/wp-json\/wp\/v2\/comments?post=2312"}],"version-history":[{"count":3,"href":"https:\/\/saphirsmaragd.com\/pl\/wp-json\/wp\/v2\/product\/2312\/revisions"}],"predecessor-version":[{"id":4519,"href":"https:\/\/saphirsmaragd.com\/pl\/wp-json\/wp\/v2\/product\/2312\/revisions\/4519"}],"wp:featuredmedia":[{"embeddable":true,"href":"https:\/\/saphirsmaragd.com\/pl\/wp-json\/wp\/v2\/media\/2315"}],"wp:attachment":[{"href":"https:\/\/saphirsmaragd.com\/pl\/wp-json\/wp\/v2\/media?parent=2312"}],"wp:term":[{"taxonomy":"product_brand","embeddable":true,"href":"https:\/\/saphirsmaragd.com\/pl\/wp-json\/wp\/v2\/product_brand?post=2312"},{"taxonomy":"product_cat","embeddable":true,"href":"https:\/\/saphirsmaragd.com\/pl\/wp-json\/wp\/v2\/product_cat?post=2312"},{"taxonomy":"product_tag","embeddable":true,"href":"https:\/\/saphirsmaragd.com\/pl\/wp-json\/wp\/v2\/product_tag?post=2312"}],"curies":[{"name":"wp","href":"https:\/\/api.w.org\/{rel}","templated":true}]}}