{"id":2525,"date":"2025-10-12T08:34:04","date_gmt":"2025-10-12T08:34:04","guid":{"rendered":"https:\/\/saphirsmaragd.com\/?post_type=product&#038;p=2525"},"modified":"2025-12-29T19:02:12","modified_gmt":"2025-12-29T19:02:12","slug":"granat-1-71-karat-gruen-oval","status":"publish","type":"product","link":"https:\/\/saphirsmaragd.com\/pl\/produkt\/granat-1-71-karat-gruen-oval\/","title":{"rendered":"Granat 1,71 karata Zielony Owalny \u2013 Grossular z certyfikatem i naturalnym po\u0142yskiem"},"content":{"rendered":"<div id=\"ez-toc-container\" class=\"ez-toc-v2_0_82_2 counter-hierarchy ez-toc-counter ez-toc-grey ez-toc-container-direction\">\n<div class=\"ez-toc-title-container\">\n<p class=\"ez-toc-title\" style=\"cursor:inherit\">Spis tre\u015bci<\/p>\n<span class=\"ez-toc-title-toggle\"><a href=\"#\" class=\"ez-toc-pull-right ez-toc-btn ez-toc-btn-xs ez-toc-btn-default ez-toc-toggle\" aria-label=\"Prze\u0142\u0105cznik Spisu Tre\u015bci\"><span class=\"ez-toc-js-icon-con\"><span class=\"\"><span class=\"eztoc-hide\" style=\"display:none;\">Toggle<\/span><span class=\"ez-toc-icon-toggle-span\"><svg style=\"fill: #999;color:#999\" xmlns=\"http:\/\/www.w3.org\/2000\/svg\" class=\"list-377408\" width=\"20px\" height=\"20px\" viewbox=\"0 0 24 24\" fill=\"none\"><path d=\"M6 6H4v2h2V6zm14 0H8v2h12V6zM4 11h2v2H4v-2zm16 0H8v2h12v-2zM4 16h2v2H4v-2zm16 0H8v2h12v-2z\" fill=\"currentColor\"><\/path><\/svg><svg style=\"fill: #999;color:#999\" class=\"arrow-unsorted-368013\" xmlns=\"http:\/\/www.w3.org\/2000\/svg\" width=\"10px\" height=\"10px\" viewbox=\"0 0 24 24\" version=\"1.2\" baseprofile=\"tiny\"><path d=\"M18.2 9.3l-6.2-6.3-6.2 6.3c-.2.2-.3.4-.3.7s.1.5.3.7c.2.2.4.3.7.3h11c.3 0 .5-.1.7-.3.2-.2.3-.5.3-.7s-.1-.5-.3-.7zM5.8 14.7l6.2 6.3 6.2-6.3c.2-.2.3-.5.3-.7s-.1-.5-.3-.7c-.2-.2-.4-.3-.7-.3h-11c-.3 0-.5.1-.7.3-.2.2-.3.5-.3.7s.1.5.3.7z\"\/><\/svg><\/span><\/span><\/span><\/a><\/span><\/div>\n<nav><ul class='ez-toc-list ez-toc-list-level-1' ><li class='ez-toc-page-1 ez-toc-heading-level-4'><a class=\"ez-toc-link ez-toc-heading-1\" href=\"https:\/\/saphirsmaragd.com\/pl\/produkt\/granat-1-71-karat-gruen-oval\/#Granat_171_Karat_Grun_Oval_mit_Zertifizierung_und_naturlicher_Brillanz\" >Granat 1.71 Karat Gr\u00fcn Oval mit Zertifizierung und nat\u00fcrlicher Brillanz<\/a><\/li><li class='ez-toc-page-1 ez-toc-heading-level-4'><a class=\"ez-toc-link ez-toc-heading-2\" href=\"https:\/\/saphirsmaragd.com\/pl\/produkt\/granat-1-71-karat-gruen-oval\/#Merkmale_Herkunft\" >Charakterystyka i pochodzenie<\/a><\/li><li class='ez-toc-page-1 ez-toc-heading-level-4'><a class=\"ez-toc-link ez-toc-heading-3\" href=\"https:\/\/saphirsmaragd.com\/pl\/produkt\/granat-1-71-karat-gruen-oval\/#Besonderheiten\" >Funkcje specjalne<\/a><\/li><li class='ez-toc-page-1 ez-toc-heading-level-4'><a class=\"ez-toc-link ez-toc-heading-4\" href=\"https:\/\/saphirsmaragd.com\/pl\/produkt\/granat-1-71-karat-gruen-oval\/#Mehr_uber_unsere_Edelsteine\" >Wi\u0119cej o naszych kamieniach szlachetnych<\/a><\/li><li class='ez-toc-page-1 ez-toc-heading-level-4'><a class=\"ez-toc-link ez-toc-heading-5\" href=\"https:\/\/saphirsmaragd.com\/pl\/produkt\/granat-1-71-karat-gruen-oval\/#Weitere_Infos\" >Wi\u0119cej informacji<\/a><\/li><\/ul><\/nav><\/div>\n<h4 data-start=\"1359\" data-end=\"1434\"><span class=\"ez-toc-section\" id=\"Granat_171_Karat_Grun_Oval_mit_Zertifizierung_und_naturlicher_Brillanz\"><\/span>Granat 1.71 Karat Gr\u00fcn Oval mit Zertifizierung und nat\u00fcrlicher Brillanz<span class=\"ez-toc-section-end\"><\/span><\/h4>\n<p data-start=\"1436\" data-end=\"1905\">Dieser facettierte Grossular-Granat beeindruckt durch seine lebendige hellgr\u00fcne Farbe und den ovalen Briolletten-Schliff, der Licht besonders intensiv reflektiert. Zahlreiche nat\u00fcrliche Einschl\u00fcsse verst\u00e4rken die Brillanz und verleihen dem Stein einen authentischen Charakter. Der Edelstein wird unmontiert angeboten und eignet sich ideal f\u00fcr hochwertige Schmuckanfertigungen oder anspruchsvolle Sammlungen. Die Echtheit wird durch ein offizielles Zertifikat best\u00e4tigt.<\/p>\n<hr data-start=\"1907\" data-end=\"1910\" \/>\n<h4 data-start=\"1912\" data-end=\"1936\"><span class=\"ez-toc-section\" id=\"Merkmale_Herkunft\"><\/span>Charakterystyka i pochodzenie<span class=\"ez-toc-section-end\"><\/span><\/h4>\n<p data-start=\"1938\" data-end=\"2232\">Steinart: Granat (Variet\u00e4t Grossular)<br data-start=\"1975\" data-end=\"1978\" \/>Farbe: Helles Gr\u00fcn<br data-start=\"1996\" data-end=\"1999\" \/>Kszta\u0142t: Owalny<br data-start=\"2009\" data-end=\"2012\" \/>Gewicht: 1.71 Karat<br data-start=\"2031\" data-end=\"2034\" \/>Abmessungen: ca. 7.8 \u00d7 6.6 mm<br data-start=\"2063\" data-end=\"2066\" \/>Czysto\u015b\u0107: Wyra\u017ane wtr\u0105cenia<br data-start=\"2097\" data-end=\"2100\" \/>Twardo\u015b\u0107: 6,5 w skali Mohsa<br data-start=\"2129\" data-end=\"2132\" \/>Wyko\u0144czenie \/ obr\u00f3bka: Bez obr\u00f3bki<br data-start=\"2168\" data-end=\"2171\" \/>Certyfikat: Val\u00e9rie Duraffourg (Gem-A, Londyn)<br data-start=\"2217\" data-end=\"2220\" \/>Stan: Nowy<\/p>\n<hr data-start=\"2234\" data-end=\"2237\" \/>\n<h4 data-start=\"2239\" data-end=\"2258\"><span class=\"ez-toc-section\" id=\"Besonderheiten\"><\/span>Funkcje specjalne<span class=\"ez-toc-section-end\"><\/span><\/h4>\n<p data-start=\"2260\" data-end=\"2507\">Die frische gr\u00fcne Farbe und der facettierte Schliff verleihen diesem Grossular eine besondere Leuchtkraft. Durch seine nat\u00fcrliche Struktur und Zertifizierung ist er sowohl f\u00fcr individuelle Schmuckst\u00fccke als auch f\u00fcr Edelsteinsammler von Interesse.<\/p>\n<hr data-start=\"1926\" data-end=\"1929\" \/>\n<h4 data-start=\"1931\" data-end=\"1971\"><span class=\"ez-toc-section\" id=\"Mehr_uber_unsere_Edelsteine\"><\/span>Wi\u0119cej o naszych kamieniach szlachetnych<span class=\"ez-toc-section-end\"><\/span><\/h4>\n<p data-start=\"1972\" data-end=\"2069\"><a href=\"https:\/\/saphirsmaragd.com\/pl\/product-category\/edelsteine-kaufen\/\">Kamienie szlachetne<\/a><\/p>\n<hr data-start=\"2071\" data-end=\"2074\" \/>\n<h4 data-start=\"2076\" data-end=\"2096\"><span class=\"ez-toc-section\" id=\"Weitere_Infos\"><\/span>Wi\u0119cej informacji<span class=\"ez-toc-section-end\"><\/span><\/h4>\n<p data-start=\"2097\" data-end=\"2160\"><a class=\"decorated-link cursor-pointer\" href=\"https:\/\/de.wikipedia.org\/wiki\/Granat\" target=\"_new\" rel=\"noopener\" data-start=\"2097\" data-end=\"2160\">Wikipedia: Granat<\/a><\/p>","protected":false},"excerpt":{"rendered":"<p data-start=\"430\" data-end=\"587\"><em>Granat 1.71 Karat Gr\u00fcn Oval \u2013 nat\u00fcrlicher Grossular mit Zertifikat, lebendiger Farbe und brillantem Schliff. Ideal f\u00fcr Sammler oder Schmuckanfertigungen.<\/em><\/p>\n<p data-start=\"589\" data-end=\"622\">\n<p data-start=\"575\" data-end=\"606\">","protected":false},"featured_media":2527,"comment_status":"open","ping_status":"closed","template":"","meta":{"_glsr_average":0,"_glsr_ranking":0,"_glsr_reviews":0},"product_brand":[],"product_cat":[111],"product_tag":[],"class_list":{"0":"post-2525","1":"product","2":"type-product","3":"status-publish","4":"has-post-thumbnail","6":"product_cat-granat-kaufen","7":"pa_edelsteinart-granat","8":"pa_farbe-gruen","9":"pa_form-oval","10":"pa_gewicht-karat-1-0-3-0-karat","11":"pa_reinheit-deutliche-einschluesse","12":"pa_veredelung-behandlung-unbehandelt","13":"pa_zertifikat-ja","14":"pa_zustand-neu","16":"first","17":"instock","18":"featured","19":"sold-individually","20":"shipping-taxable","21":"purchasable","22":"product-type-simple","23":"add-to-wishlist-before_image"},"jetpack_sharing_enabled":true,"_links":{"self":[{"href":"https:\/\/saphirsmaragd.com\/pl\/wp-json\/wp\/v2\/product\/2525","targetHints":{"allow":["GET"]}}],"collection":[{"href":"https:\/\/saphirsmaragd.com\/pl\/wp-json\/wp\/v2\/product"}],"about":[{"href":"https:\/\/saphirsmaragd.com\/pl\/wp-json\/wp\/v2\/types\/product"}],"replies":[{"embeddable":true,"href":"https:\/\/saphirsmaragd.com\/pl\/wp-json\/wp\/v2\/comments?post=2525"}],"version-history":[{"count":1,"href":"https:\/\/saphirsmaragd.com\/pl\/wp-json\/wp\/v2\/product\/2525\/revisions"}],"predecessor-version":[{"id":2529,"href":"https:\/\/saphirsmaragd.com\/pl\/wp-json\/wp\/v2\/product\/2525\/revisions\/2529"}],"wp:featuredmedia":[{"embeddable":true,"href":"https:\/\/saphirsmaragd.com\/pl\/wp-json\/wp\/v2\/media\/2527"}],"wp:attachment":[{"href":"https:\/\/saphirsmaragd.com\/pl\/wp-json\/wp\/v2\/media?parent=2525"}],"wp:term":[{"taxonomy":"product_brand","embeddable":true,"href":"https:\/\/saphirsmaragd.com\/pl\/wp-json\/wp\/v2\/product_brand?post=2525"},{"taxonomy":"product_cat","embeddable":true,"href":"https:\/\/saphirsmaragd.com\/pl\/wp-json\/wp\/v2\/product_cat?post=2525"},{"taxonomy":"product_tag","embeddable":true,"href":"https:\/\/saphirsmaragd.com\/pl\/wp-json\/wp\/v2\/product_tag?post=2525"}],"curies":[{"name":"wp","href":"https:\/\/api.w.org\/{rel}","templated":true}]}}