{"id":2680,"date":"2025-10-12T12:12:50","date_gmt":"2025-10-12T12:12:50","guid":{"rendered":"https:\/\/saphirsmaragd.com\/?post_type=product&#038;p=2680"},"modified":"2025-12-29T19:00:21","modified_gmt":"2025-12-29T19:00:21","slug":"granat-0-34-karat-dreieck","status":"publish","type":"product","link":"https:\/\/saphirsmaragd.com\/pl\/produkt\/granat-0-34-karat-dreieck\/","title":{"rendered":"Granat 0,34 karata tr\u00f3jk\u0105t \u2013 Granat t\u0119czowy, 4 mm Tro\u00efdia, opalizuj\u0105ca gra kolor\u00f3w"},"content":{"rendered":"<div id=\"ez-toc-container\" class=\"ez-toc-v2_0_82_2 counter-hierarchy ez-toc-counter ez-toc-grey ez-toc-container-direction\">\n<div class=\"ez-toc-title-container\">\n<p class=\"ez-toc-title\" style=\"cursor:inherit\">Spis tre\u015bci<\/p>\n<span class=\"ez-toc-title-toggle\"><a href=\"#\" class=\"ez-toc-pull-right ez-toc-btn ez-toc-btn-xs ez-toc-btn-default ez-toc-toggle\" aria-label=\"Prze\u0142\u0105cznik Spisu Tre\u015bci\"><span class=\"ez-toc-js-icon-con\"><span class=\"\"><span class=\"eztoc-hide\" style=\"display:none;\">Toggle<\/span><span class=\"ez-toc-icon-toggle-span\"><svg style=\"fill: #999;color:#999\" xmlns=\"http:\/\/www.w3.org\/2000\/svg\" class=\"list-377408\" width=\"20px\" height=\"20px\" viewbox=\"0 0 24 24\" fill=\"none\"><path d=\"M6 6H4v2h2V6zm14 0H8v2h12V6zM4 11h2v2H4v-2zm16 0H8v2h12v-2zM4 16h2v2H4v-2zm16 0H8v2h12v-2z\" fill=\"currentColor\"><\/path><\/svg><svg style=\"fill: #999;color:#999\" class=\"arrow-unsorted-368013\" xmlns=\"http:\/\/www.w3.org\/2000\/svg\" width=\"10px\" height=\"10px\" viewbox=\"0 0 24 24\" version=\"1.2\" baseprofile=\"tiny\"><path d=\"M18.2 9.3l-6.2-6.3-6.2 6.3c-.2.2-.3.4-.3.7s.1.5.3.7c.2.2.4.3.7.3h11c.3 0 .5-.1.7-.3.2-.2.3-.5.3-.7s-.1-.5-.3-.7zM5.8 14.7l6.2 6.3 6.2-6.3c.2-.2.3-.5.3-.7s-.1-.5-.3-.7c-.2-.2-.4-.3-.7-.3h-11c-.3 0-.5.1-.7.3-.2.2-.3.5-.3.7s.1.5.3.7z\"\/><\/svg><\/span><\/span><\/span><\/a><\/span><\/div>\n<nav><ul class='ez-toc-list ez-toc-list-level-1' ><li class='ez-toc-page-1 ez-toc-heading-level-4'><a class=\"ez-toc-link ez-toc-heading-1\" href=\"https:\/\/saphirsmaragd.com\/pl\/produkt\/granat-0-34-karat-dreieck\/#Granat_034_Karat_Dreieck_%E2%80%93_Rainbow_Garnet_4_mm_Troidia_irisierendes_Farbspiel\" >Granat 0,34 karata tr\u00f3jk\u0105t \u2013 Granat t\u0119czowy, 4 mm Tro\u00efdia, opalizuj\u0105ca gra kolor\u00f3w<\/a><\/li><li class='ez-toc-page-1 ez-toc-heading-level-4'><a class=\"ez-toc-link ez-toc-heading-2\" href=\"https:\/\/saphirsmaragd.com\/pl\/produkt\/granat-0-34-karat-dreieck\/#Merkmale_Herkunft\" >Charakterystyka i pochodzenie<\/a><\/li><li class='ez-toc-page-1 ez-toc-heading-level-4'><a class=\"ez-toc-link ez-toc-heading-3\" href=\"https:\/\/saphirsmaragd.com\/pl\/produkt\/granat-0-34-karat-dreieck\/#Besonderheiten\" >Funkcje specjalne<\/a><\/li><li class='ez-toc-page-1 ez-toc-heading-level-4'><a class=\"ez-toc-link ez-toc-heading-4\" href=\"https:\/\/saphirsmaragd.com\/pl\/produkt\/granat-0-34-karat-dreieck\/#Mehr_uber_unsere_Edelsteine\" >Wi\u0119cej o naszych kamieniach szlachetnych<\/a><\/li><li class='ez-toc-page-1 ez-toc-heading-level-4'><a class=\"ez-toc-link ez-toc-heading-5\" href=\"https:\/\/saphirsmaragd.com\/pl\/produkt\/granat-0-34-karat-dreieck\/#Weitere_Infos\" >Wi\u0119cej informacji<\/a><\/li><\/ul><\/nav><\/div>\n<h4 data-start=\"218\" data-end=\"303\"><span class=\"ez-toc-section\" id=\"Granat_034_Karat_Dreieck_%E2%80%93_Rainbow_Garnet_4_mm_Troidia_irisierendes_Farbspiel\"><\/span>Granat 0,34 karata tr\u00f3jk\u0105t \u2013 Granat t\u0119czowy, 4 mm Tro\u00efdia, opalizuj\u0105ca gra kolor\u00f3w<span class=\"ez-toc-section-end\"><\/span><\/h4>\n<p data-start=\"304\" data-end=\"491\">Dieser Einzelstein zeigt das seltene irisierende Farbspiel des Rainbow Garnet. Granat 0.34 Karat Dreieck ist ideal f\u00fcr feine Fassungen oder als Sammlerstein mit charakterstarkem Look.<\/p>\n<hr data-start=\"493\" data-end=\"496\" \/>\n<h4 data-start=\"498\" data-end=\"550\"><span class=\"ez-toc-section\" id=\"Merkmale_Herkunft\"><\/span>Charakterystyka i pochodzenie<span class=\"ez-toc-section-end\"><\/span><\/h4>\n<p data-start=\"551\" data-end=\"855\">Steinart: Granat (Rainbow Garnet)<br data-start=\"584\" data-end=\"587\" \/>Farbe: Dunkel rotbraune Basis mit irisierendem Farbspiel<br data-start=\"643\" data-end=\"646\" \/>Form: Dreieck (Tro\u00efdia)<br data-start=\"669\" data-end=\"672\" \/>Gr\u00f6\u00dfe: 4 mm<br data-start=\"683\" data-end=\"686\" \/>Gewicht: 0.34 Karat<br data-start=\"705\" data-end=\"708\" \/>Reinheit: Undurchsichtig<br data-start=\"732\" data-end=\"735\" \/>Behandlung: Unbehandelt (\u00fcblich)<br data-start=\"767\" data-end=\"770\" \/>Twardo\u015b\u0107: 6,5 w skali Mohsa<br data-start=\"799\" data-end=\"802\" \/>Zertifikat: Val\u00e9rie DURAFFOURG (Gem-A)<br data-start=\"840\" data-end=\"843\" \/>Stan: Nowy<\/p>\n<hr data-start=\"857\" data-end=\"860\" \/>\n<h4 data-start=\"862\" data-end=\"881\"><span class=\"ez-toc-section\" id=\"Besonderheiten\"><\/span>Funkcje specjalne<span class=\"ez-toc-section-end\"><\/span><\/h4>\n<p data-start=\"882\" data-end=\"1198\">Der Granat 0.34 Karat zeigt ein ausgepr\u00e4gtes Schillern (Irisieren), das durch feine Lamellen im Stein entsteht. Die Tro\u00efdia-Form mit gew\u00f6lbter Facettkuppel l\u00e4sst das Licht lebhaft \u00fcber die Oberfl\u00e4che wandern. Zertifizierte Qualit\u00e4t \u2013 ideal f\u00fcr zarte Ringe, Anh\u00e4nger oder als charaktervoller Sammlerstein.<\/p>\n<hr data-start=\"1926\" data-end=\"1929\" \/>\n<h4 data-start=\"1931\" data-end=\"1971\"><span class=\"ez-toc-section\" id=\"Mehr_uber_unsere_Edelsteine\"><\/span>Wi\u0119cej o naszych kamieniach szlachetnych<span class=\"ez-toc-section-end\"><\/span><\/h4>\n<p data-start=\"1972\" data-end=\"2069\"><a href=\"https:\/\/saphirsmaragd.com\/pl\/product-category\/edelsteine-kaufen\/\">Kamienie szlachetne<\/a><\/p>\n<hr data-start=\"2071\" data-end=\"2074\" \/>\n<h4 data-start=\"2076\" data-end=\"2096\"><span class=\"ez-toc-section\" id=\"Weitere_Infos\"><\/span>Wi\u0119cej informacji<span class=\"ez-toc-section-end\"><\/span><\/h4>\n<p data-start=\"2097\" data-end=\"2160\"><a class=\"decorated-link cursor-pointer\" href=\"https:\/\/de.wikipedia.org\/wiki\/Granat\" target=\"_new\" rel=\"noopener\" data-start=\"2097\" data-end=\"2160\">Wikipedia: Granat<\/a><\/p>","protected":false},"excerpt":{"rendered":"<p data-start=\"317\" data-end=\"530\"><em>Granat 0.34 Karat Dreieck \u2013 seltenes Rainbow Garnet (4 mm Tro\u00efdia) mit irisierendem Farbspiel und Zertifikat. Idealer Sammlerstein oder f\u00fcr individuelle Schmuckfassungen.<\/em><\/p>\n<p data-start=\"532\" data-end=\"638\">\n<p data-start=\"575\" data-end=\"606\">","protected":false},"featured_media":2682,"comment_status":"open","ping_status":"closed","template":"","meta":{"_glsr_average":0,"_glsr_ranking":0,"_glsr_reviews":0},"product_brand":[],"product_cat":[111],"product_tag":[],"class_list":{"0":"post-2680","1":"product","2":"type-product","3":"status-publish","4":"has-post-thumbnail","6":"product_cat-granat-kaufen","7":"pa_edelsteinart-granat","8":"pa_farbe-rot","9":"pa_form-oval","10":"pa_gewicht-karat-1-0-3-0-karat","11":"pa_reinheit-augenrein","12":"pa_veredelung-behandlung-unbehandelt","13":"pa_zertifikat-ja","14":"pa_zustand-neu","16":"first","17":"instock","18":"featured","19":"sold-individually","20":"shipping-taxable","21":"purchasable","22":"product-type-simple","23":"add-to-wishlist-before_image"},"jetpack_sharing_enabled":true,"_links":{"self":[{"href":"https:\/\/saphirsmaragd.com\/pl\/wp-json\/wp\/v2\/product\/2680","targetHints":{"allow":["GET"]}}],"collection":[{"href":"https:\/\/saphirsmaragd.com\/pl\/wp-json\/wp\/v2\/product"}],"about":[{"href":"https:\/\/saphirsmaragd.com\/pl\/wp-json\/wp\/v2\/types\/product"}],"replies":[{"embeddable":true,"href":"https:\/\/saphirsmaragd.com\/pl\/wp-json\/wp\/v2\/comments?post=2680"}],"version-history":[{"count":1,"href":"https:\/\/saphirsmaragd.com\/pl\/wp-json\/wp\/v2\/product\/2680\/revisions"}],"predecessor-version":[{"id":2683,"href":"https:\/\/saphirsmaragd.com\/pl\/wp-json\/wp\/v2\/product\/2680\/revisions\/2683"}],"wp:featuredmedia":[{"embeddable":true,"href":"https:\/\/saphirsmaragd.com\/pl\/wp-json\/wp\/v2\/media\/2682"}],"wp:attachment":[{"href":"https:\/\/saphirsmaragd.com\/pl\/wp-json\/wp\/v2\/media?parent=2680"}],"wp:term":[{"taxonomy":"product_brand","embeddable":true,"href":"https:\/\/saphirsmaragd.com\/pl\/wp-json\/wp\/v2\/product_brand?post=2680"},{"taxonomy":"product_cat","embeddable":true,"href":"https:\/\/saphirsmaragd.com\/pl\/wp-json\/wp\/v2\/product_cat?post=2680"},{"taxonomy":"product_tag","embeddable":true,"href":"https:\/\/saphirsmaragd.com\/pl\/wp-json\/wp\/v2\/product_tag?post=2680"}],"curies":[{"name":"wp","href":"https:\/\/api.w.org\/{rel}","templated":true}]}}