{"id":2735,"date":"2025-10-12T13:59:40","date_gmt":"2025-10-12T13:59:40","guid":{"rendered":"https:\/\/saphirsmaragd.com\/?post_type=product&#038;p=2735"},"modified":"2025-12-29T19:00:00","modified_gmt":"2025-12-29T19:00:00","slug":"opal-0-42-karat-orange-quadrat","status":"publish","type":"product","link":"https:\/\/saphirsmaragd.com\/pl\/produkt\/opal-0-42-karat-orange-quadrat\/","title":{"rendered":"Opal pomara\u0144czowy kwadratowy o masie 0,42 karata \u2013 opal ognisty z Meksyku, fasetowany, czysty pod wzgl\u0119dem optycznym z certyfikatem"},"content":{"rendered":"<div id=\"ez-toc-container\" class=\"ez-toc-v2_0_82_2 counter-hierarchy ez-toc-counter ez-toc-grey ez-toc-container-direction\">\n<div class=\"ez-toc-title-container\">\n<p class=\"ez-toc-title\" style=\"cursor:inherit\">Spis tre\u015bci<\/p>\n<span class=\"ez-toc-title-toggle\"><a href=\"#\" class=\"ez-toc-pull-right ez-toc-btn ez-toc-btn-xs ez-toc-btn-default ez-toc-toggle\" aria-label=\"Prze\u0142\u0105cznik Spisu Tre\u015bci\"><span class=\"ez-toc-js-icon-con\"><span class=\"\"><span class=\"eztoc-hide\" style=\"display:none;\">Toggle<\/span><span class=\"ez-toc-icon-toggle-span\"><svg style=\"fill: #999;color:#999\" xmlns=\"http:\/\/www.w3.org\/2000\/svg\" class=\"list-377408\" width=\"20px\" height=\"20px\" viewbox=\"0 0 24 24\" fill=\"none\"><path d=\"M6 6H4v2h2V6zm14 0H8v2h12V6zM4 11h2v2H4v-2zm16 0H8v2h12v-2zM4 16h2v2H4v-2zm16 0H8v2h12v-2z\" fill=\"currentColor\"><\/path><\/svg><svg style=\"fill: #999;color:#999\" class=\"arrow-unsorted-368013\" xmlns=\"http:\/\/www.w3.org\/2000\/svg\" width=\"10px\" height=\"10px\" viewbox=\"0 0 24 24\" version=\"1.2\" baseprofile=\"tiny\"><path d=\"M18.2 9.3l-6.2-6.3-6.2 6.3c-.2.2-.3.4-.3.7s.1.5.3.7c.2.2.4.3.7.3h11c.3 0 .5-.1.7-.3.2-.2.3-.5.3-.7s-.1-.5-.3-.7zM5.8 14.7l6.2 6.3 6.2-6.3c.2-.2.3-.5.3-.7s-.1-.5-.3-.7c-.2-.2-.4-.3-.7-.3h-11c-.3 0-.5.1-.7.3-.2.2-.3.5-.3.7s.1.5.3.7z\"\/><\/svg><\/span><\/span><\/span><\/a><\/span><\/div>\n<nav><ul class='ez-toc-list ez-toc-list-level-1' ><li class='ez-toc-page-1 ez-toc-heading-level-4'><a class=\"ez-toc-link ez-toc-heading-1\" href=\"https:\/\/saphirsmaragd.com\/pl\/produkt\/opal-0-42-karat-orange-quadrat\/#Opal_042_Karat_Orange_Quadrat_%E2%80%93_Feueropal_mit_lebhaftem_Glanz\" >Opal 0.42 Karat Orange Quadrat \u2013 Feueropal mit lebhaftem Glanz<\/a><\/li><li class='ez-toc-page-1 ez-toc-heading-level-4'><a class=\"ez-toc-link ez-toc-heading-2\" href=\"https:\/\/saphirsmaragd.com\/pl\/produkt\/opal-0-42-karat-orange-quadrat\/#Merkmale_Herkunft_%E2%80%93_Opal_042_Karat_Orange_Quadrat\" >Merkmale &amp; Herkunft \u2013 Opal 0.42 Karat Orange Quadrat<\/a><\/li><li class='ez-toc-page-1 ez-toc-heading-level-4'><a class=\"ez-toc-link ez-toc-heading-3\" href=\"https:\/\/saphirsmaragd.com\/pl\/produkt\/opal-0-42-karat-orange-quadrat\/#Besonderheiten\" >Funkcje specjalne<\/a><\/li><li class='ez-toc-page-1 ez-toc-heading-level-4'><a class=\"ez-toc-link ez-toc-heading-4\" href=\"https:\/\/saphirsmaragd.com\/pl\/produkt\/opal-0-42-karat-orange-quadrat\/#Mehr_uber_unsere_Edelsteine\" >Wi\u0119cej o naszych kamieniach szlachetnych<\/a><\/li><li class='ez-toc-page-1 ez-toc-heading-level-4'><a class=\"ez-toc-link ez-toc-heading-5\" href=\"https:\/\/saphirsmaragd.com\/pl\/produkt\/opal-0-42-karat-orange-quadrat\/#Weitere_Infos\" >Wi\u0119cej informacji<\/a><\/li><\/ul><\/nav><\/div>\n<h4 data-start=\"568\" data-end=\"637\"><span class=\"ez-toc-section\" id=\"Opal_042_Karat_Orange_Quadrat_%E2%80%93_Feueropal_mit_lebhaftem_Glanz\"><\/span>Opal 0.42 Karat Orange Quadrat \u2013 Feueropal mit lebhaftem Glanz<span class=\"ez-toc-section-end\"><\/span><\/h4>\n<p data-start=\"638\" data-end=\"818\">Dieser Einzelstein zeigt intensives Orange und klares Funkeln. Opal 0.42 Karat Orange-Quadrat eignet sich perfekt f\u00fcr zarte Fassungen \u2013 nat\u00fcrlich, unbehandelt und zertifiziert.<\/p>\n<hr data-start=\"820\" data-end=\"823\" \/>\n<h4 data-start=\"825\" data-end=\"884\"><span class=\"ez-toc-section\" id=\"Merkmale_Herkunft_%E2%80%93_Opal_042_Karat_Orange_Quadrat\"><\/span>Merkmale &amp; Herkunft \u2013 Opal 0.42 Karat Orange Quadrat<span class=\"ez-toc-section-end\"><\/span><\/h4>\n<p data-start=\"885\" data-end=\"1166\">Steinart: Opal (Feueropal)<br data-start=\"911\" data-end=\"914\" \/>Kolor: pomara\u0144czowy<br data-start=\"927\" data-end=\"930\" \/>Form: Quadrat facettiert<br data-start=\"954\" data-end=\"957\" \/>Gr\u00f6\u00dfe: 5 \u00d7 5 mm<br data-start=\"972\" data-end=\"975\" \/>Gewicht: 0.42 Karat<br data-start=\"994\" data-end=\"997\" \/>Reinheit: Augenrein (auch unter 10\u00d7)<br data-start=\"1033\" data-end=\"1036\" \/>Behandlung: Unbehandelt<br data-start=\"1059\" data-end=\"1062\" \/>Twardo\u015b\u0107: 6,5 w skali Mohsa<br data-start=\"1091\" data-end=\"1094\" \/>Herkunft: Mexiko<br data-start=\"1110\" data-end=\"1113\" \/>Zertifikat: Val\u00e9rie DURAFFOURG (Gem-A)<br data-start=\"1151\" data-end=\"1154\" \/>Stan: Nowy<\/p>\n<hr data-start=\"1168\" data-end=\"1171\" \/>\n<h4 data-start=\"1173\" data-end=\"1194\"><span class=\"ez-toc-section\" id=\"Besonderheiten\"><\/span>Funkcje specjalne<span class=\"ez-toc-section-end\"><\/span><\/h4>\n<p data-start=\"1195\" data-end=\"1462\">Der Opal 0.42 Karat Orange-Quadrat vereint eine seltene quadratische Form mit leuchtender Farbe. Der pr\u00e4zise Facettenschliff sorgt f\u00fcr kr\u00e4ftige Lichtreflexe; die best\u00e4tigte Augenreinheit und das Gem-A-Zertifikat geben maximale Sicherheit f\u00fcr Schmuck und Sammlung.<\/p>\n<hr data-start=\"1926\" data-end=\"1929\" \/>\n<h4 data-start=\"1931\" data-end=\"1971\"><span class=\"ez-toc-section\" id=\"Mehr_uber_unsere_Edelsteine\"><\/span>Wi\u0119cej o naszych kamieniach szlachetnych<span class=\"ez-toc-section-end\"><\/span><\/h4>\n<p data-start=\"1972\" data-end=\"2069\"><a href=\"https:\/\/saphirsmaragd.com\/pl\/product-category\/edelsteine-kaufen\/\">Kamienie szlachetne<\/a><\/p>\n<hr data-start=\"2071\" data-end=\"2074\" \/>\n<h4 data-start=\"2076\" data-end=\"2096\"><span class=\"ez-toc-section\" id=\"Weitere_Infos\"><\/span>Wi\u0119cej informacji<span class=\"ez-toc-section-end\"><\/span><\/h4>\n<p><a href=\"https:\/\/de.wikipedia.org\/wiki\/Opal\" target=\"_blank\" rel=\"noopener\">Wikipedia: Opal<\/a><\/p>","protected":false},"excerpt":{"rendered":"<p data-start=\"239\" data-end=\"442\"><em>Opal 0.42 Karat Orange Quadrat \u2013 leuchtender Feueropal aus Mexiko, quadratisch facettiert, augenrein, unbehandelt und mit Zertifikat. Ideal f\u00fcr feine Fassungen und Sammler.<\/em><\/p>\n<p data-start=\"444\" data-end=\"561\">\n<h3 data-start=\"660\" data-end=\"684\"><\/h3>\n<p data-start=\"575\" data-end=\"606\">","protected":false},"featured_media":2738,"comment_status":"open","ping_status":"closed","template":"","meta":{"_glsr_average":0,"_glsr_ranking":0,"_glsr_reviews":0},"product_brand":[],"product_cat":[75],"product_tag":[],"class_list":{"0":"post-2735","1":"product","2":"type-product","3":"status-publish","4":"has-post-thumbnail","6":"product_cat-opale-kaufen","7":"pa_edelsteinart-opal","8":"pa_farbe-orange","9":"pa_form-quadrat","10":"pa_gewicht-karat-0-1-0-5-karat","11":"pa_herkunft-mexiko","12":"pa_reinheit-augenrein","13":"pa_veredelung-behandlung-unbehandelt","14":"pa_zertifikat-ja","15":"pa_zustand-neu","17":"first","18":"instock","19":"featured","20":"sold-individually","21":"shipping-taxable","22":"purchasable","23":"product-type-simple","24":"add-to-wishlist-before_image"},"jetpack_sharing_enabled":true,"_links":{"self":[{"href":"https:\/\/saphirsmaragd.com\/pl\/wp-json\/wp\/v2\/product\/2735","targetHints":{"allow":["GET"]}}],"collection":[{"href":"https:\/\/saphirsmaragd.com\/pl\/wp-json\/wp\/v2\/product"}],"about":[{"href":"https:\/\/saphirsmaragd.com\/pl\/wp-json\/wp\/v2\/types\/product"}],"replies":[{"embeddable":true,"href":"https:\/\/saphirsmaragd.com\/pl\/wp-json\/wp\/v2\/comments?post=2735"}],"version-history":[{"count":2,"href":"https:\/\/saphirsmaragd.com\/pl\/wp-json\/wp\/v2\/product\/2735\/revisions"}],"predecessor-version":[{"id":2741,"href":"https:\/\/saphirsmaragd.com\/pl\/wp-json\/wp\/v2\/product\/2735\/revisions\/2741"}],"wp:featuredmedia":[{"embeddable":true,"href":"https:\/\/saphirsmaragd.com\/pl\/wp-json\/wp\/v2\/media\/2738"}],"wp:attachment":[{"href":"https:\/\/saphirsmaragd.com\/pl\/wp-json\/wp\/v2\/media?parent=2735"}],"wp:term":[{"taxonomy":"product_brand","embeddable":true,"href":"https:\/\/saphirsmaragd.com\/pl\/wp-json\/wp\/v2\/product_brand?post=2735"},{"taxonomy":"product_cat","embeddable":true,"href":"https:\/\/saphirsmaragd.com\/pl\/wp-json\/wp\/v2\/product_cat?post=2735"},{"taxonomy":"product_tag","embeddable":true,"href":"https:\/\/saphirsmaragd.com\/pl\/wp-json\/wp\/v2\/product_tag?post=2735"}],"curies":[{"name":"wp","href":"https:\/\/api.w.org\/{rel}","templated":true}]}}