{"id":2760,"date":"2025-10-12T14:19:03","date_gmt":"2025-10-12T14:19:03","guid":{"rendered":"https:\/\/saphirsmaragd.com\/?post_type=product&#038;p=2760"},"modified":"2025-12-29T18:59:54","modified_gmt":"2025-12-29T18:59:54","slug":"opal-2-98-karat-blau-cushion","status":"publish","type":"product","link":"https:\/\/saphirsmaragd.com\/pl\/produkt\/opal-2-98-karat-blau-cushion\/","title":{"rendered":"Opal 2,98 karat\u00f3w Blue Cushion \u2013 peruwia\u0144ski niebieski opal, fasetowany z inkluzjami i certyfikatem"},"content":{"rendered":"<div id=\"ez-toc-container\" class=\"ez-toc-v2_0_82_2 counter-hierarchy ez-toc-counter ez-toc-grey ez-toc-container-direction\">\n<div class=\"ez-toc-title-container\">\n<p class=\"ez-toc-title\" style=\"cursor:inherit\">Spis tre\u015bci<\/p>\n<span class=\"ez-toc-title-toggle\"><a href=\"#\" class=\"ez-toc-pull-right ez-toc-btn ez-toc-btn-xs ez-toc-btn-default ez-toc-toggle\" aria-label=\"Prze\u0142\u0105cznik Spisu Tre\u015bci\"><span class=\"ez-toc-js-icon-con\"><span class=\"\"><span class=\"eztoc-hide\" style=\"display:none;\">Toggle<\/span><span class=\"ez-toc-icon-toggle-span\"><svg style=\"fill: #999;color:#999\" xmlns=\"http:\/\/www.w3.org\/2000\/svg\" class=\"list-377408\" width=\"20px\" height=\"20px\" viewbox=\"0 0 24 24\" fill=\"none\"><path d=\"M6 6H4v2h2V6zm14 0H8v2h12V6zM4 11h2v2H4v-2zm16 0H8v2h12v-2zM4 16h2v2H4v-2zm16 0H8v2h12v-2z\" fill=\"currentColor\"><\/path><\/svg><svg style=\"fill: #999;color:#999\" class=\"arrow-unsorted-368013\" xmlns=\"http:\/\/www.w3.org\/2000\/svg\" width=\"10px\" height=\"10px\" viewbox=\"0 0 24 24\" version=\"1.2\" baseprofile=\"tiny\"><path d=\"M18.2 9.3l-6.2-6.3-6.2 6.3c-.2.2-.3.4-.3.7s.1.5.3.7c.2.2.4.3.7.3h11c.3 0 .5-.1.7-.3.2-.2.3-.5.3-.7s-.1-.5-.3-.7zM5.8 14.7l6.2 6.3 6.2-6.3c.2-.2.3-.5.3-.7s-.1-.5-.3-.7c-.2-.2-.4-.3-.7-.3h-11c-.3 0-.5.1-.7.3-.2.2-.3.5-.3.7s.1.5.3.7z\"\/><\/svg><\/span><\/span><\/span><\/a><\/span><\/div>\n<nav><ul class='ez-toc-list ez-toc-list-level-1' ><li class='ez-toc-page-1 ez-toc-heading-level-4'><a class=\"ez-toc-link ez-toc-heading-1\" href=\"https:\/\/saphirsmaragd.com\/pl\/produkt\/opal-2-98-karat-blau-cushion\/#Opal_298_Karat_Blau_Cushion_%E2%80%93_charaktervoller_Peruaner_mit_Lagunenblau\" >Opal 2.98 Karat Blau Cushion \u2013 charaktervoller Peruaner mit Lagunenblau<\/a><\/li><li class='ez-toc-page-1 ez-toc-heading-level-4'><a class=\"ez-toc-link ez-toc-heading-2\" href=\"https:\/\/saphirsmaragd.com\/pl\/produkt\/opal-2-98-karat-blau-cushion\/#Merkmale_Herkunft_%E2%80%93_Opal_298_Karat_Blau_Cushion\" >Merkmale &amp; Herkunft \u2013 Opal 2.98 Karat Blau Cushion<\/a><\/li><li class='ez-toc-page-1 ez-toc-heading-level-4'><a class=\"ez-toc-link ez-toc-heading-3\" href=\"https:\/\/saphirsmaragd.com\/pl\/produkt\/opal-2-98-karat-blau-cushion\/#Besonderheiten\" >Funkcje specjalne<\/a><\/li><li class='ez-toc-page-1 ez-toc-heading-level-4'><a class=\"ez-toc-link ez-toc-heading-4\" href=\"https:\/\/saphirsmaragd.com\/pl\/produkt\/opal-2-98-karat-blau-cushion\/#Mehr_uber_unsere_Edelsteine\" >Wi\u0119cej o naszych kamieniach szlachetnych<\/a><\/li><li class='ez-toc-page-1 ez-toc-heading-level-4'><a class=\"ez-toc-link ez-toc-heading-5\" href=\"https:\/\/saphirsmaragd.com\/pl\/produkt\/opal-2-98-karat-blau-cushion\/#Weitere_Infos\" >Wi\u0119cej informacji<\/a><\/li><\/ul><\/nav><\/div>\n<h4 data-start=\"590\" data-end=\"668\"><span class=\"ez-toc-section\" id=\"Opal_298_Karat_Blau_Cushion_%E2%80%93_charaktervoller_Peruaner_mit_Lagunenblau\"><\/span>Opal 2.98 Karat Blau Cushion \u2013 charaktervoller Peruaner mit Lagunenblau<span class=\"ez-toc-section-end\"><\/span><\/h4>\n<p data-start=\"669\" data-end=\"887\">Dieser Naturstein zeigt ein helles, transparentes Lagunenblau mit dekorativen, schwarzen Natur\u00adeinschl\u00fcssen. Opal 2.98 Karat Blau-Cushion bietet au\u00dfergew\u00f6hnlichen Charme und ist ideal f\u00fcr markante Unikat-Fassungen.<\/p>\n<hr data-start=\"889\" data-end=\"892\" \/>\n<h4 data-start=\"894\" data-end=\"951\"><span class=\"ez-toc-section\" id=\"Merkmale_Herkunft_%E2%80%93_Opal_298_Karat_Blau_Cushion\"><\/span>Merkmale &amp; Herkunft \u2013 Opal 2.98 Karat Blau Cushion<span class=\"ez-toc-section-end\"><\/span><\/h4>\n<p data-start=\"952\" data-end=\"1314\">Steinart: Blauer Opal (Peru)<br data-start=\"980\" data-end=\"983\" \/>Farbe: Transparentes Blau mit schwarzen Einschl\u00fcssen<br data-start=\"1035\" data-end=\"1038\" \/>Form: Cushion facettiert<br data-start=\"1062\" data-end=\"1065\" \/>Gr\u00f6\u00dfe: 9.94 \u00d7 9.86 mm<br data-start=\"1086\" data-end=\"1089\" \/>Gewicht: 2.98 Karat<br data-start=\"1108\" data-end=\"1111\" \/>Reinheit: Deutlich sichtbare nat\u00fcrliche Einschl\u00fcsse (charakterbildend)<br data-start=\"1181\" data-end=\"1184\" \/>Behandlung: Unbehandelt<br data-start=\"1207\" data-end=\"1210\" \/>H\u00e4rte: 6\u20136.5 auf der Mohs-Skala<br data-start=\"1241\" data-end=\"1244\" \/>Herkunft: Peru<br data-start=\"1258\" data-end=\"1261\" \/>Zertifikat: Val\u00e9rie DURAFFOURG (Gem-A)<br data-start=\"1299\" data-end=\"1302\" \/>Stan: Nowy<\/p>\n<hr data-start=\"1316\" data-end=\"1319\" \/>\n<h4 data-start=\"1321\" data-end=\"1342\"><span class=\"ez-toc-section\" id=\"Besonderheiten\"><\/span>Funkcje specjalne<span class=\"ez-toc-section-end\"><\/span><\/h4>\n<p data-start=\"1343\" data-end=\"1675\">Der Opal 2.98 Karat Blau-Cushion vereint nahezu 3 Karat Gewicht mit einem seltenen, facettierten Cushionschliff. Das klare Lagunenblau wird von schwarzen, dendritischen Einschl\u00fcssen akzentuiert \u2013 eine nat\u00fcrliche Zeichnung, die jeden Stein einzigartig macht. Unbehandelte, zertifizierte Qualit\u00e4t f\u00fcr Ringe, Anh\u00e4nger oder Sammler.<\/p>\n<hr data-start=\"1926\" data-end=\"1929\" \/>\n<h4 data-start=\"1931\" data-end=\"1971\"><span class=\"ez-toc-section\" id=\"Mehr_uber_unsere_Edelsteine\"><\/span>Wi\u0119cej o naszych kamieniach szlachetnych<span class=\"ez-toc-section-end\"><\/span><\/h4>\n<p data-start=\"1972\" data-end=\"2069\"><a href=\"https:\/\/saphirsmaragd.com\/pl\/product-category\/edelsteine-kaufen\/\">Kamienie szlachetne<\/a><\/p>\n<hr data-start=\"2071\" data-end=\"2074\" \/>\n<h4 data-start=\"2076\" data-end=\"2096\"><span class=\"ez-toc-section\" id=\"Weitere_Infos\"><\/span>Wi\u0119cej informacji<span class=\"ez-toc-section-end\"><\/span><\/h4>\n<p><a href=\"https:\/\/de.wikipedia.org\/wiki\/Opal\" target=\"_blank\" rel=\"noopener\">Wikipedia: Opal<\/a><\/p>","protected":false},"excerpt":{"rendered":"<p data-start=\"229\" data-end=\"458\"><em>Opal 2.98 Karat Blau Cushion \u2013 peruanischer, facettierter Blauer Opal (nahe 3 ct) mit charakteristischen schwarzen Einschl\u00fcssen, transparentem Blau und Zertifikat. Statement-Stein f\u00fcr Unikatschmuck.<\/em><\/p>\n<p data-start=\"460\" data-end=\"583\">\n<h3 data-start=\"660\" data-end=\"684\"><\/h3>\n<p data-start=\"575\" data-end=\"606\">","protected":false},"featured_media":2763,"comment_status":"open","ping_status":"closed","template":"","meta":{"_glsr_average":0,"_glsr_ranking":0,"_glsr_reviews":0},"product_brand":[],"product_cat":[75],"product_tag":[],"class_list":{"0":"post-2760","1":"product","2":"type-product","3":"status-publish","4":"has-post-thumbnail","6":"product_cat-opale-kaufen","7":"pa_edelsteinart-opal","8":"pa_farbe-blau","9":"pa_form-cushion","10":"pa_gewicht-karat-1-0-3-0-karat","11":"pa_herkunft-peru","12":"pa_reinheit-deutliche-einschluesse","13":"pa_veredelung-behandlung-unbehandelt","14":"pa_zertifikat-ja","15":"pa_zustand-neu","17":"first","18":"instock","19":"featured","20":"sold-individually","21":"shipping-taxable","22":"purchasable","23":"product-type-simple","24":"add-to-wishlist-before_image"},"jetpack_sharing_enabled":true,"_links":{"self":[{"href":"https:\/\/saphirsmaragd.com\/pl\/wp-json\/wp\/v2\/product\/2760","targetHints":{"allow":["GET"]}}],"collection":[{"href":"https:\/\/saphirsmaragd.com\/pl\/wp-json\/wp\/v2\/product"}],"about":[{"href":"https:\/\/saphirsmaragd.com\/pl\/wp-json\/wp\/v2\/types\/product"}],"replies":[{"embeddable":true,"href":"https:\/\/saphirsmaragd.com\/pl\/wp-json\/wp\/v2\/comments?post=2760"}],"version-history":[{"count":1,"href":"https:\/\/saphirsmaragd.com\/pl\/wp-json\/wp\/v2\/product\/2760\/revisions"}],"predecessor-version":[{"id":2764,"href":"https:\/\/saphirsmaragd.com\/pl\/wp-json\/wp\/v2\/product\/2760\/revisions\/2764"}],"wp:featuredmedia":[{"embeddable":true,"href":"https:\/\/saphirsmaragd.com\/pl\/wp-json\/wp\/v2\/media\/2763"}],"wp:attachment":[{"href":"https:\/\/saphirsmaragd.com\/pl\/wp-json\/wp\/v2\/media?parent=2760"}],"wp:term":[{"taxonomy":"product_brand","embeddable":true,"href":"https:\/\/saphirsmaragd.com\/pl\/wp-json\/wp\/v2\/product_brand?post=2760"},{"taxonomy":"product_cat","embeddable":true,"href":"https:\/\/saphirsmaragd.com\/pl\/wp-json\/wp\/v2\/product_cat?post=2760"},{"taxonomy":"product_tag","embeddable":true,"href":"https:\/\/saphirsmaragd.com\/pl\/wp-json\/wp\/v2\/product_tag?post=2760"}],"curies":[{"name":"wp","href":"https:\/\/api.w.org\/{rel}","templated":true}]}}