{"id":2861,"date":"2025-10-13T07:58:49","date_gmt":"2025-10-13T07:58:49","guid":{"rendered":"https:\/\/saphirsmaragd.com\/?post_type=product&#038;p=2861"},"modified":"2025-12-29T18:59:40","modified_gmt":"2025-12-29T18:59:40","slug":"feueropal-0-52-karat-quadrat-orange-rot","status":"publish","type":"product","link":"https:\/\/saphirsmaragd.com\/pl\/produkt\/feueropal-0-52-karat-quadrat-orange-rot\/","title":{"rendered":"Opal ognisty 0,52 karata kwadratowy pomara\u0144czowo-czerwony (zestaw 5 sztuk) \u2013 skalibrowany, certyfikowany i o intensywnym kolorze"},"content":{"rendered":"<div id=\"ez-toc-container\" class=\"ez-toc-v2_0_82_2 counter-hierarchy ez-toc-counter ez-toc-grey ez-toc-container-direction\">\n<div class=\"ez-toc-title-container\">\n<p class=\"ez-toc-title\" style=\"cursor:inherit\">Spis tre\u015bci<\/p>\n<span class=\"ez-toc-title-toggle\"><a href=\"#\" class=\"ez-toc-pull-right ez-toc-btn ez-toc-btn-xs ez-toc-btn-default ez-toc-toggle\" aria-label=\"Prze\u0142\u0105cznik Spisu Tre\u015bci\"><span class=\"ez-toc-js-icon-con\"><span class=\"\"><span class=\"eztoc-hide\" style=\"display:none;\">Toggle<\/span><span class=\"ez-toc-icon-toggle-span\"><svg style=\"fill: #999;color:#999\" xmlns=\"http:\/\/www.w3.org\/2000\/svg\" class=\"list-377408\" width=\"20px\" height=\"20px\" viewbox=\"0 0 24 24\" fill=\"none\"><path d=\"M6 6H4v2h2V6zm14 0H8v2h12V6zM4 11h2v2H4v-2zm16 0H8v2h12v-2zM4 16h2v2H4v-2zm16 0H8v2h12v-2z\" fill=\"currentColor\"><\/path><\/svg><svg style=\"fill: #999;color:#999\" class=\"arrow-unsorted-368013\" xmlns=\"http:\/\/www.w3.org\/2000\/svg\" width=\"10px\" height=\"10px\" viewbox=\"0 0 24 24\" version=\"1.2\" baseprofile=\"tiny\"><path d=\"M18.2 9.3l-6.2-6.3-6.2 6.3c-.2.2-.3.4-.3.7s.1.5.3.7c.2.2.4.3.7.3h11c.3 0 .5-.1.7-.3.2-.2.3-.5.3-.7s-.1-.5-.3-.7zM5.8 14.7l6.2 6.3 6.2-6.3c.2-.2.3-.5.3-.7s-.1-.5-.3-.7c-.2-.2-.4-.3-.7-.3h-11c-.3 0-.5.1-.7.3-.2.2-.3.5-.3.7s.1.5.3.7z\"\/><\/svg><\/span><\/span><\/span><\/a><\/span><\/div>\n<nav><ul class='ez-toc-list ez-toc-list-level-1' ><li class='ez-toc-page-1 ez-toc-heading-level-4'><a class=\"ez-toc-link ez-toc-heading-1\" href=\"https:\/\/saphirsmaragd.com\/pl\/produkt\/feueropal-0-52-karat-quadrat-orange-rot\/#Feueropal_052_Karat_Quadrat_Orange-Rot_5er_Set_%E2%80%93_kalibriert_zertifiziert_farbintensiv\" >Feueropal 0.52 Karat Quadrat Orange-Rot (5er Set) \u2013 kalibriert, zertifiziert &amp; farbintensiv<\/a><\/li><li class='ez-toc-page-1 ez-toc-heading-level-4'><a class=\"ez-toc-link ez-toc-heading-2\" href=\"https:\/\/saphirsmaragd.com\/pl\/produkt\/feueropal-0-52-karat-quadrat-orange-rot\/#Merkmale_Herkunft\" >Charakterystyka i pochodzenie<\/a><\/li><li class='ez-toc-page-1 ez-toc-heading-level-4'><a class=\"ez-toc-link ez-toc-heading-3\" href=\"https:\/\/saphirsmaragd.com\/pl\/produkt\/feueropal-0-52-karat-quadrat-orange-rot\/#Besonderheiten\" >Funkcje specjalne<\/a><\/li><li class='ez-toc-page-1 ez-toc-heading-level-4'><a class=\"ez-toc-link ez-toc-heading-4\" href=\"https:\/\/saphirsmaragd.com\/pl\/produkt\/feueropal-0-52-karat-quadrat-orange-rot\/#Mehr_uber_unsere_Edelsteine\" >Wi\u0119cej o naszych kamieniach szlachetnych<\/a><\/li><li class='ez-toc-page-1 ez-toc-heading-level-4'><a class=\"ez-toc-link ez-toc-heading-5\" href=\"https:\/\/saphirsmaragd.com\/pl\/produkt\/feueropal-0-52-karat-quadrat-orange-rot\/#Weitere_Infos\" >Wi\u0119cej informacji<\/a><\/li><\/ul><\/nav><\/div>\n<h4 data-start=\"229\" data-end=\"320\"><span class=\"ez-toc-section\" id=\"Feueropal_052_Karat_Quadrat_Orange-Rot_5er_Set_%E2%80%93_kalibriert_zertifiziert_farbintensiv\"><\/span>Feueropal 0.52 Karat Quadrat Orange-Rot (5er Set) \u2013 kalibriert, zertifiziert &amp; farbintensiv<span class=\"ez-toc-section-end\"><\/span><\/h4>\n<p data-start=\"322\" data-end=\"645\">Diese nat\u00fcrlichen Feueropale zeigen intensive Orange- bis Rott\u00f6ne und klare Transparenz. Die kalibrierten 3-mm-Quadrate (Princess) eignen sich perfekt f\u00fcr pr\u00e4zise Fassungen mit brillanter Lichtwirkung. Unbehandelt und mit Zertifikat ausgeliefert \u2013 eine sichere Wahl f\u00fcr anspruchsvolle Designs, Sammler und Schmuckliebhaber.<\/p>\n<hr data-start=\"447\" data-end=\"450\" \/>\n<h4 data-start=\"452\" data-end=\"476\"><span class=\"ez-toc-section\" id=\"Merkmale_Herkunft\"><\/span>Charakterystyka i pochodzenie<span class=\"ez-toc-section-end\"><\/span><\/h4>\n<p data-start=\"477\" data-end=\"881\">Stein: Feueropal<br data-start=\"640\" data-end=\"643\" \/>Farbe: Orange-Rot<br data-start=\"660\" data-end=\"663\" \/>Form: Quadrat (Princess)<br data-start=\"687\" data-end=\"690\" \/>Gr\u00f6\u00dfe: 3 mm (kalibriert, je Stein)<br data-start=\"724\" data-end=\"727\" \/>Gewicht: 0.52 Karat (Gesamtgewicht, 5 St\u00fcck)<br data-start=\"771\" data-end=\"774\" \/>Reinheit: Lupenrein, unter 10\u00d7 Vergr\u00f6\u00dferung sauber<br data-start=\"824\" data-end=\"827\" \/>Behandlung: Unbehandelt<br data-start=\"850\" data-end=\"853\" \/>Twardo\u015b\u0107: 6,5 w skali Mohsa<br data-start=\"882\" data-end=\"885\" \/>Herkunft: Mexiko<br data-start=\"901\" data-end=\"904\" \/>Zertifikat: Val\u00e9rie DURAFFOURG (Gem-A) \u2013 Lieferung mit Zertifikat<br data-start=\"969\" data-end=\"972\" \/>Stan: Nowy<\/p>\n<hr data-start=\"883\" data-end=\"886\" \/>\n<h4 data-start=\"888\" data-end=\"907\"><span class=\"ez-toc-section\" id=\"Besonderheiten\"><\/span>Funkcje specjalne<span class=\"ez-toc-section-end\"><\/span><\/h4>\n<p data-start=\"908\" data-end=\"1150\" data-is-last-node=\"\" data-is-only-node=\"\">Klar abgestufte Farbt\u00f6ne von Orange bis Rot \u2013 ideal f\u00fcr farbkr\u00e4ftige, moderne Designs. Kalibrierte 3-mm-Quadrate f\u00fcr saubere Kanalfassung, Pav\u00e9 oder dezente Solit\u00e4re. Unbehandelte, lupenreine Qualit\u00e4t mit unabh\u00e4ngiger Zertifizierung (Gem-A).<\/p>\n<hr data-start=\"1926\" data-end=\"1929\" \/>\n<h4 data-start=\"1931\" data-end=\"1971\"><span class=\"ez-toc-section\" id=\"Mehr_uber_unsere_Edelsteine\"><\/span>Wi\u0119cej o naszych kamieniach szlachetnych<span class=\"ez-toc-section-end\"><\/span><\/h4>\n<p data-start=\"1972\" data-end=\"2069\"><a href=\"https:\/\/saphirsmaragd.com\/pl\/product-category\/edelsteine-kaufen\/\">Kamienie szlachetne<\/a><\/p>\n<hr data-start=\"2071\" data-end=\"2074\" \/>\n<h4 data-start=\"2076\" data-end=\"2096\"><span class=\"ez-toc-section\" id=\"Weitere_Infos\"><\/span>Wi\u0119cej informacji<span class=\"ez-toc-section-end\"><\/span><\/h4>\n<p><a href=\"https:\/\/de.wikipedia.org\/wiki\/Opal\" target=\"_blank\" rel=\"noopener\">Wikipedia: Opal<\/a><\/p>","protected":false},"excerpt":{"rendered":"<p data-start=\"500\" data-end=\"739\"><em>Feueropal 0.52 Karat Quadrat Orange-Rot (5er Set): 5 kalibrierte, quadratisch facettierte Steine (je 3 mm) aus Mexiko, unbehandelt, lupenrein, inkl. Zertifikat von Val\u00e9rie DURAFFOURG (Gem-A).<\/em><\/p>\n<p data-start=\"741\" data-end=\"858\">\n<h3 data-start=\"660\" data-end=\"684\"><\/h3>\n<p data-start=\"575\" data-end=\"606\">","protected":false},"featured_media":2864,"comment_status":"open","ping_status":"closed","template":"","meta":{"_glsr_average":0,"_glsr_ranking":0,"_glsr_reviews":0},"product_brand":[],"product_cat":[75],"product_tag":[],"class_list":{"0":"post-2861","1":"product","2":"type-product","3":"status-publish","4":"has-post-thumbnail","6":"product_cat-opale-kaufen","7":"pa_edelsteinart-opal","8":"pa_farbe-orange","9":"pa_farbe-rot","10":"pa_form-quadrat","11":"pa_gewicht-karat-1-0-3-0-karat","12":"pa_herkunft-mexiko","13":"pa_reinheit-lupenrein","14":"pa_veredelung-behandlung-unbehandelt","15":"pa_zertifikat-ja","16":"pa_zustand-neu","18":"first","19":"instock","20":"featured","21":"sold-individually","22":"shipping-taxable","23":"purchasable","24":"product-type-simple","25":"add-to-wishlist-before_image"},"jetpack_sharing_enabled":true,"_links":{"self":[{"href":"https:\/\/saphirsmaragd.com\/pl\/wp-json\/wp\/v2\/product\/2861","targetHints":{"allow":["GET"]}}],"collection":[{"href":"https:\/\/saphirsmaragd.com\/pl\/wp-json\/wp\/v2\/product"}],"about":[{"href":"https:\/\/saphirsmaragd.com\/pl\/wp-json\/wp\/v2\/types\/product"}],"replies":[{"embeddable":true,"href":"https:\/\/saphirsmaragd.com\/pl\/wp-json\/wp\/v2\/comments?post=2861"}],"version-history":[{"count":1,"href":"https:\/\/saphirsmaragd.com\/pl\/wp-json\/wp\/v2\/product\/2861\/revisions"}],"predecessor-version":[{"id":2866,"href":"https:\/\/saphirsmaragd.com\/pl\/wp-json\/wp\/v2\/product\/2861\/revisions\/2866"}],"wp:featuredmedia":[{"embeddable":true,"href":"https:\/\/saphirsmaragd.com\/pl\/wp-json\/wp\/v2\/media\/2864"}],"wp:attachment":[{"href":"https:\/\/saphirsmaragd.com\/pl\/wp-json\/wp\/v2\/media?parent=2861"}],"wp:term":[{"taxonomy":"product_brand","embeddable":true,"href":"https:\/\/saphirsmaragd.com\/pl\/wp-json\/wp\/v2\/product_brand?post=2861"},{"taxonomy":"product_cat","embeddable":true,"href":"https:\/\/saphirsmaragd.com\/pl\/wp-json\/wp\/v2\/product_cat?post=2861"},{"taxonomy":"product_tag","embeddable":true,"href":"https:\/\/saphirsmaragd.com\/pl\/wp-json\/wp\/v2\/product_tag?post=2861"}],"curies":[{"name":"wp","href":"https:\/\/api.w.org\/{rel}","templated":true}]}}