{"id":2885,"date":"2025-10-13T08:49:08","date_gmt":"2025-10-13T08:49:08","guid":{"rendered":"https:\/\/saphirsmaragd.com\/?post_type=product&#038;p=2885"},"modified":"2025-12-29T18:59:36","modified_gmt":"2025-12-29T18:59:36","slug":"feueropal-0-68-karat-oval-rot","status":"publish","type":"product","link":"https:\/\/saphirsmaragd.com\/pl\/produkt\/feueropal-0-68-karat-oval-rot\/","title":{"rendered":"Opal ognisty owalny czerwony o masie 0,68 karata \u2013 fasetowany, nieskazitelny i certyfikowany"},"content":{"rendered":"<div id=\"ez-toc-container\" class=\"ez-toc-v2_0_82_2 counter-hierarchy ez-toc-counter ez-toc-grey ez-toc-container-direction\">\n<div class=\"ez-toc-title-container\">\n<p class=\"ez-toc-title\" style=\"cursor:inherit\">Spis tre\u015bci<\/p>\n<span class=\"ez-toc-title-toggle\"><a href=\"#\" class=\"ez-toc-pull-right ez-toc-btn ez-toc-btn-xs ez-toc-btn-default ez-toc-toggle\" aria-label=\"Prze\u0142\u0105cznik Spisu Tre\u015bci\"><span class=\"ez-toc-js-icon-con\"><span class=\"\"><span class=\"eztoc-hide\" style=\"display:none;\">Toggle<\/span><span class=\"ez-toc-icon-toggle-span\"><svg style=\"fill: #999;color:#999\" xmlns=\"http:\/\/www.w3.org\/2000\/svg\" class=\"list-377408\" width=\"20px\" height=\"20px\" viewbox=\"0 0 24 24\" fill=\"none\"><path d=\"M6 6H4v2h2V6zm14 0H8v2h12V6zM4 11h2v2H4v-2zm16 0H8v2h12v-2zM4 16h2v2H4v-2zm16 0H8v2h12v-2z\" fill=\"currentColor\"><\/path><\/svg><svg style=\"fill: #999;color:#999\" class=\"arrow-unsorted-368013\" xmlns=\"http:\/\/www.w3.org\/2000\/svg\" width=\"10px\" height=\"10px\" viewbox=\"0 0 24 24\" version=\"1.2\" baseprofile=\"tiny\"><path d=\"M18.2 9.3l-6.2-6.3-6.2 6.3c-.2.2-.3.4-.3.7s.1.5.3.7c.2.2.4.3.7.3h11c.3 0 .5-.1.7-.3.2-.2.3-.5.3-.7s-.1-.5-.3-.7zM5.8 14.7l6.2 6.3 6.2-6.3c.2-.2.3-.5.3-.7s-.1-.5-.3-.7c-.2-.2-.4-.3-.7-.3h-11c-.3 0-.5.1-.7.3-.2.2-.3.5-.3.7s.1.5.3.7z\"\/><\/svg><\/span><\/span><\/span><\/a><\/span><\/div>\n<nav><ul class='ez-toc-list ez-toc-list-level-1' ><li class='ez-toc-page-1 ez-toc-heading-level-4'><a class=\"ez-toc-link ez-toc-heading-1\" href=\"https:\/\/saphirsmaragd.com\/pl\/produkt\/feueropal-0-68-karat-oval-rot\/#Feueropal_068_Karat_Oval_Rot_%E2%80%93_facettiert_lupenrein_zertifiziert\" >Opal ognisty 0,68 karata owalny czerwony - fasetowany, bez skazy i certyfikowany<\/a><\/li><li class='ez-toc-page-1 ez-toc-heading-level-4'><a class=\"ez-toc-link ez-toc-heading-2\" href=\"https:\/\/saphirsmaragd.com\/pl\/produkt\/feueropal-0-68-karat-oval-rot\/#Merkmale_Herkunft\" >Charakterystyka i pochodzenie<\/a><\/li><li class='ez-toc-page-1 ez-toc-heading-level-4'><a class=\"ez-toc-link ez-toc-heading-3\" href=\"https:\/\/saphirsmaragd.com\/pl\/produkt\/feueropal-0-68-karat-oval-rot\/#Besonderheiten\" >Funkcje specjalne<\/a><\/li><li class='ez-toc-page-1 ez-toc-heading-level-4'><a class=\"ez-toc-link ez-toc-heading-4\" href=\"https:\/\/saphirsmaragd.com\/pl\/produkt\/feueropal-0-68-karat-oval-rot\/#Mehr_uber_unsere_Edelsteine\" >Wi\u0119cej o naszych kamieniach szlachetnych<\/a><\/li><li class='ez-toc-page-1 ez-toc-heading-level-4'><a class=\"ez-toc-link ez-toc-heading-5\" href=\"https:\/\/saphirsmaragd.com\/pl\/produkt\/feueropal-0-68-karat-oval-rot\/#Weitere_Infos\" >Wi\u0119cej informacji<\/a><\/li><\/ul><\/nav><\/div>\n<h4 data-start=\"694\" data-end=\"767\"><span class=\"ez-toc-section\" id=\"Feueropal_068_Karat_Oval_Rot_%E2%80%93_facettiert_lupenrein_zertifiziert\"><\/span>Opal ognisty 0,68 karata owalny czerwony - fasetowany, bez skazy i certyfikowany<span class=\"ez-toc-section-end\"><\/span><\/h4>\n<p data-start=\"768\" data-end=\"1002\">Ein leuchtend roter, oval facettierter Feueropal mit klarer Transparenz und lebendiger Lichtreflexion. Unbehandelt, unter 10-facher Vergr\u00f6\u00dferung sauber und mit Zertifikat geliefert \u2013 ideal f\u00fcr elegante Ringe, Anh\u00e4nger oder Ohrschmuck.<\/p>\n<hr data-start=\"1004\" data-end=\"1007\" \/>\n<h4 data-start=\"1009\" data-end=\"1033\"><span class=\"ez-toc-section\" id=\"Merkmale_Herkunft\"><\/span>Charakterystyka i pochodzenie<span class=\"ez-toc-section-end\"><\/span><\/h4>\n<p data-start=\"1034\" data-end=\"1347\">Stein: Feueropal<br data-start=\"1050\" data-end=\"1053\" \/>Farbe: Rot<br data-start=\"1063\" data-end=\"1066\" \/>Form: Oval (facettiert)<br data-start=\"1089\" data-end=\"1092\" \/>Gr\u00f6\u00dfe: ca. 8 \u00d7 6 mm<br data-start=\"1111\" data-end=\"1114\" \/>Gewicht: 0.68 Karat<br data-start=\"1133\" data-end=\"1136\" \/>Reinheit: Lupenrein (unter 10\u00d7 Vergr\u00f6\u00dferung sauber)<br data-start=\"1187\" data-end=\"1190\" \/>Behandlung: Unbehandelt<br data-start=\"1213\" data-end=\"1216\" \/>Twardo\u015b\u0107: 6,5 w skali Mohsa<br data-start=\"1245\" data-end=\"1248\" \/>Herkunft: Mexiko<br data-start=\"1264\" data-end=\"1267\" \/>Zertifikat: Val\u00e9rie DURAFFOURG (Gem-A) \u2013 Lieferung mit Zertifikat<br data-start=\"1332\" data-end=\"1335\" \/>Stan: Nowy<\/p>\n<hr data-start=\"1349\" data-end=\"1352\" \/>\n<h4 data-start=\"1354\" data-end=\"1373\"><span class=\"ez-toc-section\" id=\"Besonderheiten\"><\/span>Funkcje specjalne<span class=\"ez-toc-section-end\"><\/span><\/h4>\n<p data-start=\"1374\" data-end=\"1631\">Das intensive, homogene Rot entfaltet in der ovalen Facettierung ein lebendiges Funkeln und wirkt bereits bei normalem Tageslicht. Unbehandelte, lupenreine Qualit\u00e4t mit unabh\u00e4ngiger Zertifizierung (Gem-A) sorgt f\u00fcr maximale Sicherheit und Wertbest\u00e4ndigkeit.<\/p>\n<hr data-start=\"1926\" data-end=\"1929\" \/>\n<h4 data-start=\"1931\" data-end=\"1971\"><span class=\"ez-toc-section\" id=\"Mehr_uber_unsere_Edelsteine\"><\/span>Wi\u0119cej o naszych kamieniach szlachetnych<span class=\"ez-toc-section-end\"><\/span><\/h4>\n<p data-start=\"1972\" data-end=\"2069\"><a href=\"https:\/\/saphirsmaragd.com\/pl\/product-category\/edelsteine-kaufen\/\">Kamienie szlachetne<\/a><\/p>\n<hr data-start=\"2071\" data-end=\"2074\" \/>\n<h4 data-start=\"2076\" data-end=\"2096\"><span class=\"ez-toc-section\" id=\"Weitere_Infos\"><\/span>Wi\u0119cej informacji<span class=\"ez-toc-section-end\"><\/span><\/h4>\n<p><a href=\"https:\/\/de.wikipedia.org\/wiki\/Opal\" target=\"_blank\" rel=\"noopener\">Wikipedia: Opal<\/a><\/p>","protected":false},"excerpt":{"rendered":"<p data-start=\"347\" data-end=\"591\"><em>Feueropal 0.68 Karat Oval Rot &#8211; Nat\u00fcrlicher mexikanischer Feueropal, oval facettiert, intensives Rot, unbehandelt, lupenrein (unter 10\u00d7), H\u00e4rte 6.5, inkl. Zertifikat von Val\u00e9rie DURAFFOURG (Gem-A).<\/em><\/p>\n<p data-start=\"593\" data-end=\"687\">\n<h3 data-start=\"660\" data-end=\"684\"><\/h3>\n<p data-start=\"575\" data-end=\"606\">","protected":false},"featured_media":2888,"comment_status":"open","ping_status":"closed","template":"","meta":{"_glsr_average":0,"_glsr_ranking":0,"_glsr_reviews":0},"product_brand":[],"product_cat":[75],"product_tag":[],"class_list":{"0":"post-2885","1":"product","2":"type-product","3":"status-publish","4":"has-post-thumbnail","6":"product_cat-opale-kaufen","7":"pa_edelsteinart-opal","8":"pa_farbe-rot","9":"pa_form-oval","10":"pa_gewicht-karat-0-5-1-0-karat","11":"pa_herkunft-mexiko","12":"pa_reinheit-lupenrein","13":"pa_veredelung-behandlung-unbehandelt","14":"pa_zertifikat-ja","15":"pa_zustand-neu","17":"first","18":"instock","19":"featured","20":"sold-individually","21":"shipping-taxable","22":"purchasable","23":"product-type-simple","24":"add-to-wishlist-before_image"},"jetpack_sharing_enabled":true,"_links":{"self":[{"href":"https:\/\/saphirsmaragd.com\/pl\/wp-json\/wp\/v2\/product\/2885","targetHints":{"allow":["GET"]}}],"collection":[{"href":"https:\/\/saphirsmaragd.com\/pl\/wp-json\/wp\/v2\/product"}],"about":[{"href":"https:\/\/saphirsmaragd.com\/pl\/wp-json\/wp\/v2\/types\/product"}],"replies":[{"embeddable":true,"href":"https:\/\/saphirsmaragd.com\/pl\/wp-json\/wp\/v2\/comments?post=2885"}],"version-history":[{"count":1,"href":"https:\/\/saphirsmaragd.com\/pl\/wp-json\/wp\/v2\/product\/2885\/revisions"}],"predecessor-version":[{"id":2889,"href":"https:\/\/saphirsmaragd.com\/pl\/wp-json\/wp\/v2\/product\/2885\/revisions\/2889"}],"wp:featuredmedia":[{"embeddable":true,"href":"https:\/\/saphirsmaragd.com\/pl\/wp-json\/wp\/v2\/media\/2888"}],"wp:attachment":[{"href":"https:\/\/saphirsmaragd.com\/pl\/wp-json\/wp\/v2\/media?parent=2885"}],"wp:term":[{"taxonomy":"product_brand","embeddable":true,"href":"https:\/\/saphirsmaragd.com\/pl\/wp-json\/wp\/v2\/product_brand?post=2885"},{"taxonomy":"product_cat","embeddable":true,"href":"https:\/\/saphirsmaragd.com\/pl\/wp-json\/wp\/v2\/product_cat?post=2885"},{"taxonomy":"product_tag","embeddable":true,"href":"https:\/\/saphirsmaragd.com\/pl\/wp-json\/wp\/v2\/product_tag?post=2885"}],"curies":[{"name":"wp","href":"https:\/\/api.w.org\/{rel}","templated":true}]}}