{"id":3535,"date":"2025-10-18T15:45:40","date_gmt":"2025-10-18T15:45:40","guid":{"rendered":"https:\/\/saphirsmaragd.com\/?post_type=product&#038;p=3535"},"modified":"2025-12-29T18:56:11","modified_gmt":"2025-12-29T18:56:11","slug":"turmalin-indigolith-1-90-karat-blau-rechteck","status":"publish","type":"product","link":"https:\/\/saphirsmaragd.com\/pl\/produkt\/turmalin-indigolith-1-90-karat-blau-rechteck\/","title":{"rendered":"Turmalin Indygolit 1,90 karata Niebieski prostok\u0105t \u2013 Intensywny kamie\u0144 szlachetny o blasku"},"content":{"rendered":"<div id=\"ez-toc-container\" class=\"ez-toc-v2_0_82_2 counter-hierarchy ez-toc-counter ez-toc-grey ez-toc-container-direction\">\n<div class=\"ez-toc-title-container\">\n<p class=\"ez-toc-title\" style=\"cursor:inherit\">Spis tre\u015bci<\/p>\n<span class=\"ez-toc-title-toggle\"><a href=\"#\" class=\"ez-toc-pull-right ez-toc-btn ez-toc-btn-xs ez-toc-btn-default ez-toc-toggle\" aria-label=\"Prze\u0142\u0105cznik Spisu Tre\u015bci\"><span class=\"ez-toc-js-icon-con\"><span class=\"\"><span class=\"eztoc-hide\" style=\"display:none;\">Toggle<\/span><span class=\"ez-toc-icon-toggle-span\"><svg style=\"fill: #999;color:#999\" xmlns=\"http:\/\/www.w3.org\/2000\/svg\" class=\"list-377408\" width=\"20px\" height=\"20px\" viewbox=\"0 0 24 24\" fill=\"none\"><path d=\"M6 6H4v2h2V6zm14 0H8v2h12V6zM4 11h2v2H4v-2zm16 0H8v2h12v-2zM4 16h2v2H4v-2zm16 0H8v2h12v-2z\" fill=\"currentColor\"><\/path><\/svg><svg style=\"fill: #999;color:#999\" class=\"arrow-unsorted-368013\" xmlns=\"http:\/\/www.w3.org\/2000\/svg\" width=\"10px\" height=\"10px\" viewbox=\"0 0 24 24\" version=\"1.2\" baseprofile=\"tiny\"><path d=\"M18.2 9.3l-6.2-6.3-6.2 6.3c-.2.2-.3.4-.3.7s.1.5.3.7c.2.2.4.3.7.3h11c.3 0 .5-.1.7-.3.2-.2.3-.5.3-.7s-.1-.5-.3-.7zM5.8 14.7l6.2 6.3 6.2-6.3c.2-.2.3-.5.3-.7s-.1-.5-.3-.7c-.2-.2-.4-.3-.7-.3h-11c-.3 0-.5.1-.7.3-.2.2-.3.5-.3.7s.1.5.3.7z\"\/><\/svg><\/span><\/span><\/span><\/a><\/span><\/div>\n<nav><ul class='ez-toc-list ez-toc-list-level-1' ><li class='ez-toc-page-1 ez-toc-heading-level-4'><a class=\"ez-toc-link ez-toc-heading-1\" href=\"https:\/\/saphirsmaragd.com\/pl\/produkt\/turmalin-indigolith-1-90-karat-blau-rechteck\/#Turmalin_Indigolith_190_Karat_Blau_Rechteck_%E2%80%93_Edelstein_mit_Seltenheitswert\" >Turmalin Indigolith 1.90 Karat Blau Rechteck \u2013 Edelstein mit Seltenheitswert<\/a><\/li><li class='ez-toc-page-1 ez-toc-heading-level-4'><a class=\"ez-toc-link ez-toc-heading-2\" href=\"https:\/\/saphirsmaragd.com\/pl\/produkt\/turmalin-indigolith-1-90-karat-blau-rechteck\/#Merkmale_Herkunft\" >Charakterystyka i pochodzenie<\/a><\/li><li class='ez-toc-page-1 ez-toc-heading-level-4'><a class=\"ez-toc-link ez-toc-heading-3\" href=\"https:\/\/saphirsmaragd.com\/pl\/produkt\/turmalin-indigolith-1-90-karat-blau-rechteck\/#Besonderheiten\" >Funkcje specjalne<\/a><\/li><li class='ez-toc-page-1 ez-toc-heading-level-4'><a class=\"ez-toc-link ez-toc-heading-4\" href=\"https:\/\/saphirsmaragd.com\/pl\/produkt\/turmalin-indigolith-1-90-karat-blau-rechteck\/#Mehr_uber_unsere_Edelsteine\" >Wi\u0119cej o naszych kamieniach szlachetnych<\/a><\/li><li class='ez-toc-page-1 ez-toc-heading-level-4'><a class=\"ez-toc-link ez-toc-heading-5\" href=\"https:\/\/saphirsmaragd.com\/pl\/produkt\/turmalin-indigolith-1-90-karat-blau-rechteck\/#Weitere_Infos\" >Wi\u0119cej informacji<\/a><\/li><\/ul><\/nav><\/div>\n<h4 data-start=\"625\" data-end=\"711\"><span class=\"ez-toc-section\" id=\"Turmalin_Indigolith_190_Karat_Blau_Rechteck_%E2%80%93_Edelstein_mit_Seltenheitswert\"><\/span><strong data-start=\"629\" data-end=\"709\">Turmalin Indigolith 1.90 Karat Blau Rechteck \u2013 Edelstein mit Seltenheitswert<\/strong><span class=\"ez-toc-section-end\"><\/span><\/h4>\n<p data-start=\"712\" data-end=\"973\">Dieser rechteckig geschliffene Turmalin Indigolith beeindruckt mit seiner intensiven blauen Farbe, herausragender Reinheit und idealen Proportionen f\u00fcr exklusive Schmuckst\u00fccke. Mit 1.90 Karat geh\u00f6rt er zu den gefragtesten Varianten dieser seltenen Turmalin-Art.<\/p>\n<hr data-start=\"975\" data-end=\"978\" \/>\n<h4 data-start=\"980\" data-end=\"1010\"><span class=\"ez-toc-section\" id=\"Merkmale_Herkunft\"><\/span><strong data-start=\"987\" data-end=\"1010\">Charakterystyka i pochodzenie<\/strong><span class=\"ez-toc-section-end\"><\/span><\/h4>\n<p data-start=\"1012\" data-end=\"1328\">Steinart: Turmalin<br data-start=\"1030\" data-end=\"1033\" \/>Variet\u00e4t: Indigolith<br data-start=\"1053\" data-end=\"1056\" \/>Farbe: Blau<br data-start=\"1067\" data-end=\"1070\" \/>Form: Rechteck<br data-start=\"1084\" data-end=\"1087\" \/>Gewicht: 1.90 Karat<br data-start=\"1106\" data-end=\"1109\" \/>Ma\u00dfe: 8.8 \u00d7 5.4 mm<br data-start=\"1127\" data-end=\"1130\" \/>H\u00e4rte: 7 auf der Mohs-Skala<br data-start=\"1157\" data-end=\"1160\" \/>Reinheit: Augenrein, feine Einschl\u00fcsse unter 10\u00d7 Lupenvergr\u00f6\u00dferung<br data-start=\"1226\" data-end=\"1229\" \/>Behandlung: Unbehandelt<br data-start=\"1246\" data-end=\"1249\" \/>Zertifikat: Ja (Val\u00e9rie Duraffourg, Gem-A)<br data-start=\"1291\" data-end=\"1294\" \/>Herkunft: Brasilien<br data-start=\"1313\" data-end=\"1316\" \/>Stan: Nowy<\/p>\n<hr data-start=\"1330\" data-end=\"1333\" \/>\n<h4 data-start=\"1335\" data-end=\"1360\"><span class=\"ez-toc-section\" id=\"Besonderheiten\"><\/span><strong data-start=\"1342\" data-end=\"1360\">Funkcje specjalne<\/strong><span class=\"ez-toc-section-end\"><\/span><\/h4>\n<p data-start=\"1362\" data-end=\"1587\">Der Turmalin Indigolith 1.90 Karat Blau Rechteck zeichnet sich durch seine seltene Farbtiefe und Brillanz aus. Der rechteckige Facettenschliff bringt die Farbe optimal zur Geltung und macht ihn ideal f\u00fcr hochwertigen Schmuck.<\/p>\n<hr data-start=\"1926\" data-end=\"1929\" \/>\n<h4 data-start=\"1931\" data-end=\"1971\"><span class=\"ez-toc-section\" id=\"Mehr_uber_unsere_Edelsteine\"><\/span>Wi\u0119cej o naszych kamieniach szlachetnych<span class=\"ez-toc-section-end\"><\/span><\/h4>\n<p data-start=\"1972\" data-end=\"2069\"><a href=\"https:\/\/saphirsmaragd.com\/pl\/product-category\/edelsteine-kaufen\/\">Kamienie szlachetne<\/a><\/p>\n<hr data-start=\"2071\" data-end=\"2074\" \/>\n<h4 data-start=\"2076\" data-end=\"2096\"><span class=\"ez-toc-section\" id=\"Weitere_Infos\"><\/span>Wi\u0119cej informacji<span class=\"ez-toc-section-end\"><\/span><\/h4>\n<p><a href=\"https:\/\/de.wikipedia.org\/wiki\/Turmalin\" target=\"_blank\" rel=\"noopener\">Wikipedia: Turmalin<\/a><\/p>","protected":false},"excerpt":{"rendered":"<p data-start=\"364\" data-end=\"521\"><em>Ein nat\u00fcrlicher Turmalin Indigolith 1.90 Karat Blau Rechteck mit intensiver blauer Farbe und hoher Reinheit. Perfekt f\u00fcr individuelle Schmuckanfertigungen.<\/em><\/p>\n<h2 data-start=\"523\" data-end=\"548\"><\/h2>","protected":false},"featured_media":3537,"comment_status":"open","ping_status":"closed","template":"","meta":{"_glsr_average":0,"_glsr_ranking":0,"_glsr_reviews":0},"product_brand":[],"product_cat":[109],"product_tag":[],"class_list":{"0":"post-3535","1":"product","2":"type-product","3":"status-publish","4":"has-post-thumbnail","6":"product_cat-turmalin-kaufen","7":"pa_edelsteinart-turmalin","8":"pa_farbe-blau","9":"pa_form-rechteck","10":"pa_gewicht-karat-1-0-3-0-karat","11":"pa_herkunft-brasilien","12":"pa_reinheit-augenrein","13":"pa_veredelung-behandlung-unbehandelt","14":"pa_zertifikat-ja","15":"pa_zustand-neu","17":"first","18":"instock","19":"featured","20":"sold-individually","21":"shipping-taxable","22":"purchasable","23":"product-type-simple","24":"add-to-wishlist-before_image"},"jetpack_sharing_enabled":true,"_links":{"self":[{"href":"https:\/\/saphirsmaragd.com\/pl\/wp-json\/wp\/v2\/product\/3535","targetHints":{"allow":["GET"]}}],"collection":[{"href":"https:\/\/saphirsmaragd.com\/pl\/wp-json\/wp\/v2\/product"}],"about":[{"href":"https:\/\/saphirsmaragd.com\/pl\/wp-json\/wp\/v2\/types\/product"}],"replies":[{"embeddable":true,"href":"https:\/\/saphirsmaragd.com\/pl\/wp-json\/wp\/v2\/comments?post=3535"}],"version-history":[{"count":1,"href":"https:\/\/saphirsmaragd.com\/pl\/wp-json\/wp\/v2\/product\/3535\/revisions"}],"predecessor-version":[{"id":3538,"href":"https:\/\/saphirsmaragd.com\/pl\/wp-json\/wp\/v2\/product\/3535\/revisions\/3538"}],"wp:featuredmedia":[{"embeddable":true,"href":"https:\/\/saphirsmaragd.com\/pl\/wp-json\/wp\/v2\/media\/3537"}],"wp:attachment":[{"href":"https:\/\/saphirsmaragd.com\/pl\/wp-json\/wp\/v2\/media?parent=3535"}],"wp:term":[{"taxonomy":"product_brand","embeddable":true,"href":"https:\/\/saphirsmaragd.com\/pl\/wp-json\/wp\/v2\/product_brand?post=3535"},{"taxonomy":"product_cat","embeddable":true,"href":"https:\/\/saphirsmaragd.com\/pl\/wp-json\/wp\/v2\/product_cat?post=3535"},{"taxonomy":"product_tag","embeddable":true,"href":"https:\/\/saphirsmaragd.com\/pl\/wp-json\/wp\/v2\/product_tag?post=3535"}],"curies":[{"name":"wp","href":"https:\/\/api.w.org\/{rel}","templated":true}]}}