{"id":3594,"date":"2025-10-19T08:49:18","date_gmt":"2025-10-19T08:49:18","guid":{"rendered":"https:\/\/saphirsmaragd.com\/?post_type=product&#038;p=3594"},"modified":"2025-12-29T18:56:05","modified_gmt":"2025-12-29T18:56:05","slug":"turmalin-2-80-karat-oval-rosa","status":"publish","type":"product","link":"https:\/\/saphirsmaragd.com\/pl\/produkt\/turmalin-2-80-karat-oval-rosa\/","title":{"rendered":"Turmalin owalny r\u00f3\u017cowy o masie 2,80 karat\u00f3w \u2013 intensywny naturalny kamie\u0144 szlachetny z certyfikatem"},"content":{"rendered":"<div id=\"ez-toc-container\" class=\"ez-toc-v2_0_82_2 counter-hierarchy ez-toc-counter ez-toc-grey ez-toc-container-direction\">\n<div class=\"ez-toc-title-container\">\n<p class=\"ez-toc-title\" style=\"cursor:inherit\">Spis tre\u015bci<\/p>\n<span class=\"ez-toc-title-toggle\"><a href=\"#\" class=\"ez-toc-pull-right ez-toc-btn ez-toc-btn-xs ez-toc-btn-default ez-toc-toggle\" aria-label=\"Prze\u0142\u0105cznik Spisu Tre\u015bci\"><span class=\"ez-toc-js-icon-con\"><span class=\"\"><span class=\"eztoc-hide\" style=\"display:none;\">Toggle<\/span><span class=\"ez-toc-icon-toggle-span\"><svg style=\"fill: #999;color:#999\" xmlns=\"http:\/\/www.w3.org\/2000\/svg\" class=\"list-377408\" width=\"20px\" height=\"20px\" viewbox=\"0 0 24 24\" fill=\"none\"><path d=\"M6 6H4v2h2V6zm14 0H8v2h12V6zM4 11h2v2H4v-2zm16 0H8v2h12v-2zM4 16h2v2H4v-2zm16 0H8v2h12v-2z\" fill=\"currentColor\"><\/path><\/svg><svg style=\"fill: #999;color:#999\" class=\"arrow-unsorted-368013\" xmlns=\"http:\/\/www.w3.org\/2000\/svg\" width=\"10px\" height=\"10px\" viewbox=\"0 0 24 24\" version=\"1.2\" baseprofile=\"tiny\"><path d=\"M18.2 9.3l-6.2-6.3-6.2 6.3c-.2.2-.3.4-.3.7s.1.5.3.7c.2.2.4.3.7.3h11c.3 0 .5-.1.7-.3.2-.2.3-.5.3-.7s-.1-.5-.3-.7zM5.8 14.7l6.2 6.3 6.2-6.3c.2-.2.3-.5.3-.7s-.1-.5-.3-.7c-.2-.2-.4-.3-.7-.3h-11c-.3 0-.5.1-.7.3-.2.2-.3.5-.3.7s.1.5.3.7z\"\/><\/svg><\/span><\/span><\/span><\/a><\/span><\/div>\n<nav><ul class='ez-toc-list ez-toc-list-level-1' ><li class='ez-toc-page-1 ez-toc-heading-level-4'><a class=\"ez-toc-link ez-toc-heading-1\" href=\"https:\/\/saphirsmaragd.com\/pl\/produkt\/turmalin-2-80-karat-oval-rosa\/#Turmalin_280_Karat_Oval_Rosa_%E2%80%93_ein_seltener_Edelstein_fur_anspruchsvolle_Schmuckstucke\" >Turmalin 2.80 Karat Oval Rosa \u2013 ein seltener Edelstein f\u00fcr anspruchsvolle Schmuckst\u00fccke<\/a><\/li><li class='ez-toc-page-1 ez-toc-heading-level-4'><a class=\"ez-toc-link ez-toc-heading-2\" href=\"https:\/\/saphirsmaragd.com\/pl\/produkt\/turmalin-2-80-karat-oval-rosa\/#Merkmale_Herkunft\" >Charakterystyka i pochodzenie<\/a><\/li><li class='ez-toc-page-1 ez-toc-heading-level-4'><a class=\"ez-toc-link ez-toc-heading-3\" href=\"https:\/\/saphirsmaragd.com\/pl\/produkt\/turmalin-2-80-karat-oval-rosa\/#Besonderheiten\" >Funkcje specjalne<\/a><\/li><li class='ez-toc-page-1 ez-toc-heading-level-4'><a class=\"ez-toc-link ez-toc-heading-4\" href=\"https:\/\/saphirsmaragd.com\/pl\/produkt\/turmalin-2-80-karat-oval-rosa\/#Mehr_uber_unsere_Edelsteine\" >Wi\u0119cej o naszych kamieniach szlachetnych<\/a><\/li><li class='ez-toc-page-1 ez-toc-heading-level-4'><a class=\"ez-toc-link ez-toc-heading-5\" href=\"https:\/\/saphirsmaragd.com\/pl\/produkt\/turmalin-2-80-karat-oval-rosa\/#Weitere_Infos\" >Wi\u0119cej informacji<\/a><\/li><\/ul><\/nav><\/div>\n<h4 data-start=\"722\" data-end=\"983\"><span class=\"ez-toc-section\" id=\"Turmalin_280_Karat_Oval_Rosa_%E2%80%93_ein_seltener_Edelstein_fur_anspruchsvolle_Schmuckstucke\"><\/span><strong data-start=\"743\" data-end=\"834\">Turmalin 2.80 Karat Oval Rosa \u2013 ein seltener Edelstein f\u00fcr anspruchsvolle Schmuckst\u00fccke<\/strong><span class=\"ez-toc-section-end\"><\/span><\/h4>\n<p data-start=\"722\" data-end=\"983\">Dieser hochwertige rosa Turmalin besticht durch seine lebendige Farbe, seine nat\u00fcrliche Reinheit und den eleganten Ovalschliff. Ein au\u00dfergew\u00f6hnliches St\u00fcck f\u00fcr individuelle Schmuckdesigns oder Sammlungen.<\/p>\n<hr data-start=\"985\" data-end=\"988\" \/>\n<h4 data-start=\"990\" data-end=\"1019\"><span class=\"ez-toc-section\" id=\"Merkmale_Herkunft\"><\/span>Charakterystyka i pochodzenie<span class=\"ez-toc-section-end\"><\/span><\/h4>\n<p data-start=\"1020\" data-end=\"1282\">Steinart: Turmalin<br data-start=\"1095\" data-end=\"1098\" \/>Farbe: Rosa<br data-start=\"1109\" data-end=\"1112\" \/>Kszta\u0142t: Owalny<br data-start=\"1122\" data-end=\"1125\" \/>Gewicht: 2.80 Karat<br data-start=\"1144\" data-end=\"1147\" \/>H\u00e4rte: 7 auf der Mohs-Skala<br data-start=\"1174\" data-end=\"1177\" \/>Gr\u00f6\u00dfe: 10 \u00d7 7.85 mm<br data-start=\"1196\" data-end=\"1199\" \/>Reinheit: Kleine Einschl\u00fcsse<br data-start=\"1226\" data-end=\"1229\" \/>Behandlung: Unbehandelt<br data-start=\"1252\" data-end=\"1255\" \/>Zertifikat: Val\u00e9rie DURAFFOURG (Gem-A)<br data-start=\"1293\" data-end=\"1296\" \/>Stan: Nowy<\/p>\n<hr data-start=\"1284\" data-end=\"1287\" \/>\n<h4 data-start=\"1289\" data-end=\"1313\"><span class=\"ez-toc-section\" id=\"Besonderheiten\"><\/span>Funkcje specjalne<span class=\"ez-toc-section-end\"><\/span><\/h4>\n<p data-start=\"1379\" data-end=\"1653\">Der Turmalin 2.80 Karat Oval Rosa fasziniert durch seinen intensiven Farbton und seine nat\u00fcrliche Brillanz. Die feinen Einschl\u00fcsse unter 10-facher Vergr\u00f6\u00dferung unterstreichen seine Echtheit und machen ihn zu einem Edelstein f\u00fcr hochwertige Schmuckanfertigungen oder Sammler.<\/p>\n<hr data-start=\"1926\" data-end=\"1929\" \/>\n<h4 data-start=\"1931\" data-end=\"1971\"><span class=\"ez-toc-section\" id=\"Mehr_uber_unsere_Edelsteine\"><\/span>Wi\u0119cej o naszych kamieniach szlachetnych<span class=\"ez-toc-section-end\"><\/span><\/h4>\n<p data-start=\"1972\" data-end=\"2069\"><a href=\"https:\/\/saphirsmaragd.com\/pl\/product-category\/edelsteine-kaufen\/\">Kamienie szlachetne<\/a><\/p>\n<hr data-start=\"2071\" data-end=\"2074\" \/>\n<h4 data-start=\"2076\" data-end=\"2096\"><span class=\"ez-toc-section\" id=\"Weitere_Infos\"><\/span>Wi\u0119cej informacji<span class=\"ez-toc-section-end\"><\/span><\/h4>\n<p><a href=\"https:\/\/de.wikipedia.org\/wiki\/Turmalin\" target=\"_blank\" rel=\"noopener\">Wikipedia: Turmalin<\/a><\/p>","protected":false},"excerpt":{"rendered":"<p data-start=\"457\" data-end=\"603\"><em>Turmalin 2.80 Karat Oval Rosa \u2013 nat\u00fcrlicher Edelstein mit intensiver Farbe, feinen Einschl\u00fcssen und Zertifikat. Ideal f\u00fcr Schmuck und Sammler.<\/em><\/p>\n<h2 data-start=\"523\" data-end=\"548\"><\/h2>","protected":false},"featured_media":3599,"comment_status":"open","ping_status":"closed","template":"","meta":{"_glsr_average":0,"_glsr_ranking":0,"_glsr_reviews":0},"product_brand":[],"product_cat":[109],"product_tag":[],"class_list":{"0":"post-3594","1":"product","2":"type-product","3":"status-publish","4":"has-post-thumbnail","6":"product_cat-turmalin-kaufen","7":"pa_edelsteinart-turmalin","8":"pa_farbe-rosa","9":"pa_form-oval","10":"pa_gewicht-karat-1-0-3-0-karat","11":"pa_reinheit-kleine-einschluesse","12":"pa_veredelung-behandlung-unbehandelt","13":"pa_zertifikat-ja","14":"pa_zustand-neu","16":"first","17":"instock","18":"featured","19":"sold-individually","20":"shipping-taxable","21":"purchasable","22":"product-type-simple","23":"add-to-wishlist-before_image"},"jetpack_sharing_enabled":true,"_links":{"self":[{"href":"https:\/\/saphirsmaragd.com\/pl\/wp-json\/wp\/v2\/product\/3594","targetHints":{"allow":["GET"]}}],"collection":[{"href":"https:\/\/saphirsmaragd.com\/pl\/wp-json\/wp\/v2\/product"}],"about":[{"href":"https:\/\/saphirsmaragd.com\/pl\/wp-json\/wp\/v2\/types\/product"}],"replies":[{"embeddable":true,"href":"https:\/\/saphirsmaragd.com\/pl\/wp-json\/wp\/v2\/comments?post=3594"}],"version-history":[{"count":1,"href":"https:\/\/saphirsmaragd.com\/pl\/wp-json\/wp\/v2\/product\/3594\/revisions"}],"predecessor-version":[{"id":3600,"href":"https:\/\/saphirsmaragd.com\/pl\/wp-json\/wp\/v2\/product\/3594\/revisions\/3600"}],"wp:featuredmedia":[{"embeddable":true,"href":"https:\/\/saphirsmaragd.com\/pl\/wp-json\/wp\/v2\/media\/3599"}],"wp:attachment":[{"href":"https:\/\/saphirsmaragd.com\/pl\/wp-json\/wp\/v2\/media?parent=3594"}],"wp:term":[{"taxonomy":"product_brand","embeddable":true,"href":"https:\/\/saphirsmaragd.com\/pl\/wp-json\/wp\/v2\/product_brand?post=3594"},{"taxonomy":"product_cat","embeddable":true,"href":"https:\/\/saphirsmaragd.com\/pl\/wp-json\/wp\/v2\/product_cat?post=3594"},{"taxonomy":"product_tag","embeddable":true,"href":"https:\/\/saphirsmaragd.com\/pl\/wp-json\/wp\/v2\/product_tag?post=3594"}],"curies":[{"name":"wp","href":"https:\/\/api.w.org\/{rel}","templated":true}]}}