{"id":5629,"date":"2025-11-23T21:05:12","date_gmt":"2025-11-23T21:05:12","guid":{"rendered":"https:\/\/saphirsmaragd.com\/?post_type=product&#038;p=5629"},"modified":"2025-12-05T10:28:45","modified_gmt":"2025-12-05T10:28:45","slug":"amethyst-chevron-punkt-poliert-1308g","status":"publish","type":"product","link":"https:\/\/saphirsmaragd.com\/pl\/produkt\/amethyst-chevron-punkt-poliert-1308g\/","title":{"rendered":"Amethyst Chevron Punkt Poliert \u2013 1308 g \u2013 Naturstein &#038; Unikat"},"content":{"rendered":"<div id=\"ez-toc-container\" class=\"ez-toc-v2_0_82_2 counter-hierarchy ez-toc-counter ez-toc-grey ez-toc-container-direction\">\n<div class=\"ez-toc-title-container\">\n<p class=\"ez-toc-title\" style=\"cursor:inherit\">Spis tre\u015bci<\/p>\n<span class=\"ez-toc-title-toggle\"><a href=\"#\" class=\"ez-toc-pull-right ez-toc-btn ez-toc-btn-xs ez-toc-btn-default ez-toc-toggle\" aria-label=\"Prze\u0142\u0105cznik Spisu Tre\u015bci\"><span class=\"ez-toc-js-icon-con\"><span class=\"\"><span class=\"eztoc-hide\" style=\"display:none;\">Toggle<\/span><span class=\"ez-toc-icon-toggle-span\"><svg style=\"fill: #999;color:#999\" xmlns=\"http:\/\/www.w3.org\/2000\/svg\" class=\"list-377408\" width=\"20px\" height=\"20px\" viewbox=\"0 0 24 24\" fill=\"none\"><path d=\"M6 6H4v2h2V6zm14 0H8v2h12V6zM4 11h2v2H4v-2zm16 0H8v2h12v-2zM4 16h2v2H4v-2zm16 0H8v2h12v-2z\" fill=\"currentColor\"><\/path><\/svg><svg style=\"fill: #999;color:#999\" class=\"arrow-unsorted-368013\" xmlns=\"http:\/\/www.w3.org\/2000\/svg\" width=\"10px\" height=\"10px\" viewbox=\"0 0 24 24\" version=\"1.2\" baseprofile=\"tiny\"><path d=\"M18.2 9.3l-6.2-6.3-6.2 6.3c-.2.2-.3.4-.3.7s.1.5.3.7c.2.2.4.3.7.3h11c.3 0 .5-.1.7-.3.2-.2.3-.5.3-.7s-.1-.5-.3-.7zM5.8 14.7l6.2 6.3 6.2-6.3c.2-.2.3-.5.3-.7s-.1-.5-.3-.7c-.2-.2-.4-.3-.7-.3h-11c-.3 0-.5.1-.7.3-.2.2-.3.5-.3.7s.1.5.3.7z\"\/><\/svg><\/span><\/span><\/span><\/a><\/span><\/div>\n<nav><ul class='ez-toc-list ez-toc-list-level-1' ><li class='ez-toc-page-1 ez-toc-heading-level-4'><a class=\"ez-toc-link ez-toc-heading-1\" href=\"https:\/\/saphirsmaragd.com\/pl\/produkt\/amethyst-chevron-punkt-poliert-1308g\/#Amethyst_Chevron_Punkt_Poliert_%E2%80%93_1308_g_%E2%80%93_Naturstein_Unikat\" >Ametyst chevron point polerowany - 1308 g - Kamie\u0144 naturalny i wyj\u0105tkowy okaz<\/a><\/li><li class='ez-toc-page-1 ez-toc-heading-level-4'><a class=\"ez-toc-link ez-toc-heading-2\" href=\"https:\/\/saphirsmaragd.com\/pl\/produkt\/amethyst-chevron-punkt-poliert-1308g\/#Merkmale_Herkunft\" >Charakterystyka i pochodzenie<\/a><\/li><li class='ez-toc-page-1 ez-toc-heading-level-4'><a class=\"ez-toc-link ez-toc-heading-3\" href=\"https:\/\/saphirsmaragd.com\/pl\/produkt\/amethyst-chevron-punkt-poliert-1308g\/#Besonderheiten\" >Funkcje specjalne\u00a0<\/a><\/li><li class='ez-toc-page-1 ez-toc-heading-level-4'><a class=\"ez-toc-link ez-toc-heading-4\" href=\"https:\/\/saphirsmaragd.com\/pl\/produkt\/amethyst-chevron-punkt-poliert-1308g\/#Mehr_uber_Amethyste_Heilsteine\" >Mehr \u00fcber Amethyste &amp; Heilsteine<\/a><\/li><\/ul><\/nav><\/div>\n<h4 data-start=\"767\" data-end=\"832\"><span class=\"ez-toc-section\" id=\"Amethyst_Chevron_Punkt_Poliert_%E2%80%93_1308_g_%E2%80%93_Naturstein_Unikat\"><\/span><strong data-start=\"767\" data-end=\"832\">Ametyst chevron point polerowany - 1308 g - Kamie\u0144 naturalny i wyj\u0105tkowy okaz<\/strong><span class=\"ez-toc-section-end\"><\/span><\/h4>\n<p data-start=\"834\" data-end=\"1111\">Dieser Amethyst Chevron Punkt aus Madagaskar ist ein kraftvoller Schutz- und Heilstein, der Harmonie, innere Ruhe und spirituelle Entwicklung unterst\u00fctzt.<br data-start=\"988\" data-end=\"991\" \/>Das St\u00fcck zeigt nat\u00fcrliche Vertiefungen und Imperfektionen, die seine Echtheit und nat\u00fcrliche Entstehung unterstreichen.<\/p>\n<hr data-start=\"1113\" data-end=\"1116\" \/>\n<h4 data-start=\"1118\" data-end=\"1147\"><span class=\"ez-toc-section\" id=\"Merkmale_Herkunft\"><\/span><strong data-start=\"1124\" data-end=\"1147\">Charakterystyka i pochodzenie<\/strong><span class=\"ez-toc-section-end\"><\/span><\/h4>\n<p data-start=\"1149\" data-end=\"1425\">Farbe: Violett, Lila, Wei\u00df<br data-start=\"1179\" data-end=\"1182\" \/>Form: Polierter Punkt<br data-start=\"1207\" data-end=\"1210\" \/>Herkunft: Madagaskar<br data-start=\"1234\" data-end=\"1237\" \/>Gewicht: 1308 g<br data-start=\"1256\" data-end=\"1259\" \/>Ma\u00dfe: 15.5 \u00d7 8.5 \u00d7 5.5 cm<br data-start=\"1288\" data-end=\"1291\" \/>Reinheit: Nat\u00fcrlich<br data-start=\"1314\" data-end=\"1317\" \/>Behandlung: Poliert<br data-start=\"1382\" data-end=\"1385\" \/>Steinart: Amethyst (Chevron \/ Quarz)<\/p>\n<hr data-start=\"1427\" data-end=\"1430\" \/>\n<h4 data-start=\"1432\" data-end=\"1466\"><span class=\"ez-toc-section\" id=\"Besonderheiten\"><\/span><strong data-start=\"1438\" data-end=\"1466\">Funkcje specjalne\u00a0<\/strong><span class=\"ez-toc-section-end\"><\/span><\/h4>\n<p data-start=\"1468\" data-end=\"2042\">Amethyst Chevron wirkt sch\u00fctzend, reinigend und harmonisierend. Er unterst\u00fctzt die Kl\u00e4rung des Geistes, bietet Einsicht in Verhalten und Gewohnheiten, hilft beim Loslassen negativer Muster und beim Verarbeiten emotionaler Erfahrungen.<br data-start=\"1702\" data-end=\"1705\" \/>Er \u00f6ffnet Kronen- und Stirnchakra, f\u00f6rdert spirituelle Entwicklung, Intuition und Verbindung zu h\u00f6heren Energien und Guides. Ideal f\u00fcr Meditation, Praxisr\u00e4ume oder zur energetischen Harmonisierung eines Raumes. Physisch kann Amethyst positiv auf Gehirn und Nervensystem, Kopfschmerzen, Schlafprobleme und allgemeines Wohlbefinden wirken.<\/p>\n<hr data-start=\"2044\" data-end=\"2047\" \/>\n<h4 data-start=\"2049\" data-end=\"2091\"><span class=\"ez-toc-section\" id=\"Mehr_uber_Amethyste_Heilsteine\"><\/span><strong data-start=\"2055\" data-end=\"2091\">Mehr \u00fcber Amethyste &amp; Heilsteine<\/strong><span class=\"ez-toc-section-end\"><\/span><\/h4>\n<p data-start=\"2093\" data-end=\"2138\"><a href=\"https:\/\/saphirsmaragd.com\/pl\/product-category\/heilsteine-kristalle-kaufen\/\">Kamienie i kryszta\u0142y lecznicze<\/a> | Amethyste &amp; Quarze<\/p>\n<hr data-start=\"2044\" data-end=\"2047\" \/>\n<p data-start=\"2140\" data-end=\"2208\"><strong data-start=\"2140\" data-end=\"2154\">Wikipedia:<\/strong><br data-start=\"2154\" data-end=\"2157\" \/><a class=\"decorated-link\" href=\"https:\/\/de.wikipedia.org\/wiki\/Amethyst\" target=\"_new\" rel=\"noopener\" data-start=\"2168\" data-end=\"2206\">wikipedia:Amethyst<\/a><\/p>","protected":false},"excerpt":{"rendered":"<p><em>Der Amethyst Chevron Punkt Poliert mit 1308 g ist ein kraftvoller Heilstein f\u00fcr Schutz, Harmonie, spirituelle Entwicklung und emotionale Balance. Ein poliertes Unikat aus Madagaskar \u2013 ideal f\u00fcr Meditation, Praxis- oder Therapier\u00e4ume.<\/em><\/p>","protected":false},"featured_media":5630,"comment_status":"open","ping_status":"closed","template":"","meta":{"_glsr_average":0,"_glsr_ranking":0,"_glsr_reviews":0},"product_brand":[],"product_cat":[84],"product_tag":[],"class_list":{"0":"post-5629","1":"product","2":"type-product","3":"status-publish","4":"has-post-thumbnail","6":"product_cat-rohsteine-kaufen","8":"first","9":"instock","10":"taxable","11":"shipping-taxable","12":"purchasable","13":"product-type-simple","14":"add-to-wishlist-before_image"},"jetpack_sharing_enabled":true,"_links":{"self":[{"href":"https:\/\/saphirsmaragd.com\/pl\/wp-json\/wp\/v2\/product\/5629","targetHints":{"allow":["GET"]}}],"collection":[{"href":"https:\/\/saphirsmaragd.com\/pl\/wp-json\/wp\/v2\/product"}],"about":[{"href":"https:\/\/saphirsmaragd.com\/pl\/wp-json\/wp\/v2\/types\/product"}],"replies":[{"embeddable":true,"href":"https:\/\/saphirsmaragd.com\/pl\/wp-json\/wp\/v2\/comments?post=5629"}],"version-history":[{"count":1,"href":"https:\/\/saphirsmaragd.com\/pl\/wp-json\/wp\/v2\/product\/5629\/revisions"}],"predecessor-version":[{"id":5633,"href":"https:\/\/saphirsmaragd.com\/pl\/wp-json\/wp\/v2\/product\/5629\/revisions\/5633"}],"wp:featuredmedia":[{"embeddable":true,"href":"https:\/\/saphirsmaragd.com\/pl\/wp-json\/wp\/v2\/media\/5630"}],"wp:attachment":[{"href":"https:\/\/saphirsmaragd.com\/pl\/wp-json\/wp\/v2\/media?parent=5629"}],"wp:term":[{"taxonomy":"product_brand","embeddable":true,"href":"https:\/\/saphirsmaragd.com\/pl\/wp-json\/wp\/v2\/product_brand?post=5629"},{"taxonomy":"product_cat","embeddable":true,"href":"https:\/\/saphirsmaragd.com\/pl\/wp-json\/wp\/v2\/product_cat?post=5629"},{"taxonomy":"product_tag","embeddable":true,"href":"https:\/\/saphirsmaragd.com\/pl\/wp-json\/wp\/v2\/product_tag?post=5629"}],"curies":[{"name":"wp","href":"https:\/\/api.w.org\/{rel}","templated":true}]}}