{"id":6244,"date":"2025-12-16T17:09:14","date_gmt":"2025-12-16T17:09:14","guid":{"rendered":"https:\/\/saphirsmaragd.com\/?post_type=product&#038;p=6244"},"modified":"2025-12-29T18:48:48","modified_gmt":"2025-12-29T18:48:48","slug":"feueropal-ohrstecker-gelbgold","status":"publish","type":"product","link":"https:\/\/saphirsmaragd.com\/pl\/produkt\/feueropal-ohrstecker-gelbgold\/","title":{"rendered":"Feueropal Ohrstecker Gelbgold \u2013 Nat\u00fcrliche Feueropale in 18 Karat Gold"},"content":{"rendered":"<div id=\"ez-toc-container\" class=\"ez-toc-v2_0_82_2 counter-hierarchy ez-toc-counter ez-toc-grey ez-toc-container-direction\">\n<div class=\"ez-toc-title-container\">\n<p class=\"ez-toc-title\" style=\"cursor:inherit\">Spis tre\u015bci<\/p>\n<span class=\"ez-toc-title-toggle\"><a href=\"#\" class=\"ez-toc-pull-right ez-toc-btn ez-toc-btn-xs ez-toc-btn-default ez-toc-toggle\" aria-label=\"Prze\u0142\u0105cznik Spisu Tre\u015bci\"><span class=\"ez-toc-js-icon-con\"><span class=\"\"><span class=\"eztoc-hide\" style=\"display:none;\">Toggle<\/span><span class=\"ez-toc-icon-toggle-span\"><svg style=\"fill: #999;color:#999\" xmlns=\"http:\/\/www.w3.org\/2000\/svg\" class=\"list-377408\" width=\"20px\" height=\"20px\" viewbox=\"0 0 24 24\" fill=\"none\"><path d=\"M6 6H4v2h2V6zm14 0H8v2h12V6zM4 11h2v2H4v-2zm16 0H8v2h12v-2zM4 16h2v2H4v-2zm16 0H8v2h12v-2z\" fill=\"currentColor\"><\/path><\/svg><svg style=\"fill: #999;color:#999\" class=\"arrow-unsorted-368013\" xmlns=\"http:\/\/www.w3.org\/2000\/svg\" width=\"10px\" height=\"10px\" viewbox=\"0 0 24 24\" version=\"1.2\" baseprofile=\"tiny\"><path d=\"M18.2 9.3l-6.2-6.3-6.2 6.3c-.2.2-.3.4-.3.7s.1.5.3.7c.2.2.4.3.7.3h11c.3 0 .5-.1.7-.3.2-.2.3-.5.3-.7s-.1-.5-.3-.7zM5.8 14.7l6.2 6.3 6.2-6.3c.2-.2.3-.5.3-.7s-.1-.5-.3-.7c-.2-.2-.4-.3-.7-.3h-11c-.3 0-.5.1-.7.3-.2.2-.3.5-.3.7s.1.5.3.7z\"\/><\/svg><\/span><\/span><\/span><\/a><\/span><\/div>\n<nav><ul class='ez-toc-list ez-toc-list-level-1' ><li class='ez-toc-page-1 ez-toc-heading-level-4'><a class=\"ez-toc-link ez-toc-heading-1\" href=\"https:\/\/saphirsmaragd.com\/pl\/produkt\/feueropal-ohrstecker-gelbgold\/#Feueropal_Ohrstecker_Gelbgold_%E2%80%93_Ausdrucksstarker_Edelsteinschmuck\" >Feueropal Ohrstecker Gelbgold \u2013 Ausdrucksstarker Edelsteinschmuck<\/a><\/li><li class='ez-toc-page-1 ez-toc-heading-level-4'><a class=\"ez-toc-link ez-toc-heading-2\" href=\"https:\/\/saphirsmaragd.com\/pl\/produkt\/feueropal-ohrstecker-gelbgold\/#Merkmale_Herkunft\" >Charakterystyka i pochodzenie<\/a><\/li><li class='ez-toc-page-1 ez-toc-heading-level-4'><a class=\"ez-toc-link ez-toc-heading-3\" href=\"https:\/\/saphirsmaragd.com\/pl\/produkt\/feueropal-ohrstecker-gelbgold\/#Schmuckdetails\" >Schmuckdetails<\/a><\/li><li class='ez-toc-page-1 ez-toc-heading-level-4'><a class=\"ez-toc-link ez-toc-heading-4\" href=\"https:\/\/saphirsmaragd.com\/pl\/produkt\/feueropal-ohrstecker-gelbgold\/#Besonderheiten\" >Funkcje specjalne<\/a><\/li><li class='ez-toc-page-1 ez-toc-heading-level-4'><a class=\"ez-toc-link ez-toc-heading-5\" href=\"https:\/\/saphirsmaragd.com\/pl\/produkt\/feueropal-ohrstecker-gelbgold\/#Mehr_uber_unsere_Edelsteine\" >Wi\u0119cej o naszych kamieniach szlachetnych<\/a><\/li><li class='ez-toc-page-1 ez-toc-heading-level-4'><a class=\"ez-toc-link ez-toc-heading-6\" href=\"https:\/\/saphirsmaragd.com\/pl\/produkt\/feueropal-ohrstecker-gelbgold\/#Weitere_Infos\" >Wi\u0119cej informacji<\/a><\/li><\/ul><\/nav><\/div>\n<h4 data-start=\"1089\" data-end=\"1162\"><span class=\"ez-toc-section\" id=\"Feueropal_Ohrstecker_Gelbgold_%E2%80%93_Ausdrucksstarker_Edelsteinschmuck\"><\/span><strong data-start=\"1093\" data-end=\"1162\">Feueropal Ohrstecker Gelbgold \u2013 Ausdrucksstarker Edelsteinschmuck<\/strong><span class=\"ez-toc-section-end\"><\/span><\/h4>\n<p data-start=\"1163\" data-end=\"1400\">Diese edlen Feueropal Ohrstecker aus 18 Karat Gelbgold vereinen intensives Farbspiel mit klassischer Eleganz. Die nat\u00fcrlichen Feueropale zeigen ein kr\u00e4ftiges, lebendiges Rot und werden durch die warme Goldfassung besonders hervorgehoben.<\/p>\n<hr data-start=\"1402\" data-end=\"1405\" \/>\n<h4 data-start=\"1407\" data-end=\"1434\"><span class=\"ez-toc-section\" id=\"Merkmale_Herkunft\"><\/span><strong data-start=\"1411\" data-end=\"1434\">Charakterystyka i pochodzenie<\/strong><span class=\"ez-toc-section-end\"><\/span><\/h4>\n<p data-start=\"1435\" data-end=\"1657\">Edelstein: Feueropal<br data-start=\"1455\" data-end=\"1458\" \/>Anzahl Steine: 2<br data-start=\"1474\" data-end=\"1477\" \/>Form: Dreieck facettiert<br data-start=\"1501\" data-end=\"1504\" \/>Farbe: Leuchtend Rot<br data-start=\"1524\" data-end=\"1527\" \/>Gewicht Edelsteine: ca. 1.65 Karat pro Paar<br data-start=\"1570\" data-end=\"1573\" \/>Reinheit: Augenrein<br data-start=\"1592\" data-end=\"1595\" \/>Herkunft: Mexiko<br data-start=\"1611\" data-end=\"1614\" \/>Behandlung: Keine<br data-start=\"1631\" data-end=\"1634\" \/>Mohs-H\u00e4rte: 5.5 \u2013 6.5<\/p>\n<hr data-start=\"1659\" data-end=\"1662\" \/>\n<h4 data-start=\"1664\" data-end=\"1686\"><span class=\"ez-toc-section\" id=\"Schmuckdetails\"><\/span><strong data-start=\"1668\" data-end=\"1686\">Schmuckdetails<\/strong><span class=\"ez-toc-section-end\"><\/span><\/h4>\n<p data-start=\"1687\" data-end=\"1896\">Schmuckart: Ohrstecker<br data-start=\"1709\" data-end=\"1712\" \/>Metall: 18 Karat Gelbgold (750\/1000)<br data-start=\"1748\" data-end=\"1751\" \/>Fassung: Krappenfassung<br data-start=\"1774\" data-end=\"1777\" \/>Verschluss: Steckverschluss mit Alpaka-Sicherung<br data-start=\"1825\" data-end=\"1828\" \/>Gewicht Metall: ca. 2.9 g<br data-start=\"1853\" data-end=\"1856\" \/>Fertigung: Handgefertigt in Frankreich<\/p>\n<hr data-start=\"1898\" data-end=\"1901\" \/>\n<h4 data-start=\"1903\" data-end=\"1925\"><span class=\"ez-toc-section\" id=\"Besonderheiten\"><\/span><strong data-start=\"1907\" data-end=\"1925\">Funkcje specjalne<\/strong><span class=\"ez-toc-section-end\"><\/span><\/h4>\n<p data-start=\"1926\" data-end=\"2167\">Der Feueropal z\u00e4hlt zu den seltensten Opalarten und ist besonders f\u00fcr seine intensive Eigenfarbe bekannt. Diese Ohrstecker sind nicht nur ein elegantes Schmuckst\u00fcck, sondern auch eine wertige Investition in einen au\u00dfergew\u00f6hnlichen Edelstein.<\/p>\n<hr data-start=\"1926\" data-end=\"1929\" \/>\n<h4 data-start=\"1931\" data-end=\"1971\"><span class=\"ez-toc-section\" id=\"Mehr_uber_unsere_Edelsteine\"><\/span>Wi\u0119cej o naszych kamieniach szlachetnych<span class=\"ez-toc-section-end\"><\/span><\/h4>\n<p data-start=\"1972\" data-end=\"2069\"><a href=\"https:\/\/saphirsmaragd.com\/pl\/product-category\/edelsteine-kaufen\/\">Kamienie szlachetne<\/a><\/p>\n<hr data-start=\"2071\" data-end=\"2074\" \/>\n<h4 data-start=\"2076\" data-end=\"2096\"><span class=\"ez-toc-section\" id=\"Weitere_Infos\"><\/span>Wi\u0119cej informacji<span class=\"ez-toc-section-end\"><\/span><\/h4>\n<p data-start=\"2097\" data-end=\"2160\"><a class=\"decorated-link cursor-pointer\" href=\"https:\/\/de.wikipedia.org\/wiki\/Opal\" target=\"_new\" rel=\"noopener\" data-start=\"2097\" data-end=\"2160\">Wikipedia: Feueropal<\/a><\/p>","protected":false},"excerpt":{"rendered":"<p data-start=\"537\" data-end=\"684\"><em>Feueropal Ohrstecker Gelbgold mit nat\u00fcrlichen, intensiv roten Feueropalen. 18 Karat Gelbgold, hochwertige Krappenfassung, gepr\u00fcft und zertifiziert.<\/em><\/p>\n<p data-start=\"575\" data-end=\"606\">","protected":false},"featured_media":6254,"comment_status":"open","ping_status":"closed","template":"","meta":{"_glsr_average":0,"_glsr_ranking":0,"_glsr_reviews":0},"product_brand":[],"product_cat":[82,75],"product_tag":[],"class_list":{"0":"post-6244","1":"product","2":"type-product","3":"status-publish","4":"has-post-thumbnail","6":"product_cat-ohrringe-kaufen","7":"product_cat-opale-kaufen","8":"pa_edelsteinart-opal","9":"pa_farbe-rot","10":"pa_form-dreieck","11":"pa_gewicht-karat-1-0-3-0-karat","12":"pa_herkunft-mexiko","13":"pa_reinheit-augenrein","14":"pa_veredelung-behandlung-unbehandelt","15":"pa_zertifikat-ja","16":"pa_zustand-neu","18":"first","19":"instock","20":"featured","21":"sold-individually","22":"shipping-taxable","23":"purchasable","24":"product-type-simple","25":"add-to-wishlist-before_image"},"jetpack_sharing_enabled":true,"_links":{"self":[{"href":"https:\/\/saphirsmaragd.com\/pl\/wp-json\/wp\/v2\/product\/6244","targetHints":{"allow":["GET"]}}],"collection":[{"href":"https:\/\/saphirsmaragd.com\/pl\/wp-json\/wp\/v2\/product"}],"about":[{"href":"https:\/\/saphirsmaragd.com\/pl\/wp-json\/wp\/v2\/types\/product"}],"replies":[{"embeddable":true,"href":"https:\/\/saphirsmaragd.com\/pl\/wp-json\/wp\/v2\/comments?post=6244"}],"version-history":[{"count":1,"href":"https:\/\/saphirsmaragd.com\/pl\/wp-json\/wp\/v2\/product\/6244\/revisions"}],"predecessor-version":[{"id":6248,"href":"https:\/\/saphirsmaragd.com\/pl\/wp-json\/wp\/v2\/product\/6244\/revisions\/6248"}],"wp:featuredmedia":[{"embeddable":true,"href":"https:\/\/saphirsmaragd.com\/pl\/wp-json\/wp\/v2\/media\/6254"}],"wp:attachment":[{"href":"https:\/\/saphirsmaragd.com\/pl\/wp-json\/wp\/v2\/media?parent=6244"}],"wp:term":[{"taxonomy":"product_brand","embeddable":true,"href":"https:\/\/saphirsmaragd.com\/pl\/wp-json\/wp\/v2\/product_brand?post=6244"},{"taxonomy":"product_cat","embeddable":true,"href":"https:\/\/saphirsmaragd.com\/pl\/wp-json\/wp\/v2\/product_cat?post=6244"},{"taxonomy":"product_tag","embeddable":true,"href":"https:\/\/saphirsmaragd.com\/pl\/wp-json\/wp\/v2\/product_tag?post=6244"}],"curies":[{"name":"wp","href":"https:\/\/api.w.org\/{rel}","templated":true}]}}