{"id":6529,"date":"2025-12-20T16:23:36","date_gmt":"2025-12-20T16:23:36","guid":{"rendered":"https:\/\/saphirsmaragd.com\/?post_type=product&#038;p=6529"},"modified":"2025-12-29T18:47:25","modified_gmt":"2025-12-29T18:47:25","slug":"smaragd-2-33-karat-troidium-gruen","status":"publish","type":"product","link":"https:\/\/saphirsmaragd.com\/pl\/produkt\/smaragd-2-33-karat-troidium-gruen\/","title":{"rendered":"Smaragd 2.33 Karat Troidium Gr\u00fcn \u2013 Seltener zertifizierter Edelstein aus Sambia"},"content":{"rendered":"<div id=\"ez-toc-container\" class=\"ez-toc-v2_0_82_2 counter-hierarchy ez-toc-counter ez-toc-grey ez-toc-container-direction\">\n<div class=\"ez-toc-title-container\">\n<p class=\"ez-toc-title\" style=\"cursor:inherit\">Spis tre\u015bci<\/p>\n<span class=\"ez-toc-title-toggle\"><a href=\"#\" class=\"ez-toc-pull-right ez-toc-btn ez-toc-btn-xs ez-toc-btn-default ez-toc-toggle\" aria-label=\"Prze\u0142\u0105cznik Spisu Tre\u015bci\"><span class=\"ez-toc-js-icon-con\"><span class=\"\"><span class=\"eztoc-hide\" style=\"display:none;\">Toggle<\/span><span class=\"ez-toc-icon-toggle-span\"><svg style=\"fill: #999;color:#999\" xmlns=\"http:\/\/www.w3.org\/2000\/svg\" class=\"list-377408\" width=\"20px\" height=\"20px\" viewbox=\"0 0 24 24\" fill=\"none\"><path d=\"M6 6H4v2h2V6zm14 0H8v2h12V6zM4 11h2v2H4v-2zm16 0H8v2h12v-2zM4 16h2v2H4v-2zm16 0H8v2h12v-2z\" fill=\"currentColor\"><\/path><\/svg><svg style=\"fill: #999;color:#999\" class=\"arrow-unsorted-368013\" xmlns=\"http:\/\/www.w3.org\/2000\/svg\" width=\"10px\" height=\"10px\" viewbox=\"0 0 24 24\" version=\"1.2\" baseprofile=\"tiny\"><path d=\"M18.2 9.3l-6.2-6.3-6.2 6.3c-.2.2-.3.4-.3.7s.1.5.3.7c.2.2.4.3.7.3h11c.3 0 .5-.1.7-.3.2-.2.3-.5.3-.7s-.1-.5-.3-.7zM5.8 14.7l6.2 6.3 6.2-6.3c.2-.2.3-.5.3-.7s-.1-.5-.3-.7c-.2-.2-.4-.3-.7-.3h-11c-.3 0-.5.1-.7.3-.2.2-.3.5-.3.7s.1.5.3.7z\"\/><\/svg><\/span><\/span><\/span><\/a><\/span><\/div>\n<nav><ul class='ez-toc-list ez-toc-list-level-1' ><li class='ez-toc-page-1 ez-toc-heading-level-4'><a class=\"ez-toc-link ez-toc-heading-1\" href=\"https:\/\/saphirsmaragd.com\/pl\/produkt\/smaragd-2-33-karat-troidium-gruen\/#Smaragd_233_Karat_Troidium_Grun_%E2%80%93_Ausergewohnliche_Schliffform_mit_Seltenheitswert\" >Smaragd 2.33 Karat Troidium Gr\u00fcn \u2013 Au\u00dfergew\u00f6hnliche Schliffform mit Seltenheitswert<\/a><\/li><li class='ez-toc-page-1 ez-toc-heading-level-4'><a class=\"ez-toc-link ez-toc-heading-2\" href=\"https:\/\/saphirsmaragd.com\/pl\/produkt\/smaragd-2-33-karat-troidium-gruen\/#Merkmale_Herkunft\" >Charakterystyka i pochodzenie<\/a><\/li><li class='ez-toc-page-1 ez-toc-heading-level-4'><a class=\"ez-toc-link ez-toc-heading-3\" href=\"https:\/\/saphirsmaragd.com\/pl\/produkt\/smaragd-2-33-karat-troidium-gruen\/#Besonderheiten\" >Funkcje specjalne<\/a><\/li><li class='ez-toc-page-1 ez-toc-heading-level-4'><a class=\"ez-toc-link ez-toc-heading-4\" href=\"https:\/\/saphirsmaragd.com\/pl\/produkt\/smaragd-2-33-karat-troidium-gruen\/#Mehr_uber_Smaragde\" >Mehr \u00fcber Smaragde<\/a><\/li><li class='ez-toc-page-1 ez-toc-heading-level-4'><a class=\"ez-toc-link ez-toc-heading-5\" href=\"https:\/\/saphirsmaragd.com\/pl\/produkt\/smaragd-2-33-karat-troidium-gruen\/#Weitere_Infos\" >Wi\u0119cej informacji<\/a><\/li><\/ul><\/nav><\/div>\n<h4 data-start=\"1311\" data-end=\"1400\"><span class=\"ez-toc-section\" id=\"Smaragd_233_Karat_Troidium_Grun_%E2%80%93_Ausergewohnliche_Schliffform_mit_Seltenheitswert\"><\/span>Smaragd 2.33 Karat Troidium Gr\u00fcn \u2013 Au\u00dfergew\u00f6hnliche Schliffform mit Seltenheitswert<span class=\"ez-toc-section-end\"><\/span><\/h4>\n<p data-start=\"1401\" data-end=\"1698\">Dieser Smaragd 2.33 Karat im seltenen Troidium-Schliff besticht durch seine au\u00dfergew\u00f6hnliche Form, seine ausgewogene Symmetrie und seine lebendige gr\u00fcne Farbe. Smaragde in Troidium-Form sind deutlich seltener als klassische Schliffe und werden bevorzugt f\u00fcr exklusive Schmuckanfertigungen gew\u00e4hlt.<\/p>\n<hr data-start=\"1700\" data-end=\"1703\" \/>\n<h4 data-start=\"1705\" data-end=\"1731\"><span class=\"ez-toc-section\" id=\"Merkmale_Herkunft\"><\/span>Charakterystyka i pochodzenie<span class=\"ez-toc-section-end\"><\/span><\/h4>\n<p data-start=\"1732\" data-end=\"1969\">Edelstein: Smaragd<br data-start=\"1750\" data-end=\"1753\" \/>Farbe: Gr\u00fcn<br data-start=\"1764\" data-end=\"1767\" \/>Form: Troidium<br data-start=\"1781\" data-end=\"1784\" \/>Gewicht: 2.33 Karat<br data-start=\"1803\" data-end=\"1806\" \/>Abmessungen: 9.4 \u00d7 9.4 mm<br data-start=\"1831\" data-end=\"1834\" \/>Herkunft: Sambia<br data-start=\"1850\" data-end=\"1853\" \/>Behandlung: Ge\u00f6lt<br data-start=\"1870\" data-end=\"1873\" \/>Reinheit: Kleine Einschl\u00fcsse<br data-start=\"1901\" data-end=\"1904\" \/>Mohs-H\u00e4rte: 7.5\u20138<br data-start=\"1921\" data-end=\"1924\" \/>Zertifikat: Ja (Bellerophon)<br data-start=\"1952\" data-end=\"1955\" \/>Stan: Nowy<\/p>\n<hr data-start=\"1971\" data-end=\"1974\" \/>\n<h4 data-start=\"1976\" data-end=\"1997\"><span class=\"ez-toc-section\" id=\"Besonderheiten\"><\/span>Funkcje specjalne<span class=\"ez-toc-section-end\"><\/span><\/h4>\n<p data-start=\"1998\" data-end=\"2269\">Der Smaragd 2.33 Karat Troidium Gr\u00fcn zeichnet sich durch seine seltene Schliffform aus, die eine moderne Optik mit klassischer Edelsteinqualit\u00e4t verbindet. Die anerkannte \u00d6lbehandlung sorgt f\u00fcr eine harmonische Erscheinung und unterstreicht die nat\u00fcrliche Farbintensit\u00e4t.<\/p>\n<hr data-start=\"1443\" data-end=\"1446\" \/>\n<h4 data-start=\"1448\" data-end=\"1473\"><span class=\"ez-toc-section\" id=\"Mehr_uber_Smaragde\"><\/span>Mehr \u00fcber Smaragde<span class=\"ez-toc-section-end\"><\/span><\/h4>\n<p data-start=\"1475\" data-end=\"1668\"><a class=\"\" href=\"https:\/\/saphirsmaragd.com\/pl\/product-category\/heilsteine-kristalle-kaufen\/\" target=\"_new\" rel=\"noopener\" data-start=\"1571\" data-end=\"1668\">Kamienie i kryszta\u0142y lecznicze<\/a><\/p>\n<hr data-start=\"1670\" data-end=\"1673\" \/>\n<h4 data-start=\"1675\" data-end=\"1695\"><span class=\"ez-toc-section\" id=\"Weitere_Infos\"><\/span>Wi\u0119cej informacji<span class=\"ez-toc-section-end\"><\/span><\/h4>\n<p data-start=\"1697\" data-end=\"1801\"><a class=\"\" href=\"https:\/\/de.wikipedia.org\/wiki\/Smaragd\" target=\"_new\" rel=\"noopener\" data-start=\"1741\" data-end=\"1801\">Wikipedia \u2013 Smaragd<\/a><\/p>","protected":false},"excerpt":{"rendered":"<p data-start=\"761\" data-end=\"797\"><em>Smaragd 2.33 Karat Troidium Gr\u00fcn aus Sambia. Zertifizierter Edelstein mit intensiver gr\u00fcner Farbe und klassischer \u00d6lbehandlung.<\/em><\/p>\n<p data-start=\"378\" data-end=\"474\">","protected":false},"featured_media":6530,"comment_status":"open","ping_status":"closed","template":"","meta":{"_glsr_average":0,"_glsr_ranking":0,"_glsr_reviews":0},"product_brand":[],"product_cat":[262],"product_tag":[],"class_list":{"0":"post-6529","1":"product","2":"type-product","3":"status-publish","4":"has-post-thumbnail","6":"product_cat-smaragd","7":"pa_edelsteinart-smaragd","8":"pa_farbe-gruen","9":"pa_form-kissen","10":"pa_gewicht-karat-1-0-3-0-karat","11":"pa_herkunft-sambia","12":"pa_reinheit-kleine-einschluesse","13":"pa_veredelung-behandlung-geoelt","14":"pa_zertifikat-ja","15":"pa_zustand-neu","17":"first","18":"instock","19":"sold-individually","20":"shipping-taxable","21":"purchasable","22":"product-type-simple","23":"add-to-wishlist-before_image"},"jetpack_sharing_enabled":true,"_links":{"self":[{"href":"https:\/\/saphirsmaragd.com\/pl\/wp-json\/wp\/v2\/product\/6529","targetHints":{"allow":["GET"]}}],"collection":[{"href":"https:\/\/saphirsmaragd.com\/pl\/wp-json\/wp\/v2\/product"}],"about":[{"href":"https:\/\/saphirsmaragd.com\/pl\/wp-json\/wp\/v2\/types\/product"}],"replies":[{"embeddable":true,"href":"https:\/\/saphirsmaragd.com\/pl\/wp-json\/wp\/v2\/comments?post=6529"}],"version-history":[{"count":1,"href":"https:\/\/saphirsmaragd.com\/pl\/wp-json\/wp\/v2\/product\/6529\/revisions"}],"predecessor-version":[{"id":6531,"href":"https:\/\/saphirsmaragd.com\/pl\/wp-json\/wp\/v2\/product\/6529\/revisions\/6531"}],"wp:featuredmedia":[{"embeddable":true,"href":"https:\/\/saphirsmaragd.com\/pl\/wp-json\/wp\/v2\/media\/6530"}],"wp:attachment":[{"href":"https:\/\/saphirsmaragd.com\/pl\/wp-json\/wp\/v2\/media?parent=6529"}],"wp:term":[{"taxonomy":"product_brand","embeddable":true,"href":"https:\/\/saphirsmaragd.com\/pl\/wp-json\/wp\/v2\/product_brand?post=6529"},{"taxonomy":"product_cat","embeddable":true,"href":"https:\/\/saphirsmaragd.com\/pl\/wp-json\/wp\/v2\/product_cat?post=6529"},{"taxonomy":"product_tag","embeddable":true,"href":"https:\/\/saphirsmaragd.com\/pl\/wp-json\/wp\/v2\/product_tag?post=6529"}],"curies":[{"name":"wp","href":"https:\/\/api.w.org\/{rel}","templated":true}]}}