{"id":6578,"date":"2025-12-21T15:03:49","date_gmt":"2025-12-21T15:03:49","guid":{"rendered":"https:\/\/saphirsmaragd.com\/?post_type=product&#038;p=6578"},"modified":"2025-12-29T18:47:12","modified_gmt":"2025-12-29T18:47:12","slug":"spinell-kissen-2-78-karat-rot","status":"publish","type":"product","link":"https:\/\/saphirsmaragd.com\/pl\/produkt\/spinell-kissen-2-78-karat-rot\/","title":{"rendered":"Spinell Kissen 2.78 Karat Rot \u2013 nat\u00fcrlicher roter Spinell aus Myanmar"},"content":{"rendered":"<div id=\"ez-toc-container\" class=\"ez-toc-v2_0_82_2 counter-hierarchy ez-toc-counter ez-toc-grey ez-toc-container-direction\">\n<div class=\"ez-toc-title-container\">\n<p class=\"ez-toc-title\" style=\"cursor:inherit\">Spis tre\u015bci<\/p>\n<span class=\"ez-toc-title-toggle\"><a href=\"#\" class=\"ez-toc-pull-right ez-toc-btn ez-toc-btn-xs ez-toc-btn-default ez-toc-toggle\" aria-label=\"Prze\u0142\u0105cznik Spisu Tre\u015bci\"><span class=\"ez-toc-js-icon-con\"><span class=\"\"><span class=\"eztoc-hide\" style=\"display:none;\">Toggle<\/span><span class=\"ez-toc-icon-toggle-span\"><svg style=\"fill: #999;color:#999\" xmlns=\"http:\/\/www.w3.org\/2000\/svg\" class=\"list-377408\" width=\"20px\" height=\"20px\" viewbox=\"0 0 24 24\" fill=\"none\"><path d=\"M6 6H4v2h2V6zm14 0H8v2h12V6zM4 11h2v2H4v-2zm16 0H8v2h12v-2zM4 16h2v2H4v-2zm16 0H8v2h12v-2z\" fill=\"currentColor\"><\/path><\/svg><svg style=\"fill: #999;color:#999\" class=\"arrow-unsorted-368013\" xmlns=\"http:\/\/www.w3.org\/2000\/svg\" width=\"10px\" height=\"10px\" viewbox=\"0 0 24 24\" version=\"1.2\" baseprofile=\"tiny\"><path d=\"M18.2 9.3l-6.2-6.3-6.2 6.3c-.2.2-.3.4-.3.7s.1.5.3.7c.2.2.4.3.7.3h11c.3 0 .5-.1.7-.3.2-.2.3-.5.3-.7s-.1-.5-.3-.7zM5.8 14.7l6.2 6.3 6.2-6.3c.2-.2.3-.5.3-.7s-.1-.5-.3-.7c-.2-.2-.4-.3-.7-.3h-11c-.3 0-.5.1-.7.3-.2.2-.3.5-.3.7s.1.5.3.7z\"\/><\/svg><\/span><\/span><\/span><\/a><\/span><\/div>\n<nav><ul class='ez-toc-list ez-toc-list-level-1' ><li class='ez-toc-page-1 ez-toc-heading-level-4'><a class=\"ez-toc-link ez-toc-heading-1\" href=\"https:\/\/saphirsmaragd.com\/pl\/produkt\/spinell-kissen-2-78-karat-rot\/#Spinell_Kissen_278_Karat_Rot\" >Spinell Kissen 2.78 Karat Rot<\/a><\/li><li class='ez-toc-page-1 ez-toc-heading-level-4'><a class=\"ez-toc-link ez-toc-heading-2\" href=\"https:\/\/saphirsmaragd.com\/pl\/produkt\/spinell-kissen-2-78-karat-rot\/#Merkmale_Herkunft\" >Charakterystyka i pochodzenie<\/a><\/li><li class='ez-toc-page-1 ez-toc-heading-level-4'><a class=\"ez-toc-link ez-toc-heading-3\" href=\"https:\/\/saphirsmaragd.com\/pl\/produkt\/spinell-kissen-2-78-karat-rot\/#Besonderheiten\" >Funkcje specjalne<\/a><\/li><li class='ez-toc-page-1 ez-toc-heading-level-4'><a class=\"ez-toc-link ez-toc-heading-4\" href=\"https:\/\/saphirsmaragd.com\/pl\/produkt\/spinell-kissen-2-78-karat-rot\/#Mehr_uber_unsere_Edelsteine\" >Wi\u0119cej o naszych kamieniach szlachetnych<\/a><\/li><li class='ez-toc-page-1 ez-toc-heading-level-4'><a class=\"ez-toc-link ez-toc-heading-5\" href=\"https:\/\/saphirsmaragd.com\/pl\/produkt\/spinell-kissen-2-78-karat-rot\/#Weitere_Infos\" >Wi\u0119cej informacji<\/a><\/li><\/ul><\/nav><\/div>\n<h4 data-start=\"1237\" data-end=\"1274\"><span class=\"ez-toc-section\" id=\"Spinell_Kissen_278_Karat_Rot\"><\/span><strong data-start=\"1241\" data-end=\"1274\">Spinell Kissen 2.78 Karat Rot<\/strong><span class=\"ez-toc-section-end\"><\/span><\/h4>\n<p data-start=\"1276\" data-end=\"1601\">Dieser <strong data-start=\"1283\" data-end=\"1316\">Spinell Kissen 2.78 Karat Rot<\/strong> \u00fcberzeugt durch seine intensive rote Farbgebung, seine nat\u00fcrliche Qualit\u00e4t ohne Behandlung und seine elegante kissenf\u00f6rmige Schliffart. Rote Spinelle aus Myanmar z\u00e4hlen zu den seltensten und begehrtesten Farbsteinen und gewinnen stetig an Bedeutung bei Sammlern und Schmuckliebhabern.<\/p>\n<hr data-start=\"1603\" data-end=\"1606\" \/>\n<h4 data-start=\"1608\" data-end=\"1632\"><span class=\"ez-toc-section\" id=\"Merkmale_Herkunft\"><\/span>Charakterystyka i pochodzenie<span class=\"ez-toc-section-end\"><\/span><\/h4>\n<p data-start=\"1634\" data-end=\"1842\">Steinart: Spinell<br data-start=\"1651\" data-end=\"1654\" \/>Form: Kissen<br data-start=\"1666\" data-end=\"1669\" \/>Farbe: Rot<br data-start=\"1679\" data-end=\"1682\" \/>Gewicht: 2.78 Karat<br data-start=\"1701\" data-end=\"1704\" \/>Abmessungen: 8.4 x 7.2 mm<br data-start=\"1729\" data-end=\"1732\" \/>Herkunft: Myanmar (Burma)<br data-start=\"1757\" data-end=\"1760\" \/>Reinheit: Augenrein<br data-start=\"1779\" data-end=\"1782\" \/>Behandlung: Unbehandelt<br data-start=\"1805\" data-end=\"1808\" \/>Mohs-H\u00e4rte: 8<\/p>\n<hr data-start=\"1844\" data-end=\"1847\" \/>\n<h4 data-start=\"1849\" data-end=\"1868\"><span class=\"ez-toc-section\" id=\"Besonderheiten\"><\/span>Funkcje specjalne<span class=\"ez-toc-section-end\"><\/span><\/h4>\n<p data-start=\"1870\" data-end=\"2236\">The <strong data-start=\"1874\" data-end=\"1907\">Spinell Kissen 2.78 Karat Rot<\/strong> ist ein nat\u00fcrlicher Edelstein ohne jegliche Behandlung \u2013 ein entscheidender Qualit\u00e4tsfaktor f\u00fcr Kenner. Seine satte, rubin\u00e4hnliche Rotfarbe in Kombination mit dem harmonischen Kissenschliff macht ihn ideal f\u00fcr luxuri\u00f6se Ringe oder exklusive Einzelanfertigungen. Spinelle dieser Herkunft und Qualit\u00e4t sind nur begrenzt verf\u00fcgbar.<\/p>\n<hr data-start=\"2071\" data-end=\"2074\" \/>\n<h4 data-start=\"1931\" data-end=\"1971\"><span class=\"ez-toc-section\" id=\"Mehr_uber_unsere_Edelsteine\"><\/span>Wi\u0119cej o naszych kamieniach szlachetnych<span class=\"ez-toc-section-end\"><\/span><\/h4>\n<p data-start=\"1972\" data-end=\"2069\"><a href=\"https:\/\/saphirsmaragd.com\/pl\/product-category\/edelsteine-kaufen\/\">Kamienie szlachetne<\/a><\/p>\n<hr data-start=\"2071\" data-end=\"2074\" \/>\n<h4 data-start=\"2076\" data-end=\"2096\"><span class=\"ez-toc-section\" id=\"Weitere_Infos\"><\/span>Wi\u0119cej informacji<span class=\"ez-toc-section-end\"><\/span><\/h4>\n<p><a href=\"https:\/\/de.wikipedia.org\/wiki\/Spinell\" target=\"_blank\" rel=\"noopener\">Wikipedia: Spinell<\/a><\/p>","protected":false},"excerpt":{"rendered":"<p data-start=\"469\" data-end=\"644\"><em>Spinell Kissen 2.78 Karat Rot aus Myanmar mit intensiver roter Farbe, nat\u00fcrlicher Qualit\u00e4t und elegantem Kissenschliff. Hochwertiger Edelstein f\u00fcr exklusive Schmuckst\u00fccke.<\/em><\/p>\n<h3 data-start=\"466\" data-end=\"497\"><\/h3>\n<h3 data-start=\"660\" data-end=\"684\"><\/h3>\n<p data-start=\"575\" data-end=\"606\">","protected":false},"featured_media":6579,"comment_status":"open","ping_status":"closed","template":"","meta":{"_glsr_average":0,"_glsr_ranking":0,"_glsr_reviews":0},"product_brand":[],"product_cat":[290],"product_tag":[],"class_list":{"0":"post-6578","1":"product","2":"type-product","3":"status-publish","4":"has-post-thumbnail","6":"product_cat-spinell","7":"pa_edelsteinart-spinell","8":"pa_farbe-rot","9":"pa_form-kissen","10":"pa_gewicht-karat-1-0-3-0-karat","11":"pa_herkunft-myanmar","12":"pa_reinheit-augenrein","13":"pa_veredelung-behandlung-unbehandelt","14":"pa_zustand-neu","16":"first","17":"instock","18":"featured","19":"sold-individually","20":"shipping-taxable","21":"purchasable","22":"product-type-simple","23":"add-to-wishlist-before_image"},"jetpack_sharing_enabled":true,"_links":{"self":[{"href":"https:\/\/saphirsmaragd.com\/pl\/wp-json\/wp\/v2\/product\/6578","targetHints":{"allow":["GET"]}}],"collection":[{"href":"https:\/\/saphirsmaragd.com\/pl\/wp-json\/wp\/v2\/product"}],"about":[{"href":"https:\/\/saphirsmaragd.com\/pl\/wp-json\/wp\/v2\/types\/product"}],"replies":[{"embeddable":true,"href":"https:\/\/saphirsmaragd.com\/pl\/wp-json\/wp\/v2\/comments?post=6578"}],"version-history":[{"count":1,"href":"https:\/\/saphirsmaragd.com\/pl\/wp-json\/wp\/v2\/product\/6578\/revisions"}],"predecessor-version":[{"id":6580,"href":"https:\/\/saphirsmaragd.com\/pl\/wp-json\/wp\/v2\/product\/6578\/revisions\/6580"}],"wp:featuredmedia":[{"embeddable":true,"href":"https:\/\/saphirsmaragd.com\/pl\/wp-json\/wp\/v2\/media\/6579"}],"wp:attachment":[{"href":"https:\/\/saphirsmaragd.com\/pl\/wp-json\/wp\/v2\/media?parent=6578"}],"wp:term":[{"taxonomy":"product_brand","embeddable":true,"href":"https:\/\/saphirsmaragd.com\/pl\/wp-json\/wp\/v2\/product_brand?post=6578"},{"taxonomy":"product_cat","embeddable":true,"href":"https:\/\/saphirsmaragd.com\/pl\/wp-json\/wp\/v2\/product_cat?post=6578"},{"taxonomy":"product_tag","embeddable":true,"href":"https:\/\/saphirsmaragd.com\/pl\/wp-json\/wp\/v2\/product_tag?post=6578"}],"curies":[{"name":"wp","href":"https:\/\/api.w.org\/{rel}","templated":true}]}}