{"id":7770,"date":"2026-01-13T17:16:47","date_gmt":"2026-01-13T17:16:47","guid":{"rendered":"https:\/\/saphirsmaragd.com\/?post_type=product&#038;p=7770"},"modified":"2026-01-13T17:23:22","modified_gmt":"2026-01-13T17:23:22","slug":"armband-mit-edelopal-oval-2","status":"publish","type":"product","link":"https:\/\/saphirsmaragd.com\/pl\/produkt\/armband-mit-edelopal-oval-2\/","title":{"rendered":"Bransoletka z owalnym opalem szlachetnym - r\u0119cznie wykonana ze srebra 925"},"content":{"rendered":"<div id=\"ez-toc-container\" class=\"ez-toc-v2_0_82_2 counter-hierarchy ez-toc-counter ez-toc-grey ez-toc-container-direction\">\n<div class=\"ez-toc-title-container\">\n<p class=\"ez-toc-title\" style=\"cursor:inherit\">Spis tre\u015bci<\/p>\n<span class=\"ez-toc-title-toggle\"><a href=\"#\" class=\"ez-toc-pull-right ez-toc-btn ez-toc-btn-xs ez-toc-btn-default ez-toc-toggle\" aria-label=\"Prze\u0142\u0105cznik Spisu Tre\u015bci\"><span class=\"ez-toc-js-icon-con\"><span class=\"\"><span class=\"eztoc-hide\" style=\"display:none;\">Toggle<\/span><span class=\"ez-toc-icon-toggle-span\"><svg style=\"fill: #999;color:#999\" xmlns=\"http:\/\/www.w3.org\/2000\/svg\" class=\"list-377408\" width=\"20px\" height=\"20px\" viewbox=\"0 0 24 24\" fill=\"none\"><path d=\"M6 6H4v2h2V6zm14 0H8v2h12V6zM4 11h2v2H4v-2zm16 0H8v2h12v-2zM4 16h2v2H4v-2zm16 0H8v2h12v-2z\" fill=\"currentColor\"><\/path><\/svg><svg style=\"fill: #999;color:#999\" class=\"arrow-unsorted-368013\" xmlns=\"http:\/\/www.w3.org\/2000\/svg\" width=\"10px\" height=\"10px\" viewbox=\"0 0 24 24\" version=\"1.2\" baseprofile=\"tiny\"><path d=\"M18.2 9.3l-6.2-6.3-6.2 6.3c-.2.2-.3.4-.3.7s.1.5.3.7c.2.2.4.3.7.3h11c.3 0 .5-.1.7-.3.2-.2.3-.5.3-.7s-.1-.5-.3-.7zM5.8 14.7l6.2 6.3 6.2-6.3c.2-.2.3-.5.3-.7s-.1-.5-.3-.7c-.2-.2-.4-.3-.7-.3h-11c-.3 0-.5.1-.7.3-.2.2-.3.5-.3.7s.1.5.3.7z\"\/><\/svg><\/span><\/span><\/span><\/a><\/span><\/div>\n<nav><ul class='ez-toc-list ez-toc-list-level-1' ><li class='ez-toc-page-1 ez-toc-heading-level-4'><a class=\"ez-toc-link ez-toc-heading-1\" href=\"https:\/\/saphirsmaragd.com\/pl\/produkt\/armband-mit-edelopal-oval-2\/#Armband_mit_Edelopal_Oval_%E2%80%93_925_Silber_handgefertigt\" >Bransoletka z owalnym opalem szlachetnym - r\u0119cznie wykonana ze srebra 925<\/a><\/li><li class='ez-toc-page-1 ez-toc-heading-level-4'><a class=\"ez-toc-link ez-toc-heading-2\" href=\"https:\/\/saphirsmaragd.com\/pl\/produkt\/armband-mit-edelopal-oval-2\/#Besonderheiten\" >Funkcje specjalne<\/a><\/li><li class='ez-toc-page-1 ez-toc-heading-level-4'><a class=\"ez-toc-link ez-toc-heading-3\" href=\"https:\/\/saphirsmaragd.com\/pl\/produkt\/armband-mit-edelopal-oval-2\/#Weitere_Infoswikipedia_Opal\" >Weitere Infoswikipedia:Opal<\/a><\/li><\/ul><\/nav><\/div>\n<h4 data-start=\"806\" data-end=\"862\"><span class=\"ez-toc-section\" id=\"Armband_mit_Edelopal_Oval_%E2%80%93_925_Silber_handgefertigt\"><\/span>Bransoletka z owalnym opalem szlachetnym - r\u0119cznie wykonana ze srebra 925<span class=\"ez-toc-section-end\"><\/span><\/h4>\n<p data-start=\"864\" data-end=\"1003\">Dieses Armband mit Edelopal Oval ist ein einzigartiges Schmuckst\u00fcck, das Sie genau so erhalten, wie auf den Produktbildern dargestellt.<\/p>\n<hr data-start=\"1005\" data-end=\"1008\" \/>\n<p><strong data-start=\"1031\" data-end=\"1054\">Charakterystyka i pochodzenie<\/strong><br data-start=\"1054\" data-end=\"1057\" \/>Farbe: Mehrfarbig mit nat\u00fcrlichem Opalschimmer<br \/>\nKszta\u0142t: Owalny<br \/>\nHerkunft: Nat\u00fcrlicher Edelopal<br \/>\nMa\u00dfe: Edelopal ca. 8 \u00d7 6 mm<br \/>\nReinheit: Nat\u00fcrlicher Edelstein<br \/>\nSteinart: Edelopal<br \/>\nMaterial: Sterlingsilber 925<br \/>\nSchmuckart: Armband<br \/>\nL\u00e4nge\/Gr\u00f6\u00dfe: ca. 16,5\u201320 cm, verstellbar<\/p>\n<hr data-start=\"1398\" data-end=\"1401\" \/>\n<h4 data-start=\"1403\" data-end=\"1424\"><span class=\"ez-toc-section\" id=\"Besonderheiten\"><\/span><strong data-start=\"1406\" data-end=\"1424\">Funkcje specjalne<\/strong><span class=\"ez-toc-section-end\"><\/span><\/h4>\n<p data-start=\"1426\" data-end=\"1684\">Dieses Armband mit Edelopal Oval vereint feine Silberverarbeitung mit der faszinierenden Leuchtkraft eines echten Edelopals. Der Opal reflektiert je nach Lichteinfall schillernde Farbnuancen und macht jedes Schmuckst\u00fcck zu einem unverwechselbaren Unikat.<\/p>\n<p data-start=\"1686\" data-end=\"1957\">Dem Edelopal wird nach traditioneller \u00dcberlieferung eine belebende und sch\u00fctzende Wirkung zugeschrieben. Er steht f\u00fcr Lebensfreude, Kreativit\u00e4t und authentischen Selbstausdruck und wird h\u00e4ufig mit allen Chakren sowie den Elementen Feuer und Wasser in Verbindung gebracht.<\/p>\n<hr data-start=\"1959\" data-end=\"1962\" \/>\n<p data-start=\"1964\" data-end=\"2057\"><strong data-start=\"1967\" data-end=\"2003\">Mehr \u00fcber Edelopale &amp; Heilsteine<\/strong><br data-start=\"2003\" data-end=\"2006\" \/>Heilsteine &amp; Kristalle | <a class=\"decorated-link\" href=\"https:\/\/saphirsmaragd.com\/pl\/product-category\/heilsteine-kristalle-kaufen\/\" rel=\"noopener\" data-start=\"2036\" data-end=\"2057\">Saphir &amp; Smaragd<\/a><\/p>\n<hr data-start=\"2059\" data-end=\"2062\" \/>\n<h4 data-start=\"2064\" data-end=\"2106\"><span class=\"ez-toc-section\" id=\"Weitere_Infoswikipedia_Opal\"><\/span><strong data-start=\"2067\" data-end=\"2084\">Wi\u0119cej informacji<\/strong><br data-start=\"2084\" data-end=\"2087\" \/>wikipedia:<a href=\"https:\/\/de.wikipedia.org\/wiki\/Opal\" target=\"_blank\" rel=\"noopener\">Opal<\/a><span class=\"ez-toc-section-end\"><\/span><\/h4>","protected":false},"excerpt":{"rendered":"<p><em>Armband mit Edelopal Oval aus hochwertigem 925 Silber. Dieses handgefertigte Unikat \u00fcberzeugt durch den nat\u00fcrlichen Schimmer des Edelopals und ist ein besonderes Schmuckst\u00fcck f\u00fcr Liebhaber echter Edelsteine.<\/em><\/p>","protected":false},"featured_media":7774,"comment_status":"open","ping_status":"closed","template":"","meta":{"_glsr_average":0,"_glsr_ranking":0,"_glsr_reviews":0},"product_brand":[],"product_cat":[331],"product_tag":[],"class_list":{"0":"post-7770","1":"product","2":"type-product","3":"status-publish","4":"has-post-thumbnail","6":"product_cat-edelsteinarmbaender-kaufen","8":"first","9":"instock","10":"shipping-taxable","11":"purchasable","12":"product-type-simple","13":"add-to-wishlist-before_image"},"jetpack_sharing_enabled":true,"_links":{"self":[{"href":"https:\/\/saphirsmaragd.com\/pl\/wp-json\/wp\/v2\/product\/7770","targetHints":{"allow":["GET"]}}],"collection":[{"href":"https:\/\/saphirsmaragd.com\/pl\/wp-json\/wp\/v2\/product"}],"about":[{"href":"https:\/\/saphirsmaragd.com\/pl\/wp-json\/wp\/v2\/types\/product"}],"replies":[{"embeddable":true,"href":"https:\/\/saphirsmaragd.com\/pl\/wp-json\/wp\/v2\/comments?post=7770"}],"version-history":[{"count":2,"href":"https:\/\/saphirsmaragd.com\/pl\/wp-json\/wp\/v2\/product\/7770\/revisions"}],"predecessor-version":[{"id":7777,"href":"https:\/\/saphirsmaragd.com\/pl\/wp-json\/wp\/v2\/product\/7770\/revisions\/7777"}],"wp:featuredmedia":[{"embeddable":true,"href":"https:\/\/saphirsmaragd.com\/pl\/wp-json\/wp\/v2\/media\/7774"}],"wp:attachment":[{"href":"https:\/\/saphirsmaragd.com\/pl\/wp-json\/wp\/v2\/media?parent=7770"}],"wp:term":[{"taxonomy":"product_brand","embeddable":true,"href":"https:\/\/saphirsmaragd.com\/pl\/wp-json\/wp\/v2\/product_brand?post=7770"},{"taxonomy":"product_cat","embeddable":true,"href":"https:\/\/saphirsmaragd.com\/pl\/wp-json\/wp\/v2\/product_cat?post=7770"},{"taxonomy":"product_tag","embeddable":true,"href":"https:\/\/saphirsmaragd.com\/pl\/wp-json\/wp\/v2\/product_tag?post=7770"}],"curies":[{"name":"wp","href":"https:\/\/api.w.org\/{rel}","templated":true}]}}