{"id":8201,"date":"2026-03-18T18:39:37","date_gmt":"2026-03-18T18:39:37","guid":{"rendered":"https:\/\/saphirsmaragd.com\/?post_type=product&#038;p=8201"},"modified":"2026-03-18T18:49:05","modified_gmt":"2026-03-18T18:49:05","slug":"opal-cabochon-oval-farbe-mehrfarbig-6-49-karat","status":"publish","type":"product","link":"https:\/\/saphirsmaragd.com\/pl\/produkt\/opal-cabochon-oval-farbe-mehrfarbig-6-49-karat\/","title":{"rendered":"Opal Cabochon Oval Farbe mehrfarbig 6.49 Karat \u2013 \u00c4thiopischer Edelstein mit intensivem Farbspiel"},"content":{"rendered":"<p data-start=\"887\" data-end=\"1174\">Der Opal Cabochon Oval Farbe mehrfarbig 6.49 Karat begeistert mit seinem einzigartigen Farbspiel und seiner nat\u00fcrlichen Sch\u00f6nheit. Dieser Edelstein aus \u00c4thiopien zeigt lebendige Lichtreflexe in verschiedenen Farben und wird durch den klassischen Cabochon-Schliff besonders hervorgehoben.<\/p>\n<hr data-start=\"1176\" data-end=\"1179\" \/>\n<div id=\"ez-toc-container\" class=\"ez-toc-v2_0_82_2 counter-hierarchy ez-toc-counter ez-toc-grey ez-toc-container-direction\">\n<div class=\"ez-toc-title-container\">\n<p class=\"ez-toc-title\" style=\"cursor:inherit\">Spis tre\u015bci<\/p>\n<span class=\"ez-toc-title-toggle\"><a href=\"#\" class=\"ez-toc-pull-right ez-toc-btn ez-toc-btn-xs ez-toc-btn-default ez-toc-toggle\" aria-label=\"Prze\u0142\u0105cznik Spisu Tre\u015bci\"><span class=\"ez-toc-js-icon-con\"><span class=\"\"><span class=\"eztoc-hide\" style=\"display:none;\">Toggle<\/span><span class=\"ez-toc-icon-toggle-span\"><svg style=\"fill: #999;color:#999\" xmlns=\"http:\/\/www.w3.org\/2000\/svg\" class=\"list-377408\" width=\"20px\" height=\"20px\" viewbox=\"0 0 24 24\" fill=\"none\"><path d=\"M6 6H4v2h2V6zm14 0H8v2h12V6zM4 11h2v2H4v-2zm16 0H8v2h12v-2zM4 16h2v2H4v-2zm16 0H8v2h12v-2z\" fill=\"currentColor\"><\/path><\/svg><svg style=\"fill: #999;color:#999\" class=\"arrow-unsorted-368013\" xmlns=\"http:\/\/www.w3.org\/2000\/svg\" width=\"10px\" height=\"10px\" viewbox=\"0 0 24 24\" version=\"1.2\" baseprofile=\"tiny\"><path d=\"M18.2 9.3l-6.2-6.3-6.2 6.3c-.2.2-.3.4-.3.7s.1.5.3.7c.2.2.4.3.7.3h11c.3 0 .5-.1.7-.3.2-.2.3-.5.3-.7s-.1-.5-.3-.7zM5.8 14.7l6.2 6.3 6.2-6.3c.2-.2.3-.5.3-.7s-.1-.5-.3-.7c-.2-.2-.4-.3-.7-.3h-11c-.3 0-.5.1-.7.3-.2.2-.3.5-.3.7s.1.5.3.7z\"\/><\/svg><\/span><\/span><\/span><\/a><\/span><\/div>\n<nav><ul class='ez-toc-list ez-toc-list-level-1' ><li class='ez-toc-page-1 ez-toc-heading-level-4'><a class=\"ez-toc-link ez-toc-heading-1\" href=\"https:\/\/saphirsmaragd.com\/pl\/produkt\/opal-cabochon-oval-farbe-mehrfarbig-6-49-karat\/#Merkmale_Herkunft\" >Merkmale &amp; Herkunft:<\/a><\/li><li class='ez-toc-page-1 ez-toc-heading-level-4'><a class=\"ez-toc-link ez-toc-heading-2\" href=\"https:\/\/saphirsmaragd.com\/pl\/produkt\/opal-cabochon-oval-farbe-mehrfarbig-6-49-karat\/#Besonderheiten\" >Besonderheiten:<\/a><\/li><li class='ez-toc-page-1 ez-toc-heading-level-4'><a class=\"ez-toc-link ez-toc-heading-3\" href=\"https:\/\/saphirsmaragd.com\/pl\/produkt\/opal-cabochon-oval-farbe-mehrfarbig-6-49-karat\/#Weitere_Inspiration_entdecken\" >Weitere Inspiration entdecken<\/a><\/li><\/ul><\/nav><\/div>\n<h4 data-start=\"1181\" data-end=\"1206\"><span class=\"ez-toc-section\" id=\"Merkmale_Herkunft\"><\/span>Merkmale &amp; Herkunft:<span class=\"ez-toc-section-end\"><\/span><\/h4>\n<p data-start=\"1208\" data-end=\"1458\">Farbe: Mehrfarbig<br data-start=\"1225\" data-end=\"1228\" \/>Form: Oval (Cabochon)<br data-start=\"1249\" data-end=\"1252\" \/>Herkunft: \u00c4thiopien<br data-start=\"1271\" data-end=\"1274\" \/>Gewicht: 6.49 Karat<br data-start=\"1293\" data-end=\"1296\" \/>Ma\u00dfe: 18 x 14.5 mm<br data-start=\"1314\" data-end=\"1317\" \/>Reinheit: Augenrein<br data-start=\"1336\" data-end=\"1339\" \/>Behandlung: Unbehandelt<br data-start=\"1362\" data-end=\"1365\" \/>Stan: Nowy<br data-start=\"1403\" data-end=\"1406\" \/>Steinart: Nat\u00fcrlicher Opal<br data-start=\"1432\" data-end=\"1435\" \/>Mohs-H\u00e4rte: 5.5 \u2013 6.5<\/p>\n<hr data-start=\"1460\" data-end=\"1463\" \/>\n<h4 data-start=\"1465\" data-end=\"1485\"><span class=\"ez-toc-section\" id=\"Besonderheiten\"><\/span>Besonderheiten:<span class=\"ez-toc-section-end\"><\/span><\/h4>\n<p data-start=\"1487\" data-end=\"1723\">Der Opal Cabochon Oval Farbe mehrfarbig 6.49 Karat ist bekannt f\u00fcr sein intensives \u201ePlay-of-Color\u201c, bei dem verschiedene Farbt\u00f6ne je nach Lichteinfall sichtbar werden. Diese optische Besonderheit macht jeden Opal zu einem echten Unikat.<\/p>\n<p data-start=\"1725\" data-end=\"1954\">Durch seine Gr\u00f6\u00dfe und Qualit\u00e4t eignet sich dieser Edelstein ideal f\u00fcr exklusive Schmuckst\u00fccke wie Ringe oder Anh\u00e4nger. \u00c4thiopische Opale sind besonders gefragt, da sie f\u00fcr ihre lebendige Farbvielfalt und Transparenz bekannt sind.<\/p>\n<hr data-start=\"1926\" data-end=\"1929\" \/>\n<h4 data-start=\"413\" data-end=\"449\"><span class=\"ez-toc-section\" id=\"Weitere_Inspiration_entdecken\"><\/span>Weitere Inspiration entdecken<span class=\"ez-toc-section-end\"><\/span><\/h4>\n<p data-start=\"450\" data-end=\"582\">Suchen Sie weitere besondere Produkte? Entdecken Sie zus\u00e4tzliche Highlights in unserem Sortiment oder besuchen Sie unsere Partnerprojekte:<\/p>\n<ul data-start=\"584\" data-end=\"920\">\n<li data-start=\"584\" data-end=\"656\"><a href=\"https:\/\/saphirsmaragd.com\/pl\/shop\/\">Weitere Edelsteine &amp; Schmuckst\u00fccke bei Saphir &amp; Smaragd entdecken<\/a><\/li>\n<li data-start=\"657\" data-end=\"783\">\n<p data-start=\"659\" data-end=\"783\"><a href=\"https:\/\/honigbee.com\/shop\/\" target=\"_blank\" rel=\"noopener\">Nat\u00fcrliche Produkte bei Honigbee ansehen<br \/>\n<\/a><\/p>\n<\/li>\n<li data-start=\"784\" data-end=\"920\">\n<p data-start=\"786\" data-end=\"920\"><a href=\"https:\/\/matvana.com\/shop\/\" target=\"_blank\" rel=\"noopener\">Stilvolle Wohnideen bei Matvana erkunden<\/a><\/p>\n<\/li>\n<\/ul>","protected":false},"excerpt":{"rendered":"<p data-start=\"491\" data-end=\"624\"><em>Opal Cabochon Oval Farbe mehrfarbig 6.49 Karat aus \u00c4thiopien. Nat\u00fcrlicher Edelstein mit intensivem Farbspiel im Cabochon-Schliff.<\/em><\/p>\n<p data-start=\"575\" data-end=\"606\">","protected":false},"featured_media":8202,"comment_status":"open","ping_status":"closed","template":"","meta":{"_glsr_average":0,"_glsr_ranking":0,"_glsr_reviews":0},"product_brand":[],"product_cat":[75],"product_tag":[],"class_list":{"0":"post-8201","1":"product","2":"type-product","3":"status-publish","4":"has-post-thumbnail","6":"product_cat-opale-kaufen","7":"pa_edelsteinart-opal","8":"pa_farbe-mehrfarbig","9":"pa_form-oval","10":"pa_gewicht-karat-5-0-10-karat","11":"pa_herkunft-aethiopien","12":"pa_reinheit-undurchsichtig","13":"pa_veredelung-behandlung-unbehandelt","14":"pa_zustand-neu","16":"first","17":"instock","18":"featured","19":"sold-individually","20":"shipping-taxable","21":"purchasable","22":"product-type-simple","23":"add-to-wishlist-before_image"},"jetpack_sharing_enabled":true,"_links":{"self":[{"href":"https:\/\/saphirsmaragd.com\/pl\/wp-json\/wp\/v2\/product\/8201","targetHints":{"allow":["GET"]}}],"collection":[{"href":"https:\/\/saphirsmaragd.com\/pl\/wp-json\/wp\/v2\/product"}],"about":[{"href":"https:\/\/saphirsmaragd.com\/pl\/wp-json\/wp\/v2\/types\/product"}],"replies":[{"embeddable":true,"href":"https:\/\/saphirsmaragd.com\/pl\/wp-json\/wp\/v2\/comments?post=8201"}],"version-history":[{"count":2,"href":"https:\/\/saphirsmaragd.com\/pl\/wp-json\/wp\/v2\/product\/8201\/revisions"}],"predecessor-version":[{"id":8204,"href":"https:\/\/saphirsmaragd.com\/pl\/wp-json\/wp\/v2\/product\/8201\/revisions\/8204"}],"wp:featuredmedia":[{"embeddable":true,"href":"https:\/\/saphirsmaragd.com\/pl\/wp-json\/wp\/v2\/media\/8202"}],"wp:attachment":[{"href":"https:\/\/saphirsmaragd.com\/pl\/wp-json\/wp\/v2\/media?parent=8201"}],"wp:term":[{"taxonomy":"product_brand","embeddable":true,"href":"https:\/\/saphirsmaragd.com\/pl\/wp-json\/wp\/v2\/product_brand?post=8201"},{"taxonomy":"product_cat","embeddable":true,"href":"https:\/\/saphirsmaragd.com\/pl\/wp-json\/wp\/v2\/product_cat?post=8201"},{"taxonomy":"product_tag","embeddable":true,"href":"https:\/\/saphirsmaragd.com\/pl\/wp-json\/wp\/v2\/product_tag?post=8201"}],"curies":[{"name":"wp","href":"https:\/\/api.w.org\/{rel}","templated":true}]}}