{"id":8272,"date":"2026-03-22T12:28:20","date_gmt":"2026-03-22T12:28:20","guid":{"rendered":"https:\/\/saphirsmaragd.com\/?post_type=product&#038;p=8272"},"modified":"2026-03-22T12:31:49","modified_gmt":"2026-03-22T12:31:49","slug":"rohopal-frei-form-farbe-mehrfarbig-18-46-karat","status":"publish","type":"product","link":"https:\/\/saphirsmaragd.com\/pl\/produkt\/rohopal-frei-form-farbe-mehrfarbig-18-46-karat\/","title":{"rendered":"Rohopal frei Form Farbe mehrfarbig 18.46 Karat \u2013 \u00c4thiopischer Edelopal mit intensivem Farbspiel"},"content":{"rendered":"<p data-start=\"894\" data-end=\"1183\">Der Rohopal frei Form Farbe mehrfarbig 18.46 Karat beeindruckt durch sein intensives Farbspiel und seine einzigartige, organische Form. Dieser Edelopal zeigt lebendige Reflexe in Gr\u00fcn, Orange und Gelb, die sich je nach Lichteinfall ver\u00e4ndern und den Stein zu einem echten Blickfang machen.<\/p>\n<hr data-start=\"1185\" data-end=\"1188\" \/>\n<div id=\"ez-toc-container\" class=\"ez-toc-v2_0_82_2 counter-hierarchy ez-toc-counter ez-toc-grey ez-toc-container-direction\">\n<div class=\"ez-toc-title-container\">\n<p class=\"ez-toc-title\" style=\"cursor:inherit\">Spis tre\u015bci<\/p>\n<span class=\"ez-toc-title-toggle\"><a href=\"#\" class=\"ez-toc-pull-right ez-toc-btn ez-toc-btn-xs ez-toc-btn-default ez-toc-toggle\" aria-label=\"Prze\u0142\u0105cznik Spisu Tre\u015bci\"><span class=\"ez-toc-js-icon-con\"><span class=\"\"><span class=\"eztoc-hide\" style=\"display:none;\">Toggle<\/span><span class=\"ez-toc-icon-toggle-span\"><svg style=\"fill: #999;color:#999\" xmlns=\"http:\/\/www.w3.org\/2000\/svg\" class=\"list-377408\" width=\"20px\" height=\"20px\" viewbox=\"0 0 24 24\" fill=\"none\"><path d=\"M6 6H4v2h2V6zm14 0H8v2h12V6zM4 11h2v2H4v-2zm16 0H8v2h12v-2zM4 16h2v2H4v-2zm16 0H8v2h12v-2z\" fill=\"currentColor\"><\/path><\/svg><svg style=\"fill: #999;color:#999\" class=\"arrow-unsorted-368013\" xmlns=\"http:\/\/www.w3.org\/2000\/svg\" width=\"10px\" height=\"10px\" viewbox=\"0 0 24 24\" version=\"1.2\" baseprofile=\"tiny\"><path d=\"M18.2 9.3l-6.2-6.3-6.2 6.3c-.2.2-.3.4-.3.7s.1.5.3.7c.2.2.4.3.7.3h11c.3 0 .5-.1.7-.3.2-.2.3-.5.3-.7s-.1-.5-.3-.7zM5.8 14.7l6.2 6.3 6.2-6.3c.2-.2.3-.5.3-.7s-.1-.5-.3-.7c-.2-.2-.4-.3-.7-.3h-11c-.3 0-.5.1-.7.3-.2.2-.3.5-.3.7s.1.5.3.7z\"\/><\/svg><\/span><\/span><\/span><\/a><\/span><\/div>\n<nav><ul class='ez-toc-list ez-toc-list-level-1' ><li class='ez-toc-page-1 ez-toc-heading-level-4'><a class=\"ez-toc-link ez-toc-heading-1\" href=\"https:\/\/saphirsmaragd.com\/pl\/produkt\/rohopal-frei-form-farbe-mehrfarbig-18-46-karat\/#Merkmale_Herkunft\" >Merkmale &amp; Herkunft:<\/a><\/li><li class='ez-toc-page-1 ez-toc-heading-level-4'><a class=\"ez-toc-link ez-toc-heading-2\" href=\"https:\/\/saphirsmaragd.com\/pl\/produkt\/rohopal-frei-form-farbe-mehrfarbig-18-46-karat\/#Besonderheiten\" >Besonderheiten:<\/a><\/li><li class='ez-toc-page-1 ez-toc-heading-level-4'><a class=\"ez-toc-link ez-toc-heading-3\" href=\"https:\/\/saphirsmaragd.com\/pl\/produkt\/rohopal-frei-form-farbe-mehrfarbig-18-46-karat\/#Weitere_Inspiration_entdecken\" >Weitere Inspiration entdecken<\/a><\/li><\/ul><\/nav><\/div>\n<h4 data-start=\"1190\" data-end=\"1215\"><span class=\"ez-toc-section\" id=\"Merkmale_Herkunft\"><\/span>Merkmale &amp; Herkunft:<span class=\"ez-toc-section-end\"><\/span><\/h4>\n<p data-start=\"1217\" data-end=\"1479\">Farbe: Mehrfarbig<br data-start=\"1234\" data-end=\"1237\" \/>Form: Frei (organisch)<br data-start=\"1259\" data-end=\"1262\" \/>Herkunft: \u00c4thiopien<br data-start=\"1281\" data-end=\"1284\" \/>Gewicht: 18.46 Karat<br data-start=\"1304\" data-end=\"1307\" \/>Ma\u00dfe: 25 x 24 mm<br data-start=\"1323\" data-end=\"1326\" \/>Reinheit: Undurchsichtig<br data-start=\"1350\" data-end=\"1353\" \/>Behandlung: Unbehandelt<br data-start=\"1376\" data-end=\"1379\" \/>Stan: Nowy<br data-start=\"1436\" data-end=\"1439\" \/>Rodzaj kamienia: Opal<br data-start=\"1453\" data-end=\"1456\" \/>Mohs-H\u00e4rte: 5.5 \u2013 6.5<\/p>\n<hr data-start=\"1481\" data-end=\"1484\" \/>\n<h4 data-start=\"1486\" data-end=\"1506\"><span class=\"ez-toc-section\" id=\"Besonderheiten\"><\/span>Besonderheiten:<span class=\"ez-toc-section-end\"><\/span><\/h4>\n<p data-start=\"1508\" data-end=\"1727\">Der Rohopal frei Form Farbe mehrfarbig 18.46 Karat geh\u00f6rt zu den faszinierendsten Edelsteinen der Welt. Sein sogenanntes \u201eOpalisieren\u201c erzeugt ein lebendiges Farbspiel, das bei jeder Bewegung neue Farbakzente offenbart.<\/p>\n<p data-start=\"1729\" data-end=\"1927\">Im Gegensatz zu facettierten Edelsteinen beh\u00e4lt dieser Rohopal seine nat\u00fcrliche Form, was ihn besonders authentisch und einzigartig macht. Jeder Opal ist ein Unikat \u2013 kein Stein gleicht dem anderen.<\/p>\n<p data-start=\"1929\" data-end=\"2165\">\u00c4thiopische Opale sind bekannt f\u00fcr ihre intensive Farbbrillanz und ihre au\u00dfergew\u00f6hnlichen Lichtreflexe. Dieses Exemplar bietet eine besonders starke Leuchtkraft und eignet sich ideal f\u00fcr individuelle Schmuckst\u00fccke oder als Sammlerst\u00fcck.<\/p>\n<hr data-start=\"1926\" data-end=\"1929\" \/>\n<h4 data-start=\"413\" data-end=\"449\"><span class=\"ez-toc-section\" id=\"Weitere_Inspiration_entdecken\"><\/span>Weitere Inspiration entdecken<span class=\"ez-toc-section-end\"><\/span><\/h4>\n<p data-start=\"450\" data-end=\"582\">Suchen Sie weitere besondere Produkte? Entdecken Sie zus\u00e4tzliche Highlights in unserem Sortiment oder besuchen Sie unsere Partnerprojekte:<\/p>\n<ul data-start=\"584\" data-end=\"920\">\n<li data-start=\"584\" data-end=\"656\"><a href=\"https:\/\/saphirsmaragd.com\/pl\/shop\/\">Weitere Edelsteine &amp; Schmuckst\u00fccke bei Saphir &amp; Smaragd entdecken<\/a><\/li>\n<li data-start=\"657\" data-end=\"783\">\n<p data-start=\"659\" data-end=\"783\"><a href=\"https:\/\/honigbee.com\/shop\/\" target=\"_blank\" rel=\"noopener\">Nat\u00fcrliche Produkte bei Honigbee ansehen<br \/>\n<\/a><\/p>\n<\/li>\n<li data-start=\"784\" data-end=\"920\">\n<p data-start=\"786\" data-end=\"920\"><a href=\"https:\/\/matvana.com\/shop\/\" target=\"_blank\" rel=\"noopener\">Stilvolle Wohnideen bei Matvana erkunden<\/a><\/p>\n<\/li>\n<\/ul>","protected":false},"excerpt":{"rendered":"<p data-start=\"468\" data-end=\"633\"><em>Rohopal frei Form Farbe mehrfarbig 18.46 Karat aus \u00c4thiopien mit einzigartigem Farbspiel und nat\u00fcrlicher Form \u2013 ideal f\u00fcr Sammler und individuelle Schmuckst\u00fccke.<\/em><\/p>\n<p data-start=\"575\" data-end=\"606\">","protected":false},"featured_media":8273,"comment_status":"open","ping_status":"closed","template":"","meta":{"_glsr_average":0,"_glsr_ranking":0,"_glsr_reviews":0},"product_brand":[],"product_cat":[75],"product_tag":[],"class_list":{"0":"post-8272","1":"product","2":"type-product","3":"status-publish","4":"has-post-thumbnail","6":"product_cat-opale-kaufen","7":"pa_edelsteinart-opal","8":"pa_farbe-mehrfarbig","9":"pa_gewicht-karat-10-20-karat","10":"pa_herkunft-aethiopien","11":"pa_reinheit-undurchsichtig","12":"pa_veredelung-behandlung-unbehandelt","13":"pa_zustand-neu","15":"first","16":"instock","17":"featured","18":"sold-individually","19":"shipping-taxable","20":"purchasable","21":"product-type-simple","22":"add-to-wishlist-before_image"},"jetpack_sharing_enabled":true,"_links":{"self":[{"href":"https:\/\/saphirsmaragd.com\/pl\/wp-json\/wp\/v2\/product\/8272","targetHints":{"allow":["GET"]}}],"collection":[{"href":"https:\/\/saphirsmaragd.com\/pl\/wp-json\/wp\/v2\/product"}],"about":[{"href":"https:\/\/saphirsmaragd.com\/pl\/wp-json\/wp\/v2\/types\/product"}],"replies":[{"embeddable":true,"href":"https:\/\/saphirsmaragd.com\/pl\/wp-json\/wp\/v2\/comments?post=8272"}],"version-history":[{"count":1,"href":"https:\/\/saphirsmaragd.com\/pl\/wp-json\/wp\/v2\/product\/8272\/revisions"}],"predecessor-version":[{"id":8274,"href":"https:\/\/saphirsmaragd.com\/pl\/wp-json\/wp\/v2\/product\/8272\/revisions\/8274"}],"wp:featuredmedia":[{"embeddable":true,"href":"https:\/\/saphirsmaragd.com\/pl\/wp-json\/wp\/v2\/media\/8273"}],"wp:attachment":[{"href":"https:\/\/saphirsmaragd.com\/pl\/wp-json\/wp\/v2\/media?parent=8272"}],"wp:term":[{"taxonomy":"product_brand","embeddable":true,"href":"https:\/\/saphirsmaragd.com\/pl\/wp-json\/wp\/v2\/product_brand?post=8272"},{"taxonomy":"product_cat","embeddable":true,"href":"https:\/\/saphirsmaragd.com\/pl\/wp-json\/wp\/v2\/product_cat?post=8272"},{"taxonomy":"product_tag","embeddable":true,"href":"https:\/\/saphirsmaragd.com\/pl\/wp-json\/wp\/v2\/product_tag?post=8272"}],"curies":[{"name":"wp","href":"https:\/\/api.w.org\/{rel}","templated":true}]}}