{"id":8539,"date":"2026-04-14T16:44:27","date_gmt":"2026-04-14T16:44:27","guid":{"rendered":"https:\/\/saphirsmaragd.com\/?post_type=product&#038;p=8539"},"modified":"2026-04-14T16:47:08","modified_gmt":"2026-04-14T16:47:08","slug":"smaragd-rechteck-gruen-1-03-karat","status":"publish","type":"product","link":"https:\/\/saphirsmaragd.com\/pl\/produkt\/smaragd-rechteck-gruen-1-03-karat\/","title":{"rendered":"Smaragd Rechteck Gr\u00fcn 1.03 Karat aus Sambia \u2013 Klassischer Edelstein"},"content":{"rendered":"<p data-start=\"727\" data-end=\"966\">Dieser Smaragd Rechteck Gr\u00fcn 1.03 Karat aus Sambia zeichnet sich durch seine kompakte Gr\u00f6\u00dfe und seine nat\u00fcrliche gr\u00fcne Farbintensit\u00e4t aus. Der rechteckige Schliff sorgt f\u00fcr eine klare Linienf\u00fchrung und eine zeitlose, elegante Ausstrahlung.<\/p>\n<hr data-start=\"968\" data-end=\"971\" \/>\n<div id=\"ez-toc-container\" class=\"ez-toc-v2_0_82_2 counter-hierarchy ez-toc-counter ez-toc-grey ez-toc-container-direction\">\n<div class=\"ez-toc-title-container\">\n<p class=\"ez-toc-title\" style=\"cursor:inherit\">Spis tre\u015bci<\/p>\n<span class=\"ez-toc-title-toggle\"><a href=\"#\" class=\"ez-toc-pull-right ez-toc-btn ez-toc-btn-xs ez-toc-btn-default ez-toc-toggle\" aria-label=\"Prze\u0142\u0105cznik Spisu Tre\u015bci\"><span class=\"ez-toc-js-icon-con\"><span class=\"\"><span class=\"eztoc-hide\" style=\"display:none;\">Toggle<\/span><span class=\"ez-toc-icon-toggle-span\"><svg style=\"fill: #999;color:#999\" xmlns=\"http:\/\/www.w3.org\/2000\/svg\" class=\"list-377408\" width=\"20px\" height=\"20px\" viewbox=\"0 0 24 24\" fill=\"none\"><path d=\"M6 6H4v2h2V6zm14 0H8v2h12V6zM4 11h2v2H4v-2zm16 0H8v2h12v-2zM4 16h2v2H4v-2zm16 0H8v2h12v-2z\" fill=\"currentColor\"><\/path><\/svg><svg style=\"fill: #999;color:#999\" class=\"arrow-unsorted-368013\" xmlns=\"http:\/\/www.w3.org\/2000\/svg\" width=\"10px\" height=\"10px\" viewbox=\"0 0 24 24\" version=\"1.2\" baseprofile=\"tiny\"><path d=\"M18.2 9.3l-6.2-6.3-6.2 6.3c-.2.2-.3.4-.3.7s.1.5.3.7c.2.2.4.3.7.3h11c.3 0 .5-.1.7-.3.2-.2.3-.5.3-.7s-.1-.5-.3-.7zM5.8 14.7l6.2 6.3 6.2-6.3c.2-.2.3-.5.3-.7s-.1-.5-.3-.7c-.2-.2-.4-.3-.7-.3h-11c-.3 0-.5.1-.7.3-.2.2-.3.5-.3.7s.1.5.3.7z\"\/><\/svg><\/span><\/span><\/span><\/a><\/span><\/div>\n<nav><ul class='ez-toc-list ez-toc-list-level-1' ><li class='ez-toc-page-1 ez-toc-heading-level-4'><a class=\"ez-toc-link ez-toc-heading-1\" href=\"https:\/\/saphirsmaragd.com\/pl\/produkt\/smaragd-rechteck-gruen-1-03-karat\/#Merkmale_Herkunft\" >Charakterystyka i pochodzenie<\/a><\/li><li class='ez-toc-page-1 ez-toc-heading-level-4'><a class=\"ez-toc-link ez-toc-heading-2\" href=\"https:\/\/saphirsmaragd.com\/pl\/produkt\/smaragd-rechteck-gruen-1-03-karat\/#Besonderheiten\" >Funkcje specjalne<\/a><\/li><li class='ez-toc-page-1 ez-toc-heading-level-4'><a class=\"ez-toc-link ez-toc-heading-3\" href=\"https:\/\/saphirsmaragd.com\/pl\/produkt\/smaragd-rechteck-gruen-1-03-karat\/#Mehr_uber_Heilsteine_Kristalle\" >Mehr \u00fcber Heilsteine &amp; Kristalle<\/a><\/li><li class='ez-toc-page-1 ez-toc-heading-level-4'><a class=\"ez-toc-link ez-toc-heading-4\" href=\"https:\/\/saphirsmaragd.com\/pl\/produkt\/smaragd-rechteck-gruen-1-03-karat\/#Weitere_Infos\" >Wi\u0119cej informacji<\/a><\/li><\/ul><\/nav><\/div>\n<h4 data-start=\"973\" data-end=\"999\"><span class=\"ez-toc-section\" id=\"Merkmale_Herkunft\"><\/span>Charakterystyka i pochodzenie<span class=\"ez-toc-section-end\"><\/span><\/h4>\n<p data-start=\"1001\" data-end=\"1231\">Steinart: Smaragd<br data-start=\"1018\" data-end=\"1021\" \/>Farbe: Gr\u00fcn<br data-start=\"1032\" data-end=\"1035\" \/>Form: Rechteck<br data-start=\"1049\" data-end=\"1052\" \/>Gewicht: 1.03 Karat<br data-start=\"1071\" data-end=\"1074\" \/>Abmessungen: 7.0 x 5.0 mm<br data-start=\"1099\" data-end=\"1102\" \/>Herkunft: Sambia<br data-start=\"1118\" data-end=\"1121\" \/>Czysto\u015b\u0107: Wyra\u017ane wtr\u0105cenia<br data-start=\"1149\" data-end=\"1152\" \/>Behandlung: Ge\u00f6lt<br data-start=\"1169\" data-end=\"1172\" \/>Obserwacja: naturalne<br data-start=\"1194\" data-end=\"1197\" \/>Mohs-H\u00e4rte: 7.5\u20138<br data-start=\"1214\" data-end=\"1217\" \/>Stan: Nowy<\/p>\n<hr data-start=\"1233\" data-end=\"1236\" \/>\n<h4 data-start=\"1238\" data-end=\"1259\"><span class=\"ez-toc-section\" id=\"Besonderheiten\"><\/span>Funkcje specjalne<span class=\"ez-toc-section-end\"><\/span><\/h4>\n<p data-start=\"1261\" data-end=\"1490\">Der Smaragd Rechteck Gr\u00fcn 1.03 Karat eignet sich besonders f\u00fcr dezente und klassische Schmuckst\u00fccke. Durch seine kompakte Gr\u00f6\u00dfe l\u00e4sst sich der Edelstein vielseitig einsetzen und wirkt besonders harmonisch in filigranen Designs.<\/p>\n<p data-start=\"1492\" data-end=\"1694\">Smaragde aus Sambia sind f\u00fcr ihre stabile Struktur und ihre gleichm\u00e4\u00dfige Farbverteilung bekannt. Diese Eigenschaften machen sie zu einer ausgezeichneten Wahl f\u00fcr langlebige und elegante Schmuckst\u00fccke.<\/p>\n<p data-start=\"1696\" data-end=\"1920\">Die nat\u00fcrlichen Einschl\u00fcsse sind ein charakteristisches Merkmal echter Smaragde und verleihen jedem Stein seine individuelle Struktur. Die \u00d6lbehandlung verbessert die Transparenz und unterst\u00fctzt die nat\u00fcrliche Farbwirkung.<\/p>\n<hr data-start=\"1670\" data-end=\"1673\" \/>\n<h4 data-start=\"1448\" data-end=\"1473\"><span class=\"ez-toc-section\" id=\"Mehr_uber_Heilsteine_Kristalle\"><\/span>Mehr \u00fcber Heilsteine &amp; Kristalle<span class=\"ez-toc-section-end\"><\/span><\/h4>\n<p data-start=\"1475\" data-end=\"1668\"><a class=\"\" href=\"https:\/\/saphirsmaragd.com\/pl\/product-category\/heilsteine-kristalle-kaufen\/\" target=\"_new\" rel=\"noopener\" data-start=\"1571\" data-end=\"1668\">Kamienie i kryszta\u0142y lecznicze<\/a><\/p>\n<hr data-start=\"1670\" data-end=\"1673\" \/>\n<h4 data-start=\"1675\" data-end=\"1695\"><span class=\"ez-toc-section\" id=\"Weitere_Infos\"><\/span>Wi\u0119cej informacji<span class=\"ez-toc-section-end\"><\/span><\/h4>\n<p data-start=\"1697\" data-end=\"1801\"><a class=\"\" href=\"https:\/\/de.wikipedia.org\/wiki\/Smaragd\" target=\"_new\" rel=\"noopener\" data-start=\"1741\" data-end=\"1801\">Wikipedia \u2013 Smaragd<\/a><\/p>","protected":false},"excerpt":{"rendered":"<p data-start=\"431\" data-end=\"559\"><em>Smaragd Rechteck Gr\u00fcn 1.03 Karat aus Sambia, ge\u00f6lt. Klassischer Edelstein mit kompakter Form und nat\u00fcrlicher Farbintensit\u00e4t.<\/em><\/p>","protected":false},"featured_media":8540,"comment_status":"open","ping_status":"closed","template":"","meta":{"_glsr_average":0,"_glsr_ranking":0,"_glsr_reviews":0},"product_brand":[],"product_cat":[262],"product_tag":[],"class_list":{"0":"post-8539","1":"product","2":"type-product","3":"status-publish","4":"has-post-thumbnail","6":"product_cat-smaragd","7":"pa_edelsteinart-smaragd","8":"pa_farbe-gruen","9":"pa_form-rechteck","10":"pa_gewicht-karat-1-0-3-0-karat","11":"pa_herkunft-sambia","12":"pa_reinheit-deutliche-einschluesse","13":"pa_veredelung-behandlung-geoelt","14":"pa_zustand-neu","16":"first","17":"instock","18":"sold-individually","19":"taxable","20":"shipping-taxable","21":"purchasable","22":"product-type-simple","23":"add-to-wishlist-before_image"},"jetpack_sharing_enabled":true,"_links":{"self":[{"href":"https:\/\/saphirsmaragd.com\/pl\/wp-json\/wp\/v2\/product\/8539","targetHints":{"allow":["GET"]}}],"collection":[{"href":"https:\/\/saphirsmaragd.com\/pl\/wp-json\/wp\/v2\/product"}],"about":[{"href":"https:\/\/saphirsmaragd.com\/pl\/wp-json\/wp\/v2\/types\/product"}],"replies":[{"embeddable":true,"href":"https:\/\/saphirsmaragd.com\/pl\/wp-json\/wp\/v2\/comments?post=8539"}],"version-history":[{"count":1,"href":"https:\/\/saphirsmaragd.com\/pl\/wp-json\/wp\/v2\/product\/8539\/revisions"}],"predecessor-version":[{"id":8541,"href":"https:\/\/saphirsmaragd.com\/pl\/wp-json\/wp\/v2\/product\/8539\/revisions\/8541"}],"wp:featuredmedia":[{"embeddable":true,"href":"https:\/\/saphirsmaragd.com\/pl\/wp-json\/wp\/v2\/media\/8540"}],"wp:attachment":[{"href":"https:\/\/saphirsmaragd.com\/pl\/wp-json\/wp\/v2\/media?parent=8539"}],"wp:term":[{"taxonomy":"product_brand","embeddable":true,"href":"https:\/\/saphirsmaragd.com\/pl\/wp-json\/wp\/v2\/product_brand?post=8539"},{"taxonomy":"product_cat","embeddable":true,"href":"https:\/\/saphirsmaragd.com\/pl\/wp-json\/wp\/v2\/product_cat?post=8539"},{"taxonomy":"product_tag","embeddable":true,"href":"https:\/\/saphirsmaragd.com\/pl\/wp-json\/wp\/v2\/product_tag?post=8539"}],"curies":[{"name":"wp","href":"https:\/\/api.w.org\/{rel}","templated":true}]}}