{"id":8550,"date":"2026-04-14T17:00:50","date_gmt":"2026-04-14T17:00:50","guid":{"rendered":"https:\/\/saphirsmaragd.com\/?post_type=product&#038;p=8550"},"modified":"2026-04-14T17:04:46","modified_gmt":"2026-04-14T17:04:46","slug":"smaragd-tropfen-gruen-1-52-karat","status":"publish","type":"product","link":"https:\/\/saphirsmaragd.com\/pl\/produkt\/smaragd-tropfen-gruen-1-52-karat\/","title":{"rendered":"Smaragd Tropfen Gr\u00fcn 1.52 Karat aus Brasilien \u2013 Eleganter Tropfenschliff"},"content":{"rendered":"<p data-start=\"756\" data-end=\"1025\">\n<p data-start=\"762\" data-end=\"998\">Dieser Smaragd Tropfen Gr\u00fcn 1.52 Karat aus Brasilien besticht durch seine elegante Tropfenform und seine lebendige gr\u00fcne Farbintensit\u00e4t. Der klassische Tropfenschliff verleiht dem Edelstein eine besonders edle und feminine Ausstrahlung.<\/p>\n<hr data-start=\"1000\" data-end=\"1003\" \/>\n<div id=\"ez-toc-container\" class=\"ez-toc-v2_0_82_2 counter-hierarchy ez-toc-counter ez-toc-grey ez-toc-container-direction\">\n<div class=\"ez-toc-title-container\">\n<p class=\"ez-toc-title\" style=\"cursor:inherit\">Spis tre\u015bci<\/p>\n<span class=\"ez-toc-title-toggle\"><a href=\"#\" class=\"ez-toc-pull-right ez-toc-btn ez-toc-btn-xs ez-toc-btn-default ez-toc-toggle\" aria-label=\"Prze\u0142\u0105cznik Spisu Tre\u015bci\"><span class=\"ez-toc-js-icon-con\"><span class=\"\"><span class=\"eztoc-hide\" style=\"display:none;\">Toggle<\/span><span class=\"ez-toc-icon-toggle-span\"><svg style=\"fill: #999;color:#999\" xmlns=\"http:\/\/www.w3.org\/2000\/svg\" class=\"list-377408\" width=\"20px\" height=\"20px\" viewbox=\"0 0 24 24\" fill=\"none\"><path d=\"M6 6H4v2h2V6zm14 0H8v2h12V6zM4 11h2v2H4v-2zm16 0H8v2h12v-2zM4 16h2v2H4v-2zm16 0H8v2h12v-2z\" fill=\"currentColor\"><\/path><\/svg><svg style=\"fill: #999;color:#999\" class=\"arrow-unsorted-368013\" xmlns=\"http:\/\/www.w3.org\/2000\/svg\" width=\"10px\" height=\"10px\" viewbox=\"0 0 24 24\" version=\"1.2\" baseprofile=\"tiny\"><path d=\"M18.2 9.3l-6.2-6.3-6.2 6.3c-.2.2-.3.4-.3.7s.1.5.3.7c.2.2.4.3.7.3h11c.3 0 .5-.1.7-.3.2-.2.3-.5.3-.7s-.1-.5-.3-.7zM5.8 14.7l6.2 6.3 6.2-6.3c.2-.2.3-.5.3-.7s-.1-.5-.3-.7c-.2-.2-.4-.3-.7-.3h-11c-.3 0-.5.1-.7.3-.2.2-.3.5-.3.7s.1.5.3.7z\"\/><\/svg><\/span><\/span><\/span><\/a><\/span><\/div>\n<nav><ul class='ez-toc-list ez-toc-list-level-1' ><li class='ez-toc-page-1 ez-toc-heading-level-4'><a class=\"ez-toc-link ez-toc-heading-1\" href=\"https:\/\/saphirsmaragd.com\/pl\/produkt\/smaragd-tropfen-gruen-1-52-karat\/#Merkmale_Herkunft\" >Charakterystyka i pochodzenie<\/a><\/li><li class='ez-toc-page-1 ez-toc-heading-level-4'><a class=\"ez-toc-link ez-toc-heading-2\" href=\"https:\/\/saphirsmaragd.com\/pl\/produkt\/smaragd-tropfen-gruen-1-52-karat\/#Besonderheiten\" >Funkcje specjalne<\/a><\/li><li class='ez-toc-page-1 ez-toc-heading-level-4'><a class=\"ez-toc-link ez-toc-heading-3\" href=\"https:\/\/saphirsmaragd.com\/pl\/produkt\/smaragd-tropfen-gruen-1-52-karat\/#Mehr_uber_Smaragde\" >Mehr \u00fcber Smaragde<\/a><\/li><li class='ez-toc-page-1 ez-toc-heading-level-4'><a class=\"ez-toc-link ez-toc-heading-4\" href=\"https:\/\/saphirsmaragd.com\/pl\/produkt\/smaragd-tropfen-gruen-1-52-karat\/#Weitere_Infos\" >Wi\u0119cej informacji<\/a><\/li><\/ul><\/nav><\/div>\n<h4 data-start=\"1005\" data-end=\"1031\"><span class=\"ez-toc-section\" id=\"Merkmale_Herkunft\"><\/span>Charakterystyka i pochodzenie<span class=\"ez-toc-section-end\"><\/span><\/h4>\n<p data-start=\"1033\" data-end=\"1265\">Steinart: Smaragd<br data-start=\"1050\" data-end=\"1053\" \/>Farbe: Gr\u00fcn<br data-start=\"1064\" data-end=\"1067\" \/>Kszta\u0142t: Krople<br data-start=\"1080\" data-end=\"1083\" \/>Gewicht: 1.52 Karat<br data-start=\"1102\" data-end=\"1105\" \/>Abmessungen: 9.3 x 5.9 mm<br data-start=\"1130\" data-end=\"1133\" \/>Herkunft: Brasilien<br data-start=\"1152\" data-end=\"1155\" \/>Czysto\u015b\u0107: Wyra\u017ane wtr\u0105cenia<br data-start=\"1183\" data-end=\"1186\" \/>Behandlung: Ge\u00f6lt<br data-start=\"1203\" data-end=\"1206\" \/>Obserwacja: naturalne<br data-start=\"1228\" data-end=\"1231\" \/>Mohs-H\u00e4rte: 7.\u20138<br data-start=\"1248\" data-end=\"1251\" \/>Stan: Nowy<\/p>\n<hr data-start=\"1267\" data-end=\"1270\" \/>\n<h4 data-start=\"1272\" data-end=\"1293\"><span class=\"ez-toc-section\" id=\"Besonderheiten\"><\/span>Funkcje specjalne<span class=\"ez-toc-section-end\"><\/span><\/h4>\n<p data-start=\"1295\" data-end=\"1526\">Der Smaragd Tropfen Gr\u00fcn 1.52 Karat ist besonders beliebt f\u00fcr elegante Schmuckst\u00fccke wie Anh\u00e4nger oder Ohrringe. Die Tropfenform sorgt f\u00fcr eine flie\u00dfende, harmonische Optik und bringt die Farbe des Edelsteins optimal zur Geltung.<\/p>\n<p data-start=\"1528\" data-end=\"1741\">Brasilianische Smaragde zeichnen sich durch ihre frische gr\u00fcne Farbwirkung und ihre gute Transparenz aus. Sie wirken oft heller und lebendiger als afrikanische Varianten und sind besonders vielseitig einsetzbar.<\/p>\n<p data-start=\"1743\" data-end=\"1948\">Die nat\u00fcrlichen Einschl\u00fcsse best\u00e4tigen die Echtheit des Edelsteins und machen jedes St\u00fcck einzigartig. Durch die \u00d6lbehandlung wird die Klarheit verbessert und die Farbintensit\u00e4t zus\u00e4tzlich hervorgehoben.<\/p>\n<hr data-start=\"1267\" data-end=\"1270\" \/>\n<h4 data-start=\"1448\" data-end=\"1473\"><span class=\"ez-toc-section\" id=\"Mehr_uber_Smaragde\"><\/span>Mehr \u00fcber Smaragde<span class=\"ez-toc-section-end\"><\/span><\/h4>\n<p data-start=\"1475\" data-end=\"1668\"><a class=\"\" href=\"https:\/\/saphirsmaragd.com\/pl\/product-category\/heilsteine-kristalle-kaufen\/\" target=\"_new\" rel=\"noopener\" data-start=\"1571\" data-end=\"1668\">Kamienie i kryszta\u0142y lecznicze<\/a><\/p>\n<hr data-start=\"1670\" data-end=\"1673\" \/>\n<h4 data-start=\"1675\" data-end=\"1695\"><span class=\"ez-toc-section\" id=\"Weitere_Infos\"><\/span>Wi\u0119cej informacji<span class=\"ez-toc-section-end\"><\/span><\/h4>\n<p data-start=\"1697\" data-end=\"1801\"><a class=\"\" href=\"https:\/\/de.wikipedia.org\/wiki\/Smaragd\" target=\"_new\" rel=\"noopener\" data-start=\"1741\" data-end=\"1801\">Wikipedia \u2013 Smaragd<\/a><\/p>","protected":false},"excerpt":{"rendered":"<p data-start=\"463\" data-end=\"590\"><em>Smaragd Tropfen Gr\u00fcn 1.52 Karat aus Brasilien, ge\u00f6lt. Eleganter Edelstein im Tropfenschliff mit nat\u00fcrlicher Farbintensit\u00e4t.<\/em><\/p>","protected":false},"featured_media":8551,"comment_status":"open","ping_status":"closed","template":"","meta":{"_glsr_average":0,"_glsr_ranking":0,"_glsr_reviews":0},"product_brand":[],"product_cat":[262],"product_tag":[],"class_list":{"0":"post-8550","1":"product","2":"type-product","3":"status-publish","4":"has-post-thumbnail","6":"product_cat-smaragd","7":"pa_edelsteinart-smaragd","8":"pa_farbe-gruen","9":"pa_form-tropfen","10":"pa_gewicht-karat-1-0-3-0-karat","11":"pa_herkunft-brasilien","12":"pa_reinheit-deutliche-einschluesse","13":"pa_veredelung-behandlung-geoelt","14":"pa_zustand-neu","16":"first","17":"instock","18":"sold-individually","19":"taxable","20":"shipping-taxable","21":"purchasable","22":"product-type-simple","23":"add-to-wishlist-before_image"},"jetpack_sharing_enabled":true,"_links":{"self":[{"href":"https:\/\/saphirsmaragd.com\/pl\/wp-json\/wp\/v2\/product\/8550","targetHints":{"allow":["GET"]}}],"collection":[{"href":"https:\/\/saphirsmaragd.com\/pl\/wp-json\/wp\/v2\/product"}],"about":[{"href":"https:\/\/saphirsmaragd.com\/pl\/wp-json\/wp\/v2\/types\/product"}],"replies":[{"embeddable":true,"href":"https:\/\/saphirsmaragd.com\/pl\/wp-json\/wp\/v2\/comments?post=8550"}],"version-history":[{"count":1,"href":"https:\/\/saphirsmaragd.com\/pl\/wp-json\/wp\/v2\/product\/8550\/revisions"}],"predecessor-version":[{"id":8552,"href":"https:\/\/saphirsmaragd.com\/pl\/wp-json\/wp\/v2\/product\/8550\/revisions\/8552"}],"wp:featuredmedia":[{"embeddable":true,"href":"https:\/\/saphirsmaragd.com\/pl\/wp-json\/wp\/v2\/media\/8551"}],"wp:attachment":[{"href":"https:\/\/saphirsmaragd.com\/pl\/wp-json\/wp\/v2\/media?parent=8550"}],"wp:term":[{"taxonomy":"product_brand","embeddable":true,"href":"https:\/\/saphirsmaragd.com\/pl\/wp-json\/wp\/v2\/product_brand?post=8550"},{"taxonomy":"product_cat","embeddable":true,"href":"https:\/\/saphirsmaragd.com\/pl\/wp-json\/wp\/v2\/product_cat?post=8550"},{"taxonomy":"product_tag","embeddable":true,"href":"https:\/\/saphirsmaragd.com\/pl\/wp-json\/wp\/v2\/product_tag?post=8550"}],"curies":[{"name":"wp","href":"https:\/\/api.w.org\/{rel}","templated":true}]}}