{"id":8607,"date":"2026-04-19T16:34:33","date_gmt":"2026-04-19T16:34:33","guid":{"rendered":"https:\/\/saphirsmaragd.com\/?post_type=product&#038;p=8607"},"modified":"2026-04-19T16:37:15","modified_gmt":"2026-04-19T16:37:15","slug":"smaragd-oval-gruen-1-25-karat","status":"publish","type":"product","link":"https:\/\/saphirsmaragd.com\/pl\/produkt\/smaragd-oval-gruen-1-25-karat\/","title":{"rendered":"Smaragd Oval Gr\u00fcn 1.25 Karat aus Brasilien \u2013 Klassischer Edelstein mit eleganter Ausstrahlung"},"content":{"rendered":"<p data-start=\"765\" data-end=\"1022\">Der Smaragd Oval Gr\u00fcn 1.25 Karat aus Brasilien besticht durch seine ausgewogene Form und seine lebendige gr\u00fcne Farbgebung. Der pr\u00e4zise Ovalschliff sorgt f\u00fcr eine harmonische Lichtreflexion und hebt die nat\u00fcrliche Struktur dieses Edelsteins besonders hervor.<\/p>\n<hr data-start=\"1024\" data-end=\"1027\" \/>\n<div id=\"ez-toc-container\" class=\"ez-toc-v2_0_82_2 counter-hierarchy ez-toc-counter ez-toc-grey ez-toc-container-direction\">\n<div class=\"ez-toc-title-container\">\n<p class=\"ez-toc-title\" style=\"cursor:inherit\">Spis tre\u015bci<\/p>\n<span class=\"ez-toc-title-toggle\"><a href=\"#\" class=\"ez-toc-pull-right ez-toc-btn ez-toc-btn-xs ez-toc-btn-default ez-toc-toggle\" aria-label=\"Prze\u0142\u0105cznik Spisu Tre\u015bci\"><span class=\"ez-toc-js-icon-con\"><span class=\"\"><span class=\"eztoc-hide\" style=\"display:none;\">Toggle<\/span><span class=\"ez-toc-icon-toggle-span\"><svg style=\"fill: #999;color:#999\" xmlns=\"http:\/\/www.w3.org\/2000\/svg\" class=\"list-377408\" width=\"20px\" height=\"20px\" viewbox=\"0 0 24 24\" fill=\"none\"><path d=\"M6 6H4v2h2V6zm14 0H8v2h12V6zM4 11h2v2H4v-2zm16 0H8v2h12v-2zM4 16h2v2H4v-2zm16 0H8v2h12v-2z\" fill=\"currentColor\"><\/path><\/svg><svg style=\"fill: #999;color:#999\" class=\"arrow-unsorted-368013\" xmlns=\"http:\/\/www.w3.org\/2000\/svg\" width=\"10px\" height=\"10px\" viewbox=\"0 0 24 24\" version=\"1.2\" baseprofile=\"tiny\"><path d=\"M18.2 9.3l-6.2-6.3-6.2 6.3c-.2.2-.3.4-.3.7s.1.5.3.7c.2.2.4.3.7.3h11c.3 0 .5-.1.7-.3.2-.2.3-.5.3-.7s-.1-.5-.3-.7zM5.8 14.7l6.2 6.3 6.2-6.3c.2-.2.3-.5.3-.7s-.1-.5-.3-.7c-.2-.2-.4-.3-.7-.3h-11c-.3 0-.5.1-.7.3-.2.2-.3.5-.3.7s.1.5.3.7z\"\/><\/svg><\/span><\/span><\/span><\/a><\/span><\/div>\n<nav><ul class='ez-toc-list ez-toc-list-level-1' ><li class='ez-toc-page-1 ez-toc-heading-level-4'><a class=\"ez-toc-link ez-toc-heading-1\" href=\"https:\/\/saphirsmaragd.com\/pl\/produkt\/smaragd-oval-gruen-1-25-karat\/#Merkmale_Herkunft\" >Charakterystyka i pochodzenie<\/a><\/li><li class='ez-toc-page-1 ez-toc-heading-level-4'><a class=\"ez-toc-link ez-toc-heading-2\" href=\"https:\/\/saphirsmaragd.com\/pl\/produkt\/smaragd-oval-gruen-1-25-karat\/#Besonderheiten\" >Funkcje specjalne<\/a><\/li><li class='ez-toc-page-1 ez-toc-heading-level-4'><a class=\"ez-toc-link ez-toc-heading-3\" href=\"https:\/\/saphirsmaragd.com\/pl\/produkt\/smaragd-oval-gruen-1-25-karat\/#Mehr_uber_Heilsteine_Kristalle\" >Mehr \u00fcber Heilsteine &amp; Kristalle<\/a><\/li><li class='ez-toc-page-1 ez-toc-heading-level-4'><a class=\"ez-toc-link ez-toc-heading-4\" href=\"https:\/\/saphirsmaragd.com\/pl\/produkt\/smaragd-oval-gruen-1-25-karat\/#Weitere_Infos\" >Wi\u0119cej informacji<\/a><\/li><\/ul><\/nav><\/div>\n<h4 data-start=\"1029\" data-end=\"1055\"><span class=\"ez-toc-section\" id=\"Merkmale_Herkunft\"><\/span>Charakterystyka i pochodzenie<span class=\"ez-toc-section-end\"><\/span><\/h4>\n<p data-start=\"1057\" data-end=\"1286\">Steinart: Smaragd<br data-start=\"1074\" data-end=\"1077\" \/>Farbe: Gr\u00fcn<br data-start=\"1088\" data-end=\"1091\" \/>Kszta\u0142t: Owalny<br data-start=\"1101\" data-end=\"1104\" \/>Gewicht: 1.25 Karat<br data-start=\"1123\" data-end=\"1126\" \/>Abmessungen: 7.9 x 6.1 mm<br data-start=\"1151\" data-end=\"1154\" \/>Herkunft: Brasilien<br data-start=\"1173\" data-end=\"1176\" \/>Czysto\u015b\u0107: Wyra\u017ane wtr\u0105cenia<br data-start=\"1204\" data-end=\"1207\" \/>Behandlung: Ge\u00f6lt<br data-start=\"1224\" data-end=\"1227\" \/>Obserwacja: naturalne<br data-start=\"1249\" data-end=\"1252\" \/>Mohs-H\u00e4rte: 7.5\u20138<br data-start=\"1269\" data-end=\"1272\" \/>Stan: Nowy<\/p>\n<hr data-start=\"1288\" data-end=\"1291\" \/>\n<h4 data-start=\"1293\" data-end=\"1314\"><span class=\"ez-toc-section\" id=\"Besonderheiten\"><\/span>Funkcje specjalne<span class=\"ez-toc-section-end\"><\/span><\/h4>\n<p data-start=\"1316\" data-end=\"1588\">Der Smaragd Oval Gr\u00fcn 1.25 Karat geh\u00f6rt zu den besonders gefragten Edelsteinen, da er eine ideale Gr\u00f6\u00dfe f\u00fcr hochwertige Schmuckst\u00fccke bietet. Mit \u00fcber einem Karat entfaltet der Stein seine volle Wirkung und wirkt sowohl in Ringen als auch in Anh\u00e4ngern besonders elegant.<\/p>\n<p data-start=\"1590\" data-end=\"1839\">Brasilianische Smaragde sind bekannt f\u00fcr ihre klare, lebendige Farbwirkung und bieten eine attraktive Kombination aus Qualit\u00e4t und Preis. Sie sind besonders beliebt bei K\u00e4ufern, die einen hochwertigen Edelstein mit nat\u00fcrlicher Ausstrahlung suchen.<\/p>\n<p data-start=\"1841\" data-end=\"2052\">Der klassische Ovalschliff verst\u00e4rkt die Brillanz des Smaragds und sorgt f\u00fcr eine zeitlose Optik. Die nat\u00fcrlichen Einschl\u00fcsse verleihen jedem Stein seinen individuellen Charakter und best\u00e4tigen seine Echtheit.<\/p>\n<hr data-start=\"1670\" data-end=\"1673\" \/>\n<h4 data-start=\"1448\" data-end=\"1473\"><span class=\"ez-toc-section\" id=\"Mehr_uber_Heilsteine_Kristalle\"><\/span>Mehr \u00fcber Heilsteine &amp; Kristalle<span class=\"ez-toc-section-end\"><\/span><\/h4>\n<p data-start=\"1475\" data-end=\"1668\"><a class=\"\" href=\"https:\/\/saphirsmaragd.com\/pl\/product-category\/heilsteine-kristalle-kaufen\/\" target=\"_new\" rel=\"noopener\" data-start=\"1571\" data-end=\"1668\">Kamienie i kryszta\u0142y lecznicze<\/a><\/p>\n<hr data-start=\"1670\" data-end=\"1673\" \/>\n<h4 data-start=\"1675\" data-end=\"1695\"><span class=\"ez-toc-section\" id=\"Weitere_Infos\"><\/span>Wi\u0119cej informacji<span class=\"ez-toc-section-end\"><\/span><\/h4>\n<p data-start=\"1697\" data-end=\"1801\"><a class=\"\" href=\"https:\/\/de.wikipedia.org\/wiki\/Smaragd\" target=\"_new\" rel=\"noopener\" data-start=\"1741\" data-end=\"1801\">Wikipedia \u2013 Smaragd<\/a><\/p>","protected":false},"excerpt":{"rendered":"<p data-start=\"449\" data-end=\"575\"><em>Smaragd Oval Gr\u00fcn 1.25 Karat aus Brasilien, ge\u00f6lt. Hochwertiger Edelstein im klassischen Ovalschliff mit intensiver Farbe.<\/em><\/p>","protected":false},"featured_media":8608,"comment_status":"open","ping_status":"closed","template":"","meta":{"_glsr_average":0,"_glsr_ranking":0,"_glsr_reviews":0},"product_brand":[],"product_cat":[262],"product_tag":[],"class_list":{"0":"post-8607","1":"product","2":"type-product","3":"status-publish","4":"has-post-thumbnail","6":"product_cat-smaragd","7":"pa_edelsteinart-smaragd","8":"pa_farbe-gruen","9":"pa_form-oval","10":"pa_gewicht-karat-1-0-3-0-karat","11":"pa_herkunft-brasilien","12":"pa_reinheit-deutliche-einschluesse","13":"pa_veredelung-behandlung-geoelt","14":"pa_zustand-neu","16":"first","17":"instock","18":"sold-individually","19":"taxable","20":"shipping-taxable","21":"purchasable","22":"product-type-simple","23":"add-to-wishlist-before_image"},"jetpack_sharing_enabled":true,"_links":{"self":[{"href":"https:\/\/saphirsmaragd.com\/pl\/wp-json\/wp\/v2\/product\/8607","targetHints":{"allow":["GET"]}}],"collection":[{"href":"https:\/\/saphirsmaragd.com\/pl\/wp-json\/wp\/v2\/product"}],"about":[{"href":"https:\/\/saphirsmaragd.com\/pl\/wp-json\/wp\/v2\/types\/product"}],"replies":[{"embeddable":true,"href":"https:\/\/saphirsmaragd.com\/pl\/wp-json\/wp\/v2\/comments?post=8607"}],"version-history":[{"count":1,"href":"https:\/\/saphirsmaragd.com\/pl\/wp-json\/wp\/v2\/product\/8607\/revisions"}],"predecessor-version":[{"id":8609,"href":"https:\/\/saphirsmaragd.com\/pl\/wp-json\/wp\/v2\/product\/8607\/revisions\/8609"}],"wp:featuredmedia":[{"embeddable":true,"href":"https:\/\/saphirsmaragd.com\/pl\/wp-json\/wp\/v2\/media\/8608"}],"wp:attachment":[{"href":"https:\/\/saphirsmaragd.com\/pl\/wp-json\/wp\/v2\/media?parent=8607"}],"wp:term":[{"taxonomy":"product_brand","embeddable":true,"href":"https:\/\/saphirsmaragd.com\/pl\/wp-json\/wp\/v2\/product_brand?post=8607"},{"taxonomy":"product_cat","embeddable":true,"href":"https:\/\/saphirsmaragd.com\/pl\/wp-json\/wp\/v2\/product_cat?post=8607"},{"taxonomy":"product_tag","embeddable":true,"href":"https:\/\/saphirsmaragd.com\/pl\/wp-json\/wp\/v2\/product_tag?post=8607"}],"curies":[{"name":"wp","href":"https:\/\/api.w.org\/{rel}","templated":true}]}}