{"id":8658,"date":"2026-04-27T14:02:02","date_gmt":"2026-04-27T14:02:02","guid":{"rendered":"https:\/\/saphirsmaragd.com\/?post_type=product&#038;p=8658"},"modified":"2026-04-27T14:12:38","modified_gmt":"2026-04-27T14:12:38","slug":"smaragd-rechteck-gruen-1-03-karat-aus-sambia","status":"publish","type":"product","link":"https:\/\/saphirsmaragd.com\/pl\/produkt\/smaragd-rechteck-gruen-1-03-karat-aus-sambia\/","title":{"rendered":"Smaragd Rechteck Gr\u00fcn 1.03 Karat aus Sambia \u2013 Klassischer Smaragdschliff Edelstein"},"content":{"rendered":"<p data-start=\"785\" data-end=\"1009\">Der Smaragd Rechteck Gr\u00fcn 1.03 Karat aus Sambia \u00fcberzeugt durch seine klare Linienf\u00fchrung und seine intensive gr\u00fcne Farbgebung. Mit \u00fcber einem Karat z\u00e4hlt dieser Edelstein zu den besonders begehrten Gr\u00f6\u00dfen im Schmuckbereich.<\/p>\n<hr data-start=\"1011\" data-end=\"1014\" \/>\n<div id=\"ez-toc-container\" class=\"ez-toc-v2_0_82_2 counter-hierarchy ez-toc-counter ez-toc-grey ez-toc-container-direction\">\n<div class=\"ez-toc-title-container\">\n<p class=\"ez-toc-title\" style=\"cursor:inherit\">Spis tre\u015bci<\/p>\n<span class=\"ez-toc-title-toggle\"><a href=\"#\" class=\"ez-toc-pull-right ez-toc-btn ez-toc-btn-xs ez-toc-btn-default ez-toc-toggle\" aria-label=\"Prze\u0142\u0105cznik Spisu Tre\u015bci\"><span class=\"ez-toc-js-icon-con\"><span class=\"\"><span class=\"eztoc-hide\" style=\"display:none;\">Toggle<\/span><span class=\"ez-toc-icon-toggle-span\"><svg style=\"fill: #999;color:#999\" xmlns=\"http:\/\/www.w3.org\/2000\/svg\" class=\"list-377408\" width=\"20px\" height=\"20px\" viewbox=\"0 0 24 24\" fill=\"none\"><path d=\"M6 6H4v2h2V6zm14 0H8v2h12V6zM4 11h2v2H4v-2zm16 0H8v2h12v-2zM4 16h2v2H4v-2zm16 0H8v2h12v-2z\" fill=\"currentColor\"><\/path><\/svg><svg style=\"fill: #999;color:#999\" class=\"arrow-unsorted-368013\" xmlns=\"http:\/\/www.w3.org\/2000\/svg\" width=\"10px\" height=\"10px\" viewbox=\"0 0 24 24\" version=\"1.2\" baseprofile=\"tiny\"><path d=\"M18.2 9.3l-6.2-6.3-6.2 6.3c-.2.2-.3.4-.3.7s.1.5.3.7c.2.2.4.3.7.3h11c.3 0 .5-.1.7-.3.2-.2.3-.5.3-.7s-.1-.5-.3-.7zM5.8 14.7l6.2 6.3 6.2-6.3c.2-.2.3-.5.3-.7s-.1-.5-.3-.7c-.2-.2-.4-.3-.7-.3h-11c-.3 0-.5.1-.7.3-.2.2-.3.5-.3.7s.1.5.3.7z\"\/><\/svg><\/span><\/span><\/span><\/a><\/span><\/div>\n<nav><ul class='ez-toc-list ez-toc-list-level-1' ><li class='ez-toc-page-1 ez-toc-heading-level-4'><a class=\"ez-toc-link ez-toc-heading-1\" href=\"https:\/\/saphirsmaragd.com\/pl\/produkt\/smaragd-rechteck-gruen-1-03-karat-aus-sambia\/#Merkmale_Herkunft\" >Charakterystyka i pochodzenie<\/a><\/li><li class='ez-toc-page-1 ez-toc-heading-level-4'><a class=\"ez-toc-link ez-toc-heading-2\" href=\"https:\/\/saphirsmaragd.com\/pl\/produkt\/smaragd-rechteck-gruen-1-03-karat-aus-sambia\/#Besonderheiten\" >Funkcje specjalne<\/a><\/li><li class='ez-toc-page-1 ez-toc-heading-level-4'><a class=\"ez-toc-link ez-toc-heading-3\" href=\"https:\/\/saphirsmaragd.com\/pl\/produkt\/smaragd-rechteck-gruen-1-03-karat-aus-sambia\/#Mehr_uber_Heilsteine_Kristalle\" >Mehr \u00fcber Heilsteine &amp; Kristalle<\/a><\/li><li class='ez-toc-page-1 ez-toc-heading-level-4'><a class=\"ez-toc-link ez-toc-heading-4\" href=\"https:\/\/saphirsmaragd.com\/pl\/produkt\/smaragd-rechteck-gruen-1-03-karat-aus-sambia\/#Weitere_Infos\" >Wi\u0119cej informacji<\/a><\/li><\/ul><\/nav><\/div>\n<h4 data-start=\"1016\" data-end=\"1042\"><span class=\"ez-toc-section\" id=\"Merkmale_Herkunft\"><\/span>Charakterystyka i pochodzenie<span class=\"ez-toc-section-end\"><\/span><\/h4>\n<p data-start=\"1044\" data-end=\"1291\">Steinart: Smaragd<br data-start=\"1061\" data-end=\"1064\" \/>Farbe: Gr\u00fcn<br data-start=\"1075\" data-end=\"1078\" \/>Form: Rechteck (Smaragdschliff)<br data-start=\"1109\" data-end=\"1112\" \/>Gewicht: 1.03 Karat<br data-start=\"1131\" data-end=\"1134\" \/>Abmessungen: ca. 7 x 5 mm<br data-start=\"1159\" data-end=\"1162\" \/>Herkunft: Sambia<br data-start=\"1178\" data-end=\"1181\" \/>Czysto\u015b\u0107: Wyra\u017ane wtr\u0105cenia<br data-start=\"1209\" data-end=\"1212\" \/>Behandlung: Ge\u00f6lt<br data-start=\"1229\" data-end=\"1232\" \/>Obserwacja: naturalne<br data-start=\"1254\" data-end=\"1257\" \/>Mohs-H\u00e4rte: 7.5\u20138<br data-start=\"1274\" data-end=\"1277\" \/>Stan: Nowy<\/p>\n<hr data-start=\"1293\" data-end=\"1296\" \/>\n<h4 data-start=\"1298\" data-end=\"1319\"><span class=\"ez-toc-section\" id=\"Besonderheiten\"><\/span>Funkcje specjalne<span class=\"ez-toc-section-end\"><\/span><\/h4>\n<p data-start=\"1321\" data-end=\"1573\">Der Smaragd Rechteck Gr\u00fcn 1.03 Karat besitzt den klassischen Smaragdschliff, der durch seine stufenf\u00f6rmigen Facetten eine elegante und ruhige Lichtreflexion erzeugt. Diese Schliffform ist besonders beliebt f\u00fcr hochwertige und zeitlose Schmuckdesigns.<\/p>\n<p data-start=\"1575\" data-end=\"1805\">Mit einem Gewicht von \u00fcber einem Karat geh\u00f6rt dieser Edelstein bereits zur gehobenen Kategorie und eignet sich hervorragend f\u00fcr exklusive Ringe oder Anh\u00e4nger. Die rechteckige Form unterstreicht die Tiefe und Struktur des Steins.<\/p>\n<p data-start=\"1807\" data-end=\"2023\">Smaragde aus Sambia sind bekannt f\u00fcr ihre intensive gr\u00fcne Farbe und ihre hervorragende Qualit\u00e4t. Die nat\u00fcrlichen Einschl\u00fcsse sind typisch f\u00fcr echte Smaragde und verleihen jedem Stein seinen individuellen Charakter.<\/p>\n<hr data-start=\"1670\" data-end=\"1673\" \/>\n<h4 data-start=\"1448\" data-end=\"1473\"><span class=\"ez-toc-section\" id=\"Mehr_uber_Heilsteine_Kristalle\"><\/span>Mehr \u00fcber Heilsteine &amp; Kristalle<span class=\"ez-toc-section-end\"><\/span><\/h4>\n<p data-start=\"1475\" data-end=\"1668\"><a class=\"\" href=\"https:\/\/saphirsmaragd.com\/pl\/product-category\/heilsteine-kristalle-kaufen\/\" target=\"_new\" rel=\"noopener\" data-start=\"1571\" data-end=\"1668\">Kamienie i kryszta\u0142y lecznicze<\/a><\/p>\n<hr data-start=\"1670\" data-end=\"1673\" \/>\n<h4 data-start=\"1675\" data-end=\"1695\"><span class=\"ez-toc-section\" id=\"Weitere_Infos\"><\/span>Wi\u0119cej informacji<span class=\"ez-toc-section-end\"><\/span><\/h4>\n<p data-start=\"1697\" data-end=\"1801\"><a class=\"\" href=\"https:\/\/de.wikipedia.org\/wiki\/Smaragd\" target=\"_new\" rel=\"noopener\" data-start=\"1741\" data-end=\"1801\">Wikipedia \u2013 Smaragd<\/a><\/p>","protected":false},"excerpt":{"rendered":"<p data-start=\"468\" data-end=\"602\"><em>Smaragd Rechteck Gr\u00fcn 1.03 Karat aus Sambia, ge\u00f6lt. Eleganter Edelstein im klassischen Smaragdschliff mit intensiver gr\u00fcner Farbe.<\/em><\/p>","protected":false},"featured_media":8659,"comment_status":"open","ping_status":"closed","template":"","meta":{"_glsr_average":0,"_glsr_ranking":0,"_glsr_reviews":0},"product_brand":[],"product_cat":[262],"product_tag":[],"class_list":{"0":"post-8658","1":"product","2":"type-product","3":"status-publish","4":"has-post-thumbnail","6":"product_cat-smaragd","7":"pa_edelsteinart-smaragd","8":"pa_farbe-gruen","9":"pa_form-rechteck","10":"pa_gewicht-karat-1-0-3-0-karat","11":"pa_herkunft-sambia","12":"pa_reinheit-deutliche-einschluesse","13":"pa_veredelung-behandlung-geoelt","14":"pa_zustand-neu","16":"first","17":"instock","18":"sold-individually","19":"taxable","20":"shipping-taxable","21":"purchasable","22":"product-type-simple","23":"add-to-wishlist-before_image"},"jetpack_sharing_enabled":true,"_links":{"self":[{"href":"https:\/\/saphirsmaragd.com\/pl\/wp-json\/wp\/v2\/product\/8658","targetHints":{"allow":["GET"]}}],"collection":[{"href":"https:\/\/saphirsmaragd.com\/pl\/wp-json\/wp\/v2\/product"}],"about":[{"href":"https:\/\/saphirsmaragd.com\/pl\/wp-json\/wp\/v2\/types\/product"}],"replies":[{"embeddable":true,"href":"https:\/\/saphirsmaragd.com\/pl\/wp-json\/wp\/v2\/comments?post=8658"}],"version-history":[{"count":1,"href":"https:\/\/saphirsmaragd.com\/pl\/wp-json\/wp\/v2\/product\/8658\/revisions"}],"predecessor-version":[{"id":8660,"href":"https:\/\/saphirsmaragd.com\/pl\/wp-json\/wp\/v2\/product\/8658\/revisions\/8660"}],"wp:featuredmedia":[{"embeddable":true,"href":"https:\/\/saphirsmaragd.com\/pl\/wp-json\/wp\/v2\/media\/8659"}],"wp:attachment":[{"href":"https:\/\/saphirsmaragd.com\/pl\/wp-json\/wp\/v2\/media?parent=8658"}],"wp:term":[{"taxonomy":"product_brand","embeddable":true,"href":"https:\/\/saphirsmaragd.com\/pl\/wp-json\/wp\/v2\/product_brand?post=8658"},{"taxonomy":"product_cat","embeddable":true,"href":"https:\/\/saphirsmaragd.com\/pl\/wp-json\/wp\/v2\/product_cat?post=8658"},{"taxonomy":"product_tag","embeddable":true,"href":"https:\/\/saphirsmaragd.com\/pl\/wp-json\/wp\/v2\/product_tag?post=8658"}],"curies":[{"name":"wp","href":"https:\/\/api.w.org\/{rel}","templated":true}]}}