{"id":8686,"date":"2026-04-27T14:57:01","date_gmt":"2026-04-27T14:57:01","guid":{"rendered":"https:\/\/saphirsmaragd.com\/?post_type=product&#038;p=8686"},"modified":"2026-04-27T15:01:16","modified_gmt":"2026-04-27T15:01:16","slug":"smaragd-oval-gruen-0-86-karat","status":"publish","type":"product","link":"https:\/\/saphirsmaragd.com\/pl\/produkt\/smaragd-oval-gruen-0-86-karat\/","title":{"rendered":"Smaragd Oval Gr\u00fcn 0.86 Karat aus Sambia \u2013 Eleganter ovaler Edelstein mit nat\u00fcrlicher Ausstrahlung"},"content":{"rendered":"<p data-start=\"833\" data-end=\"1085\">Der Smaragd Oval Gr\u00fcn 0.86 Karat aus Sambia vereint eine harmonische Form mit einer lebendigen gr\u00fcnen Farbintensit\u00e4t. Durch seinen ovalen Schliff wirkt der Edelstein besonders weich und elegant, wodurch er sich ideal f\u00fcr stilvolle Schmuckst\u00fccke eignet.<\/p>\n<hr data-start=\"1087\" data-end=\"1090\" \/>\n<div id=\"ez-toc-container\" class=\"ez-toc-v2_0_82_2 counter-hierarchy ez-toc-counter ez-toc-grey ez-toc-container-direction\">\n<div class=\"ez-toc-title-container\">\n<p class=\"ez-toc-title\" style=\"cursor:inherit\">Spis tre\u015bci<\/p>\n<span class=\"ez-toc-title-toggle\"><a href=\"#\" class=\"ez-toc-pull-right ez-toc-btn ez-toc-btn-xs ez-toc-btn-default ez-toc-toggle\" aria-label=\"Prze\u0142\u0105cznik Spisu Tre\u015bci\"><span class=\"ez-toc-js-icon-con\"><span class=\"\"><span class=\"eztoc-hide\" style=\"display:none;\">Toggle<\/span><span class=\"ez-toc-icon-toggle-span\"><svg style=\"fill: #999;color:#999\" xmlns=\"http:\/\/www.w3.org\/2000\/svg\" class=\"list-377408\" width=\"20px\" height=\"20px\" viewbox=\"0 0 24 24\" fill=\"none\"><path d=\"M6 6H4v2h2V6zm14 0H8v2h12V6zM4 11h2v2H4v-2zm16 0H8v2h12v-2zM4 16h2v2H4v-2zm16 0H8v2h12v-2z\" fill=\"currentColor\"><\/path><\/svg><svg style=\"fill: #999;color:#999\" class=\"arrow-unsorted-368013\" xmlns=\"http:\/\/www.w3.org\/2000\/svg\" width=\"10px\" height=\"10px\" viewbox=\"0 0 24 24\" version=\"1.2\" baseprofile=\"tiny\"><path d=\"M18.2 9.3l-6.2-6.3-6.2 6.3c-.2.2-.3.4-.3.7s.1.5.3.7c.2.2.4.3.7.3h11c.3 0 .5-.1.7-.3.2-.2.3-.5.3-.7s-.1-.5-.3-.7zM5.8 14.7l6.2 6.3 6.2-6.3c.2-.2.3-.5.3-.7s-.1-.5-.3-.7c-.2-.2-.4-.3-.7-.3h-11c-.3 0-.5.1-.7.3-.2.2-.3.5-.3.7s.1.5.3.7z\"\/><\/svg><\/span><\/span><\/span><\/a><\/span><\/div>\n<nav><ul class='ez-toc-list ez-toc-list-level-1' ><li class='ez-toc-page-1 ez-toc-heading-level-4'><a class=\"ez-toc-link ez-toc-heading-1\" href=\"https:\/\/saphirsmaragd.com\/pl\/produkt\/smaragd-oval-gruen-0-86-karat\/#Merkmale_Herkunft\" >Charakterystyka i pochodzenie<\/a><\/li><li class='ez-toc-page-1 ez-toc-heading-level-4'><a class=\"ez-toc-link ez-toc-heading-2\" href=\"https:\/\/saphirsmaragd.com\/pl\/produkt\/smaragd-oval-gruen-0-86-karat\/#Besonderheiten\" >Funkcje specjalne<\/a><\/li><li class='ez-toc-page-1 ez-toc-heading-level-4'><a class=\"ez-toc-link ez-toc-heading-3\" href=\"https:\/\/saphirsmaragd.com\/pl\/produkt\/smaragd-oval-gruen-0-86-karat\/#Mehr_uber_Heilsteine_Kristalle\" >Mehr \u00fcber Heilsteine &amp; Kristalle<\/a><\/li><li class='ez-toc-page-1 ez-toc-heading-level-4'><a class=\"ez-toc-link ez-toc-heading-4\" href=\"https:\/\/saphirsmaragd.com\/pl\/produkt\/smaragd-oval-gruen-0-86-karat\/#Weitere_Infos\" >Wi\u0119cej informacji<\/a><\/li><\/ul><\/nav><\/div>\n<h4 data-start=\"1092\" data-end=\"1118\"><span class=\"ez-toc-section\" id=\"Merkmale_Herkunft\"><\/span>Charakterystyka i pochodzenie<span class=\"ez-toc-section-end\"><\/span><\/h4>\n<p data-start=\"1120\" data-end=\"1350\">Steinart: Smaragd<br data-start=\"1137\" data-end=\"1140\" \/>Farbe: Gr\u00fcn<br data-start=\"1151\" data-end=\"1154\" \/>Kszta\u0142t: Owalny<br data-start=\"1164\" data-end=\"1167\" \/>Gewicht: 0.86 Karat<br data-start=\"1186\" data-end=\"1189\" \/>Abmessungen: ca. 7.8 x 5.8 mm<br data-start=\"1218\" data-end=\"1221\" \/>Herkunft: Sambia<br data-start=\"1237\" data-end=\"1240\" \/>Reinheit: Kleine Einschl\u00fcsse<br data-start=\"1268\" data-end=\"1271\" \/>Behandlung: Ge\u00f6lt<br data-start=\"1288\" data-end=\"1291\" \/>Obserwacja: naturalne<br data-start=\"1313\" data-end=\"1316\" \/>Mohs-H\u00e4rte: 7.5\u20138<br data-start=\"1333\" data-end=\"1336\" \/>Stan: Nowy<\/p>\n<hr data-start=\"1352\" data-end=\"1355\" \/>\n<h4 data-start=\"1357\" data-end=\"1378\"><span class=\"ez-toc-section\" id=\"Besonderheiten\"><\/span>Funkcje specjalne<span class=\"ez-toc-section-end\"><\/span><\/h4>\n<p data-start=\"1380\" data-end=\"1629\">Der Smaragd Oval Gr\u00fcn 0.86 Karat \u00fcberzeugt durch seine ausgewogene Gr\u00f6\u00dfe und seine klassische Form. Der ovale Schliff sorgt f\u00fcr eine gleichm\u00e4\u00dfige Lichtreflexion und l\u00e4sst den Edelstein optisch gr\u00f6\u00dfer erscheinen als sein tats\u00e4chliches Karatgewicht.<\/p>\n<p data-start=\"1631\" data-end=\"1905\">Besonders bei Schmuckdesigns wie Ringen oder Anh\u00e4ngern wird dieser Schliff h\u00e4ufig verwendet, da er sowohl modern als auch zeitlos wirkt. Die nat\u00fcrliche Struktur mit feinen Einschl\u00fcssen unterstreicht die Echtheit des Smaragds und verleiht ihm einen individuellen Charakter.<\/p>\n<p data-start=\"1907\" data-end=\"2107\">Smaragde aus Sambia sind f\u00fcr ihre kr\u00e4ftige gr\u00fcne Farbe bekannt und geh\u00f6ren zu den beliebtesten Edelsteinen weltweit. Dieser Stein bietet eine attraktive Balance zwischen Preis und optischer Wirkung.<\/p>\n<hr data-start=\"1670\" data-end=\"1673\" \/>\n<h4 data-start=\"1448\" data-end=\"1473\"><span class=\"ez-toc-section\" id=\"Mehr_uber_Heilsteine_Kristalle\"><\/span>Mehr \u00fcber Heilsteine &amp; Kristalle<span class=\"ez-toc-section-end\"><\/span><\/h4>\n<p data-start=\"1475\" data-end=\"1668\"><a class=\"\" href=\"https:\/\/saphirsmaragd.com\/pl\/product-category\/heilsteine-kristalle-kaufen\/\" target=\"_new\" rel=\"noopener\" data-start=\"1571\" data-end=\"1668\">Kamienie i kryszta\u0142y lecznicze<\/a><\/p>\n<hr data-start=\"1670\" data-end=\"1673\" \/>\n<h4 data-start=\"1675\" data-end=\"1695\"><span class=\"ez-toc-section\" id=\"Weitere_Infos\"><\/span>Wi\u0119cej informacji<span class=\"ez-toc-section-end\"><\/span><\/h4>\n<p data-start=\"1697\" data-end=\"1801\"><a class=\"\" href=\"https:\/\/de.wikipedia.org\/wiki\/Smaragd\" target=\"_new\" rel=\"noopener\" data-start=\"1741\" data-end=\"1801\">Wikipedia \u2013 Smaragd<\/a><\/p>","protected":false},"excerpt":{"rendered":"<p data-start=\"512\" data-end=\"639\"><em>Smaragd Oval Gr\u00fcn 0.86 Karat aus Sambia, ge\u00f6lt. Hochwertiger ovaler Edelstein mit intensiver Farbe und klassischem Schliff.<\/em><\/p>","protected":false},"featured_media":8687,"comment_status":"open","ping_status":"closed","template":"","meta":{"_glsr_average":0,"_glsr_ranking":0,"_glsr_reviews":0},"product_brand":[],"product_cat":[262],"product_tag":[],"class_list":{"0":"post-8686","1":"product","2":"type-product","3":"status-publish","4":"has-post-thumbnail","6":"product_cat-smaragd","7":"pa_edelsteinart-smaragd","8":"pa_farbe-gruen","9":"pa_form-oval","10":"pa_gewicht-karat-0-5-1-0-karat","11":"pa_herkunft-sambia","12":"pa_reinheit-kleine-einschluesse","13":"pa_veredelung-behandlung-geoelt","14":"pa_zustand-neu","16":"first","17":"instock","18":"sold-individually","19":"taxable","20":"shipping-taxable","21":"purchasable","22":"product-type-simple","23":"add-to-wishlist-before_image"},"jetpack_sharing_enabled":true,"_links":{"self":[{"href":"https:\/\/saphirsmaragd.com\/pl\/wp-json\/wp\/v2\/product\/8686","targetHints":{"allow":["GET"]}}],"collection":[{"href":"https:\/\/saphirsmaragd.com\/pl\/wp-json\/wp\/v2\/product"}],"about":[{"href":"https:\/\/saphirsmaragd.com\/pl\/wp-json\/wp\/v2\/types\/product"}],"replies":[{"embeddable":true,"href":"https:\/\/saphirsmaragd.com\/pl\/wp-json\/wp\/v2\/comments?post=8686"}],"version-history":[{"count":2,"href":"https:\/\/saphirsmaragd.com\/pl\/wp-json\/wp\/v2\/product\/8686\/revisions"}],"predecessor-version":[{"id":8689,"href":"https:\/\/saphirsmaragd.com\/pl\/wp-json\/wp\/v2\/product\/8686\/revisions\/8689"}],"wp:featuredmedia":[{"embeddable":true,"href":"https:\/\/saphirsmaragd.com\/pl\/wp-json\/wp\/v2\/media\/8687"}],"wp:attachment":[{"href":"https:\/\/saphirsmaragd.com\/pl\/wp-json\/wp\/v2\/media?parent=8686"}],"wp:term":[{"taxonomy":"product_brand","embeddable":true,"href":"https:\/\/saphirsmaragd.com\/pl\/wp-json\/wp\/v2\/product_brand?post=8686"},{"taxonomy":"product_cat","embeddable":true,"href":"https:\/\/saphirsmaragd.com\/pl\/wp-json\/wp\/v2\/product_cat?post=8686"},{"taxonomy":"product_tag","embeddable":true,"href":"https:\/\/saphirsmaragd.com\/pl\/wp-json\/wp\/v2\/product_tag?post=8686"}],"curies":[{"name":"wp","href":"https:\/\/api.w.org\/{rel}","templated":true}]}}