{"id":2713,"date":"2025-10-12T13:18:15","date_gmt":"2025-10-12T13:18:15","guid":{"rendered":"https:\/\/saphirsmaragd.com\/?post_type=product&#038;p=2713"},"modified":"2025-12-29T19:00:06","modified_gmt":"2025-12-29T19:00:06","slug":"granat-0-41-karat-gruen-quadrat","status":"publish","type":"product","link":"https:\/\/saphirsmaragd.com\/pt\/produto\/granat-0-41-karat-gruen-quadrat\/","title":{"rendered":"Granada quadrada verde de 0,41 quilates \u2013 Tsavorita (Grossular), facetada 4,10 \u00d7 4,10 mm, limpa \u00e0 vista com certificado"},"content":{"rendered":"<div id=\"ez-toc-container\" class=\"ez-toc-v2_0_82_2 counter-hierarchy ez-toc-counter ez-toc-grey ez-toc-container-direction\">\n<div class=\"ez-toc-title-container\">\n<p class=\"ez-toc-title\" style=\"cursor:inherit\">\u00cdndice<\/p>\n<span class=\"ez-toc-title-toggle\"><a href=\"#\" class=\"ez-toc-pull-right ez-toc-btn ez-toc-btn-xs ez-toc-btn-default ez-toc-toggle\" aria-label=\"Toggle Table of Content\"><span class=\"ez-toc-js-icon-con\"><span class=\"\"><span class=\"eztoc-hide\" style=\"display:none;\">Alternar<\/span><span class=\"ez-toc-icon-toggle-span\"><svg style=\"fill: #999;color:#999\" xmlns=\"http:\/\/www.w3.org\/2000\/svg\" class=\"list-377408\" width=\"20px\" height=\"20px\" viewbox=\"0 0 24 24\" fill=\"none\"><path d=\"M6 6H4v2h2V6zm14 0H8v2h12V6zM4 11h2v2H4v-2zm16 0H8v2h12v-2zM4 16h2v2H4v-2zm16 0H8v2h12v-2z\" fill=\"currentColor\"><\/path><\/svg><svg style=\"fill: #999;color:#999\" class=\"arrow-unsorted-368013\" xmlns=\"http:\/\/www.w3.org\/2000\/svg\" width=\"10px\" height=\"10px\" viewbox=\"0 0 24 24\" version=\"1.2\" baseprofile=\"tiny\"><path d=\"M18.2 9.3l-6.2-6.3-6.2 6.3c-.2.2-.3.4-.3.7s.1.5.3.7c.2.2.4.3.7.3h11c.3 0 .5-.1.7-.3.2-.2.3-.5.3-.7s-.1-.5-.3-.7zM5.8 14.7l6.2 6.3 6.2-6.3c.2-.2.3-.5.3-.7s-.1-.5-.3-.7c-.2-.2-.4-.3-.7-.3h-11c-.3 0-.5.1-.7.3-.2.2-.3.5-.3.7s.1.5.3.7z\"\/><\/svg><\/span><\/span><\/span><\/a><\/span><\/div>\n<nav><ul class='ez-toc-list ez-toc-list-level-1' ><li class='ez-toc-page-1 ez-toc-heading-level-4'><a class=\"ez-toc-link ez-toc-heading-1\" href=\"https:\/\/saphirsmaragd.com\/pt\/produto\/granat-0-41-karat-gruen-quadrat\/#Granat_041_Karat_Grun_Quadrat_%E2%80%93_Tsavorit_mit_leuchtender_Brillanz\" >Granada quadrada verde de 0,41 quilates \u2013 Tsavorita com brilho intenso<\/a><\/li><li class='ez-toc-page-1 ez-toc-heading-level-4'><a class=\"ez-toc-link ez-toc-heading-2\" href=\"https:\/\/saphirsmaragd.com\/pt\/produto\/granat-0-41-karat-gruen-quadrat\/#Merkmale_Herkunft_%E2%80%93_Granat_041_Karat_Grun_Quadrat\" >Caracter\u00edsticas e Origem \u2013 Granada quadrada verde 0,41 quilates<\/a><\/li><li class='ez-toc-page-1 ez-toc-heading-level-4'><a class=\"ez-toc-link ez-toc-heading-3\" href=\"https:\/\/saphirsmaragd.com\/pt\/produto\/granat-0-41-karat-gruen-quadrat\/#Besonderheiten\" >Caracter\u00edsticas especiais<\/a><\/li><li class='ez-toc-page-1 ez-toc-heading-level-4'><a class=\"ez-toc-link ez-toc-heading-4\" href=\"https:\/\/saphirsmaragd.com\/pt\/produto\/granat-0-41-karat-gruen-quadrat\/#Mehr_uber_unsere_Edelsteine\" >Mais sobre nossas pedras preciosas<\/a><\/li><li class='ez-toc-page-1 ez-toc-heading-level-4'><a class=\"ez-toc-link ez-toc-heading-5\" href=\"https:\/\/saphirsmaragd.com\/pt\/produto\/granat-0-41-karat-gruen-quadrat\/#Weitere_Infos\" >Mais informa\u00e7\u00f5es<\/a><\/li><\/ul><\/nav><\/div>\n<h4 data-start=\"602\" data-end=\"673\"><span class=\"ez-toc-section\" id=\"Granat_041_Karat_Grun_Quadrat_%E2%80%93_Tsavorit_mit_leuchtender_Brillanz\"><\/span>Granada quadrada verde de 0,41 quilates \u2013 Tsavorita com brilho intenso<span class=\"ez-toc-section-end\"><\/span><\/h4>\n<p data-start=\"674\" data-end=\"862\">Esta pedra \u00fanica exibe um verde intenso e fresco, com um brilho l\u00edmpido. Esta granada quadrada verde de 0,41 quilates \u00e9 perfeita para ambientes delicados \u2014 natural, sem tratamento e certificada.<\/p>\n<hr data-start=\"864\" data-end=\"867\" \/>\n<h4 data-start=\"869\" data-end=\"926\"><span class=\"ez-toc-section\" id=\"Merkmale_Herkunft_%E2%80%93_Granat_041_Karat_Grun_Quadrat\"><\/span>Caracter\u00edsticas e Origem \u2013 Granada quadrada verde 0,41 quilates<span class=\"ez-toc-section-end\"><\/span><\/h4>\n<p data-start=\"927\" data-end=\"1237\">Tipo de pedra: Granada (Tsavorita \/ Grossular)<br data-start=\"966\" data-end=\"969\" \/>Cor: Verde<br data-start=\"980\" data-end=\"983\" \/>Formato: quadrado facetado (Princesa)<br data-start=\"1018\" data-end=\"1021\" \/>Tamanho: 4,10 \u00d7 4,10 mm<br data-start=\"1042\" data-end=\"1045\" \/>Peso: 0,41 quilates<br data-start=\"1064\" data-end=\"1067\" \/>Clareza: Olho limpo (inclus\u00f5es vis\u00edveis apenas em 10\u00d7)<br data-start=\"1123\" data-end=\"1126\" \/>Tratamento: N\u00e3o tratado<br data-start=\"1149\" data-end=\"1152\" \/>Dureza: 6,5 na escala de Mohs<br data-start=\"1181\" data-end=\"1184\" \/>Certificado: Val\u00e9rie DURAFFOURG (Gem-A)<br data-start=\"1222\" data-end=\"1225\" \/>Condi\u00e7\u00e3o: Novo<\/p>\n<hr data-start=\"1239\" data-end=\"1242\" \/>\n<h4 data-start=\"1244\" data-end=\"1263\"><span class=\"ez-toc-section\" id=\"Besonderheiten\"><\/span>Caracter\u00edsticas especiais<span class=\"ez-toc-section-end\"><\/span><\/h4>\n<p data-start=\"1264\" data-end=\"1593\">A granada quadrada verde de 0,41 quilates combina um formato quadrado raro com a cor radiante da tsavorita. O corte princesa preciso cria reflexos de luz vibrantes, e a clareza ocular certificada garante uma apar\u00eancia n\u00edtida e de alta qualidade. Qualidade certificada e sem tratamento \u2014 ideal para an\u00e9is, pingentes ou brincos elegantes.<\/p>\n<hr data-start=\"1926\" data-end=\"1929\" \/>\n<h4 data-start=\"1931\" data-end=\"1971\"><span class=\"ez-toc-section\" id=\"Mehr_uber_unsere_Edelsteine\"><\/span>Mais sobre nossas pedras preciosas<span class=\"ez-toc-section-end\"><\/span><\/h4>\n<p data-start=\"1972\" data-end=\"2069\"><a href=\"https:\/\/saphirsmaragd.com\/pt\/product-category\/edelsteine-kaufen\/\">Pedras preciosas<\/a><\/p>\n<hr data-start=\"2071\" data-end=\"2074\" \/>\n<h4 data-start=\"2076\" data-end=\"2096\"><span class=\"ez-toc-section\" id=\"Weitere_Infos\"><\/span>Mais informa\u00e7\u00f5es<span class=\"ez-toc-section-end\"><\/span><\/h4>\n<p data-start=\"2097\" data-end=\"2160\"><a class=\"decorated-link cursor-pointer\" href=\"https:\/\/de.wikipedia.org\/wiki\/Granat\" target=\"_new\" rel=\"noopener\" data-start=\"2097\" data-end=\"2160\">Wikip\u00e9dia: Granada<\/a><\/p>","protected":false},"excerpt":{"rendered":"<p data-start=\"259\" data-end=\"461\"><em>Granada, 0,41 quilate, quadrada verde \u2013 tsavorita (grossular), 4,10 \u00d7 4,10 mm facetada, limpa \u00e0 vista, sem tratamento, com certificado. Um verde vibrante para engastes finos e colecionadores.<\/em><\/p>\n<p data-start=\"463\" data-end=\"595\">\n<h3 data-start=\"660\" data-end=\"684\"><\/h3>\n<p data-start=\"575\" data-end=\"606\">","protected":false},"featured_media":2715,"comment_status":"open","ping_status":"closed","template":"","meta":{"_glsr_average":0,"_glsr_ranking":0,"_glsr_reviews":0},"product_brand":[],"product_cat":[111],"product_tag":[],"class_list":{"0":"post-2713","1":"product","2":"type-product","3":"status-publish","4":"has-post-thumbnail","6":"product_cat-granat-kaufen","7":"pa_edelsteinart-granat","8":"pa_farbe-gruen","9":"pa_form-quadrat","10":"pa_gewicht-karat-0-1-0-5-karat","11":"pa_reinheit-augenrein","12":"pa_veredelung-behandlung-unbehandelt","13":"pa_zertifikat-ja","14":"pa_zustand-neu","16":"first","17":"instock","18":"featured","19":"sold-individually","20":"shipping-taxable","21":"purchasable","22":"product-type-simple","23":"add-to-wishlist-before_image"},"jetpack_sharing_enabled":true,"_links":{"self":[{"href":"https:\/\/saphirsmaragd.com\/pt\/wp-json\/wp\/v2\/product\/2713","targetHints":{"allow":["GET"]}}],"collection":[{"href":"https:\/\/saphirsmaragd.com\/pt\/wp-json\/wp\/v2\/product"}],"about":[{"href":"https:\/\/saphirsmaragd.com\/pt\/wp-json\/wp\/v2\/types\/product"}],"replies":[{"embeddable":true,"href":"https:\/\/saphirsmaragd.com\/pt\/wp-json\/wp\/v2\/comments?post=2713"}],"version-history":[{"count":1,"href":"https:\/\/saphirsmaragd.com\/pt\/wp-json\/wp\/v2\/product\/2713\/revisions"}],"predecessor-version":[{"id":2717,"href":"https:\/\/saphirsmaragd.com\/pt\/wp-json\/wp\/v2\/product\/2713\/revisions\/2717"}],"wp:featuredmedia":[{"embeddable":true,"href":"https:\/\/saphirsmaragd.com\/pt\/wp-json\/wp\/v2\/media\/2715"}],"wp:attachment":[{"href":"https:\/\/saphirsmaragd.com\/pt\/wp-json\/wp\/v2\/media?parent=2713"}],"wp:term":[{"taxonomy":"product_brand","embeddable":true,"href":"https:\/\/saphirsmaragd.com\/pt\/wp-json\/wp\/v2\/product_brand?post=2713"},{"taxonomy":"product_cat","embeddable":true,"href":"https:\/\/saphirsmaragd.com\/pt\/wp-json\/wp\/v2\/product_cat?post=2713"},{"taxonomy":"product_tag","embeddable":true,"href":"https:\/\/saphirsmaragd.com\/pt\/wp-json\/wp\/v2\/product_tag?post=2713"}],"curies":[{"name":"wp","href":"https:\/\/api.w.org\/{rel}","templated":true}]}}