{"id":2880,"date":"2025-10-13T08:45:40","date_gmt":"2025-10-13T08:45:40","guid":{"rendered":"https:\/\/saphirsmaragd.com\/?post_type=product&#038;p=2880"},"modified":"2025-12-29T18:59:37","modified_gmt":"2025-12-29T18:59:37","slug":"feueropal-1-22-karat-dreieck-orange","status":"publish","type":"product","link":"https:\/\/saphirsmaragd.com\/pt\/produto\/feueropal-1-22-karat-dreieck-orange\/","title":{"rendered":"Opala de fogo laranja triangular de 1,22 quilates \u2013 facetada, intensa e certificada"},"content":{"rendered":"<div id=\"ez-toc-container\" class=\"ez-toc-v2_0_83 counter-hierarchy ez-toc-counter ez-toc-grey ez-toc-container-direction\">\n<div class=\"ez-toc-title-container\">\n<p class=\"ez-toc-title\" style=\"cursor:inherit\">\u00cdndice<\/p>\n<span class=\"ez-toc-title-toggle\"><a href=\"#\" class=\"ez-toc-pull-right ez-toc-btn ez-toc-btn-xs ez-toc-btn-default ez-toc-toggle\" aria-label=\"Toggle Table of Content\"><span class=\"ez-toc-js-icon-con\"><span class=\"\"><span class=\"eztoc-hide\" style=\"display:none;\">Alternar<\/span><span class=\"ez-toc-icon-toggle-span\"><svg style=\"fill: #999;color:#999\" xmlns=\"http:\/\/www.w3.org\/2000\/svg\" class=\"list-377408\" width=\"20px\" height=\"20px\" viewbox=\"0 0 24 24\" fill=\"none\"><path d=\"M6 6H4v2h2V6zm14 0H8v2h12V6zM4 11h2v2H4v-2zm16 0H8v2h12v-2zM4 16h2v2H4v-2zm16 0H8v2h12v-2z\" fill=\"currentColor\"><\/path><\/svg><svg style=\"fill: #999;color:#999\" class=\"arrow-unsorted-368013\" xmlns=\"http:\/\/www.w3.org\/2000\/svg\" width=\"10px\" height=\"10px\" viewbox=\"0 0 24 24\" version=\"1.2\" baseprofile=\"tiny\"><path d=\"M18.2 9.3l-6.2-6.3-6.2 6.3c-.2.2-.3.4-.3.7s.1.5.3.7c.2.2.4.3.7.3h11c.3 0 .5-.1.7-.3.2-.2.3-.5.3-.7s-.1-.5-.3-.7zM5.8 14.7l6.2 6.3 6.2-6.3c.2-.2.3-.5.3-.7s-.1-.5-.3-.7c-.2-.2-.4-.3-.7-.3h-11c-.3 0-.5.1-.7.3-.2.2-.3.5-.3.7s.1.5.3.7z\"\/><\/svg><\/span><\/span><\/span><\/a><\/span><\/div>\n<nav><ul class='ez-toc-list ez-toc-list-level-1' ><li class='ez-toc-page-1 ez-toc-heading-level-4'><a class=\"ez-toc-link ez-toc-heading-1\" href=\"https:\/\/saphirsmaragd.com\/pt\/produto\/feueropal-1-22-karat-dreieck-orange\/#Feueropal_122_Karat_Dreieck_Orange_%E2%80%93_facettiert_intensiv_zertifiziert\" >Feueropal 1.22 Karat Dreieck Orange \u2013 facettiert, intensiv &amp; zertifiziert<\/a><\/li><li class='ez-toc-page-1 ez-toc-heading-level-4'><a class=\"ez-toc-link ez-toc-heading-2\" href=\"https:\/\/saphirsmaragd.com\/pt\/produto\/feueropal-1-22-karat-dreieck-orange\/#Merkmale_Herkunft\" >Caracter\u00edsticas e Origem<\/a><\/li><li class='ez-toc-page-1 ez-toc-heading-level-4'><a class=\"ez-toc-link ez-toc-heading-3\" href=\"https:\/\/saphirsmaragd.com\/pt\/produto\/feueropal-1-22-karat-dreieck-orange\/#Besonderheiten\" >Caracter\u00edsticas especiais<\/a><\/li><li class='ez-toc-page-1 ez-toc-heading-level-4'><a class=\"ez-toc-link ez-toc-heading-4\" href=\"https:\/\/saphirsmaragd.com\/pt\/produto\/feueropal-1-22-karat-dreieck-orange\/#Mehr_uber_unsere_Edelsteine\" >Mais sobre nossas pedras preciosas<\/a><\/li><li class='ez-toc-page-1 ez-toc-heading-level-4'><a class=\"ez-toc-link ez-toc-heading-5\" href=\"https:\/\/saphirsmaragd.com\/pt\/produto\/feueropal-1-22-karat-dreieck-orange\/#Weitere_Infos\" >Mais informa\u00e7\u00f5es<\/a><\/li><\/ul><\/nav><\/div>\n<h4 data-start=\"762\" data-end=\"840\"><span class=\"ez-toc-section\" id=\"Feueropal_122_Karat_Dreieck_Orange_%E2%80%93_facettiert_intensiv_zertifiziert\"><\/span>Feueropal 1.22 Karat Dreieck Orange \u2013 facettiert, intensiv &amp; zertifiziert<span class=\"ez-toc-section-end\"><\/span><\/h4>\n<p data-start=\"841\" data-end=\"1176\">Ein leuchtender, dreieckig facettierter Feueropal mit kr\u00e4ftigem Orange und feiner roter Nuance. Die Trillion-Form bietet moderne Linien und starke Lichtreflexe \u2013 ideal f\u00fcr markante Ringe oder Anh\u00e4nger. Unbehandelt, unter 10-facher Vergr\u00f6\u00dferung sauber und mit Zertifikat geliefert \u2013 eine wertbest\u00e4ndige Wahl f\u00fcr anspruchsvollen Schmuck.<\/p>\n<hr data-start=\"1178\" data-end=\"1181\" \/>\n<h4 data-start=\"1183\" data-end=\"1207\"><span class=\"ez-toc-section\" id=\"Merkmale_Herkunft\"><\/span>Caracter\u00edsticas e Origem<span class=\"ez-toc-section-end\"><\/span><\/h4>\n<p data-start=\"1208\" data-end=\"1552\">Stein: Feueropal<br data-start=\"1224\" data-end=\"1227\" \/>Farbe: Orange (mit roter Nuance)<br data-start=\"1259\" data-end=\"1262\" \/>Form: Dreieck (Trillion)<br data-start=\"1286\" data-end=\"1289\" \/>Gr\u00f6\u00dfe: ca. 8 mm Kantenl\u00e4nge<br data-start=\"1316\" data-end=\"1319\" \/>Gewicht: 1.22 Karat<br data-start=\"1338\" data-end=\"1341\" \/>Reinheit: Lupenrein (unter 10\u00d7 Vergr\u00f6\u00dferung sauber)<br data-start=\"1392\" data-end=\"1395\" \/>Tratamento: N\u00e3o tratado<br data-start=\"1418\" data-end=\"1421\" \/>Dureza: 6,5 na escala de Mohs<br data-start=\"1450\" data-end=\"1453\" \/>Herkunft: Mexiko<br data-start=\"1469\" data-end=\"1472\" \/>Zertifikat: Val\u00e9rie DURAFFOURG (Gem-A) \u2013 Lieferung mit Zertifikat<br data-start=\"1537\" data-end=\"1540\" \/>Condi\u00e7\u00e3o: Novo<\/p>\n<hr data-start=\"1554\" data-end=\"1557\" \/>\n<h4 data-start=\"1559\" data-end=\"1578\"><span class=\"ez-toc-section\" id=\"Besonderheiten\"><\/span>Caracter\u00edsticas especiais<span class=\"ez-toc-section-end\"><\/span><\/h4>\n<p data-start=\"1579\" data-end=\"1850\">Das intensive Orange mit lebendigem Funkeln betont die klare Geometrie des Trillion-Schliffs und wirkt bereits bei diffusem Tageslicht. Unbehandelte, lupenreine Qualit\u00e4t mit unabh\u00e4ngiger Zertifizierung (Gem-A) sorgt f\u00fcr maximale Sicherheit und ein starkes Premium-Signal.<\/p>\n<hr data-start=\"1926\" data-end=\"1929\" \/>\n<h4 data-start=\"1931\" data-end=\"1971\"><span class=\"ez-toc-section\" id=\"Mehr_uber_unsere_Edelsteine\"><\/span>Mais sobre nossas pedras preciosas<span class=\"ez-toc-section-end\"><\/span><\/h4>\n<p data-start=\"1972\" data-end=\"2069\"><a href=\"https:\/\/saphirsmaragd.com\/pt\/product-category\/edelsteine-kaufen\/\">Pedras preciosas<\/a><\/p>\n<hr data-start=\"2071\" data-end=\"2074\" \/>\n<h4 data-start=\"2076\" data-end=\"2096\"><span class=\"ez-toc-section\" id=\"Weitere_Infos\"><\/span>Mais informa\u00e7\u00f5es<span class=\"ez-toc-section-end\"><\/span><\/h4>\n<p><a href=\"https:\/\/de.wikipedia.org\/wiki\/Opal\" target=\"_blank\" rel=\"noopener\">Wikipedia: Opal<\/a><\/p>","protected":false},"excerpt":{"rendered":"<p data-start=\"381\" data-end=\"654\"><em>Feueropal 1.22 Karat Dreieck Orange &#8211;\u00a0 Nat\u00fcrlicher mexikanischer Feueropal (Triangel\/Trillion), intensives Orange mit roter Nuance, unbehandelt, lupenrein (unter 10\u00d7), H\u00e4rte 6.5, inkl. Zertifikat von Val\u00e9rie DURAFFOURG (Gem-A).<\/em><\/p>\n<p data-start=\"656\" data-end=\"755\">\n<h3 data-start=\"660\" data-end=\"684\"><\/h3>\n<p data-start=\"575\" data-end=\"606\">","protected":false},"featured_media":2883,"comment_status":"open","ping_status":"closed","template":"","meta":{"_glsr_average":0,"_glsr_ranking":0,"_glsr_reviews":0},"product_brand":[],"product_cat":[75],"product_tag":[],"class_list":{"0":"post-2880","1":"product","2":"type-product","3":"status-publish","4":"has-post-thumbnail","6":"product_cat-opale-kaufen","7":"pa_edelsteinart-opal","8":"pa_farbe-orange","9":"pa_form-dreieck","10":"pa_gewicht-karat-1-0-3-0-karat","11":"pa_herkunft-mexiko","12":"pa_reinheit-lupenrein","13":"pa_veredelung-behandlung-unbehandelt","14":"pa_zertifikat-ja","15":"pa_zustand-neu","17":"first","18":"instock","19":"featured","20":"sold-individually","21":"shipping-taxable","22":"purchasable","23":"product-type-simple","24":"add-to-wishlist-before_image"},"jetpack_sharing_enabled":true,"_links":{"self":[{"href":"https:\/\/saphirsmaragd.com\/pt\/wp-json\/wp\/v2\/product\/2880","targetHints":{"allow":["GET"]}}],"collection":[{"href":"https:\/\/saphirsmaragd.com\/pt\/wp-json\/wp\/v2\/product"}],"about":[{"href":"https:\/\/saphirsmaragd.com\/pt\/wp-json\/wp\/v2\/types\/product"}],"replies":[{"embeddable":true,"href":"https:\/\/saphirsmaragd.com\/pt\/wp-json\/wp\/v2\/comments?post=2880"}],"version-history":[{"count":1,"href":"https:\/\/saphirsmaragd.com\/pt\/wp-json\/wp\/v2\/product\/2880\/revisions"}],"predecessor-version":[{"id":2884,"href":"https:\/\/saphirsmaragd.com\/pt\/wp-json\/wp\/v2\/product\/2880\/revisions\/2884"}],"wp:featuredmedia":[{"embeddable":true,"href":"https:\/\/saphirsmaragd.com\/pt\/wp-json\/wp\/v2\/media\/2883"}],"wp:attachment":[{"href":"https:\/\/saphirsmaragd.com\/pt\/wp-json\/wp\/v2\/media?parent=2880"}],"wp:term":[{"taxonomy":"product_brand","embeddable":true,"href":"https:\/\/saphirsmaragd.com\/pt\/wp-json\/wp\/v2\/product_brand?post=2880"},{"taxonomy":"product_cat","embeddable":true,"href":"https:\/\/saphirsmaragd.com\/pt\/wp-json\/wp\/v2\/product_cat?post=2880"},{"taxonomy":"product_tag","embeddable":true,"href":"https:\/\/saphirsmaragd.com\/pt\/wp-json\/wp\/v2\/product_tag?post=2880"}],"curies":[{"name":"wp","href":"https:\/\/api.w.org\/{rel}","templated":true}]}}