{"id":3956,"date":"2025-10-29T23:01:18","date_gmt":"2025-10-29T23:01:18","guid":{"rendered":"https:\/\/saphirsmaragd.com\/?post_type=product&#038;p=3956"},"modified":"2025-12-05T10:15:21","modified_gmt":"2025-12-05T10:15:21","slug":"rosenquarz-rohstein-liebe","status":"publish","type":"product","link":"https:\/\/saphirsmaragd.com\/pt\/produto\/rosenquarz-rohstein-liebe\/","title":{"rendered":"Pedra Bruta de Quartzo Rosa em Formato de Amor sobre Suporte \u2013 15,5 x 12,5 x 10 cm"},"content":{"rendered":"<div id=\"ez-toc-container\" class=\"ez-toc-v2_0_82_2 counter-hierarchy ez-toc-counter ez-toc-grey ez-toc-container-direction\">\n<div class=\"ez-toc-title-container\">\n<p class=\"ez-toc-title\" style=\"cursor:inherit\">\u00cdndice<\/p>\n<span class=\"ez-toc-title-toggle\"><a href=\"#\" class=\"ez-toc-pull-right ez-toc-btn ez-toc-btn-xs ez-toc-btn-default ez-toc-toggle\" aria-label=\"Toggle Table of Content\"><span class=\"ez-toc-js-icon-con\"><span class=\"\"><span class=\"eztoc-hide\" style=\"display:none;\">Alternar<\/span><span class=\"ez-toc-icon-toggle-span\"><svg style=\"fill: #999;color:#999\" xmlns=\"http:\/\/www.w3.org\/2000\/svg\" class=\"list-377408\" width=\"20px\" height=\"20px\" viewbox=\"0 0 24 24\" fill=\"none\"><path d=\"M6 6H4v2h2V6zm14 0H8v2h12V6zM4 11h2v2H4v-2zm16 0H8v2h12v-2zM4 16h2v2H4v-2zm16 0H8v2h12v-2z\" fill=\"currentColor\"><\/path><\/svg><svg style=\"fill: #999;color:#999\" class=\"arrow-unsorted-368013\" xmlns=\"http:\/\/www.w3.org\/2000\/svg\" width=\"10px\" height=\"10px\" viewbox=\"0 0 24 24\" version=\"1.2\" baseprofile=\"tiny\"><path d=\"M18.2 9.3l-6.2-6.3-6.2 6.3c-.2.2-.3.4-.3.7s.1.5.3.7c.2.2.4.3.7.3h11c.3 0 .5-.1.7-.3.2-.2.3-.5.3-.7s-.1-.5-.3-.7zM5.8 14.7l6.2 6.3 6.2-6.3c.2-.2.3-.5.3-.7s-.1-.5-.3-.7c-.2-.2-.4-.3-.7-.3h-11c-.3 0-.5.1-.7.3-.2.2-.3.5-.3.7s.1.5.3.7z\"\/><\/svg><\/span><\/span><\/span><\/a><\/span><\/div>\n<nav><ul class='ez-toc-list ez-toc-list-level-1' ><li class='ez-toc-page-1 ez-toc-heading-level-4'><a class=\"ez-toc-link ez-toc-heading-1\" href=\"https:\/\/saphirsmaragd.com\/pt\/produto\/rosenquarz-rohstein-liebe\/#_Rosenquarz_Rohstein_Liebe_auf_Stand\" >\u00a0Rosenquarz Rohstein Liebe auf Stand<\/a><\/li><li class='ez-toc-page-1 ez-toc-heading-level-4'><a class=\"ez-toc-link ez-toc-heading-2\" href=\"https:\/\/saphirsmaragd.com\/pt\/produto\/rosenquarz-rohstein-liebe\/#_Merkmale_Herkunft\" >\u00a0Caracter\u00edsticas e Origem<\/a><\/li><li class='ez-toc-page-1 ez-toc-heading-level-4'><a class=\"ez-toc-link ez-toc-heading-3\" href=\"https:\/\/saphirsmaragd.com\/pt\/produto\/rosenquarz-rohstein-liebe\/#_Besonderheiten\" >\u00a0Caracter\u00edsticas especiais<\/a><\/li><li class='ez-toc-page-1 ez-toc-heading-level-4'><a class=\"ez-toc-link ez-toc-heading-4\" href=\"https:\/\/saphirsmaragd.com\/pt\/produto\/rosenquarz-rohstein-liebe\/#_Weitere_Infos\" >\u00a0Mais informa\u00e7\u00f5es<\/a><\/li><\/ul><\/nav><\/div>\n<h4 data-start=\"566\" data-end=\"609\"><span class=\"ez-toc-section\" id=\"_Rosenquarz_Rohstein_Liebe_auf_Stand\"><\/span>\u00a0Rosenquarz Rohstein Liebe auf Stand<span class=\"ez-toc-section-end\"><\/span><\/h4>\n<p data-start=\"611\" data-end=\"832\">Dieser dekorative Naturstein ist ein hochwertiger Rosenquarz Rohstein Liebe, der auf einem stabilen Stand pr\u00e4sentiert wird und sich ideal zur Harmonisierung von Wohnr\u00e4umen und zur F\u00f6rderung emotionaler Balance eignet.<\/p>\n<hr data-start=\"834\" data-end=\"837\" \/>\n<h4 data-start=\"839\" data-end=\"864\"><span class=\"ez-toc-section\" id=\"_Merkmale_Herkunft\"><\/span>\u00a0Caracter\u00edsticas e Origem<span class=\"ez-toc-section-end\"><\/span><\/h4>\n<p data-start=\"865\" data-end=\"1151\">Farbe: Zartrosa<br data-start=\"880\" data-end=\"883\" \/>Form: Rohstein auf Stand<br data-start=\"907\" data-end=\"910\" \/>Herkunft: Brasilien (typisch f\u00fcr hochwertige Vorkommen)<br data-start=\"965\" data-end=\"968\" \/>Gewicht: ca. 2968 g (inkl. Stand)<br data-start=\"1001\" data-end=\"1004\" \/>Ma\u00dfe: ca. 15.5 x 12.5 x 10 cm<br data-start=\"1033\" data-end=\"1036\" \/>Behandlung: Unbehandelt, naturbelassen<br data-start=\"1126\" data-end=\"1129\" \/>Steinart: Rosenquarz<\/p>\n<hr data-start=\"1153\" data-end=\"1156\" \/>\n<h4 data-start=\"1158\" data-end=\"1178\"><span class=\"ez-toc-section\" id=\"_Besonderheiten\"><\/span>\u00a0Caracter\u00edsticas especiais<span class=\"ez-toc-section-end\"><\/span><\/h4>\n<p data-start=\"1180\" data-end=\"1560\">Rosenquarz gilt traditionell als Stein der bedingungslosen Liebe und emotionalen \u00d6ffnung. Er unterst\u00fctzt dabei, liebevolle Verbindungen zu f\u00f6rdern \u2013 sowohl in Partnerschaften als auch in famili\u00e4ren und freundschaftlichen Beziehungen. Der <strong data-start=\"1418\" data-end=\"1447\">Rosenquarz Rohstein Liebe<\/strong> st\u00e4rkt zudem das Mitgef\u00fchl, die Selbstannahme und die F\u00e4higkeit, Verletzungen und emotionale Blockaden zu l\u00f6sen.<\/p>\n<p data-start=\"1562\" data-end=\"1835\">Als platzierter Stein im Raum wirkt Rosenquarz beruhigend auf das Nervensystem, bringt Harmonie ins Wohnumfeld und hilft, Spannungen, Stress oder innere Unruhe zu reduzieren. Besonders im Schlafzimmer oder im Wohnbereich entfaltet er eine sanft harmonisierende Raumenergie.<\/p>\n<hr data-start=\"1837\" data-end=\"1840\" \/>\n<p>Mehr \u00fcber Rosenquarze &amp; Heilsteine<\/p>\n<p data-start=\"1885\" data-end=\"2033\">Eine \u00dcbersicht \u00fcber weitere Heilsteine finden Sie in unserer Kategorie:<br data-start=\"1956\" data-end=\"1959\" \/><a class=\"decorated-link cursor-pointer\" href=\"https:\/\/saphirsmaragd.com\/pt\/product-category\/heilsteine-kristalle-kaufen\/\" target=\"_new\" rel=\"noopener\" data-start=\"1962\" data-end=\"2033\">saphirsmaragd:heilsteine-kristalle<\/a><\/p>\n<hr data-start=\"2035\" data-end=\"2038\" \/>\n<h4 data-start=\"2040\" data-end=\"2061\"><span class=\"ez-toc-section\" id=\"_Weitere_Infos\"><\/span>\u00a0Mais informa\u00e7\u00f5es<span class=\"ez-toc-section-end\"><\/span><\/h4>\n<p data-start=\"2062\" data-end=\"2113\"><a href=\"https:\/\/de.wikipedia.org\/wiki\/Rosenquarz\" target=\"_blank\" rel=\"noopener\">Wikipedia: Rosenquarz<\/a><\/p>","protected":false},"excerpt":{"rendered":"<p><em>Dekorativer Rosenquarz Rohstein Liebe auf Stand, ideal zur Harmonisierung von R\u00e4umen und emotionaler Balance. Naturstein in hochwertiger Qualit\u00e4t.<\/em><\/p>","protected":false},"featured_media":3957,"comment_status":"open","ping_status":"closed","template":"","meta":{"_glsr_average":0,"_glsr_ranking":0,"_glsr_reviews":0},"product_brand":[],"product_cat":[84],"product_tag":[],"class_list":{"0":"post-3956","1":"product","2":"type-product","3":"status-publish","4":"has-post-thumbnail","6":"product_cat-rohsteine-kaufen","8":"first","9":"instock","10":"shipping-taxable","11":"purchasable","12":"product-type-simple","13":"add-to-wishlist-before_image"},"jetpack_sharing_enabled":true,"_links":{"self":[{"href":"https:\/\/saphirsmaragd.com\/pt\/wp-json\/wp\/v2\/product\/3956","targetHints":{"allow":["GET"]}}],"collection":[{"href":"https:\/\/saphirsmaragd.com\/pt\/wp-json\/wp\/v2\/product"}],"about":[{"href":"https:\/\/saphirsmaragd.com\/pt\/wp-json\/wp\/v2\/types\/product"}],"replies":[{"embeddable":true,"href":"https:\/\/saphirsmaragd.com\/pt\/wp-json\/wp\/v2\/comments?post=3956"}],"version-history":[{"count":1,"href":"https:\/\/saphirsmaragd.com\/pt\/wp-json\/wp\/v2\/product\/3956\/revisions"}],"predecessor-version":[{"id":3961,"href":"https:\/\/saphirsmaragd.com\/pt\/wp-json\/wp\/v2\/product\/3956\/revisions\/3961"}],"wp:featuredmedia":[{"embeddable":true,"href":"https:\/\/saphirsmaragd.com\/pt\/wp-json\/wp\/v2\/media\/3957"}],"wp:attachment":[{"href":"https:\/\/saphirsmaragd.com\/pt\/wp-json\/wp\/v2\/media?parent=3956"}],"wp:term":[{"taxonomy":"product_brand","embeddable":true,"href":"https:\/\/saphirsmaragd.com\/pt\/wp-json\/wp\/v2\/product_brand?post=3956"},{"taxonomy":"product_cat","embeddable":true,"href":"https:\/\/saphirsmaragd.com\/pt\/wp-json\/wp\/v2\/product_cat?post=3956"},{"taxonomy":"product_tag","embeddable":true,"href":"https:\/\/saphirsmaragd.com\/pt\/wp-json\/wp\/v2\/product_tag?post=3956"}],"curies":[{"name":"wp","href":"https:\/\/api.w.org\/{rel}","templated":true}]}}