{"id":4309,"date":"2025-11-02T13:25:18","date_gmt":"2025-11-02T13:25:18","guid":{"rendered":"https:\/\/saphirsmaragd.com\/?post_type=product&#038;p=4309"},"modified":"2025-12-29T18:50:11","modified_gmt":"2025-12-29T18:50:11","slug":"zirkon-2-57-karat-blau-oval","status":"publish","type":"product","link":"https:\/\/saphirsmaragd.com\/pt\/produto\/zirkon-2-57-karat-blau-oval\/","title":{"rendered":"Zirkon 2.57 Karat Blau Oval \u2013 lebhaft blauer Edelstein mit au\u00dfergew\u00f6hnlicher Brillanz"},"content":{"rendered":"<div id=\"ez-toc-container\" class=\"ez-toc-v2_0_82_2 counter-hierarchy ez-toc-counter ez-toc-grey ez-toc-container-direction\">\n<div class=\"ez-toc-title-container\">\n<p class=\"ez-toc-title\" style=\"cursor:inherit\">\u00cdndice<\/p>\n<span class=\"ez-toc-title-toggle\"><a href=\"#\" class=\"ez-toc-pull-right ez-toc-btn ez-toc-btn-xs ez-toc-btn-default ez-toc-toggle\" aria-label=\"Toggle Table of Content\"><span class=\"ez-toc-js-icon-con\"><span class=\"\"><span class=\"eztoc-hide\" style=\"display:none;\">Alternar<\/span><span class=\"ez-toc-icon-toggle-span\"><svg style=\"fill: #999;color:#999\" xmlns=\"http:\/\/www.w3.org\/2000\/svg\" class=\"list-377408\" width=\"20px\" height=\"20px\" viewbox=\"0 0 24 24\" fill=\"none\"><path d=\"M6 6H4v2h2V6zm14 0H8v2h12V6zM4 11h2v2H4v-2zm16 0H8v2h12v-2zM4 16h2v2H4v-2zm16 0H8v2h12v-2z\" fill=\"currentColor\"><\/path><\/svg><svg style=\"fill: #999;color:#999\" class=\"arrow-unsorted-368013\" xmlns=\"http:\/\/www.w3.org\/2000\/svg\" width=\"10px\" height=\"10px\" viewbox=\"0 0 24 24\" version=\"1.2\" baseprofile=\"tiny\"><path d=\"M18.2 9.3l-6.2-6.3-6.2 6.3c-.2.2-.3.4-.3.7s.1.5.3.7c.2.2.4.3.7.3h11c.3 0 .5-.1.7-.3.2-.2.3-.5.3-.7s-.1-.5-.3-.7zM5.8 14.7l6.2 6.3 6.2-6.3c.2-.2.3-.5.3-.7s-.1-.5-.3-.7c-.2-.2-.4-.3-.7-.3h-11c-.3 0-.5.1-.7.3-.2.2-.3.5-.3.7s.1.5.3.7z\"\/><\/svg><\/span><\/span><\/span><\/a><\/span><\/div>\n<nav><ul class='ez-toc-list ez-toc-list-level-1' ><li class='ez-toc-page-1 ez-toc-heading-level-4'><a class=\"ez-toc-link ez-toc-heading-1\" href=\"https:\/\/saphirsmaragd.com\/pt\/produto\/zirkon-2-57-karat-blau-oval\/#Zirkon_257_Karat_Blau_Oval_%E2%80%93_strahlende_Leuchtkraft_und_faszinierende_Tiefe\" >Zirkon 2.57 Karat Blau Oval \u2013 strahlende Leuchtkraft und faszinierende Tiefe<\/a><\/li><li class='ez-toc-page-1 ez-toc-heading-level-4'><a class=\"ez-toc-link ez-toc-heading-2\" href=\"https:\/\/saphirsmaragd.com\/pt\/produto\/zirkon-2-57-karat-blau-oval\/#Merkmale_Herkunft\" >Caracter\u00edsticas e Origem<\/a><\/li><li class='ez-toc-page-1 ez-toc-heading-level-4'><a class=\"ez-toc-link ez-toc-heading-3\" href=\"https:\/\/saphirsmaragd.com\/pt\/produto\/zirkon-2-57-karat-blau-oval\/#Besonderheiten\" >Caracter\u00edsticas especiais<\/a><\/li><li class='ez-toc-page-1 ez-toc-heading-level-4'><a class=\"ez-toc-link ez-toc-heading-4\" href=\"https:\/\/saphirsmaragd.com\/pt\/produto\/zirkon-2-57-karat-blau-oval\/#Mehr_uber_unsere_Edelsteine\" >Mais sobre nossas pedras preciosas<\/a><\/li><li class='ez-toc-page-1 ez-toc-heading-level-4'><a class=\"ez-toc-link ez-toc-heading-5\" href=\"https:\/\/saphirsmaragd.com\/pt\/produto\/zirkon-2-57-karat-blau-oval\/#Weitere_Infos\" >Mais informa\u00e7\u00f5es<\/a><\/li><\/ul><\/nav><\/div>\n<h4 data-start=\"854\" data-end=\"937\"><span class=\"ez-toc-section\" id=\"Zirkon_257_Karat_Blau_Oval_%E2%80%93_strahlende_Leuchtkraft_und_faszinierende_Tiefe\"><\/span>Zirkon 2.57 Karat Blau Oval \u2013 strahlende Leuchtkraft und faszinierende Tiefe<span class=\"ez-toc-section-end\"><\/span><\/h4>\n<p data-start=\"938\" data-end=\"1226\">Der <strong data-start=\"942\" data-end=\"973\">Zirkon 2.57 Karat Blau Oval<\/strong> beeindruckt mit seinem lebhaften, klaren Blauton und einer au\u00dfergew\u00f6hnlichen Lichtreflexion. Der pr\u00e4zise Ovalschnitt mit den Ma\u00dfen <strong data-start=\"1105\" data-end=\"1121\">8.3 \u00d7 6.8 mm<\/strong> bringt das innere Feuer dieses Edelsteins perfekt zur Geltung und verleiht ihm eine luxuri\u00f6se Pr\u00e4senz.<\/p>\n<p data-start=\"1228\" data-end=\"1425\">Dank seiner hohen Reinheit und thermischen Stabilisierung zeigt der Stein eine brillante Transparenz und ein intensives Leuchten \u2013 ideal f\u00fcr feine Schmuckst\u00fccke wie Ringe, Anh\u00e4nger oder Ohrringe.<\/p>\n<hr data-start=\"1427\" data-end=\"1430\" \/>\n<h4 data-start=\"1432\" data-end=\"1461\"><span class=\"ez-toc-section\" id=\"Merkmale_Herkunft\"><\/span>Caracter\u00edsticas e Origem<span class=\"ez-toc-section-end\"><\/span><\/h4>\n<p data-start=\"1462\" data-end=\"1748\">Steinart: Zirkon<br data-start=\"1478\" data-end=\"1481\" \/>Farbe: Blau<br data-start=\"1492\" data-end=\"1495\" \/>Form: Oval facettiert<br data-start=\"1516\" data-end=\"1519\" \/>Gewicht: 2.57 Karat<br data-start=\"1538\" data-end=\"1541\" \/>Dureza: 7 na escala de Mohs<br data-start=\"1568\" data-end=\"1571\" \/>Gr\u00f6\u00dfe: 8.3 \u00d7 6.8 mm<br data-start=\"1590\" data-end=\"1593\" \/>Reinheit: Lupenrein<br data-start=\"1612\" data-end=\"1615\" \/>Behandlung: Erhitzt (thermisch stabilisiert)<br data-start=\"1659\" data-end=\"1662\" \/>Herkunft: Kambodscha<br data-start=\"1682\" data-end=\"1685\" \/>Zertifikat: Val\u00e9rie DURAFFOURG (Gem-A, London)<br data-start=\"1731\" data-end=\"1734\" \/>Condi\u00e7\u00e3o: Novo<\/p>\n<hr data-start=\"1750\" data-end=\"1753\" \/>\n<h4 data-start=\"1755\" data-end=\"1779\"><span class=\"ez-toc-section\" id=\"Besonderheiten\"><\/span>Caracter\u00edsticas especiais<span class=\"ez-toc-section-end\"><\/span><\/h4>\n<p data-start=\"1780\" data-end=\"1989\">Der <strong data-start=\"1784\" data-end=\"1815\">Zirkon 2.57 Karat Blau Oval<\/strong> ist ein seltener, brillant geschliffener Edelstein mit intensiver Farbenergie. Durch seine starke Doppelbrechung zeigt er ein einzigartiges, funkelndes Spiel der Facetten.<\/p>\n<p data-start=\"1991\" data-end=\"2167\">Jeder Stein wird mit einem offiziellen Echtheitszertifikat von <strong data-start=\"2054\" data-end=\"2092\">Val\u00e9rie DURAFFOURG (Gem-A, London)<\/strong> geliefert \u2013 ein Garant f\u00fcr Echtheit, Qualit\u00e4t und fachkundige Expertise.<\/p>\n<hr data-start=\"1926\" data-end=\"1929\" \/>\n<h4 data-start=\"1931\" data-end=\"1971\"><span class=\"ez-toc-section\" id=\"Mehr_uber_unsere_Edelsteine\"><\/span>Mais sobre nossas pedras preciosas<span class=\"ez-toc-section-end\"><\/span><\/h4>\n<p data-start=\"1972\" data-end=\"2069\"><a href=\"https:\/\/saphirsmaragd.com\/pt\/product-category\/edelsteine-kaufen\/\">Pedras preciosas<\/a><\/p>\n<hr data-start=\"2071\" data-end=\"2074\" \/>\n<h4 data-start=\"2076\" data-end=\"2096\"><span class=\"ez-toc-section\" id=\"Weitere_Infos\"><\/span>Mais informa\u00e7\u00f5es<span class=\"ez-toc-section-end\"><\/span><\/h4>\n<p><a href=\"https:\/\/de.wikipedia.org\/wiki\/Zirkon\" target=\"_blank\" rel=\"noopener\">Wikipedia: Zirkon<\/a><\/p>","protected":false},"excerpt":{"rendered":"<p data-start=\"483\" data-end=\"708\"><em>Der Zirkon 2.57 Karat Blau Oval besticht durch sein intensives, lebhaftes Blau und seine herausragende Brillanz. Ein zertifizierter Naturstein von Val\u00e9rie DURAFFOURG \u2013 edel, lichtreich und perfekt f\u00fcr anspruchsvollen Schmuck.<\/em><\/p>\n<h2 data-start=\"523\" data-end=\"548\"><\/h2>","protected":false},"featured_media":4312,"comment_status":"open","ping_status":"closed","template":"","meta":{"_glsr_average":0,"_glsr_ranking":0,"_glsr_reviews":0},"product_brand":[],"product_cat":[301],"product_tag":[],"class_list":{"0":"post-4309","1":"product","2":"type-product","3":"status-publish","4":"has-post-thumbnail","6":"product_cat-zirkon","7":"pa_edelsteinart-zirkon","8":"pa_farbe-blau","9":"pa_form-oval","10":"pa_gewicht-karat-1-0-3-0-karat","11":"pa_herkunft-kambodscha","12":"pa_reinheit-lupenrein","13":"pa_veredelung-behandlung-erhitzt","14":"pa_zertifikat-ja","15":"pa_zustand-neu","17":"first","18":"instock","19":"featured","20":"sold-individually","21":"shipping-taxable","22":"purchasable","23":"product-type-simple","24":"add-to-wishlist-before_image"},"jetpack_sharing_enabled":true,"_links":{"self":[{"href":"https:\/\/saphirsmaragd.com\/pt\/wp-json\/wp\/v2\/product\/4309","targetHints":{"allow":["GET"]}}],"collection":[{"href":"https:\/\/saphirsmaragd.com\/pt\/wp-json\/wp\/v2\/product"}],"about":[{"href":"https:\/\/saphirsmaragd.com\/pt\/wp-json\/wp\/v2\/types\/product"}],"replies":[{"embeddable":true,"href":"https:\/\/saphirsmaragd.com\/pt\/wp-json\/wp\/v2\/comments?post=4309"}],"version-history":[{"count":1,"href":"https:\/\/saphirsmaragd.com\/pt\/wp-json\/wp\/v2\/product\/4309\/revisions"}],"predecessor-version":[{"id":4313,"href":"https:\/\/saphirsmaragd.com\/pt\/wp-json\/wp\/v2\/product\/4309\/revisions\/4313"}],"wp:featuredmedia":[{"embeddable":true,"href":"https:\/\/saphirsmaragd.com\/pt\/wp-json\/wp\/v2\/media\/4312"}],"wp:attachment":[{"href":"https:\/\/saphirsmaragd.com\/pt\/wp-json\/wp\/v2\/media?parent=4309"}],"wp:term":[{"taxonomy":"product_brand","embeddable":true,"href":"https:\/\/saphirsmaragd.com\/pt\/wp-json\/wp\/v2\/product_brand?post=4309"},{"taxonomy":"product_cat","embeddable":true,"href":"https:\/\/saphirsmaragd.com\/pt\/wp-json\/wp\/v2\/product_cat?post=4309"},{"taxonomy":"product_tag","embeddable":true,"href":"https:\/\/saphirsmaragd.com\/pt\/wp-json\/wp\/v2\/product_tag?post=4309"}],"curies":[{"name":"wp","href":"https:\/\/api.w.org\/{rel}","templated":true}]}}