{"id":5096,"date":"2025-11-14T09:46:14","date_gmt":"2025-11-14T09:46:14","guid":{"rendered":"https:\/\/saphirsmaragd.com\/?post_type=product&#038;p=5096"},"modified":"2025-12-29T18:49:26","modified_gmt":"2025-12-29T18:49:26","slug":"heliodor-1-79-karat-farbe-goldgelb","status":"publish","type":"product","link":"https:\/\/saphirsmaragd.com\/pt\/produto\/heliodor-1-79-karat-farbe-goldgelb\/","title":{"rendered":"Heliodor 1,79 quilates cor amarelo dourado - Berilo natural oval facetado de Madag\u00e1scar"},"content":{"rendered":"<div id=\"ez-toc-container\" class=\"ez-toc-v2_0_82_2 counter-hierarchy ez-toc-counter ez-toc-grey ez-toc-container-direction\">\n<div class=\"ez-toc-title-container\">\n<p class=\"ez-toc-title\" style=\"cursor:inherit\">\u00cdndice<\/p>\n<span class=\"ez-toc-title-toggle\"><a href=\"#\" class=\"ez-toc-pull-right ez-toc-btn ez-toc-btn-xs ez-toc-btn-default ez-toc-toggle\" aria-label=\"Toggle Table of Content\"><span class=\"ez-toc-js-icon-con\"><span class=\"\"><span class=\"eztoc-hide\" style=\"display:none;\">Alternar<\/span><span class=\"ez-toc-icon-toggle-span\"><svg style=\"fill: #999;color:#999\" xmlns=\"http:\/\/www.w3.org\/2000\/svg\" class=\"list-377408\" width=\"20px\" height=\"20px\" viewbox=\"0 0 24 24\" fill=\"none\"><path d=\"M6 6H4v2h2V6zm14 0H8v2h12V6zM4 11h2v2H4v-2zm16 0H8v2h12v-2zM4 16h2v2H4v-2zm16 0H8v2h12v-2z\" fill=\"currentColor\"><\/path><\/svg><svg style=\"fill: #999;color:#999\" class=\"arrow-unsorted-368013\" xmlns=\"http:\/\/www.w3.org\/2000\/svg\" width=\"10px\" height=\"10px\" viewbox=\"0 0 24 24\" version=\"1.2\" baseprofile=\"tiny\"><path d=\"M18.2 9.3l-6.2-6.3-6.2 6.3c-.2.2-.3.4-.3.7s.1.5.3.7c.2.2.4.3.7.3h11c.3 0 .5-.1.7-.3.2-.2.3-.5.3-.7s-.1-.5-.3-.7zM5.8 14.7l6.2 6.3 6.2-6.3c.2-.2.3-.5.3-.7s-.1-.5-.3-.7c-.2-.2-.4-.3-.7-.3h-11c-.3 0-.5.1-.7.3-.2.2-.3.5-.3.7s.1.5.3.7z\"\/><\/svg><\/span><\/span><\/span><\/a><\/span><\/div>\n<nav><ul class='ez-toc-list ez-toc-list-level-1' ><li class='ez-toc-page-1 ez-toc-heading-level-4'><a class=\"ez-toc-link ez-toc-heading-1\" href=\"https:\/\/saphirsmaragd.com\/pt\/produto\/heliodor-1-79-karat-farbe-goldgelb\/#Heliodor_179_Karat_Farbe_Goldgelb_%E2%80%93_naturlicher_Beryll_in_ausergewohnlicher_Qualitat\" >Heliodor 1.79 Karat Farbe Goldgelb \u2013 nat\u00fcrlicher Beryll in au\u00dfergew\u00f6hnlicher Qualit\u00e4t<\/a><\/li><li class='ez-toc-page-1 ez-toc-heading-level-4'><a class=\"ez-toc-link ez-toc-heading-2\" href=\"https:\/\/saphirsmaragd.com\/pt\/produto\/heliodor-1-79-karat-farbe-goldgelb\/#Merkmale_Herkunft\" >Caracter\u00edsticas e Origem<\/a><\/li><li class='ez-toc-page-1 ez-toc-heading-level-4'><a class=\"ez-toc-link ez-toc-heading-3\" href=\"https:\/\/saphirsmaragd.com\/pt\/produto\/heliodor-1-79-karat-farbe-goldgelb\/#Besonderheiten\" >Caracter\u00edsticas especiais<\/a><\/li><li class='ez-toc-page-1 ez-toc-heading-level-4'><a class=\"ez-toc-link ez-toc-heading-4\" href=\"https:\/\/saphirsmaragd.com\/pt\/produto\/heliodor-1-79-karat-farbe-goldgelb\/#Mehr_uber_unsere_Edelsteine\" >Mais sobre nossas pedras preciosas<\/a><\/li><li class='ez-toc-page-1 ez-toc-heading-level-4'><a class=\"ez-toc-link ez-toc-heading-5\" href=\"https:\/\/saphirsmaragd.com\/pt\/produto\/heliodor-1-79-karat-farbe-goldgelb\/#Weitere_Infos\" >Mais informa\u00e7\u00f5es<\/a><\/li><\/ul><\/nav><\/div>\n<h4 data-start=\"1278\" data-end=\"1372\"><span class=\"ez-toc-section\" id=\"Heliodor_179_Karat_Farbe_Goldgelb_%E2%80%93_naturlicher_Beryll_in_ausergewohnlicher_Qualitat\"><\/span><strong data-start=\"1281\" data-end=\"1370\">Heliodor 1.79 Karat Farbe Goldgelb \u2013 nat\u00fcrlicher Beryll in au\u00dfergew\u00f6hnlicher Qualit\u00e4t<\/strong><span class=\"ez-toc-section-end\"><\/span><\/h4>\n<p data-start=\"1373\" data-end=\"1779\">Dieser edle Heliodor begeistert mit seiner intensiven goldgelben Farbe, einer brillanten ovalen Facettierung und einer bemerkenswert klaren Reinheit. Mit einem Gewicht von <strong data-start=\"1545\" data-end=\"1559\">1.79 Karat<\/strong> z\u00e4hlt er zu den begehrten Beryll-Variet\u00e4ten und eignet sich ideal f\u00fcr hochwertige Schmuckfassungen oder anspruchsvolle Sammler. Jeder Heliodor wird mit einem Echtheitszertifikat von Val\u00e9rie Duraffourg (Gem-A) geliefert.<\/p>\n<hr data-start=\"1781\" data-end=\"1784\" \/>\n<h4 data-start=\"1786\" data-end=\"1819\"><span class=\"ez-toc-section\" id=\"Merkmale_Herkunft\"><\/span><strong data-start=\"1791\" data-end=\"1817\">Caracter\u00edsticas e Origem<\/strong><span class=\"ez-toc-section-end\"><\/span><\/h4>\n<p data-start=\"1820\" data-end=\"2081\">Steinart: Heliodor (Beryll)<br data-start=\"1847\" data-end=\"1850\" \/>Farbe: Goldgelb<br data-start=\"1865\" data-end=\"1868\" \/>Formato: Oval<br data-start=\"1878\" data-end=\"1881\" \/>Gewicht: 1.79 Karat<br data-start=\"1900\" data-end=\"1903\" \/>Gr\u00f6\u00dfe: 9.01 \u00d7 7.01 mm<br data-start=\"1924\" data-end=\"1927\" \/>Pureza: Limpo para os olhos<br data-start=\"1946\" data-end=\"1949\" \/>Origem: Madagascar<br data-start=\"1969\" data-end=\"1972\" \/>Dureza: 7 na escala de Mohs<br data-start=\"1999\" data-end=\"2002\" \/>Behandlung: Keine<br data-start=\"2019\" data-end=\"2022\" \/>Zertifikat: Ja (Val\u00e9rie Duraffourg, Gem-A)<br data-start=\"2064\" data-end=\"2067\" \/>Condi\u00e7\u00e3o: Novo<\/p>\n<hr data-start=\"2083\" data-end=\"2086\" \/>\n<h4 data-start=\"2088\" data-end=\"2116\"><span class=\"ez-toc-section\" id=\"Besonderheiten\"><\/span><strong data-start=\"2093\" data-end=\"2114\">Caracter\u00edsticas especiais<\/strong><span class=\"ez-toc-section-end\"><\/span><\/h4>\n<p data-start=\"2117\" data-end=\"2450\">Dieser <strong data-start=\"2124\" data-end=\"2162\">Heliodor 1.79 Karat Farbe Goldgelb<\/strong> besitzt eine \u00e4u\u00dferst attraktive Farbe, die f\u00fcr Heliodor als Qualit\u00e4tsmerkmal gilt: ein intensiver, leuchtender Goldton mit hoher Brillanz. Die Reinheit ist hervorragend \u2013 der Stein ist <strong data-start=\"2348\" data-end=\"2382\">mit blo\u00dfem Auge klar erkennbar<\/strong>, was in der Saphir &amp; Smaragd Klassifikation \u201eAugenrein\u201c entspricht.<\/p>\n<p data-start=\"2452\" data-end=\"2705\">Mit seiner idealen Gr\u00f6\u00dfe, seiner strahlenden Transparenz und der best\u00e4tigten Echtheit z\u00e4hlt dieser Edelstein zu den hochwertigen Beryll-Variet\u00e4ten. Seine Vielseitigkeit macht ihn sowohl f\u00fcr feine Schmuckst\u00fccke als auch f\u00fcr Sammlungen besonders wertvoll.<\/p>\n<hr data-start=\"2070\" data-end=\"2073\" \/>\n<h4 data-start=\"1931\" data-end=\"1971\"><span class=\"ez-toc-section\" id=\"Mehr_uber_unsere_Edelsteine\"><\/span>Mais sobre nossas pedras preciosas<span class=\"ez-toc-section-end\"><\/span><\/h4>\n<p data-start=\"1972\" data-end=\"2069\"><a href=\"https:\/\/saphirsmaragd.com\/pt\/product-category\/edelsteine-kaufen\/\">Pedras preciosas<\/a><\/p>\n<hr data-start=\"2744\" data-end=\"2747\" \/>\n<h4 data-start=\"2665\" data-end=\"2688\"><span class=\"ez-toc-section\" id=\"Weitere_Infos\"><\/span>Mais informa\u00e7\u00f5es<span class=\"ez-toc-section-end\"><\/span><\/h4>\n<p data-start=\"2892\" data-end=\"2949\"><a class=\"decorated-link cursor-pointer\" href=\"https:\/\/de.wikipedia.org\/wiki\/Beryll\" target=\"_new\" rel=\"noopener\" data-start=\"2892\" data-end=\"2949\">Wikipedia: Beryll<\/a><\/p>","protected":false},"excerpt":{"rendered":"<p data-start=\"800\" data-end=\"1083\"><em>Heliodor 1.79 Karat Farbe Goldgelb \u2013 ein nat\u00fcrlicher, oval facettierter Beryll mit brillantem goldgelben Farbton, sehr guter Transparenz und h\u00f6chster Reinheit. Mit Zertifikat der Gemmologin Val\u00e9rie Duraffourg (Gem-A). Ein hochwertiger Edelstein f\u00fcr Sammler und Schmuckkreationen.<\/em><\/p>\n<h2 data-start=\"523\" data-end=\"548\"><\/h2>","protected":false},"featured_media":5099,"comment_status":"open","ping_status":"closed","template":"","meta":{"_glsr_average":0,"_glsr_ranking":0,"_glsr_reviews":0},"product_brand":[],"product_cat":[305],"product_tag":[],"class_list":{"0":"post-5096","1":"product","2":"type-product","3":"status-publish","4":"has-post-thumbnail","6":"product_cat-seltene-edelsteine","7":"pa_edelsteinart-seltene-edelsteine","8":"pa_farbe-gelb","9":"pa_form-oval","10":"pa_gewicht-karat-1-0-3-0-karat","11":"pa_herkunft-madagaskar","12":"pa_reinheit-augenrein","13":"pa_veredelung-behandlung-unbehandelt","14":"pa_zertifikat-ja","15":"pa_zustand-neu","17":"first","18":"instock","19":"featured","20":"sold-individually","21":"shipping-taxable","22":"purchasable","23":"product-type-simple","24":"add-to-wishlist-before_image"},"jetpack_sharing_enabled":true,"_links":{"self":[{"href":"https:\/\/saphirsmaragd.com\/pt\/wp-json\/wp\/v2\/product\/5096","targetHints":{"allow":["GET"]}}],"collection":[{"href":"https:\/\/saphirsmaragd.com\/pt\/wp-json\/wp\/v2\/product"}],"about":[{"href":"https:\/\/saphirsmaragd.com\/pt\/wp-json\/wp\/v2\/types\/product"}],"replies":[{"embeddable":true,"href":"https:\/\/saphirsmaragd.com\/pt\/wp-json\/wp\/v2\/comments?post=5096"}],"version-history":[{"count":1,"href":"https:\/\/saphirsmaragd.com\/pt\/wp-json\/wp\/v2\/product\/5096\/revisions"}],"predecessor-version":[{"id":5100,"href":"https:\/\/saphirsmaragd.com\/pt\/wp-json\/wp\/v2\/product\/5096\/revisions\/5100"}],"wp:featuredmedia":[{"embeddable":true,"href":"https:\/\/saphirsmaragd.com\/pt\/wp-json\/wp\/v2\/media\/5099"}],"wp:attachment":[{"href":"https:\/\/saphirsmaragd.com\/pt\/wp-json\/wp\/v2\/media?parent=5096"}],"wp:term":[{"taxonomy":"product_brand","embeddable":true,"href":"https:\/\/saphirsmaragd.com\/pt\/wp-json\/wp\/v2\/product_brand?post=5096"},{"taxonomy":"product_cat","embeddable":true,"href":"https:\/\/saphirsmaragd.com\/pt\/wp-json\/wp\/v2\/product_cat?post=5096"},{"taxonomy":"product_tag","embeddable":true,"href":"https:\/\/saphirsmaragd.com\/pt\/wp-json\/wp\/v2\/product_tag?post=5096"}],"curies":[{"name":"wp","href":"https:\/\/api.w.org\/{rel}","templated":true}]}}