{"id":5430,"date":"2025-11-19T14:49:54","date_gmt":"2025-11-19T14:49:54","guid":{"rendered":"https:\/\/saphirsmaragd.com\/?post_type=product&#038;p=5430"},"modified":"2025-11-19T14:49:55","modified_gmt":"2025-11-19T14:49:55","slug":"labradorit-obelisk-schutz-3","status":"publish","type":"product","link":"https:\/\/saphirsmaragd.com\/pt\/produto\/labradorit-obelisk-schutz-3\/","title":{"rendered":"Labradorit Obelisk Schutz \u2013 A-Qualit\u00e4t 886 g"},"content":{"rendered":"<div id=\"ez-toc-container\" class=\"ez-toc-v2_0_82_2 counter-hierarchy ez-toc-counter ez-toc-grey ez-toc-container-direction\">\n<div class=\"ez-toc-title-container\">\n<p class=\"ez-toc-title\" style=\"cursor:inherit\">\u00cdndice<\/p>\n<span class=\"ez-toc-title-toggle\"><a href=\"#\" class=\"ez-toc-pull-right ez-toc-btn ez-toc-btn-xs ez-toc-btn-default ez-toc-toggle\" aria-label=\"Toggle Table of Content\"><span class=\"ez-toc-js-icon-con\"><span class=\"\"><span class=\"eztoc-hide\" style=\"display:none;\">Alternar<\/span><span class=\"ez-toc-icon-toggle-span\"><svg style=\"fill: #999;color:#999\" xmlns=\"http:\/\/www.w3.org\/2000\/svg\" class=\"list-377408\" width=\"20px\" height=\"20px\" viewbox=\"0 0 24 24\" fill=\"none\"><path d=\"M6 6H4v2h2V6zm14 0H8v2h12V6zM4 11h2v2H4v-2zm16 0H8v2h12v-2zM4 16h2v2H4v-2zm16 0H8v2h12v-2z\" fill=\"currentColor\"><\/path><\/svg><svg style=\"fill: #999;color:#999\" class=\"arrow-unsorted-368013\" xmlns=\"http:\/\/www.w3.org\/2000\/svg\" width=\"10px\" height=\"10px\" viewbox=\"0 0 24 24\" version=\"1.2\" baseprofile=\"tiny\"><path d=\"M18.2 9.3l-6.2-6.3-6.2 6.3c-.2.2-.3.4-.3.7s.1.5.3.7c.2.2.4.3.7.3h11c.3 0 .5-.1.7-.3.2-.2.3-.5.3-.7s-.1-.5-.3-.7zM5.8 14.7l6.2 6.3 6.2-6.3c.2-.2.3-.5.3-.7s-.1-.5-.3-.7c-.2-.2-.4-.3-.7-.3h-11c-.3 0-.5.1-.7.3-.2.2-.3.5-.3.7s.1.5.3.7z\"\/><\/svg><\/span><\/span><\/span><\/a><\/span><\/div>\n<nav><ul class='ez-toc-list ez-toc-list-level-1' ><li class='ez-toc-page-1 ez-toc-heading-level-4'><a class=\"ez-toc-link ez-toc-heading-1\" href=\"https:\/\/saphirsmaragd.com\/pt\/produto\/labradorit-obelisk-schutz-3\/#Labradorit_Obelisk_Schutz_%E2%80%93_A-Qualitat_886_g\" >Labradorit Obelisk Schutz \u2013 A-Qualit\u00e4t 886 g<\/a><\/li><li class='ez-toc-page-1 ez-toc-heading-level-4'><a class=\"ez-toc-link ez-toc-heading-2\" href=\"https:\/\/saphirsmaragd.com\/pt\/produto\/labradorit-obelisk-schutz-3\/#_Merkmale_Herkunft\" >\u00a0Caracter\u00edsticas e Origem<\/a><\/li><li class='ez-toc-page-1 ez-toc-heading-level-4'><a class=\"ez-toc-link ez-toc-heading-3\" href=\"https:\/\/saphirsmaragd.com\/pt\/produto\/labradorit-obelisk-schutz-3\/#_Besonderheiten\" >\u00a0Caracter\u00edsticas especiais<\/a><\/li><li class='ez-toc-page-1 ez-toc-heading-level-4'><a class=\"ez-toc-link ez-toc-heading-4\" href=\"https:\/\/saphirsmaragd.com\/pt\/produto\/labradorit-obelisk-schutz-3\/#_Mehr_uber_Labradorite_Heilsteine\" >\u00a0Mehr \u00fcber Labradorite &amp; Heilsteine<\/a><\/li><li class='ez-toc-page-1 ez-toc-heading-level-4'><a class=\"ez-toc-link ez-toc-heading-5\" href=\"https:\/\/saphirsmaragd.com\/pt\/produto\/labradorit-obelisk-schutz-3\/#_Weitere_Infos\" >\u00a0Mais informa\u00e7\u00f5es<\/a><\/li><\/ul><\/nav><\/div>\n<h4 data-start=\"226\" data-end=\"276\"><span class=\"ez-toc-section\" id=\"Labradorit_Obelisk_Schutz_%E2%80%93_A-Qualitat_886_g\"><\/span><strong data-start=\"228\" data-end=\"276\">Labradorit Obelisk Schutz \u2013 A-Qualit\u00e4t 886 g<\/strong><span class=\"ez-toc-section-end\"><\/span><\/h4>\n<p data-start=\"278\" data-end=\"406\">Der Labradorit Obelisk Schutz ist ein einzigartiges, geschliffenes Einzelst\u00fcck \u2013 Sie erhalten genau das abgebildete Produkt.<\/p>\n<hr data-start=\"408\" data-end=\"411\" \/>\n<h4 data-start=\"413\" data-end=\"438\"><span class=\"ez-toc-section\" id=\"_Merkmale_Herkunft\"><\/span>\u00a0Caracter\u00edsticas e Origem<span class=\"ez-toc-section-end\"><\/span><\/h4>\n<p data-start=\"439\" data-end=\"742\">Farbe: Schillerndes Grau-Blau mit Irisierungen<br data-start=\"485\" data-end=\"488\" \/>Form: Obelisk, geschliffen<br data-start=\"558\" data-end=\"561\" \/>Gewicht: 886 g<br data-start=\"575\" data-end=\"578\" \/>Ma\u00dfe: 20 x 6 x 3.5 cm<br data-start=\"599\" data-end=\"602\" \/>Reinheit: A-Qualit\u00e4t, nat\u00fcrliche Einschl\u00fcsse<br data-start=\"646\" data-end=\"649\" \/>Tratamento: N\u00e3o tratado<br data-start=\"717\" data-end=\"720\" \/>Steinart: Labradorit<\/p>\n<hr data-start=\"744\" data-end=\"747\" \/>\n<h4 data-start=\"749\" data-end=\"769\"><span class=\"ez-toc-section\" id=\"_Besonderheiten\"><\/span>\u00a0Caracter\u00edsticas especiais<span class=\"ez-toc-section-end\"><\/span><\/h4>\n<p data-start=\"770\" data-end=\"1354\">Der Labradorit Obelisk Schutz z\u00e4hlt zu den st\u00e4rksten Schutzsteinen und wird besonders von energetisch sensiblen Menschen, Therapeuten und spirituellen Praktizierenden gesch\u00e4tzt. Er bildet ein kraftvolles energetisches Schutzschild, st\u00e4rkt die Aura und befreit sie von energetischen Belastungen. Gleichzeitig sch\u00fctzt er vor \u00dcberreizung, negativen Personen und allen fremden Energien, die nicht zum eigenen Energiefeld geh\u00f6ren. Der Stein unterst\u00fctzt dabei, in fordernden Situationen geerdet und zentriert zu bleiben, selbst wenn man sonst leicht aus dem Gleichgewicht geraten w\u00fcrde.<\/p>\n<p data-start=\"1356\" data-end=\"1850\">Labradorit f\u00f6rdert Intuition und spirituelle Kraft. Er erleichtert den Zugang zu h\u00f6heren Ebenen, spirituellen F\u00fchrern, vergangenen Leben und feinstofflichen Ebenen. Zudem st\u00e4rkt er das dritte Auge und verbindet spirituelle Erkenntnisse mit dem allt\u00e4glichen Leben. Besonders geeignet ist dieser Stein f\u00fcr Meditation, Traum- und Lichtarbeit, Regressionstherapie, schamanische Reisen und mediale Arbeit. Er f\u00f6rdert spirituelle Entwicklung und gleichzeitig eine sichere R\u00fcckkehr ins Hier und Jetzt.<\/p>\n<hr data-start=\"2213\" data-end=\"2216\" \/>\n<h4 data-start=\"2218\" data-end=\"2260\"><span class=\"ez-toc-section\" id=\"_Mehr_uber_Labradorite_Heilsteine\"><\/span>\u00a0Mehr \u00fcber Labradorite &amp; Heilsteine<span class=\"ez-toc-section-end\"><\/span><\/h4>\n<p data-start=\"2261\" data-end=\"2310\"><a href=\"https:\/\/saphirsmaragd.com\/pt\/product-category\/heilsteine-kristalle-kaufen\/\">Pedras e cristais de cura<\/a> | Labradorit &amp; Mondstein<\/p>\n<hr data-start=\"2312\" data-end=\"2315\" \/>\n<h4 data-start=\"2317\" data-end=\"2338\"><span class=\"ez-toc-section\" id=\"_Weitere_Infos\"><\/span>\u00a0Mais informa\u00e7\u00f5es<span class=\"ez-toc-section-end\"><\/span><\/h4>\n<p data-start=\"2339\" data-end=\"2405\"><a href=\"https:\/\/de.wikipedia.org\/wiki\/Labradorit\" target=\"_blank\" rel=\"noopener\">Wikipedia \u2013 Labradorit<\/a><br data-start=\"2362\" data-end=\"2365\" \/><\/p>","protected":false},"excerpt":{"rendered":"<p>Der Labradorit Obelisk Schutz in A-Qualit\u00e4t (886 g) ist ein einzigartiger Heilstein f\u00fcr energetischen Schutz, Intuition, spirituelle St\u00e4rke <em>und innere Balance. Ideal f\u00fcr Meditation, Lichtarbeit und hochsensible Menschen.<\/em><\/p>","protected":false},"featured_media":5431,"comment_status":"open","ping_status":"closed","template":"","meta":{"_glsr_average":0,"_glsr_ranking":0,"_glsr_reviews":0},"product_brand":[],"product_cat":[84],"product_tag":[],"class_list":{"0":"post-5430","1":"product","2":"type-product","3":"status-publish","4":"has-post-thumbnail","6":"product_cat-rohsteine-kaufen","8":"first","9":"instock","10":"taxable","11":"shipping-taxable","12":"purchasable","13":"product-type-simple","14":"add-to-wishlist-before_image"},"jetpack_sharing_enabled":true,"_links":{"self":[{"href":"https:\/\/saphirsmaragd.com\/pt\/wp-json\/wp\/v2\/product\/5430","targetHints":{"allow":["GET"]}}],"collection":[{"href":"https:\/\/saphirsmaragd.com\/pt\/wp-json\/wp\/v2\/product"}],"about":[{"href":"https:\/\/saphirsmaragd.com\/pt\/wp-json\/wp\/v2\/types\/product"}],"replies":[{"embeddable":true,"href":"https:\/\/saphirsmaragd.com\/pt\/wp-json\/wp\/v2\/comments?post=5430"}],"version-history":[{"count":1,"href":"https:\/\/saphirsmaragd.com\/pt\/wp-json\/wp\/v2\/product\/5430\/revisions"}],"predecessor-version":[{"id":5434,"href":"https:\/\/saphirsmaragd.com\/pt\/wp-json\/wp\/v2\/product\/5430\/revisions\/5434"}],"wp:featuredmedia":[{"embeddable":true,"href":"https:\/\/saphirsmaragd.com\/pt\/wp-json\/wp\/v2\/media\/5431"}],"wp:attachment":[{"href":"https:\/\/saphirsmaragd.com\/pt\/wp-json\/wp\/v2\/media?parent=5430"}],"wp:term":[{"taxonomy":"product_brand","embeddable":true,"href":"https:\/\/saphirsmaragd.com\/pt\/wp-json\/wp\/v2\/product_brand?post=5430"},{"taxonomy":"product_cat","embeddable":true,"href":"https:\/\/saphirsmaragd.com\/pt\/wp-json\/wp\/v2\/product_cat?post=5430"},{"taxonomy":"product_tag","embeddable":true,"href":"https:\/\/saphirsmaragd.com\/pt\/wp-json\/wp\/v2\/product_tag?post=5430"}],"curies":[{"name":"wp","href":"https:\/\/api.w.org\/{rel}","templated":true}]}}