{"id":5560,"date":"2025-11-23T13:15:06","date_gmt":"2025-11-23T13:15:06","guid":{"rendered":"https:\/\/saphirsmaragd.com\/?post_type=product&#038;p=5560"},"modified":"2025-11-23T13:15:07","modified_gmt":"2025-11-23T13:15:07","slug":"obelisk-aragonit-blau-poliert","status":"publish","type":"product","link":"https:\/\/saphirsmaragd.com\/pt\/produto\/obelisk-aragonit-blau-poliert\/","title":{"rendered":"Obelisk Aragonit Blau Poliert \u2013 653 g \u2013 Naturstein aus Argentinien"},"content":{"rendered":"<div id=\"ez-toc-container\" class=\"ez-toc-v2_0_82_2 counter-hierarchy ez-toc-counter ez-toc-grey ez-toc-container-direction\">\n<div class=\"ez-toc-title-container\">\n<p class=\"ez-toc-title\" style=\"cursor:inherit\">\u00cdndice<\/p>\n<span class=\"ez-toc-title-toggle\"><a href=\"#\" class=\"ez-toc-pull-right ez-toc-btn ez-toc-btn-xs ez-toc-btn-default ez-toc-toggle\" aria-label=\"Toggle Table of Content\"><span class=\"ez-toc-js-icon-con\"><span class=\"\"><span class=\"eztoc-hide\" style=\"display:none;\">Alternar<\/span><span class=\"ez-toc-icon-toggle-span\"><svg style=\"fill: #999;color:#999\" xmlns=\"http:\/\/www.w3.org\/2000\/svg\" class=\"list-377408\" width=\"20px\" height=\"20px\" viewbox=\"0 0 24 24\" fill=\"none\"><path d=\"M6 6H4v2h2V6zm14 0H8v2h12V6zM4 11h2v2H4v-2zm16 0H8v2h12v-2zM4 16h2v2H4v-2zm16 0H8v2h12v-2z\" fill=\"currentColor\"><\/path><\/svg><svg style=\"fill: #999;color:#999\" class=\"arrow-unsorted-368013\" xmlns=\"http:\/\/www.w3.org\/2000\/svg\" width=\"10px\" height=\"10px\" viewbox=\"0 0 24 24\" version=\"1.2\" baseprofile=\"tiny\"><path d=\"M18.2 9.3l-6.2-6.3-6.2 6.3c-.2.2-.3.4-.3.7s.1.5.3.7c.2.2.4.3.7.3h11c.3 0 .5-.1.7-.3.2-.2.3-.5.3-.7s-.1-.5-.3-.7zM5.8 14.7l6.2 6.3 6.2-6.3c.2-.2.3-.5.3-.7s-.1-.5-.3-.7c-.2-.2-.4-.3-.7-.3h-11c-.3 0-.5.1-.7.3-.2.2-.3.5-.3.7s.1.5.3.7z\"\/><\/svg><\/span><\/span><\/span><\/a><\/span><\/div>\n<nav><ul class='ez-toc-list ez-toc-list-level-1' ><li class='ez-toc-page-1 ez-toc-heading-level-4'><a class=\"ez-toc-link ez-toc-heading-1\" href=\"https:\/\/saphirsmaragd.com\/pt\/produto\/obelisk-aragonit-blau-poliert\/#Obelisk_Aragonit_Blau_Poliert_%E2%80%93_653_g_%E2%80%93_Naturstein_aus_Argentinien\" >Obelisk Aragonit Blau Poliert \u2013 653 g \u2013 Naturstein aus Argentinien<\/a><\/li><li class='ez-toc-page-1 ez-toc-heading-level-4'><a class=\"ez-toc-link ez-toc-heading-2\" href=\"https:\/\/saphirsmaragd.com\/pt\/produto\/obelisk-aragonit-blau-poliert\/#_Merkmale_Herkunft\" >\u00a0Caracter\u00edsticas e Origem<\/a><\/li><li class='ez-toc-page-1 ez-toc-heading-level-4'><a class=\"ez-toc-link ez-toc-heading-3\" href=\"https:\/\/saphirsmaragd.com\/pt\/produto\/obelisk-aragonit-blau-poliert\/#_Besonderheiten\" >\u00a0Caracter\u00edsticas especiais<\/a><\/li><li class='ez-toc-page-1 ez-toc-heading-level-4'><a class=\"ez-toc-link ez-toc-heading-4\" href=\"https:\/\/saphirsmaragd.com\/pt\/produto\/obelisk-aragonit-blau-poliert\/#_Mehr_uber_Aragonite_Heilsteine\" >\u00a0Mehr \u00fcber Aragonite &amp; Heilsteine<\/a><\/li><li class='ez-toc-page-1 ez-toc-heading-level-4'><a class=\"ez-toc-link ez-toc-heading-5\" href=\"https:\/\/saphirsmaragd.com\/pt\/produto\/obelisk-aragonit-blau-poliert\/#_Weitere_Infos\" >\u00a0Mais informa\u00e7\u00f5es<\/a><\/li><\/ul><\/nav><\/div>\n<h4 data-start=\"874\" data-end=\"947\"><span class=\"ez-toc-section\" id=\"Obelisk_Aragonit_Blau_Poliert_%E2%80%93_653_g_%E2%80%93_Naturstein_aus_Argentinien\"><\/span><strong data-start=\"877\" data-end=\"947\">Obelisk Aragonit Blau Poliert \u2013 653 g \u2013 Naturstein aus Argentinien<\/strong><span class=\"ez-toc-section-end\"><\/span><\/h4>\n<p data-start=\"948\" data-end=\"1127\">Der Obelisk Aragonit Blau Poliert ist ein kraftvoller Heilstein aus Argentinien, der f\u00fcr emotionale Ausgeglichenheit, innere Ruhe und harmonische Kommunikation gesch\u00e4tzt wird.<\/p>\n<hr data-start=\"1129\" data-end=\"1132\" \/>\n<h4 data-start=\"1134\" data-end=\"1159\"><span class=\"ez-toc-section\" id=\"_Merkmale_Herkunft\"><\/span>\u00a0Caracter\u00edsticas e Origem<span class=\"ez-toc-section-end\"><\/span><\/h4>\n<p data-start=\"1160\" data-end=\"1368\">Farbe: Blau<br data-start=\"1171\" data-end=\"1174\" \/>Form: Obelisk (poliert)<br data-start=\"1197\" data-end=\"1200\" \/>Herkunft: Argentinien<br data-start=\"1221\" data-end=\"1224\" \/>Gewicht: 653 g<br data-start=\"1238\" data-end=\"1241\" \/>Ma\u00dfe: 20 \u00d7 4.5 \u00d7 3 cm<br data-start=\"1262\" data-end=\"1265\" \/>Reinheit: Nat\u00fcrlich<br data-start=\"1284\" data-end=\"1287\" \/>Behandlung: Poliert<br data-start=\"1340\" data-end=\"1343\" \/>Steinart: Aragonit (blau)<\/p>\n<hr data-start=\"1370\" data-end=\"1373\" \/>\n<h4 data-start=\"1375\" data-end=\"1395\"><span class=\"ez-toc-section\" id=\"_Besonderheiten\"><\/span>\u00a0Caracter\u00edsticas especiais<span class=\"ez-toc-section-end\"><\/span><\/h4>\n<p data-start=\"1396\" data-end=\"1680\">Der Obelisk Aragonit Blau Poliert wirkt beruhigend, entspannend und l\u00f6send. Er unterst\u00fctzt dabei, Sorgen, Spannungen und belastende Emotionen loszulassen \u2013 selbst solche, die tiefer im Inneren liegen. Dieser Prozess f\u00f6rdert Leichtigkeit, emotionale Heilung und neue innere Stabilit\u00e4t.<\/p>\n<p data-start=\"1682\" data-end=\"2095\">Blaue Aragonite sind zudem f\u00fcr ihre f\u00f6rdernde Wirkung auf die Kommunikation bekannt. Sie helfen Ihnen, sich ruhig, klar und ehrlich auszudr\u00fccken \u2013 auch bei schwierigen Themen \u2013 und st\u00e4rken die F\u00e4higkeit, f\u00fcr sich selbst einzustehen. Gleichzeitig unterst\u00fctzt dieser Stein spirituelle Kommunikationsprozesse, indem er Affirmationen, Meditationen und Gebete intensiviert und den Zugang zu h\u00f6heren Ebenen erleichtert.<\/p>\n<hr data-start=\"2097\" data-end=\"2100\" \/>\n<h4 data-start=\"2102\" data-end=\"2142\"><span class=\"ez-toc-section\" id=\"_Mehr_uber_Aragonite_Heilsteine\"><\/span>\u00a0Mehr \u00fcber Aragonite &amp; Heilsteine<span class=\"ez-toc-section-end\"><\/span><\/h4>\n<p data-start=\"2143\" data-end=\"2190\"><a href=\"https:\/\/saphirsmaragd.com\/pt\/product-category\/heilsteine-kristalle-kaufen\/\">Pedras e cristais de cura<\/a> | Aragonite &amp; Mineralien<\/p>\n<hr data-start=\"2192\" data-end=\"2195\" \/>\n<h4 data-start=\"2197\" data-end=\"2218\"><span class=\"ez-toc-section\" id=\"_Weitere_Infos\"><\/span>\u00a0Mais informa\u00e7\u00f5es<span class=\"ez-toc-section-end\"><\/span><\/h4>\n<p data-start=\"2219\" data-end=\"2286\">Wikipedia: <strong data-start=\"2230\" data-end=\"2242\">Aragonit<\/strong><br data-start=\"2242\" data-end=\"2245\" \/><a class=\"decorated-link\" href=\"https:\/\/de.wikipedia.org\/wiki\/Aragonit\" target=\"_new\" rel=\"noopener\" data-start=\"2248\" data-end=\"2286\">wikipedia:Aragonit<\/a><\/p>","protected":false},"excerpt":{"rendered":"<p><em>Der Obelisk Aragonit Blau Poliert ist ein hochwertiger Naturstein aus Argentinien, der f\u00fcr emotionale Ruhe, klare Kommunikation und innere Balance steht. Ideal f\u00fcr Meditation, Energiearbeit und harmonisierende Raumgestaltung.<\/em><\/p>","protected":false},"featured_media":5561,"comment_status":"open","ping_status":"closed","template":"","meta":{"_glsr_average":0,"_glsr_ranking":0,"_glsr_reviews":0},"product_brand":[],"product_cat":[84],"product_tag":[],"class_list":{"0":"post-5560","1":"product","2":"type-product","3":"status-publish","4":"has-post-thumbnail","6":"product_cat-rohsteine-kaufen","8":"first","9":"instock","10":"taxable","11":"shipping-taxable","12":"purchasable","13":"product-type-simple","14":"add-to-wishlist-before_image"},"jetpack_sharing_enabled":true,"_links":{"self":[{"href":"https:\/\/saphirsmaragd.com\/pt\/wp-json\/wp\/v2\/product\/5560","targetHints":{"allow":["GET"]}}],"collection":[{"href":"https:\/\/saphirsmaragd.com\/pt\/wp-json\/wp\/v2\/product"}],"about":[{"href":"https:\/\/saphirsmaragd.com\/pt\/wp-json\/wp\/v2\/types\/product"}],"replies":[{"embeddable":true,"href":"https:\/\/saphirsmaragd.com\/pt\/wp-json\/wp\/v2\/comments?post=5560"}],"version-history":[{"count":1,"href":"https:\/\/saphirsmaragd.com\/pt\/wp-json\/wp\/v2\/product\/5560\/revisions"}],"predecessor-version":[{"id":5564,"href":"https:\/\/saphirsmaragd.com\/pt\/wp-json\/wp\/v2\/product\/5560\/revisions\/5564"}],"wp:featuredmedia":[{"embeddable":true,"href":"https:\/\/saphirsmaragd.com\/pt\/wp-json\/wp\/v2\/media\/5561"}],"wp:attachment":[{"href":"https:\/\/saphirsmaragd.com\/pt\/wp-json\/wp\/v2\/media?parent=5560"}],"wp:term":[{"taxonomy":"product_brand","embeddable":true,"href":"https:\/\/saphirsmaragd.com\/pt\/wp-json\/wp\/v2\/product_brand?post=5560"},{"taxonomy":"product_cat","embeddable":true,"href":"https:\/\/saphirsmaragd.com\/pt\/wp-json\/wp\/v2\/product_cat?post=5560"},{"taxonomy":"product_tag","embeddable":true,"href":"https:\/\/saphirsmaragd.com\/pt\/wp-json\/wp\/v2\/product_tag?post=5560"}],"curies":[{"name":"wp","href":"https:\/\/api.w.org\/{rel}","templated":true}]}}