{"id":8065,"date":"2026-02-07T18:49:01","date_gmt":"2026-02-07T18:49:01","guid":{"rendered":"https:\/\/saphirsmaragd.com\/?post_type=product&#038;p=8065"},"modified":"2026-02-14T10:40:18","modified_gmt":"2026-02-14T10:40:18","slug":"rhodolith-granat-kissen-4-07-karat-lila","status":"publish","type":"product","link":"https:\/\/saphirsmaragd.com\/pt\/produto\/rhodolith-granat-kissen-4-07-karat-lila\/","title":{"rendered":"Rhodolith Granat Kissen 4.07 Karat Lila \u2013 Naturstein aus Mosambik"},"content":{"rendered":"<div id=\"ez-toc-container\" class=\"ez-toc-v2_0_82_2 counter-hierarchy ez-toc-counter ez-toc-grey ez-toc-container-direction\">\n<div class=\"ez-toc-title-container\">\n<p class=\"ez-toc-title\" style=\"cursor:inherit\">\u00cdndice<\/p>\n<span class=\"ez-toc-title-toggle\"><a href=\"#\" class=\"ez-toc-pull-right ez-toc-btn ez-toc-btn-xs ez-toc-btn-default ez-toc-toggle\" aria-label=\"Toggle Table of Content\"><span class=\"ez-toc-js-icon-con\"><span class=\"\"><span class=\"eztoc-hide\" style=\"display:none;\">Alternar<\/span><span class=\"ez-toc-icon-toggle-span\"><svg style=\"fill: #999;color:#999\" xmlns=\"http:\/\/www.w3.org\/2000\/svg\" class=\"list-377408\" width=\"20px\" height=\"20px\" viewbox=\"0 0 24 24\" fill=\"none\"><path d=\"M6 6H4v2h2V6zm14 0H8v2h12V6zM4 11h2v2H4v-2zm16 0H8v2h12v-2zM4 16h2v2H4v-2zm16 0H8v2h12v-2z\" fill=\"currentColor\"><\/path><\/svg><svg style=\"fill: #999;color:#999\" class=\"arrow-unsorted-368013\" xmlns=\"http:\/\/www.w3.org\/2000\/svg\" width=\"10px\" height=\"10px\" viewbox=\"0 0 24 24\" version=\"1.2\" baseprofile=\"tiny\"><path d=\"M18.2 9.3l-6.2-6.3-6.2 6.3c-.2.2-.3.4-.3.7s.1.5.3.7c.2.2.4.3.7.3h11c.3 0 .5-.1.7-.3.2-.2.3-.5.3-.7s-.1-.5-.3-.7zM5.8 14.7l6.2 6.3 6.2-6.3c.2-.2.3-.5.3-.7s-.1-.5-.3-.7c-.2-.2-.4-.3-.7-.3h-11c-.3 0-.5.1-.7.3-.2.2-.3.5-.3.7s.1.5.3.7z\"\/><\/svg><\/span><\/span><\/span><\/a><\/span><\/div>\n<nav><ul class='ez-toc-list ez-toc-list-level-1' ><li class='ez-toc-page-1 ez-toc-heading-level-4'><a class=\"ez-toc-link ez-toc-heading-1\" href=\"https:\/\/saphirsmaragd.com\/pt\/produto\/rhodolith-granat-kissen-4-07-karat-lila\/#Rhodolith_Granat_Kissen_407_ct_Lila_%E2%80%93_Naturstein_aus_Mosambik\" >Rhodolith Granat Kissen 4.07 ct Lila \u2013 Naturstein aus Mosambik<\/a><\/li><li class='ez-toc-page-1 ez-toc-heading-level-4'><a class=\"ez-toc-link ez-toc-heading-2\" href=\"https:\/\/saphirsmaragd.com\/pt\/produto\/rhodolith-granat-kissen-4-07-karat-lila\/#Merkmale_Herkunft\" >Caracter\u00edsticas e Origem<\/a><\/li><li class='ez-toc-page-1 ez-toc-heading-level-4'><a class=\"ez-toc-link ez-toc-heading-3\" href=\"https:\/\/saphirsmaragd.com\/pt\/produto\/rhodolith-granat-kissen-4-07-karat-lila\/#Besonderheiten\" >Caracter\u00edsticas especiais<\/a><\/li><li class='ez-toc-page-1 ez-toc-heading-level-4'><a class=\"ez-toc-link ez-toc-heading-4\" href=\"https:\/\/saphirsmaragd.com\/pt\/produto\/rhodolith-granat-kissen-4-07-karat-lila\/#Mehr_uber_unsere_Edelsteine\" >Mais sobre nossas pedras preciosas<\/a><\/li><li class='ez-toc-page-1 ez-toc-heading-level-4'><a class=\"ez-toc-link ez-toc-heading-5\" href=\"https:\/\/saphirsmaragd.com\/pt\/produto\/rhodolith-granat-kissen-4-07-karat-lila\/#Weitere_Infos\" >Mais informa\u00e7\u00f5es<\/a><\/li><\/ul><\/nav><\/div>\n<h4 data-start=\"577\" data-end=\"642\"><span class=\"ez-toc-section\" id=\"Rhodolith_Granat_Kissen_407_ct_Lila_%E2%80%93_Naturstein_aus_Mosambik\"><\/span>Rhodolith Granat Kissen 4.07 ct Lila \u2013 Naturstein aus Mosambik<span class=\"ez-toc-section-end\"><\/span><\/h4>\n<p data-start=\"644\" data-end=\"781\">Der Rhodolith Granat Kissen 4.07 Karat Lila ist ein nat\u00fcrlicher Edelstein mit seltener Qualit\u00e4t und faszinierender violetter Farbintensit\u00e4t.<\/p>\n<hr data-start=\"1033\" data-end=\"1036\" \/>\n<h4 data-start=\"1038\" data-end=\"1062\"><span class=\"ez-toc-section\" id=\"Merkmale_Herkunft\"><\/span>Caracter\u00edsticas e Origem<span class=\"ez-toc-section-end\"><\/span><\/h4>\n<p data-start=\"1064\" data-end=\"1319\">Farbe: Lila<br data-start=\"823\" data-end=\"826\" \/>Form: Kissen (quadratisch)<br data-start=\"852\" data-end=\"855\" \/>Herkunft: Mosambik<br data-start=\"873\" data-end=\"876\" \/>Gewicht: 4.07 Karat<br data-start=\"892\" data-end=\"895\" \/>Ma\u00dfe: 8.7 \u00d7 8.7 mm<br data-start=\"913\" data-end=\"916\" \/>Pureza: Limpo para os olhos<br data-start=\"934\" data-end=\"937\" \/>Tratamento: N\u00e3o tratado<br data-start=\"960\" data-end=\"963\" \/>Zertifikat: Auf Anfrage<br data-start=\"986\" data-end=\"989\" \/>Condi\u00e7\u00e3o: Novo<br data-start=\"1001\" data-end=\"1004\" \/>Steinart: Rhodolith Granat<\/p>\n<hr data-start=\"1431\" data-end=\"1434\" \/>\n<h4 data-start=\"1436\" data-end=\"1455\"><span class=\"ez-toc-section\" id=\"Besonderheiten\"><\/span>Caracter\u00edsticas especiais<span class=\"ez-toc-section-end\"><\/span><\/h4>\n<p data-start=\"1457\" data-end=\"1698\">Dieser Rhodolith Granat Kissen 4.07 ct Lila besticht durch seine au\u00dfergew\u00f6hnliche Brillanz und die elegante violette Farbnuance, die bei hochwertigen Rhodolithen besonders gesch\u00e4tzt wird. Steine dieser Gr\u00f6\u00dfe und Reinheit sind heute nur noch selten verf\u00fcgbar, was ihn zu einer attraktiven Wahl f\u00fcr Sammler und Juweliere macht.<\/p>\n<hr data-start=\"1926\" data-end=\"1929\" \/>\n<h4 data-start=\"1931\" data-end=\"1971\"><span class=\"ez-toc-section\" id=\"Mehr_uber_unsere_Edelsteine\"><\/span>Mais sobre nossas pedras preciosas<span class=\"ez-toc-section-end\"><\/span><\/h4>\n<p data-start=\"1972\" data-end=\"2069\"><a href=\"https:\/\/saphirsmaragd.com\/pt\/product-category\/edelsteine-kaufen\/\">Pedras preciosas<\/a><\/p>\n<hr data-start=\"2071\" data-end=\"2074\" \/>\n<h4 data-start=\"2076\" data-end=\"2096\"><span class=\"ez-toc-section\" id=\"Weitere_Infos\"><\/span>Mais informa\u00e7\u00f5es<span class=\"ez-toc-section-end\"><\/span><\/h4>\n<p data-start=\"2097\" data-end=\"2160\"><a class=\"decorated-link cursor-pointer\" href=\"https:\/\/de.wikipedia.org\/wiki\/Granat\" target=\"_new\" rel=\"noopener\" data-start=\"2097\" data-end=\"2160\">Wikip\u00e9dia: Granada<\/a><\/p>","protected":false},"excerpt":{"rendered":"<p>Rhodolith Granat Kissen 4.07 Karat Lila ist ein seltener Natur-Edelstein aus Mosambik mit intensiver violetter Farbe und au\u00dfergew\u00f6hnlicher Brillanz.<\/p>","protected":false},"featured_media":8066,"comment_status":"open","ping_status":"closed","template":"","meta":{"_glsr_average":0,"_glsr_ranking":0,"_glsr_reviews":0},"product_brand":[],"product_cat":[111],"product_tag":[],"class_list":{"0":"post-8065","1":"product","2":"type-product","3":"status-publish","4":"has-post-thumbnail","6":"product_cat-granat-kaufen","7":"pa_edelsteinart-granat","8":"pa_farbe-lila","9":"pa_form-kissen","10":"pa_gewicht-karat-3-0-5-0-karat","11":"pa_herkunft-mosambik","12":"pa_reinheit-augenrein","13":"pa_veredelung-behandlung-unbehandelt","14":"pa_zertifikat-ja","15":"pa_zustand-neu","17":"first","18":"instock","19":"featured","20":"sold-individually","21":"shipping-taxable","22":"purchasable","23":"product-type-simple","24":"add-to-wishlist-before_image"},"jetpack_sharing_enabled":true,"_links":{"self":[{"href":"https:\/\/saphirsmaragd.com\/pt\/wp-json\/wp\/v2\/product\/8065","targetHints":{"allow":["GET"]}}],"collection":[{"href":"https:\/\/saphirsmaragd.com\/pt\/wp-json\/wp\/v2\/product"}],"about":[{"href":"https:\/\/saphirsmaragd.com\/pt\/wp-json\/wp\/v2\/types\/product"}],"replies":[{"embeddable":true,"href":"https:\/\/saphirsmaragd.com\/pt\/wp-json\/wp\/v2\/comments?post=8065"}],"version-history":[{"count":2,"href":"https:\/\/saphirsmaragd.com\/pt\/wp-json\/wp\/v2\/product\/8065\/revisions"}],"predecessor-version":[{"id":8070,"href":"https:\/\/saphirsmaragd.com\/pt\/wp-json\/wp\/v2\/product\/8065\/revisions\/8070"}],"wp:featuredmedia":[{"embeddable":true,"href":"https:\/\/saphirsmaragd.com\/pt\/wp-json\/wp\/v2\/media\/8066"}],"wp:attachment":[{"href":"https:\/\/saphirsmaragd.com\/pt\/wp-json\/wp\/v2\/media?parent=8065"}],"wp:term":[{"taxonomy":"product_brand","embeddable":true,"href":"https:\/\/saphirsmaragd.com\/pt\/wp-json\/wp\/v2\/product_brand?post=8065"},{"taxonomy":"product_cat","embeddable":true,"href":"https:\/\/saphirsmaragd.com\/pt\/wp-json\/wp\/v2\/product_cat?post=8065"},{"taxonomy":"product_tag","embeddable":true,"href":"https:\/\/saphirsmaragd.com\/pt\/wp-json\/wp\/v2\/product_tag?post=8065"}],"curies":[{"name":"wp","href":"https:\/\/api.w.org\/{rel}","templated":true}]}}