{"id":8121,"date":"2026-02-10T11:49:24","date_gmt":"2026-02-10T11:49:24","guid":{"rendered":"https:\/\/saphirsmaragd.com\/?post_type=product&#038;p=8121"},"modified":"2026-02-14T10:27:43","modified_gmt":"2026-02-14T10:27:43","slug":"turmalin-rechteck-8-16-karat-bicolor","status":"publish","type":"product","link":"https:\/\/saphirsmaragd.com\/pt\/produto\/turmalin-rechteck-8-16-karat-bicolor\/","title":{"rendered":"Turmalin Rechteck 8.16 Karat Bicolor \u2013 Naturstein aus Brasilien"},"content":{"rendered":"<div id=\"ez-toc-container\" class=\"ez-toc-v2_0_82_2 counter-hierarchy ez-toc-counter ez-toc-grey ez-toc-container-direction\">\n<div class=\"ez-toc-title-container\">\n<p class=\"ez-toc-title\" style=\"cursor:inherit\">\u00cdndice<\/p>\n<span class=\"ez-toc-title-toggle\"><a href=\"#\" class=\"ez-toc-pull-right ez-toc-btn ez-toc-btn-xs ez-toc-btn-default ez-toc-toggle\" aria-label=\"Toggle Table of Content\"><span class=\"ez-toc-js-icon-con\"><span class=\"\"><span class=\"eztoc-hide\" style=\"display:none;\">Alternar<\/span><span class=\"ez-toc-icon-toggle-span\"><svg style=\"fill: #999;color:#999\" xmlns=\"http:\/\/www.w3.org\/2000\/svg\" class=\"list-377408\" width=\"20px\" height=\"20px\" viewbox=\"0 0 24 24\" fill=\"none\"><path d=\"M6 6H4v2h2V6zm14 0H8v2h12V6zM4 11h2v2H4v-2zm16 0H8v2h12v-2zM4 16h2v2H4v-2zm16 0H8v2h12v-2z\" fill=\"currentColor\"><\/path><\/svg><svg style=\"fill: #999;color:#999\" class=\"arrow-unsorted-368013\" xmlns=\"http:\/\/www.w3.org\/2000\/svg\" width=\"10px\" height=\"10px\" viewbox=\"0 0 24 24\" version=\"1.2\" baseprofile=\"tiny\"><path d=\"M18.2 9.3l-6.2-6.3-6.2 6.3c-.2.2-.3.4-.3.7s.1.5.3.7c.2.2.4.3.7.3h11c.3 0 .5-.1.7-.3.2-.2.3-.5.3-.7s-.1-.5-.3-.7zM5.8 14.7l6.2 6.3 6.2-6.3c.2-.2.3-.5.3-.7s-.1-.5-.3-.7c-.2-.2-.4-.3-.7-.3h-11c-.3 0-.5.1-.7.3-.2.2-.3.5-.3.7s.1.5.3.7z\"\/><\/svg><\/span><\/span><\/span><\/a><\/span><\/div>\n<nav><ul class='ez-toc-list ez-toc-list-level-1' ><li class='ez-toc-page-1 ez-toc-heading-level-4'><a class=\"ez-toc-link ez-toc-heading-1\" href=\"https:\/\/saphirsmaragd.com\/pt\/produto\/turmalin-rechteck-8-16-karat-bicolor\/#Turmalin_Rechteck_816_Karat_Bicolor_%E2%80%93_Naturstein_aus_Brasilien\" >Turmalin Rechteck 8.16 Karat Bicolor \u2013 Naturstein aus Brasilien<\/a><\/li><li class='ez-toc-page-1 ez-toc-heading-level-4'><a class=\"ez-toc-link ez-toc-heading-2\" href=\"https:\/\/saphirsmaragd.com\/pt\/produto\/turmalin-rechteck-8-16-karat-bicolor\/#Merkmale_Herkunft\" >Caracter\u00edsticas e Origem<\/a><\/li><li class='ez-toc-page-1 ez-toc-heading-level-4'><a class=\"ez-toc-link ez-toc-heading-3\" href=\"https:\/\/saphirsmaragd.com\/pt\/produto\/turmalin-rechteck-8-16-karat-bicolor\/#Besonderheiten\" >Caracter\u00edsticas especiais<\/a><\/li><li class='ez-toc-page-1 ez-toc-heading-level-4'><a class=\"ez-toc-link ez-toc-heading-4\" href=\"https:\/\/saphirsmaragd.com\/pt\/produto\/turmalin-rechteck-8-16-karat-bicolor\/#Weitere_Inspiration_entdecken\" >Weitere Inspiration entdecken<\/a><\/li><\/ul><\/nav><\/div>\n<h4 data-start=\"486\" data-end=\"554\"><span class=\"ez-toc-section\" id=\"Turmalin_Rechteck_816_Karat_Bicolor_%E2%80%93_Naturstein_aus_Brasilien\"><\/span>Turmalin Rechteck 8.16 Karat Bicolor \u2013 Naturstein aus Brasilien<span class=\"ez-toc-section-end\"><\/span><\/h4>\n<p data-start=\"556\" data-end=\"676\">Turmalin Rechteck 8.16 Karat Bicolor ist ein nat\u00fcrlicher zweifarbiger Edelstein aus Brasilien mit faszinierendem Farbspiel.<\/p>\n<hr data-start=\"913\" data-end=\"916\" \/>\n<h4 data-start=\"918\" data-end=\"947\"><span class=\"ez-toc-section\" id=\"Merkmale_Herkunft\"><\/span>Caracter\u00edsticas e Origem<span class=\"ez-toc-section-end\"><\/span><\/h4>\n<p data-start=\"948\" data-end=\"1236\">Farbe: Gr\u00fcn \/ Lila (Bicolor)<br data-start=\"735\" data-end=\"738\" \/>Form: Rechteck<br data-start=\"752\" data-end=\"755\" \/>Origem: Brasil<br data-start=\"774\" data-end=\"777\" \/>Gewicht: 8.16 Karat<br data-start=\"793\" data-end=\"796\" \/>Ma\u00dfe: 12.7 \u00d7 10.3 mm<br data-start=\"816\" data-end=\"819\" \/>Pureza: Limpo para os olhos<br data-start=\"850\" data-end=\"853\" \/>Behandlung: unbehandelt<br data-start=\"886\" data-end=\"889\" \/>Zertifikat: Nein<br data-start=\"905\" data-end=\"908\" \/>Condi\u00e7\u00e3o: Novo<br data-start=\"920\" data-end=\"923\" \/>Steinart: Nat\u00fcrlicher Turmalin<br data-start=\"953\" data-end=\"956\" data-is-only-node=\"\" \/>Mohsh\u00e4rte: 7 \u2013 7.5<\/p>\n<hr data-start=\"1238\" data-end=\"1241\" \/>\n<h4 data-start=\"1243\" data-end=\"1267\"><span class=\"ez-toc-section\" id=\"Besonderheiten\"><\/span>Caracter\u00edsticas especiais<span class=\"ez-toc-section-end\"><\/span><\/h4>\n<p data-start=\"976\" data-end=\"1279\">Turmalin Rechteck 8.16 Karat Bicolor zeigt die seltene Eigenschaft, zwei intensive Farben in einem einzigen Kristall zu vereinen. Das harmonische Zusammenspiel aus Gr\u00fcn und Lila erzeugt ein lebendiges Farbspiel, das durch den pr\u00e4zisen rechteckigen Schliff zus\u00e4tzlich verst\u00e4rkt wird.<\/p>\n<p>Dieser Edelstein stammt aus einer der bedeutendsten Tourmalin-Lagerst\u00e4tten Brasiliens und wurde aufgrund seiner au\u00dfergew\u00f6hnlichen Qualit\u00e4t ausgew\u00e4hlt. Turmalin Rechteck 8.16 ct Bicolor eignet sich ideal f\u00fcr einzigartige Schmuckst\u00fccke mit starker visueller Pr\u00e4senz.<\/p>\n<hr data-start=\"1926\" data-end=\"1929\" \/>\n<h4 data-start=\"413\" data-end=\"449\"><span class=\"ez-toc-section\" id=\"Weitere_Inspiration_entdecken\"><\/span>Weitere Inspiration entdecken<span class=\"ez-toc-section-end\"><\/span><\/h4>\n<p data-start=\"450\" data-end=\"582\">Suchen Sie weitere besondere Produkte? Entdecken Sie zus\u00e4tzliche Highlights in unserem Sortiment oder besuchen Sie unsere Partnerprojekte:<\/p>\n<ul data-start=\"584\" data-end=\"920\">\n<li data-start=\"584\" data-end=\"656\"><a href=\"https:\/\/saphirsmaragd.com\/pt\/shop\/\">Weitere Edelsteine &amp; Schmuckst\u00fccke bei Saphir &amp; Smaragd entdecken<\/a><\/li>\n<li data-start=\"657\" data-end=\"783\">\n<p data-start=\"659\" data-end=\"783\"><a href=\"https:\/\/honigbee.com\/shop\/\" target=\"_blank\" rel=\"noopener\">Nat\u00fcrliche Produkte bei Honigbee ansehen<br \/>\n<\/a><\/p>\n<\/li>\n<li data-start=\"784\" data-end=\"920\">\n<p data-start=\"786\" data-end=\"920\"><a href=\"https:\/\/matvana.com\/shop\/\" target=\"_blank\" rel=\"noopener\">Stilvolle Wohnideen bei Matvana erkunden<\/a><\/p>\n<\/li>\n<\/ul>","protected":false},"excerpt":{"rendered":"<p data-start=\"335\" data-end=\"498\"><em>Turmalin Rechteck 8.16 Karat Bicolor aus Brasilien. Nat\u00fcrlicher zweifarbiger Edelstein mit au\u00dfergew\u00f6hnlicher Brillanz.<\/em><\/p>\n<h2 data-start=\"500\" data-end=\"525\"><\/h2>","protected":false},"featured_media":8122,"comment_status":"open","ping_status":"closed","template":"","meta":{"_glsr_average":0,"_glsr_ranking":0,"_glsr_reviews":0},"product_brand":[],"product_cat":[109],"product_tag":[],"class_list":{"0":"post-8121","1":"product","2":"type-product","3":"status-publish","4":"has-post-thumbnail","6":"product_cat-turmalin-kaufen","7":"pa_edelsteinart-turmalin","8":"pa_farbe-bicolor","9":"pa_form-rechteck","10":"pa_gewicht-karat-5-0-10-karat","11":"pa_herkunft-brasilien","12":"pa_reinheit-augenrein","13":"pa_veredelung-behandlung-unbehandelt","14":"pa_zertifikat-ja","15":"pa_zustand-neu","17":"first","18":"instock","19":"featured","20":"sold-individually","21":"shipping-taxable","22":"purchasable","23":"product-type-simple","24":"add-to-wishlist-before_image"},"jetpack_sharing_enabled":true,"_links":{"self":[{"href":"https:\/\/saphirsmaragd.com\/pt\/wp-json\/wp\/v2\/product\/8121","targetHints":{"allow":["GET"]}}],"collection":[{"href":"https:\/\/saphirsmaragd.com\/pt\/wp-json\/wp\/v2\/product"}],"about":[{"href":"https:\/\/saphirsmaragd.com\/pt\/wp-json\/wp\/v2\/types\/product"}],"replies":[{"embeddable":true,"href":"https:\/\/saphirsmaragd.com\/pt\/wp-json\/wp\/v2\/comments?post=8121"}],"version-history":[{"count":3,"href":"https:\/\/saphirsmaragd.com\/pt\/wp-json\/wp\/v2\/product\/8121\/revisions"}],"predecessor-version":[{"id":8124,"href":"https:\/\/saphirsmaragd.com\/pt\/wp-json\/wp\/v2\/product\/8121\/revisions\/8124"}],"wp:featuredmedia":[{"embeddable":true,"href":"https:\/\/saphirsmaragd.com\/pt\/wp-json\/wp\/v2\/media\/8122"}],"wp:attachment":[{"href":"https:\/\/saphirsmaragd.com\/pt\/wp-json\/wp\/v2\/media?parent=8121"}],"wp:term":[{"taxonomy":"product_brand","embeddable":true,"href":"https:\/\/saphirsmaragd.com\/pt\/wp-json\/wp\/v2\/product_brand?post=8121"},{"taxonomy":"product_cat","embeddable":true,"href":"https:\/\/saphirsmaragd.com\/pt\/wp-json\/wp\/v2\/product_cat?post=8121"},{"taxonomy":"product_tag","embeddable":true,"href":"https:\/\/saphirsmaragd.com\/pt\/wp-json\/wp\/v2\/product_tag?post=8121"}],"curies":[{"name":"wp","href":"https:\/\/api.w.org\/{rel}","templated":true}]}}