{"id":8462,"date":"2026-04-11T12:07:39","date_gmt":"2026-04-11T12:07:39","guid":{"rendered":"https:\/\/saphirsmaragd.com\/?post_type=product&#038;p=8462"},"modified":"2026-04-11T12:13:17","modified_gmt":"2026-04-11T12:13:17","slug":"smaragd-rund-gruen-2-12-karat-aus-sambia","status":"publish","type":"product","link":"https:\/\/saphirsmaragd.com\/pt\/produto\/smaragd-rund-gruen-2-12-karat-aus-sambia\/","title":{"rendered":"Smaragd Rund Gr\u00fcn 2.12 Karat aus Sambia \u2013 Edler runder Smaragd"},"content":{"rendered":"<div id=\"ez-toc-container\" class=\"ez-toc-v2_0_82_2 counter-hierarchy ez-toc-counter ez-toc-grey ez-toc-container-direction\">\n<div class=\"ez-toc-title-container\">\n<p class=\"ez-toc-title\" style=\"cursor:inherit\">\u00cdndice<\/p>\n<span class=\"ez-toc-title-toggle\"><a href=\"#\" class=\"ez-toc-pull-right ez-toc-btn ez-toc-btn-xs ez-toc-btn-default ez-toc-toggle\" aria-label=\"Toggle Table of Content\"><span class=\"ez-toc-js-icon-con\"><span class=\"\"><span class=\"eztoc-hide\" style=\"display:none;\">Alternar<\/span><span class=\"ez-toc-icon-toggle-span\"><svg style=\"fill: #999;color:#999\" xmlns=\"http:\/\/www.w3.org\/2000\/svg\" class=\"list-377408\" width=\"20px\" height=\"20px\" viewbox=\"0 0 24 24\" fill=\"none\"><path d=\"M6 6H4v2h2V6zm14 0H8v2h12V6zM4 11h2v2H4v-2zm16 0H8v2h12v-2zM4 16h2v2H4v-2zm16 0H8v2h12v-2z\" fill=\"currentColor\"><\/path><\/svg><svg style=\"fill: #999;color:#999\" class=\"arrow-unsorted-368013\" xmlns=\"http:\/\/www.w3.org\/2000\/svg\" width=\"10px\" height=\"10px\" viewbox=\"0 0 24 24\" version=\"1.2\" baseprofile=\"tiny\"><path d=\"M18.2 9.3l-6.2-6.3-6.2 6.3c-.2.2-.3.4-.3.7s.1.5.3.7c.2.2.4.3.7.3h11c.3 0 .5-.1.7-.3.2-.2.3-.5.3-.7s-.1-.5-.3-.7zM5.8 14.7l6.2 6.3 6.2-6.3c.2-.2.3-.5.3-.7s-.1-.5-.3-.7c-.2-.2-.4-.3-.7-.3h-11c-.3 0-.5.1-.7.3-.2.2-.3.5-.3.7s.1.5.3.7z\"\/><\/svg><\/span><\/span><\/span><\/a><\/span><\/div>\n<nav><ul class='ez-toc-list ez-toc-list-level-1' ><li class='ez-toc-page-1 ez-toc-heading-level-4'><a class=\"ez-toc-link ez-toc-heading-1\" href=\"https:\/\/saphirsmaragd.com\/pt\/produto\/smaragd-rund-gruen-2-12-karat-aus-sambia\/#Smaragd_Rund_Grun_212_Karat\" >Smaragd Rund Gr\u00fcn 2.12 Karat<\/a><\/li><li class='ez-toc-page-1 ez-toc-heading-level-4'><a class=\"ez-toc-link ez-toc-heading-2\" href=\"https:\/\/saphirsmaragd.com\/pt\/produto\/smaragd-rund-gruen-2-12-karat-aus-sambia\/#Merkmale_Herkunft\" >Caracter\u00edsticas e Origem<\/a><\/li><li class='ez-toc-page-1 ez-toc-heading-level-4'><a class=\"ez-toc-link ez-toc-heading-3\" href=\"https:\/\/saphirsmaragd.com\/pt\/produto\/smaragd-rund-gruen-2-12-karat-aus-sambia\/#Besonderheiten\" >Caracter\u00edsticas especiais<\/a><\/li><li class='ez-toc-page-1 ez-toc-heading-level-4'><a class=\"ez-toc-link ez-toc-heading-4\" href=\"https:\/\/saphirsmaragd.com\/pt\/produto\/smaragd-rund-gruen-2-12-karat-aus-sambia\/#Mehr_uber_Smaragde_Heilsteine\" >Mais sobre esmeraldas e pedras de cura<\/a><\/li><li class='ez-toc-page-1 ez-toc-heading-level-4'><a class=\"ez-toc-link ez-toc-heading-5\" href=\"https:\/\/saphirsmaragd.com\/pt\/produto\/smaragd-rund-gruen-2-12-karat-aus-sambia\/#Mehr_uber_Smaragde\" >Mehr \u00fcber Smaragde<\/a><\/li><li class='ez-toc-page-1 ez-toc-heading-level-4'><a class=\"ez-toc-link ez-toc-heading-6\" href=\"https:\/\/saphirsmaragd.com\/pt\/produto\/smaragd-rund-gruen-2-12-karat-aus-sambia\/#Weitere_Infos\" >Mais informa\u00e7\u00f5es<\/a><\/li><\/ul><\/nav><\/div>\n<h4 data-section-id=\"ael09d\" data-start=\"657\" data-end=\"691\"><span class=\"ez-toc-section\" id=\"Smaragd_Rund_Grun_212_Karat\"><\/span>Smaragd Rund Gr\u00fcn 2.12 Karat<span class=\"ez-toc-section-end\"><\/span><\/h4>\n<p data-start=\"692\" data-end=\"980\">Dieser au\u00dfergew\u00f6hnliche Smaragd Rund Gr\u00fcn 2.12 Karat stammt aus Sambia und besticht durch seine intensive gr\u00fcne Farbe sowie seine seltene runde Schliffform. Runde Smaragde sind deutlich seltener als klassische Formen und verleihen jedem Schmuckst\u00fcck eine besonders exklusive Ausstrahlung.<\/p>\n<hr data-start=\"982\" data-end=\"985\" \/>\n<h4 data-start=\"987\" data-end=\"1013\"><span class=\"ez-toc-section\" id=\"Merkmale_Herkunft\"><\/span>Caracter\u00edsticas e Origem<span class=\"ez-toc-section-end\"><\/span><\/h4>\n<p data-start=\"1015\" data-end=\"1233\">Steinart: Smaragd<br data-start=\"1032\" data-end=\"1035\" \/>Cor: Verde<br data-start=\"1046\" data-end=\"1049\" \/>Form: Rund<br data-start=\"1059\" data-end=\"1062\" \/>Gewicht: 2.12 Karat<br data-start=\"1081\" data-end=\"1084\" \/>Abmessungen: 8 mm<br data-start=\"1101\" data-end=\"1104\" \/>Herkunft: Sambia<br data-start=\"1120\" data-end=\"1123\" \/>Reinheit: Kleine Einschl\u00fcsse<br data-start=\"1151\" data-end=\"1154\" \/>Behandlung: Ge\u00f6lt<br data-start=\"1171\" data-end=\"1174\" \/>Beobachtung: Nat\u00fcrlich<br data-start=\"1196\" data-end=\"1199\" \/>Mohs-H\u00e4rte: 7.5\u20138<br data-start=\"1216\" data-end=\"1219\" \/>Condi\u00e7\u00e3o: Novo<\/p>\n<hr data-start=\"1235\" data-end=\"1238\" \/>\n<h4 data-start=\"1240\" data-end=\"1261\"><span class=\"ez-toc-section\" id=\"Besonderheiten\"><\/span>Caracter\u00edsticas especiais<span class=\"ez-toc-section-end\"><\/span><\/h4>\n<p data-start=\"1263\" data-end=\"1543\">Der Smaragd Rund Gr\u00fcn 2.12 Karat weist die f\u00fcr Smaragde typischen nat\u00fcrlichen Einschl\u00fcsse auf, die als \u201eJardin\u201c bezeichnet werden und die Authentizit\u00e4t dieses Edelsteins unterstreichen. Die \u00d6lbehandlung verbessert die Klarheit optisch, ohne die nat\u00fcrliche Struktur zu ver\u00e4ndern.<\/p>\n<p data-start=\"1545\" data-end=\"1789\">Durch seine seltene runde Form und die ausgewogene Gr\u00f6\u00dfe eignet sich dieser Smaragd hervorragend f\u00fcr luxuri\u00f6se Schmuckst\u00fccke wie Ringe oder Anh\u00e4nger. Smaragde aus Sambia sind besonders gefragt f\u00fcr ihre tiefe Farbintensit\u00e4t und gute Transparenz.<\/p>\n<hr data-start=\"1791\" data-end=\"1794\" \/>\n<h4 data-start=\"1796\" data-end=\"1834\"><span class=\"ez-toc-section\" id=\"Mehr_uber_Smaragde_Heilsteine\"><\/span>Mais sobre esmeraldas e pedras de cura<span class=\"ez-toc-section-end\"><\/span><\/h4>\n<hr data-start=\"1443\" data-end=\"1446\" \/>\n<h4 data-start=\"1448\" data-end=\"1473\"><span class=\"ez-toc-section\" id=\"Mehr_uber_Smaragde\"><\/span>Mehr \u00fcber Smaragde<span class=\"ez-toc-section-end\"><\/span><\/h4>\n<p data-start=\"1475\" data-end=\"1668\"><a class=\"\" href=\"https:\/\/saphirsmaragd.com\/pt\/product-category\/heilsteine-kristalle-kaufen\/\" target=\"_new\" rel=\"noopener\" data-start=\"1571\" data-end=\"1668\">Pedras e cristais de cura<\/a><\/p>\n<hr data-start=\"1670\" data-end=\"1673\" \/>\n<h4 data-start=\"1675\" data-end=\"1695\"><span class=\"ez-toc-section\" id=\"Weitere_Infos\"><\/span>Mais informa\u00e7\u00f5es<span class=\"ez-toc-section-end\"><\/span><\/h4>\n<p data-start=\"1697\" data-end=\"1801\"><a class=\"\" href=\"https:\/\/de.wikipedia.org\/wiki\/Smaragd\" target=\"_new\" rel=\"noopener\" data-start=\"1741\" data-end=\"1801\">Wikip\u00e9dia \u2013 Esmeralda<\/a><\/p>","protected":false},"excerpt":{"rendered":"<p data-start=\"393\" data-end=\"533\"><em>Smaragd Rund Gr\u00fcn 2.12 Karat aus Sambia, nat\u00fcrlich und ge\u00f6lt. Hochwertiger runder Smaragd mit intensiver gr\u00fcner Farbe und seltener Form.<\/em><\/p>","protected":false},"featured_media":8463,"comment_status":"open","ping_status":"closed","template":"","meta":{"_glsr_average":0,"_glsr_ranking":0,"_glsr_reviews":0},"product_brand":[],"product_cat":[262],"product_tag":[],"class_list":{"0":"post-8462","1":"product","2":"type-product","3":"status-publish","4":"has-post-thumbnail","6":"product_cat-smaragd","7":"pa_edelsteinart-smaragd","8":"pa_farbe-gruen","9":"pa_form-rund","10":"pa_gewicht-karat-1-0-3-0-karat","11":"pa_herkunft-sambia","12":"pa_reinheit-kleine-einschluesse","13":"pa_veredelung-behandlung-geoelt","14":"pa_zustand-neu","16":"first","17":"instock","18":"sold-individually","19":"shipping-taxable","20":"purchasable","21":"product-type-simple","22":"add-to-wishlist-before_image"},"jetpack_sharing_enabled":true,"_links":{"self":[{"href":"https:\/\/saphirsmaragd.com\/pt\/wp-json\/wp\/v2\/product\/8462","targetHints":{"allow":["GET"]}}],"collection":[{"href":"https:\/\/saphirsmaragd.com\/pt\/wp-json\/wp\/v2\/product"}],"about":[{"href":"https:\/\/saphirsmaragd.com\/pt\/wp-json\/wp\/v2\/types\/product"}],"replies":[{"embeddable":true,"href":"https:\/\/saphirsmaragd.com\/pt\/wp-json\/wp\/v2\/comments?post=8462"}],"version-history":[{"count":1,"href":"https:\/\/saphirsmaragd.com\/pt\/wp-json\/wp\/v2\/product\/8462\/revisions"}],"predecessor-version":[{"id":8464,"href":"https:\/\/saphirsmaragd.com\/pt\/wp-json\/wp\/v2\/product\/8462\/revisions\/8464"}],"wp:featuredmedia":[{"embeddable":true,"href":"https:\/\/saphirsmaragd.com\/pt\/wp-json\/wp\/v2\/media\/8463"}],"wp:attachment":[{"href":"https:\/\/saphirsmaragd.com\/pt\/wp-json\/wp\/v2\/media?parent=8462"}],"wp:term":[{"taxonomy":"product_brand","embeddable":true,"href":"https:\/\/saphirsmaragd.com\/pt\/wp-json\/wp\/v2\/product_brand?post=8462"},{"taxonomy":"product_cat","embeddable":true,"href":"https:\/\/saphirsmaragd.com\/pt\/wp-json\/wp\/v2\/product_cat?post=8462"},{"taxonomy":"product_tag","embeddable":true,"href":"https:\/\/saphirsmaragd.com\/pt\/wp-json\/wp\/v2\/product_tag?post=8462"}],"curies":[{"name":"wp","href":"https:\/\/api.w.org\/{rel}","templated":true}]}}