{"id":8719,"date":"2026-05-01T14:31:00","date_gmt":"2026-05-01T14:31:00","guid":{"rendered":"https:\/\/saphirsmaragd.com\/?post_type=product&#038;p=8719"},"modified":"2026-05-01T14:34:32","modified_gmt":"2026-05-01T14:34:32","slug":"smaragd-herz-gruen-0-86-karat","status":"publish","type":"product","link":"https:\/\/saphirsmaragd.com\/pt\/produto\/smaragd-herz-gruen-0-86-karat\/","title":{"rendered":"Smaragd Herz Gr\u00fcn 0.86 Karat aus Sambia \u2013 Eleganter Herzschliff Edelstein"},"content":{"rendered":"<p data-start=\"708\" data-end=\"909\">Der Smaragd Herz Gr\u00fcn 0.86 Karat aus Sambia kombiniert eine klassische Herzform mit einer lebendigen gr\u00fcnen Farbgebung. Dieser Edelstein eignet sich ideal f\u00fcr emotionale und hochwertige Schmuckdesigns.<\/p>\n<hr data-start=\"911\" data-end=\"914\" \/>\n<div id=\"ez-toc-container\" class=\"ez-toc-v2_0_82_2 counter-hierarchy ez-toc-counter ez-toc-grey ez-toc-container-direction\">\n<div class=\"ez-toc-title-container\">\n<p class=\"ez-toc-title\" style=\"cursor:inherit\">\u00cdndice<\/p>\n<span class=\"ez-toc-title-toggle\"><a href=\"#\" class=\"ez-toc-pull-right ez-toc-btn ez-toc-btn-xs ez-toc-btn-default ez-toc-toggle\" aria-label=\"Toggle Table of Content\"><span class=\"ez-toc-js-icon-con\"><span class=\"\"><span class=\"eztoc-hide\" style=\"display:none;\">Alternar<\/span><span class=\"ez-toc-icon-toggle-span\"><svg style=\"fill: #999;color:#999\" xmlns=\"http:\/\/www.w3.org\/2000\/svg\" class=\"list-377408\" width=\"20px\" height=\"20px\" viewbox=\"0 0 24 24\" fill=\"none\"><path d=\"M6 6H4v2h2V6zm14 0H8v2h12V6zM4 11h2v2H4v-2zm16 0H8v2h12v-2zM4 16h2v2H4v-2zm16 0H8v2h12v-2z\" fill=\"currentColor\"><\/path><\/svg><svg style=\"fill: #999;color:#999\" class=\"arrow-unsorted-368013\" xmlns=\"http:\/\/www.w3.org\/2000\/svg\" width=\"10px\" height=\"10px\" viewbox=\"0 0 24 24\" version=\"1.2\" baseprofile=\"tiny\"><path d=\"M18.2 9.3l-6.2-6.3-6.2 6.3c-.2.2-.3.4-.3.7s.1.5.3.7c.2.2.4.3.7.3h11c.3 0 .5-.1.7-.3.2-.2.3-.5.3-.7s-.1-.5-.3-.7zM5.8 14.7l6.2 6.3 6.2-6.3c.2-.2.3-.5.3-.7s-.1-.5-.3-.7c-.2-.2-.4-.3-.7-.3h-11c-.3 0-.5.1-.7.3-.2.2-.3.5-.3.7s.1.5.3.7z\"\/><\/svg><\/span><\/span><\/span><\/a><\/span><\/div>\n<nav><ul class='ez-toc-list ez-toc-list-level-1' ><li class='ez-toc-page-1 ez-toc-heading-level-4'><a class=\"ez-toc-link ez-toc-heading-1\" href=\"https:\/\/saphirsmaragd.com\/pt\/produto\/smaragd-herz-gruen-0-86-karat\/#Merkmale_Herkunft\" >Caracter\u00edsticas e Origem<\/a><\/li><li class='ez-toc-page-1 ez-toc-heading-level-4'><a class=\"ez-toc-link ez-toc-heading-2\" href=\"https:\/\/saphirsmaragd.com\/pt\/produto\/smaragd-herz-gruen-0-86-karat\/#Besonderheiten\" >Caracter\u00edsticas especiais<\/a><\/li><li class='ez-toc-page-1 ez-toc-heading-level-4'><a class=\"ez-toc-link ez-toc-heading-3\" href=\"https:\/\/saphirsmaragd.com\/pt\/produto\/smaragd-herz-gruen-0-86-karat\/#Mehr_uber_Heilsteine_Kristalle\" >Mehr \u00fcber Heilsteine &amp; Kristalle<\/a><\/li><li class='ez-toc-page-1 ez-toc-heading-level-4'><a class=\"ez-toc-link ez-toc-heading-4\" href=\"https:\/\/saphirsmaragd.com\/pt\/produto\/smaragd-herz-gruen-0-86-karat\/#Weitere_Infos\" >Mais informa\u00e7\u00f5es<\/a><\/li><\/ul><\/nav><\/div>\n<h4 data-start=\"916\" data-end=\"942\"><span class=\"ez-toc-section\" id=\"Merkmale_Herkunft\"><\/span>Caracter\u00edsticas e Origem<span class=\"ez-toc-section-end\"><\/span><\/h4>\n<p data-start=\"944\" data-end=\"1174\">Steinart: Smaragd<br data-start=\"961\" data-end=\"964\" \/>Cor: Verde<br data-start=\"975\" data-end=\"978\" \/>Form: Herz<br data-start=\"988\" data-end=\"991\" \/>Gewicht: 0.86 Karat<br data-start=\"1010\" data-end=\"1013\" \/>Abmessungen: ca. 6.2 x 6.2 mm<br data-start=\"1042\" data-end=\"1045\" \/>Herkunft: Sambia<br data-start=\"1061\" data-end=\"1064\" \/>Clareza: Inclus\u00f5es claras<br data-start=\"1092\" data-end=\"1095\" \/>Behandlung: Ge\u00f6lt<br data-start=\"1112\" data-end=\"1115\" \/>Beobachtung: Nat\u00fcrlich<br data-start=\"1137\" data-end=\"1140\" \/>Mohs-H\u00e4rte: 7.5\u20138<br data-start=\"1157\" data-end=\"1160\" \/>Condi\u00e7\u00e3o: Novo<\/p>\n<hr data-start=\"1176\" data-end=\"1179\" \/>\n<h4 data-start=\"1181\" data-end=\"1202\"><span class=\"ez-toc-section\" id=\"Besonderheiten\"><\/span>Caracter\u00edsticas especiais<span class=\"ez-toc-section-end\"><\/span><\/h4>\n<p data-start=\"1204\" data-end=\"1475\">Der Smaragd Herz Gr\u00fcn 0.86 Karat zeichnet sich durch seine symmetrische Herzform aus, die besonders in Schmuckst\u00fccken mit emotionaler Bedeutung eingesetzt wird. Diese Schliffform ist seltener als klassische Formen und verleiht dem Edelstein eine besondere Ausstrahlung.<\/p>\n<p data-start=\"1477\" data-end=\"1707\">Mit 0.86 Karat liegt dieser Smaragd im beliebten Bereich nahe der 1-Karat-Klasse und bietet damit eine attraktive Kombination aus Gr\u00f6\u00dfe und Eleganz. Besonders in Ringen oder Anh\u00e4ngern kommt die Herzform hervorragend zur Geltung.<\/p>\n<p data-start=\"1709\" data-end=\"1902\">Smaragde aus Sambia sind bekannt f\u00fcr ihre kr\u00e4ftige gr\u00fcne Farbe und gute Transparenz. Die nat\u00fcrlichen Einschl\u00fcsse sind ein typisches Merkmal echter Smaragde und machen jedes St\u00fcck einzigartig.<\/p>\n<hr data-start=\"1670\" data-end=\"1673\" \/>\n<h4 data-start=\"1448\" data-end=\"1473\"><span class=\"ez-toc-section\" id=\"Mehr_uber_Heilsteine_Kristalle\"><\/span>Mehr \u00fcber Heilsteine &amp; Kristalle<span class=\"ez-toc-section-end\"><\/span><\/h4>\n<p data-start=\"1475\" data-end=\"1668\"><a class=\"\" href=\"https:\/\/saphirsmaragd.com\/pt\/product-category\/heilsteine-kristalle-kaufen\/\" target=\"_new\" rel=\"noopener\" data-start=\"1571\" data-end=\"1668\">Pedras e cristais de cura<\/a><\/p>\n<hr data-start=\"1670\" data-end=\"1673\" \/>\n<h4 data-start=\"1675\" data-end=\"1695\"><span class=\"ez-toc-section\" id=\"Weitere_Infos\"><\/span>Mais informa\u00e7\u00f5es<span class=\"ez-toc-section-end\"><\/span><\/h4>\n<p data-start=\"1697\" data-end=\"1801\"><a class=\"\" href=\"https:\/\/de.wikipedia.org\/wiki\/Smaragd\" target=\"_new\" rel=\"noopener\" data-start=\"1741\" data-end=\"1801\">Wikip\u00e9dia \u2013 Esmeralda<\/a><\/p>","protected":false},"excerpt":{"rendered":"<p data-start=\"403\" data-end=\"540\"><em>Smaragd Herz Gr\u00fcn 0.86 Karat aus Sambia, ge\u00f6lt. Ausdrucksstarker Herzschliff mit intensiver gr\u00fcner Farbe f\u00fcr besondere Schmuckst\u00fccke.<\/em><\/p>","protected":false},"featured_media":8720,"comment_status":"open","ping_status":"closed","template":"","meta":{"_glsr_average":0,"_glsr_ranking":0,"_glsr_reviews":0},"product_brand":[],"product_cat":[262],"product_tag":[],"class_list":{"0":"post-8719","1":"product","2":"type-product","3":"status-publish","4":"has-post-thumbnail","6":"product_cat-smaragd","7":"pa_edelsteinart-smaragd","8":"pa_farbe-gruen","9":"pa_form-herz","10":"pa_gewicht-karat-0-5-1-0-karat","11":"pa_herkunft-sambia","12":"pa_reinheit-deutliche-einschluesse","13":"pa_veredelung-behandlung-geoelt","14":"pa_zustand-neu","16":"first","17":"instock","18":"sold-individually","19":"taxable","20":"shipping-taxable","21":"purchasable","22":"product-type-simple","23":"add-to-wishlist-before_image"},"jetpack_sharing_enabled":true,"_links":{"self":[{"href":"https:\/\/saphirsmaragd.com\/pt\/wp-json\/wp\/v2\/product\/8719","targetHints":{"allow":["GET"]}}],"collection":[{"href":"https:\/\/saphirsmaragd.com\/pt\/wp-json\/wp\/v2\/product"}],"about":[{"href":"https:\/\/saphirsmaragd.com\/pt\/wp-json\/wp\/v2\/types\/product"}],"replies":[{"embeddable":true,"href":"https:\/\/saphirsmaragd.com\/pt\/wp-json\/wp\/v2\/comments?post=8719"}],"version-history":[{"count":1,"href":"https:\/\/saphirsmaragd.com\/pt\/wp-json\/wp\/v2\/product\/8719\/revisions"}],"predecessor-version":[{"id":8721,"href":"https:\/\/saphirsmaragd.com\/pt\/wp-json\/wp\/v2\/product\/8719\/revisions\/8721"}],"wp:featuredmedia":[{"embeddable":true,"href":"https:\/\/saphirsmaragd.com\/pt\/wp-json\/wp\/v2\/media\/8720"}],"wp:attachment":[{"href":"https:\/\/saphirsmaragd.com\/pt\/wp-json\/wp\/v2\/media?parent=8719"}],"wp:term":[{"taxonomy":"product_brand","embeddable":true,"href":"https:\/\/saphirsmaragd.com\/pt\/wp-json\/wp\/v2\/product_brand?post=8719"},{"taxonomy":"product_cat","embeddable":true,"href":"https:\/\/saphirsmaragd.com\/pt\/wp-json\/wp\/v2\/product_cat?post=8719"},{"taxonomy":"product_tag","embeddable":true,"href":"https:\/\/saphirsmaragd.com\/pt\/wp-json\/wp\/v2\/product_tag?post=8719"}],"curies":[{"name":"wp","href":"https:\/\/api.w.org\/{rel}","templated":true}]}}