{"id":8774,"date":"2026-05-14T18:20:43","date_gmt":"2026-05-14T18:20:43","guid":{"rendered":"https:\/\/saphirsmaragd.com\/?post_type=product&#038;p=8774"},"modified":"2026-05-14T18:32:52","modified_gmt":"2026-05-14T18:32:52","slug":"smaragd-rechteck-gruen-paar-1-15-karat","status":"publish","type":"product","link":"https:\/\/saphirsmaragd.com\/pt\/produto\/smaragd-rechteck-gruen-paar-1-15-karat\/","title":{"rendered":"Smaragd Rechteck Gr\u00fcn Paar 1.15 Karat aus Sambia \u2013 Edles Smaragdpaar"},"content":{"rendered":"<div id=\"ez-toc-container\" class=\"ez-toc-v2_0_83 counter-hierarchy ez-toc-counter ez-toc-grey ez-toc-container-direction\">\n<div class=\"ez-toc-title-container\">\n<p class=\"ez-toc-title\" style=\"cursor:inherit\">\u00cdndice<\/p>\n<span class=\"ez-toc-title-toggle\"><a href=\"#\" class=\"ez-toc-pull-right ez-toc-btn ez-toc-btn-xs ez-toc-btn-default ez-toc-toggle\" aria-label=\"Toggle Table of Content\"><span class=\"ez-toc-js-icon-con\"><span class=\"\"><span class=\"eztoc-hide\" style=\"display:none;\">Alternar<\/span><span class=\"ez-toc-icon-toggle-span\"><svg style=\"fill: #999;color:#999\" xmlns=\"http:\/\/www.w3.org\/2000\/svg\" class=\"list-377408\" width=\"20px\" height=\"20px\" viewbox=\"0 0 24 24\" fill=\"none\"><path d=\"M6 6H4v2h2V6zm14 0H8v2h12V6zM4 11h2v2H4v-2zm16 0H8v2h12v-2zM4 16h2v2H4v-2zm16 0H8v2h12v-2z\" fill=\"currentColor\"><\/path><\/svg><svg style=\"fill: #999;color:#999\" class=\"arrow-unsorted-368013\" xmlns=\"http:\/\/www.w3.org\/2000\/svg\" width=\"10px\" height=\"10px\" viewbox=\"0 0 24 24\" version=\"1.2\" baseprofile=\"tiny\"><path d=\"M18.2 9.3l-6.2-6.3-6.2 6.3c-.2.2-.3.4-.3.7s.1.5.3.7c.2.2.4.3.7.3h11c.3 0 .5-.1.7-.3.2-.2.3-.5.3-.7s-.1-.5-.3-.7zM5.8 14.7l6.2 6.3 6.2-6.3c.2-.2.3-.5.3-.7s-.1-.5-.3-.7c-.2-.2-.4-.3-.7-.3h-11c-.3 0-.5.1-.7.3-.2.2-.3.5-.3.7s.1.5.3.7z\"\/><\/svg><\/span><\/span><\/span><\/a><\/span><\/div>\n<nav><ul class='ez-toc-list ez-toc-list-level-1' ><li class='ez-toc-page-1 ez-toc-heading-level-4'><a class=\"ez-toc-link ez-toc-heading-1\" href=\"https:\/\/saphirsmaragd.com\/pt\/produto\/smaragd-rechteck-gruen-paar-1-15-karat\/#Merkmale_Herkunft\" >Caracter\u00edsticas e Origem<\/a><\/li><li class='ez-toc-page-1 ez-toc-heading-level-4'><a class=\"ez-toc-link ez-toc-heading-2\" href=\"https:\/\/saphirsmaragd.com\/pt\/produto\/smaragd-rechteck-gruen-paar-1-15-karat\/#Besonderheiten\" >Caracter\u00edsticas especiais<\/a><\/li><li class='ez-toc-page-1 ez-toc-heading-level-4'><a class=\"ez-toc-link ez-toc-heading-3\" href=\"https:\/\/saphirsmaragd.com\/pt\/produto\/smaragd-rechteck-gruen-paar-1-15-karat\/#Mehr_uber_Heilsteine_Kristalle\" >Mehr \u00fcber Heilsteine &amp; Kristalle<\/a><\/li><li class='ez-toc-page-1 ez-toc-heading-level-4'><a class=\"ez-toc-link ez-toc-heading-4\" href=\"https:\/\/saphirsmaragd.com\/pt\/produto\/smaragd-rechteck-gruen-paar-1-15-karat\/#Weitere_Infos\" >Mais informa\u00e7\u00f5es<\/a><\/li><\/ul><\/nav><\/div>\n<p data-start=\"606\" data-end=\"854\">Das Smaragd Rechteck Gr\u00fcn Paar 1.15 Karat aus Sambia \u00fcberzeugt durch seine harmonische Farbgebung und den klassischen rechteckigen Smaragdschliff. Das abgestimmte Edelsteinpaar eignet sich ideal f\u00fcr luxuri\u00f6se Ohrringe oder exklusive Schmuckdesigns.<\/p>\n<hr data-start=\"856\" data-end=\"859\" \/>\n<h4 data-start=\"861\" data-end=\"887\"><span class=\"ez-toc-section\" id=\"Merkmale_Herkunft\"><\/span>Caracter\u00edsticas e Origem<span class=\"ez-toc-section-end\"><\/span><\/h4>\n<p data-start=\"889\" data-end=\"1131\">Steinart: Smaragd<br data-start=\"906\" data-end=\"909\" \/>Cor: Verde<br data-start=\"920\" data-end=\"923\" \/>Form: Rechteck geschliffen<br data-start=\"949\" data-end=\"952\" \/>Gewicht: 1.15 Karat<br data-start=\"971\" data-end=\"974\" \/>Abmessungen: ca. 6 x 4 mm<br data-start=\"999\" data-end=\"1002\" \/>Herkunft: Sambia<br data-start=\"1018\" data-end=\"1021\" \/>Reinheit: Kleine Einschl\u00fcsse<br data-start=\"1049\" data-end=\"1052\" \/>Behandlung: Ge\u00f6lt<br data-start=\"1069\" data-end=\"1072\" \/>Beobachtung: Nat\u00fcrlich<br data-start=\"1094\" data-end=\"1097\" \/>Mohs-H\u00e4rte: 7.5\u20138<br data-start=\"1114\" data-end=\"1117\" \/>Condi\u00e7\u00e3o: Novo<\/p>\n<hr data-start=\"1133\" data-end=\"1136\" \/>\n<h4 data-start=\"1138\" data-end=\"1159\"><span class=\"ez-toc-section\" id=\"Besonderheiten\"><\/span>Caracter\u00edsticas especiais<span class=\"ez-toc-section-end\"><\/span><\/h4>\n<p data-start=\"1161\" data-end=\"1310\">Das Smaragd Rechteck Gr\u00fcn Paar 1.15 Karat wurde sorgf\u00e4ltig aufeinander abgestimmt und bietet eine elegante Symmetrie f\u00fcr hochwertige Schmuckst\u00fccke.<\/p>\n<p data-start=\"1312\" data-end=\"1441\">Der rechteckige Smaragdschliff bringt die nat\u00fcrliche Struktur und Farbintensit\u00e4t der Edelsteine besonders stilvoll zur Geltung.<\/p>\n<p data-start=\"1443\" data-end=\"1667\">Smaragdpaare sind deutlich seltener als einzelne Edelsteine, da Farbe, Gr\u00f6\u00dfe und Schliff m\u00f6glichst exakt harmonieren m\u00fcssen. Dadurch eignen sie sich hervorragend f\u00fcr exklusive Schmuckanfertigungen und luxuri\u00f6se Ohrstecker.<\/p>\n<hr data-start=\"1670\" data-end=\"1673\" \/>\n<h4 data-start=\"1448\" data-end=\"1473\"><span class=\"ez-toc-section\" id=\"Mehr_uber_Heilsteine_Kristalle\"><\/span>Mehr \u00fcber Heilsteine &amp; Kristalle<span class=\"ez-toc-section-end\"><\/span><\/h4>\n<p data-start=\"1475\" data-end=\"1668\"><a class=\"\" href=\"https:\/\/saphirsmaragd.com\/pt\/product-category\/heilsteine-kristalle-kaufen\/\" target=\"_new\" rel=\"noopener\" data-start=\"1571\" data-end=\"1668\">Pedras e cristais de cura<\/a><\/p>\n<hr data-start=\"1670\" data-end=\"1673\" \/>\n<h4 data-start=\"1675\" data-end=\"1695\"><span class=\"ez-toc-section\" id=\"Weitere_Infos\"><\/span>Mais informa\u00e7\u00f5es<span class=\"ez-toc-section-end\"><\/span><\/h4>\n<p data-start=\"1697\" data-end=\"1801\"><a class=\"\" href=\"https:\/\/de.wikipedia.org\/wiki\/Smaragd\" target=\"_new\" rel=\"noopener\" data-start=\"1741\" data-end=\"1801\">Wikip\u00e9dia \u2013 Esmeralda<\/a><\/p>","protected":false},"excerpt":{"rendered":"<p data-start=\"278\" data-end=\"434\"><em>Smaragd Rechteck Gr\u00fcn Paar 1.15 Karat aus Sambia, ge\u00f6lt. Elegantes rechteckiges Smaragdpaar mit harmonischer Farbwirkung und klassischem Smaragdschliff.<\/em><\/p>","protected":false},"featured_media":8776,"comment_status":"open","ping_status":"closed","template":"","meta":{"_glsr_average":0,"_glsr_ranking":0,"_glsr_reviews":0},"product_brand":[],"product_cat":[262],"product_tag":[],"class_list":{"0":"post-8774","1":"product","2":"type-product","3":"status-publish","4":"has-post-thumbnail","6":"product_cat-smaragd","7":"pa_edelsteinart-smaragd","8":"pa_farbe-gruen","9":"pa_form-rechteck","10":"pa_gewicht-karat-1-0-3-0-karat","11":"pa_herkunft-sambia","12":"pa_reinheit-kleine-einschluesse","13":"pa_veredelung-behandlung-geoelt","14":"pa_zustand-neu","16":"first","17":"instock","18":"sold-individually","19":"shipping-taxable","20":"purchasable","21":"product-type-simple","22":"add-to-wishlist-before_image"},"jetpack_sharing_enabled":true,"_links":{"self":[{"href":"https:\/\/saphirsmaragd.com\/pt\/wp-json\/wp\/v2\/product\/8774","targetHints":{"allow":["GET"]}}],"collection":[{"href":"https:\/\/saphirsmaragd.com\/pt\/wp-json\/wp\/v2\/product"}],"about":[{"href":"https:\/\/saphirsmaragd.com\/pt\/wp-json\/wp\/v2\/types\/product"}],"replies":[{"embeddable":true,"href":"https:\/\/saphirsmaragd.com\/pt\/wp-json\/wp\/v2\/comments?post=8774"}],"version-history":[{"count":1,"href":"https:\/\/saphirsmaragd.com\/pt\/wp-json\/wp\/v2\/product\/8774\/revisions"}],"predecessor-version":[{"id":8777,"href":"https:\/\/saphirsmaragd.com\/pt\/wp-json\/wp\/v2\/product\/8774\/revisions\/8777"}],"wp:featuredmedia":[{"embeddable":true,"href":"https:\/\/saphirsmaragd.com\/pt\/wp-json\/wp\/v2\/media\/8776"}],"wp:attachment":[{"href":"https:\/\/saphirsmaragd.com\/pt\/wp-json\/wp\/v2\/media?parent=8774"}],"wp:term":[{"taxonomy":"product_brand","embeddable":true,"href":"https:\/\/saphirsmaragd.com\/pt\/wp-json\/wp\/v2\/product_brand?post=8774"},{"taxonomy":"product_cat","embeddable":true,"href":"https:\/\/saphirsmaragd.com\/pt\/wp-json\/wp\/v2\/product_cat?post=8774"},{"taxonomy":"product_tag","embeddable":true,"href":"https:\/\/saphirsmaragd.com\/pt\/wp-json\/wp\/v2\/product_tag?post=8774"}],"curies":[{"name":"wp","href":"https:\/\/api.w.org\/{rel}","templated":true}]}}