{"id":888,"date":"2025-06-16T14:20:52","date_gmt":"2025-06-16T14:20:52","guid":{"rendered":"https:\/\/saphirsmaragd.com\/?page_id=888"},"modified":"2026-04-10T14:15:36","modified_gmt":"2026-04-10T14:15:36","slug":"impressum","status":"publish","type":"page","link":"https:\/\/saphirsmaragd.com\/sl\/impressum\/","title":{"rendered":"odtis"},"content":{"rendered":"<p><strong>Informacije v skladu s 5. \u010dlenom Zakona o e-trgovini (ECG) in 25. \u010dlenom Zakona o medijih<\/strong><\/p>\n\n\n\n<p><strong>Saphirsmaragd.com<br><\/strong>Ibrahim Elghonami e.U.<br>Samostojni podjetnik<\/p>\n\n\n\n<p>Untere Augartenstra\u00dfe 4\/15<br>1020 Dunaj<br>Avstrija<\/p>\n\n\n\n<p>\ud83d\udce7 E-po\u0161ta: <a>customer@saphirsmaragd.com<\/a><\/p>\n\n\n\n<p><strong>\u0160tevilka GISA:<\/strong> 37772260<br><strong>DDV \u0161tevilka:<\/strong> ATU81490637<br><strong>Trgovinski organ:<\/strong> Okro\u017eni urad za 2.\/20. okro\u017eje Dunaja<br><strong>Poslovni namen:<\/strong> Komercialna podjetja, razen reguliranih komercialnih podjetij<\/p>\n\n\n\n<p>\u010clan Dunajske gospodarske zbornice<\/p>\n\n\n\n<p><strong>Lastnik malega podjetja v skladu s 6. \u010dlenom, 1. odstavkom, 27. to\u010dko UStG<\/strong>&nbsp;\u2013 DDV ni prikazan.<\/p>\n\n\n\n<hr class=\"wp-block-separator has-alpha-channel-opacity\"\/>\n\n\n\n<p><strong>Platforma Evropske komisije za spletno re\u0161evanje sporov:<\/strong><br><a class=\"\" href=\"https:\/\/ec.europa.eu\/consumers\/odr\" target=\"_blank\" rel=\"noopener\">https:\/\/ec.europa.eu\/consumers\/odr<\/a><br>Potro\u0161niki imajo mo\u017enost vlo\u017eiti prito\u017ebe na zgoraj omenjeni platformi za spletno re\u0161evanje sporov.<\/p>","protected":false},"excerpt":{"rendered":"<p>Angaben gem\u00e4\u00df \u00a7 5 E-Commerce-Gesetz (ECG) und \u00a7 25 Mediengesetz Saphirsmaragd.comIbrahim Elghonami e.U.Einzelunternehmen Untere Augartenstra\u00dfe 4\/151020 Wien\u00d6sterreich \ud83d\udce7 E-Mail: customer@saphirsmaragd.com GISA-Zahl: 37772260UID-Nummer: ATU81490637Gewerbebeh\u00f6rde: Magistratisches Bezirksamt f\u00fcr den 2.\/20. Bezirk WienUnternehmensgegenstand:<\/p>","protected":false},"author":1,"featured_media":0,"parent":0,"menu_order":0,"comment_status":"closed","ping_status":"closed","template":"","meta":{"_glsr_average":0,"_glsr_ranking":0,"_glsr_reviews":0,"footnotes":""},"class_list":["post-888","page","type-page","status-publish","hentry"],"jetpack_sharing_enabled":true,"_links":{"self":[{"href":"https:\/\/saphirsmaragd.com\/sl\/wp-json\/wp\/v2\/pages\/888","targetHints":{"allow":["GET"]}}],"collection":[{"href":"https:\/\/saphirsmaragd.com\/sl\/wp-json\/wp\/v2\/pages"}],"about":[{"href":"https:\/\/saphirsmaragd.com\/sl\/wp-json\/wp\/v2\/types\/page"}],"author":[{"embeddable":true,"href":"https:\/\/saphirsmaragd.com\/sl\/wp-json\/wp\/v2\/users\/1"}],"replies":[{"embeddable":true,"href":"https:\/\/saphirsmaragd.com\/sl\/wp-json\/wp\/v2\/comments?post=888"}],"version-history":[{"count":5,"href":"https:\/\/saphirsmaragd.com\/sl\/wp-json\/wp\/v2\/pages\/888\/revisions"}],"predecessor-version":[{"id":8458,"href":"https:\/\/saphirsmaragd.com\/sl\/wp-json\/wp\/v2\/pages\/888\/revisions\/8458"}],"wp:attachment":[{"href":"https:\/\/saphirsmaragd.com\/sl\/wp-json\/wp\/v2\/media?parent=888"}],"curies":[{"name":"wp","href":"https:\/\/api.w.org\/{rel}","templated":true}]}}