{"id":1521,"date":"2025-07-09T17:09:49","date_gmt":"2025-07-09T17:09:49","guid":{"rendered":"https:\/\/saphirsmaragd.com\/?post_type=product&#038;p=1521"},"modified":"2025-12-29T19:05:35","modified_gmt":"2025-12-29T19:05:35","slug":"saphir-0-87-karat-blau-birne-kaufen","status":"publish","type":"product","link":"https:\/\/saphirsmaragd.com\/sl\/izdelek\/saphir-0-87-karat-blau-birne-kaufen\/","title":{"rendered":"Kupi Safir 0,87 karata modra hru\u0161ka - redka kakovost iz Cejlona"},"content":{"rendered":"<div id=\"ez-toc-container\" class=\"ez-toc-v2_0_82_2 counter-hierarchy ez-toc-counter ez-toc-grey ez-toc-container-direction\">\n<div class=\"ez-toc-title-container\">\n<p class=\"ez-toc-title\" style=\"cursor:inherit\">Kazalo vsebine<\/p>\n<span class=\"ez-toc-title-toggle\"><a href=\"#\" class=\"ez-toc-pull-right ez-toc-btn ez-toc-btn-xs ez-toc-btn-default ez-toc-toggle\" aria-label=\"Toggle Table of Content\"><span class=\"ez-toc-js-icon-con\"><span class=\"\"><span class=\"eztoc-hide\" style=\"display:none;\">Preklopi<\/span><span class=\"ez-toc-icon-toggle-span\"><svg style=\"fill: #999;color:#999\" xmlns=\"http:\/\/www.w3.org\/2000\/svg\" class=\"list-377408\" width=\"20px\" height=\"20px\" viewbox=\"0 0 24 24\" fill=\"none\"><path d=\"M6 6H4v2h2V6zm14 0H8v2h12V6zM4 11h2v2H4v-2zm16 0H8v2h12v-2zM4 16h2v2H4v-2zm16 0H8v2h12v-2z\" fill=\"currentColor\"><\/path><\/svg><svg style=\"fill: #999;color:#999\" class=\"arrow-unsorted-368013\" xmlns=\"http:\/\/www.w3.org\/2000\/svg\" width=\"10px\" height=\"10px\" viewbox=\"0 0 24 24\" version=\"1.2\" baseprofile=\"tiny\"><path d=\"M18.2 9.3l-6.2-6.3-6.2 6.3c-.2.2-.3.4-.3.7s.1.5.3.7c.2.2.4.3.7.3h11c.3 0 .5-.1.7-.3.2-.2.3-.5.3-.7s-.1-.5-.3-.7zM5.8 14.7l6.2 6.3 6.2-6.3c.2-.2.3-.5.3-.7s-.1-.5-.3-.7c-.2-.2-.4-.3-.7-.3h-11c-.3 0-.5.1-.7.3-.2.2-.3.5-.3.7s.1.5.3.7z\"\/><\/svg><\/span><\/span><\/span><\/a><\/span><\/div>\n<nav><ul class='ez-toc-list ez-toc-list-level-1' ><li class='ez-toc-page-1 ez-toc-heading-level-4'><a class=\"ez-toc-link ez-toc-heading-1\" href=\"https:\/\/saphirsmaragd.com\/sl\/izdelek\/saphir-0-87-karat-blau-birne-kaufen\/#Saphir_087_Karat_blau_birne_kaufen\" >Saphir 0.87 Karat blau birne kaufen<\/a><\/li><li class='ez-toc-page-1 ez-toc-heading-level-4'><a class=\"ez-toc-link ez-toc-heading-2\" href=\"https:\/\/saphirsmaragd.com\/sl\/izdelek\/saphir-0-87-karat-blau-birne-kaufen\/#Merkmale_Herkunft\" >Zna\u010dilnosti in izvor<\/a><\/li><li class='ez-toc-page-1 ez-toc-heading-level-4'><a class=\"ez-toc-link ez-toc-heading-3\" href=\"https:\/\/saphirsmaragd.com\/sl\/izdelek\/saphir-0-87-karat-blau-birne-kaufen\/#Besonderheiten\" >Posebne funkcije<\/a><\/li><li class='ez-toc-page-1 ez-toc-heading-level-4'><a class=\"ez-toc-link ez-toc-heading-4\" href=\"https:\/\/saphirsmaragd.com\/sl\/izdelek\/saphir-0-87-karat-blau-birne-kaufen\/#Mehr_uber_Saphire\" >Ve\u010d o safirjih<\/a><\/li><li class='ez-toc-page-1 ez-toc-heading-level-4'><a class=\"ez-toc-link ez-toc-heading-5\" href=\"https:\/\/saphirsmaragd.com\/sl\/izdelek\/saphir-0-87-karat-blau-birne-kaufen\/#Weitere_Infos\" >Dodatne informacije<\/a><\/li><\/ul><\/nav><\/div>\n<h4 data-start=\"663\" data-end=\"746\"><span class=\"ez-toc-section\" id=\"Saphir_087_Karat_blau_birne_kaufen\"><\/span>Saphir 0.87 Karat blau birne kaufen<span class=\"ez-toc-section-end\"><\/span><\/h4>\n<p data-start=\"748\" data-end=\"949\">Dieser lupenreine Saphir aus Ceylon besticht durch seine au\u00dfergew\u00f6hnliche Klarheit und intensive Farbwirkung. Die elegante Birnenform macht ihn ideal f\u00fcr hochwertige Ringe, Anh\u00e4nger oder Sammlerst\u00fccke.<\/p>\n<hr data-start=\"951\" data-end=\"954\" \/>\n<h4 data-start=\"634\" data-end=\"660\"><span class=\"ez-toc-section\" id=\"Merkmale_Herkunft\"><\/span>Zna\u010dilnosti in izvor<span class=\"ez-toc-section-end\"><\/span><\/h4>\n<p>Edelsteinart: Saphir<br data-start=\"1005\" data-end=\"1008\" \/>Gewicht: 0.87 Karat<br data-start=\"1023\" data-end=\"1026\" \/>Barva: modra<br data-start=\"1037\" data-end=\"1040\" \/>Oblika: hru\u0161ka<br data-start=\"1051\" data-end=\"1054\" \/>Ma\u00dfe: ca 7 \u00d7 5 mm<br data-start=\"1087\" data-end=\"1090\" \/>Herkunft: Ceylon<br data-start=\"1106\" data-end=\"1109\" \/>Reinheit: Lupenrein<br data-start=\"1128\" data-end=\"1131\" \/>Zdravljenje: nezdravljeno<br data-start=\"1154\" data-end=\"1157\" \/>Stanje: Novo<br data-start=\"1169\" data-end=\"1172\" \/>Potrdilo: Da<\/p>\n<hr data-start=\"865\" data-end=\"868\" \/>\n<h4 data-start=\"870\" data-end=\"891\"><span class=\"ez-toc-section\" id=\"Besonderheiten\"><\/span>Posebne funkcije<span class=\"ez-toc-section-end\"><\/span><\/h4>\n<p data-start=\"893\" data-end=\"1240\">Dieser Saphir 0.87 Karat blau birne kaufen beeindruckt durch seine au\u00dfergew\u00f6hnliche Reinheit und brillante Farbintensit\u00e4t. Der pr\u00e4zise Birnenschliff bringt das tiefe Blau des Edelsteins perfekt zur Geltung \u2013 ein Blickfang f\u00fcr jede Schmuckkreation. Dank seiner Herkunft aus Ceylon steht dieser Saphir f\u00fcr h\u00f6chste Qualit\u00e4t und nat\u00fcrliche Sch\u00f6nheit.<\/p>\n<hr data-start=\"1242\" data-end=\"1245\" \/>\n<h4 data-start=\"1247\" data-end=\"1271\"><span class=\"ez-toc-section\" id=\"Mehr_uber_Saphire\"><\/span>Ve\u010d o safirjih<span class=\"ez-toc-section-end\"><\/span><\/h4>\n<p data-start=\"1273\" data-end=\"1470\"><a class=\"\" href=\"https:\/\/saphirsmaragd.com\/sl\/product-category\/heilsteine-kristalle-kaufen\/\" target=\"_new\" rel=\"noopener\" data-start=\"1373\" data-end=\"1470\">Zdravilni kamni in kristali<\/a><\/p>\n<hr data-start=\"1472\" data-end=\"1475\" \/>\n<h4 data-start=\"1477\" data-end=\"1497\"><span class=\"ez-toc-section\" id=\"Weitere_Infos\"><\/span>Dodatne informacije<span class=\"ez-toc-section-end\"><\/span><\/h4>\n<p data-start=\"1499\" data-end=\"1772\"><a class=\"\" href=\"https:\/\/de.wikipedia.org\/wiki\/Saphir\" target=\"_new\" rel=\"noopener\" data-start=\"1722\" data-end=\"1771\">Wikipedia<\/a><\/p>","protected":false},"excerpt":{"rendered":"<p data-start=\"387\" data-end=\"563\"><em>Saphir 0.87 Karat blau birne kaufen \u2013 Naturbelassener Edelstein aus Ceylon, lupenrein und intensiv blau. Ideal f\u00fcr hochwertige Schmuckst\u00fccke.<\/em><\/p>\n<p data-start=\"378\" data-end=\"474\">","protected":false},"featured_media":1524,"comment_status":"open","ping_status":"closed","template":"","meta":{"_glsr_average":0,"_glsr_ranking":0,"_glsr_reviews":0},"product_brand":[],"product_cat":[74],"product_tag":[],"class_list":{"0":"post-1521","1":"product","2":"type-product","3":"status-publish","4":"has-post-thumbnail","6":"product_cat-saphire-kaufen","7":"pa_edelsteinart-saphir","8":"pa_farbe-blau","9":"pa_form-birne","10":"pa_gewicht-karat-0-5-1-0-karat","11":"pa_herkunft-sri-lanka","12":"pa_reinheit-lupenrein","13":"pa_veredelung-behandlung-unbehandelt","14":"pa_zertifikat-ja","15":"pa_zustand-neu","17":"first","18":"instock","19":"sold-individually","20":"shipping-taxable","21":"purchasable","22":"product-type-simple","23":"add-to-wishlist-before_image"},"jetpack_sharing_enabled":true,"_links":{"self":[{"href":"https:\/\/saphirsmaragd.com\/sl\/wp-json\/wp\/v2\/product\/1521","targetHints":{"allow":["GET"]}}],"collection":[{"href":"https:\/\/saphirsmaragd.com\/sl\/wp-json\/wp\/v2\/product"}],"about":[{"href":"https:\/\/saphirsmaragd.com\/sl\/wp-json\/wp\/v2\/types\/product"}],"replies":[{"embeddable":true,"href":"https:\/\/saphirsmaragd.com\/sl\/wp-json\/wp\/v2\/comments?post=1521"}],"version-history":[{"count":7,"href":"https:\/\/saphirsmaragd.com\/sl\/wp-json\/wp\/v2\/product\/1521\/revisions"}],"predecessor-version":[{"id":4446,"href":"https:\/\/saphirsmaragd.com\/sl\/wp-json\/wp\/v2\/product\/1521\/revisions\/4446"}],"wp:featuredmedia":[{"embeddable":true,"href":"https:\/\/saphirsmaragd.com\/sl\/wp-json\/wp\/v2\/media\/1524"}],"wp:attachment":[{"href":"https:\/\/saphirsmaragd.com\/sl\/wp-json\/wp\/v2\/media?parent=1521"}],"wp:term":[{"taxonomy":"product_brand","embeddable":true,"href":"https:\/\/saphirsmaragd.com\/sl\/wp-json\/wp\/v2\/product_brand?post=1521"},{"taxonomy":"product_cat","embeddable":true,"href":"https:\/\/saphirsmaragd.com\/sl\/wp-json\/wp\/v2\/product_cat?post=1521"},{"taxonomy":"product_tag","embeddable":true,"href":"https:\/\/saphirsmaragd.com\/sl\/wp-json\/wp\/v2\/product_tag?post=1521"}],"curies":[{"name":"wp","href":"https:\/\/api.w.org\/{rel}","templated":true}]}}